{"id":234,"date":"2015-05-01T14:22:27","date_gmt":"2015-05-01T14:22:27","guid":{"rendered":"http:\/\/saca.com.mx\/en\/?page_id=234"},"modified":"2019-04-27T00:32:47","modified_gmt":"2019-04-27T00:32:47","slug":"cnh-queretaro","status":"publish","type":"page","link":"https:\/\/saca.com.mx\/en\/our-projects\/projects-2014-2015\/cnh-queretaro\/","title":{"rendered":"CNH Quer\u00e9taro"},"content":{"rendered":"<p>&nbsp;<\/p>\n<p style=\"text-align: justify;\"><span style=\"color: #800000;\">In this job, painting cabins type at Quer\u00e9taro, Quer\u00e9taro, we installed the fire protection system.<\/span><\/p>\n<p style=\"text-align: justify;\">The system installed includes Automatic Sprinklers K8 for the main ceiling and painting cabins, according to NFPA 13 standards. Additionally, it was installed a Hose Interior System of 1 1\/2\u201d with 100 foot long hose and a 30 meter radio according to NFPA 14 standards.<\/p>\n<p style=\"text-align: justify;\">The project was delivered on time, quality and cost, fulfilling GANT defined for fire protection and according to our client\u2019s job program.<\/p>\n<p style=\"text-align: justify;\"><img loading=\"lazy\" decoding=\"async\" class=\"aligncenter size-full wp-image-653\" src=\"http:\/\/saca.com.mx\/es\/wp-content\/uploads\/2015\/04\/241.png\" alt=\"24\" width=\"850\" height=\"190\" \/><\/p>\n","protected":false},"excerpt":{"rendered":"<p>&nbsp; In this job, painting cabins type at Quer\u00e9taro, Quer\u00e9taro, we installed the fire protection system. The system installed includes Automatic Sprinklers K8 for the main ceiling and painting cabins, according to NFPA 13 standards. Additionally, it was installed a Hose Interior System of 1 1\/2\u201d with 100 foot long hose and a 30 meter [&hellip;]<\/p>\n","protected":false},"author":1,"featured_media":0,"parent":142,"menu_order":0,"comment_status":"closed","ping_status":"closed","template":"","meta":{"_et_pb_use_builder":"","_et_pb_old_content":"","_et_gb_content_width":"","footnotes":""},"class_list":["post-234","page","type-page","status-publish","hentry"],"yoast_head":"<!-- This site is optimized with the Yoast SEO plugin v26.8 - https:\/\/yoast.com\/product\/yoast-seo-wordpress\/ -->\n<title>CNH Quer\u00e9taro - SACA Fire Protection Systems Mexico<\/title>\n<meta name=\"robots\" content=\"index, follow, max-snippet:-1, max-image-preview:large, max-video-preview:-1\" \/>\n<link rel=\"canonical\" href=\"https:\/\/saca.com.mx\/en\/our-projects\/projects-2014-2015\/cnh-queretaro\/\" \/>\n<meta property=\"og:locale\" content=\"es_ES\" \/>\n<meta property=\"og:type\" content=\"article\" \/>\n<meta property=\"og:title\" content=\"CNH Quer\u00e9taro - SACA Fire Protection Systems Mexico\" \/>\n<meta property=\"og:description\" content=\"&nbsp; In this job, painting cabins type at Quer\u00e9taro, Quer\u00e9taro, we installed the fire protection system. The system installed includes Automatic Sprinklers K8 for the main ceiling and painting cabins, according to NFPA 13 standards. Additionally, it was installed a Hose Interior System of 1 1\/2\u201d with 100 foot long hose and a 30 meter [&hellip;]\" \/>\n<meta property=\"og:url\" content=\"https:\/\/saca.com.mx\/en\/our-projects\/projects-2014-2015\/cnh-queretaro\/\" \/>\n<meta property=\"og:site_name\" content=\"SACA Fire Protection Systems Mexico\" \/>\n<meta property=\"article:modified_time\" content=\"2019-04-27T00:32:47+00:00\" \/>\n<meta name=\"twitter:card\" content=\"summary_large_image\" \/>\n<script type=\"application\/ld+json\" class=\"yoast-schema-graph\">{\"@context\":\"https:\/\/schema.org\",\"@graph\":[{\"@type\":\"WebPage\",\"@id\":\"https:\/\/saca.com.mx\/en\/our-projects\/projects-2014-2015\/cnh-queretaro\/\",\"url\":\"https:\/\/saca.com.mx\/en\/our-projects\/projects-2014-2015\/cnh-queretaro\/\",\"name\":\"CNH Quer\u00e9taro - SACA Fire Protection Systems Mexico\",\"isPartOf\":{\"@id\":\"https:\/\/saca.com.mx\/en\/#website\"},\"primaryImageOfPage\":{\"@id\":\"https:\/\/saca.com.mx\/en\/our-projects\/projects-2014-2015\/cnh-queretaro\/#primaryimage\"},\"image\":{\"@id\":\"https:\/\/saca.com.mx\/en\/our-projects\/projects-2014-2015\/cnh-queretaro\/#primaryimage\"},\"thumbnailUrl\":\"http:\/\/saca.com.mx\/es\/wp-content\/uploads\/2015\/04\/241.png\",\"datePublished\":\"2015-05-01T14:22:27+00:00\",\"dateModified\":\"2019-04-27T00:32:47+00:00\",\"breadcrumb\":{\"@id\":\"https:\/\/saca.com.mx\/en\/our-projects\/projects-2014-2015\/cnh-queretaro\/#breadcrumb\"},\"inLanguage\":\"es\",\"potentialAction\":[{\"@type\":\"ReadAction\",\"target\":[\"https:\/\/saca.com.mx\/en\/our-projects\/projects-2014-2015\/cnh-queretaro\/\"]}]},{\"@type\":\"ImageObject\",\"inLanguage\":\"es\",\"@id\":\"https:\/\/saca.com.mx\/en\/our-projects\/projects-2014-2015\/cnh-queretaro\/#primaryimage\",\"url\":\"http:\/\/saca.com.mx\/es\/wp-content\/uploads\/2015\/04\/241.png\",\"contentUrl\":\"http:\/\/saca.com.mx\/es\/wp-content\/uploads\/2015\/04\/241.png\"},{\"@type\":\"BreadcrumbList\",\"@id\":\"https:\/\/saca.com.mx\/en\/our-projects\/projects-2014-2015\/cnh-queretaro\/#breadcrumb\",\"itemListElement\":[{\"@type\":\"ListItem\",\"position\":1,\"name\":\"Portada\",\"item\":\"https:\/\/saca.com.mx\/en\/\"},{\"@type\":\"ListItem\",\"position\":2,\"name\":\"Our Projects\",\"item\":\"https:\/\/saca.com.mx\/en\/our-projects\/\"},{\"@type\":\"ListItem\",\"position\":3,\"name\":\"Projects 2014-2015\",\"item\":\"https:\/\/saca.com.mx\/en\/our-projects\/projects-2014-2015\/\"},{\"@type\":\"ListItem\",\"position\":4,\"name\":\"CNH Quer\u00e9taro\"}]},{\"@type\":\"WebSite\",\"@id\":\"https:\/\/saca.com.mx\/en\/#website\",\"url\":\"https:\/\/saca.com.mx\/en\/\",\"name\":\"SACA Fire Protection Systems Mexico\",\"description\":\"\",\"potentialAction\":[{\"@type\":\"SearchAction\",\"target\":{\"@type\":\"EntryPoint\",\"urlTemplate\":\"https:\/\/saca.com.mx\/en\/?s={search_term_string}\"},\"query-input\":{\"@type\":\"PropertyValueSpecification\",\"valueRequired\":true,\"valueName\":\"search_term_string\"}}],\"inLanguage\":\"es\"}]}<\/script>\n<!-- \/ Yoast SEO plugin. -->","yoast_head_json":{"title":"CNH Quer\u00e9taro - SACA Fire Protection Systems Mexico","robots":{"index":"index","follow":"follow","max-snippet":"max-snippet:-1","max-image-preview":"max-image-preview:large","max-video-preview":"max-video-preview:-1"},"canonical":"https:\/\/saca.com.mx\/en\/our-projects\/projects-2014-2015\/cnh-queretaro\/","og_locale":"es_ES","og_type":"article","og_title":"CNH Quer\u00e9taro - SACA Fire Protection Systems Mexico","og_description":"&nbsp; In this job, painting cabins type at Quer\u00e9taro, Quer\u00e9taro, we installed the fire protection system. The system installed includes Automatic Sprinklers K8 for the main ceiling and painting cabins, according to NFPA 13 standards. Additionally, it was installed a Hose Interior System of 1 1\/2\u201d with 100 foot long hose and a 30 meter [&hellip;]","og_url":"https:\/\/saca.com.mx\/en\/our-projects\/projects-2014-2015\/cnh-queretaro\/","og_site_name":"SACA Fire Protection Systems Mexico","article_modified_time":"2019-04-27T00:32:47+00:00","twitter_card":"summary_large_image","schema":{"@context":"https:\/\/schema.org","@graph":[{"@type":"WebPage","@id":"https:\/\/saca.com.mx\/en\/our-projects\/projects-2014-2015\/cnh-queretaro\/","url":"https:\/\/saca.com.mx\/en\/our-projects\/projects-2014-2015\/cnh-queretaro\/","name":"CNH Quer\u00e9taro - SACA Fire Protection Systems Mexico","isPartOf":{"@id":"https:\/\/saca.com.mx\/en\/#website"},"primaryImageOfPage":{"@id":"https:\/\/saca.com.mx\/en\/our-projects\/projects-2014-2015\/cnh-queretaro\/#primaryimage"},"image":{"@id":"https:\/\/saca.com.mx\/en\/our-projects\/projects-2014-2015\/cnh-queretaro\/#primaryimage"},"thumbnailUrl":"http:\/\/saca.com.mx\/es\/wp-content\/uploads\/2015\/04\/241.png","datePublished":"2015-05-01T14:22:27+00:00","dateModified":"2019-04-27T00:32:47+00:00","breadcrumb":{"@id":"https:\/\/saca.com.mx\/en\/our-projects\/projects-2014-2015\/cnh-queretaro\/#breadcrumb"},"inLanguage":"es","potentialAction":[{"@type":"ReadAction","target":["https:\/\/saca.com.mx\/en\/our-projects\/projects-2014-2015\/cnh-queretaro\/"]}]},{"@type":"ImageObject","inLanguage":"es","@id":"https:\/\/saca.com.mx\/en\/our-projects\/projects-2014-2015\/cnh-queretaro\/#primaryimage","url":"http:\/\/saca.com.mx\/es\/wp-content\/uploads\/2015\/04\/241.png","contentUrl":"http:\/\/saca.com.mx\/es\/wp-content\/uploads\/2015\/04\/241.png"},{"@type":"BreadcrumbList","@id":"https:\/\/saca.com.mx\/en\/our-projects\/projects-2014-2015\/cnh-queretaro\/#breadcrumb","itemListElement":[{"@type":"ListItem","position":1,"name":"Portada","item":"https:\/\/saca.com.mx\/en\/"},{"@type":"ListItem","position":2,"name":"Our Projects","item":"https:\/\/saca.com.mx\/en\/our-projects\/"},{"@type":"ListItem","position":3,"name":"Projects 2014-2015","item":"https:\/\/saca.com.mx\/en\/our-projects\/projects-2014-2015\/"},{"@type":"ListItem","position":4,"name":"CNH Quer\u00e9taro"}]},{"@type":"WebSite","@id":"https:\/\/saca.com.mx\/en\/#website","url":"https:\/\/saca.com.mx\/en\/","name":"SACA Fire Protection Systems Mexico","description":"","potentialAction":[{"@type":"SearchAction","target":{"@type":"EntryPoint","urlTemplate":"https:\/\/saca.com.mx\/en\/?s={search_term_string}"},"query-input":{"@type":"PropertyValueSpecification","valueRequired":true,"valueName":"search_term_string"}}],"inLanguage":"es"}]}},"_links":{"self":[{"href":"https:\/\/saca.com.mx\/en\/wp-json\/wp\/v2\/pages\/234","targetHints":{"allow":["GET"]}}],"collection":[{"href":"https:\/\/saca.com.mx\/en\/wp-json\/wp\/v2\/pages"}],"about":[{"href":"https:\/\/saca.com.mx\/en\/wp-json\/wp\/v2\/types\/page"}],"author":[{"embeddable":true,"href":"https:\/\/saca.com.mx\/en\/wp-json\/wp\/v2\/users\/1"}],"replies":[{"embeddable":true,"href":"https:\/\/saca.com.mx\/en\/wp-json\/wp\/v2\/comments?post=234"}],"version-history":[{"count":3,"href":"https:\/\/saca.com.mx\/en\/wp-json\/wp\/v2\/pages\/234\/revisions"}],"predecessor-version":[{"id":2243,"href":"https:\/\/saca.com.mx\/en\/wp-json\/wp\/v2\/pages\/234\/revisions\/2243"}],"up":[{"embeddable":true,"href":"https:\/\/saca.com.mx\/en\/wp-json\/wp\/v2\/pages\/142"}],"wp:attachment":[{"href":"https:\/\/saca.com.mx\/en\/wp-json\/wp\/v2\/media?parent=234"}],"curies":[{"name":"wp","href":"https:\/\/api.w.org\/{rel}","templated":true}]}}