{"id":2514,"date":"2022-04-07T00:12:57","date_gmt":"2022-04-07T00:12:57","guid":{"rendered":"https:\/\/saca.com.mx\/en\/?page_id=2514"},"modified":"2022-04-28T20:34:19","modified_gmt":"2022-04-28T20:34:19","slug":"sams-cuautitlan","status":"publish","type":"page","link":"https:\/\/saca.com.mx\/en\/projects-2020-2021\/sams-cuautitlan\/","title":{"rendered":"Sam&#8217;s Cuautitl\u00e1n"},"content":{"rendered":"<p style=\"text-align: justify;\"><span style=\"color: #993300;\">In this job, supermarket warehousing store type in Cuautitl\u00e1n, Estado de M\u00e9xico, we installed the fire protection system.<\/span><\/p>\n<p style=\"text-align: justify;\">The system installed includes Automatic Sprinklers in general offices, grocery store and Dry Sprinklers for the fridge chambers, according to NFPA 13 standard. On the other hand, we installed a Hose Station System of 1 1\/2&#8243;, according to NFPA 14 standard. Subsequently, we installed a 200,000 gallon Bolted Tank for Fire Protection, according to NFPA 22 standard. Finally, we installed a Fire Detection System, according to NFPA 72 standard.<\/p>\n<p style=\"text-align: justify;\">The project was delivered on time, quality and cost, fulfilling GANT defined for fire protection and according to our client\u2019s job program.<\/p>\n<p><img loading=\"lazy\" decoding=\"async\" class=\"aligncenter size-full wp-image-2515\" src=\"https:\/\/saca.com.mx\/en\/wp-content\/uploads\/2022\/04\/6.-Sams-Cuautitl\u00e1n.jpg\" alt=\"\" width=\"1779\" height=\"681\" srcset=\"https:\/\/saca.com.mx\/en\/wp-content\/uploads\/2022\/04\/6.-Sams-Cuautitl\u00e1n.jpg 1779w, https:\/\/saca.com.mx\/en\/wp-content\/uploads\/2022\/04\/6.-Sams-Cuautitl\u00e1n-300x115.jpg 300w, https:\/\/saca.com.mx\/en\/wp-content\/uploads\/2022\/04\/6.-Sams-Cuautitl\u00e1n-768x294.jpg 768w, https:\/\/saca.com.mx\/en\/wp-content\/uploads\/2022\/04\/6.-Sams-Cuautitl\u00e1n-1024x392.jpg 1024w, https:\/\/saca.com.mx\/en\/wp-content\/uploads\/2022\/04\/6.-Sams-Cuautitl\u00e1n-1080x413.jpg 1080w, https:\/\/saca.com.mx\/en\/wp-content\/uploads\/2022\/04\/6.-Sams-Cuautitl\u00e1n-24x9.jpg 24w, https:\/\/saca.com.mx\/en\/wp-content\/uploads\/2022\/04\/6.-Sams-Cuautitl\u00e1n-36x14.jpg 36w, https:\/\/saca.com.mx\/en\/wp-content\/uploads\/2022\/04\/6.-Sams-Cuautitl\u00e1n-48x18.jpg 48w\" sizes=\"(max-width: 1779px) 100vw, 1779px\" \/><\/p>\n","protected":false},"excerpt":{"rendered":"<p>In this job, supermarket warehousing store type in Cuautitl\u00e1n, Estado de M\u00e9xico, we installed the fire protection system. The system installed includes Automatic Sprinklers in general offices, grocery store and Dry Sprinklers for the fridge chambers, according to NFPA 13 standard. On the other hand, we installed a Hose Station System of 1 1\/2&#8243;, according [&hellip;]<\/p>\n","protected":false},"author":1,"featured_media":2515,"parent":2402,"menu_order":0,"comment_status":"closed","ping_status":"closed","template":"","meta":{"_et_pb_use_builder":"","_et_pb_old_content":"","_et_gb_content_width":"","footnotes":""},"class_list":["post-2514","page","type-page","status-publish","has-post-thumbnail","hentry"],"yoast_head":"<!-- This site is optimized with the Yoast SEO plugin v26.8 - https:\/\/yoast.com\/product\/yoast-seo-wordpress\/ -->\n<title>Sam&#039;s Cuautitl\u00e1n - SACA Fire Protection Systems Mexico<\/title>\n<meta name=\"robots\" content=\"index, follow, max-snippet:-1, max-image-preview:large, max-video-preview:-1\" \/>\n<link rel=\"canonical\" href=\"https:\/\/saca.com.mx\/en\/projects-2020-2021\/sams-cuautitlan\/\" \/>\n<meta property=\"og:locale\" content=\"es_ES\" \/>\n<meta property=\"og:type\" content=\"article\" \/>\n<meta property=\"og:title\" content=\"Sam&#039;s Cuautitl\u00e1n - SACA Fire Protection Systems Mexico\" \/>\n<meta property=\"og:description\" content=\"In this job, supermarket warehousing store type in Cuautitl\u00e1n, Estado de M\u00e9xico, we installed the fire protection system. The system installed includes Automatic Sprinklers in general offices, grocery store and Dry Sprinklers for the fridge chambers, according to NFPA 13 standard. On the other hand, we installed a Hose Station System of 1 1\/2&#8243;, according [&hellip;]\" \/>\n<meta property=\"og:url\" content=\"https:\/\/saca.com.mx\/en\/projects-2020-2021\/sams-cuautitlan\/\" \/>\n<meta property=\"og:site_name\" content=\"SACA Fire Protection Systems Mexico\" \/>\n<meta property=\"article:modified_time\" content=\"2022-04-28T20:34:19+00:00\" \/>\n<meta property=\"og:image\" content=\"https:\/\/saca.com.mx\/en\/wp-content\/uploads\/2022\/04\/6.-Sams-Cuautitl\u00e1n.jpg\" \/>\n\t<meta property=\"og:image:width\" content=\"1779\" \/>\n\t<meta property=\"og:image:height\" content=\"681\" \/>\n\t<meta property=\"og:image:type\" content=\"image\/jpeg\" \/>\n<meta name=\"twitter:card\" content=\"summary_large_image\" \/>\n<meta name=\"twitter:label1\" content=\"Tiempo de lectura\" \/>\n\t<meta name=\"twitter:data1\" content=\"1 minuto\" \/>\n<script type=\"application\/ld+json\" class=\"yoast-schema-graph\">{\"@context\":\"https:\/\/schema.org\",\"@graph\":[{\"@type\":\"WebPage\",\"@id\":\"https:\/\/saca.com.mx\/en\/projects-2020-2021\/sams-cuautitlan\/\",\"url\":\"https:\/\/saca.com.mx\/en\/projects-2020-2021\/sams-cuautitlan\/\",\"name\":\"Sam's Cuautitl\u00e1n - SACA Fire Protection Systems Mexico\",\"isPartOf\":{\"@id\":\"https:\/\/saca.com.mx\/en\/#website\"},\"primaryImageOfPage\":{\"@id\":\"https:\/\/saca.com.mx\/en\/projects-2020-2021\/sams-cuautitlan\/#primaryimage\"},\"image\":{\"@id\":\"https:\/\/saca.com.mx\/en\/projects-2020-2021\/sams-cuautitlan\/#primaryimage\"},\"thumbnailUrl\":\"https:\/\/saca.com.mx\/en\/wp-content\/uploads\/2022\/04\/6.-Sams-Cuautitl\u00e1n.jpg\",\"datePublished\":\"2022-04-07T00:12:57+00:00\",\"dateModified\":\"2022-04-28T20:34:19+00:00\",\"breadcrumb\":{\"@id\":\"https:\/\/saca.com.mx\/en\/projects-2020-2021\/sams-cuautitlan\/#breadcrumb\"},\"inLanguage\":\"es\",\"potentialAction\":[{\"@type\":\"ReadAction\",\"target\":[\"https:\/\/saca.com.mx\/en\/projects-2020-2021\/sams-cuautitlan\/\"]}]},{\"@type\":\"ImageObject\",\"inLanguage\":\"es\",\"@id\":\"https:\/\/saca.com.mx\/en\/projects-2020-2021\/sams-cuautitlan\/#primaryimage\",\"url\":\"https:\/\/saca.com.mx\/en\/wp-content\/uploads\/2022\/04\/6.-Sams-Cuautitl\u00e1n.jpg\",\"contentUrl\":\"https:\/\/saca.com.mx\/en\/wp-content\/uploads\/2022\/04\/6.-Sams-Cuautitl\u00e1n.jpg\",\"width\":1779,\"height\":681},{\"@type\":\"BreadcrumbList\",\"@id\":\"https:\/\/saca.com.mx\/en\/projects-2020-2021\/sams-cuautitlan\/#breadcrumb\",\"itemListElement\":[{\"@type\":\"ListItem\",\"position\":1,\"name\":\"Portada\",\"item\":\"https:\/\/saca.com.mx\/en\/\"},{\"@type\":\"ListItem\",\"position\":2,\"name\":\"Projects 2020-2021\",\"item\":\"https:\/\/saca.com.mx\/en\/projects-2020-2021\/\"},{\"@type\":\"ListItem\",\"position\":3,\"name\":\"Sam&#8217;s Cuautitl\u00e1n\"}]},{\"@type\":\"WebSite\",\"@id\":\"https:\/\/saca.com.mx\/en\/#website\",\"url\":\"https:\/\/saca.com.mx\/en\/\",\"name\":\"SACA Fire Protection Systems Mexico\",\"description\":\"\",\"potentialAction\":[{\"@type\":\"SearchAction\",\"target\":{\"@type\":\"EntryPoint\",\"urlTemplate\":\"https:\/\/saca.com.mx\/en\/?s={search_term_string}\"},\"query-input\":{\"@type\":\"PropertyValueSpecification\",\"valueRequired\":true,\"valueName\":\"search_term_string\"}}],\"inLanguage\":\"es\"}]}<\/script>\n<!-- \/ Yoast SEO plugin. -->","yoast_head_json":{"title":"Sam's Cuautitl\u00e1n - SACA Fire Protection Systems Mexico","robots":{"index":"index","follow":"follow","max-snippet":"max-snippet:-1","max-image-preview":"max-image-preview:large","max-video-preview":"max-video-preview:-1"},"canonical":"https:\/\/saca.com.mx\/en\/projects-2020-2021\/sams-cuautitlan\/","og_locale":"es_ES","og_type":"article","og_title":"Sam's Cuautitl\u00e1n - SACA Fire Protection Systems Mexico","og_description":"In this job, supermarket warehousing store type in Cuautitl\u00e1n, Estado de M\u00e9xico, we installed the fire protection system. The system installed includes Automatic Sprinklers in general offices, grocery store and Dry Sprinklers for the fridge chambers, according to NFPA 13 standard. On the other hand, we installed a Hose Station System of 1 1\/2&#8243;, according [&hellip;]","og_url":"https:\/\/saca.com.mx\/en\/projects-2020-2021\/sams-cuautitlan\/","og_site_name":"SACA Fire Protection Systems Mexico","article_modified_time":"2022-04-28T20:34:19+00:00","og_image":[{"width":1779,"height":681,"url":"https:\/\/saca.com.mx\/en\/wp-content\/uploads\/2022\/04\/6.-Sams-Cuautitl\u00e1n.jpg","type":"image\/jpeg"}],"twitter_card":"summary_large_image","twitter_misc":{"Tiempo de lectura":"1 minuto"},"schema":{"@context":"https:\/\/schema.org","@graph":[{"@type":"WebPage","@id":"https:\/\/saca.com.mx\/en\/projects-2020-2021\/sams-cuautitlan\/","url":"https:\/\/saca.com.mx\/en\/projects-2020-2021\/sams-cuautitlan\/","name":"Sam's Cuautitl\u00e1n - SACA Fire Protection Systems Mexico","isPartOf":{"@id":"https:\/\/saca.com.mx\/en\/#website"},"primaryImageOfPage":{"@id":"https:\/\/saca.com.mx\/en\/projects-2020-2021\/sams-cuautitlan\/#primaryimage"},"image":{"@id":"https:\/\/saca.com.mx\/en\/projects-2020-2021\/sams-cuautitlan\/#primaryimage"},"thumbnailUrl":"https:\/\/saca.com.mx\/en\/wp-content\/uploads\/2022\/04\/6.-Sams-Cuautitl\u00e1n.jpg","datePublished":"2022-04-07T00:12:57+00:00","dateModified":"2022-04-28T20:34:19+00:00","breadcrumb":{"@id":"https:\/\/saca.com.mx\/en\/projects-2020-2021\/sams-cuautitlan\/#breadcrumb"},"inLanguage":"es","potentialAction":[{"@type":"ReadAction","target":["https:\/\/saca.com.mx\/en\/projects-2020-2021\/sams-cuautitlan\/"]}]},{"@type":"ImageObject","inLanguage":"es","@id":"https:\/\/saca.com.mx\/en\/projects-2020-2021\/sams-cuautitlan\/#primaryimage","url":"https:\/\/saca.com.mx\/en\/wp-content\/uploads\/2022\/04\/6.-Sams-Cuautitl\u00e1n.jpg","contentUrl":"https:\/\/saca.com.mx\/en\/wp-content\/uploads\/2022\/04\/6.-Sams-Cuautitl\u00e1n.jpg","width":1779,"height":681},{"@type":"BreadcrumbList","@id":"https:\/\/saca.com.mx\/en\/projects-2020-2021\/sams-cuautitlan\/#breadcrumb","itemListElement":[{"@type":"ListItem","position":1,"name":"Portada","item":"https:\/\/saca.com.mx\/en\/"},{"@type":"ListItem","position":2,"name":"Projects 2020-2021","item":"https:\/\/saca.com.mx\/en\/projects-2020-2021\/"},{"@type":"ListItem","position":3,"name":"Sam&#8217;s Cuautitl\u00e1n"}]},{"@type":"WebSite","@id":"https:\/\/saca.com.mx\/en\/#website","url":"https:\/\/saca.com.mx\/en\/","name":"SACA Fire Protection Systems Mexico","description":"","potentialAction":[{"@type":"SearchAction","target":{"@type":"EntryPoint","urlTemplate":"https:\/\/saca.com.mx\/en\/?s={search_term_string}"},"query-input":{"@type":"PropertyValueSpecification","valueRequired":true,"valueName":"search_term_string"}}],"inLanguage":"es"}]}},"_links":{"self":[{"href":"https:\/\/saca.com.mx\/en\/wp-json\/wp\/v2\/pages\/2514","targetHints":{"allow":["GET"]}}],"collection":[{"href":"https:\/\/saca.com.mx\/en\/wp-json\/wp\/v2\/pages"}],"about":[{"href":"https:\/\/saca.com.mx\/en\/wp-json\/wp\/v2\/types\/page"}],"author":[{"embeddable":true,"href":"https:\/\/saca.com.mx\/en\/wp-json\/wp\/v2\/users\/1"}],"replies":[{"embeddable":true,"href":"https:\/\/saca.com.mx\/en\/wp-json\/wp\/v2\/comments?post=2514"}],"version-history":[{"count":2,"href":"https:\/\/saca.com.mx\/en\/wp-json\/wp\/v2\/pages\/2514\/revisions"}],"predecessor-version":[{"id":2611,"href":"https:\/\/saca.com.mx\/en\/wp-json\/wp\/v2\/pages\/2514\/revisions\/2611"}],"up":[{"embeddable":true,"href":"https:\/\/saca.com.mx\/en\/wp-json\/wp\/v2\/pages\/2402"}],"wp:featuredmedia":[{"embeddable":true,"href":"https:\/\/saca.com.mx\/en\/wp-json\/wp\/v2\/media\/2515"}],"wp:attachment":[{"href":"https:\/\/saca.com.mx\/en\/wp-json\/wp\/v2\/media?parent=2514"}],"curies":[{"name":"wp","href":"https:\/\/api.w.org\/{rel}","templated":true}]}}