{"id":2773,"date":"2024-01-10T18:20:36","date_gmt":"2024-01-10T18:20:36","guid":{"rendered":"https:\/\/saca.com.mx\/en\/?page_id=2773"},"modified":"2024-01-11T01:14:28","modified_gmt":"2024-01-11T01:14:28","slug":"baldesign-merida-yucatan","status":"publish","type":"page","link":"https:\/\/saca.com.mx\/en\/projects-2022-2023\/baldesign-merida-yucatan\/","title":{"rendered":"Baldesign M\u00e9rida Yucat\u00e1n"},"content":{"rendered":"<p style=\"text-align: justify;\"><span style=\"color: #993300;\">In this job, manufacturing plant type in M\u00e9rida, Yucat\u00e1n, we installed the fire protection system.<\/span><\/p>\n<p style=\"text-align: justify;\">The installed system includes three LP Gas Tank Deluge Systems, according to NFPA 2001 standard.<\/p>\n<p style=\"text-align: justify;\">The project was delivered on time, quality and cost, fulfilling GANT defined for fire protection and according to our client\u2019s job program.<\/p>\n<p><img loading=\"lazy\" decoding=\"async\" class=\"aligncenter size-full wp-image-2814\" src=\"https:\/\/saca.com.mx\/en\/wp-content\/uploads\/2024\/01\/7.-Baldesign-Merida-Yucatan.jpg\" alt=\"\" width=\"961\" height=\"367\" srcset=\"https:\/\/saca.com.mx\/en\/wp-content\/uploads\/2024\/01\/7.-Baldesign-Merida-Yucatan.jpg 961w, https:\/\/saca.com.mx\/en\/wp-content\/uploads\/2024\/01\/7.-Baldesign-Merida-Yucatan-480x183.jpg 480w\" sizes=\"(min-width: 0px) and (max-width: 480px) 480px, (min-width: 481px) 961px, 100vw\" \/><\/p>\n","protected":false},"excerpt":{"rendered":"<p>In this job, manufacturing plant type in M\u00e9rida, Yucat\u00e1n, we installed the fire protection system. The installed system includes three LP Gas Tank Deluge Systems, according to NFPA 2001 standard. The project was delivered on time, quality and cost, fulfilling GANT defined for fire protection and according to our client\u2019s job program.<\/p>\n","protected":false},"author":1,"featured_media":0,"parent":2666,"menu_order":0,"comment_status":"closed","ping_status":"closed","template":"","meta":{"_et_pb_use_builder":"","_et_pb_old_content":"","_et_gb_content_width":"","footnotes":""},"class_list":["post-2773","page","type-page","status-publish","hentry"],"yoast_head":"<!-- This site is optimized with the Yoast SEO plugin v26.8 - https:\/\/yoast.com\/product\/yoast-seo-wordpress\/ -->\n<title>Baldesign M\u00e9rida Yucat\u00e1n - SACA Fire Protection Systems Mexico<\/title>\n<meta name=\"robots\" content=\"index, follow, max-snippet:-1, max-image-preview:large, max-video-preview:-1\" \/>\n<link rel=\"canonical\" href=\"https:\/\/saca.com.mx\/en\/projects-2022-2023\/baldesign-merida-yucatan\/\" \/>\n<meta property=\"og:locale\" content=\"es_ES\" \/>\n<meta property=\"og:type\" content=\"article\" \/>\n<meta property=\"og:title\" content=\"Baldesign M\u00e9rida Yucat\u00e1n - SACA Fire Protection Systems Mexico\" \/>\n<meta property=\"og:description\" content=\"In this job, manufacturing plant type in M\u00e9rida, Yucat\u00e1n, we installed the fire protection system. The installed system includes three LP Gas Tank Deluge Systems, according to NFPA 2001 standard. The project was delivered on time, quality and cost, fulfilling GANT defined for fire protection and according to our client\u2019s job program.\" \/>\n<meta property=\"og:url\" content=\"https:\/\/saca.com.mx\/en\/projects-2022-2023\/baldesign-merida-yucatan\/\" \/>\n<meta property=\"og:site_name\" content=\"SACA Fire Protection Systems Mexico\" \/>\n<meta property=\"article:modified_time\" content=\"2024-01-11T01:14:28+00:00\" \/>\n<meta property=\"og:image\" content=\"https:\/\/saca.com.mx\/en\/wp-content\/uploads\/2024\/01\/7.-Baldesign-Merida-Yucatan.jpg\" \/>\n\t<meta property=\"og:image:width\" content=\"961\" \/>\n\t<meta property=\"og:image:height\" content=\"367\" \/>\n\t<meta property=\"og:image:type\" content=\"image\/jpeg\" \/>\n<meta name=\"twitter:card\" content=\"summary_large_image\" \/>\n<script type=\"application\/ld+json\" class=\"yoast-schema-graph\">{\"@context\":\"https:\/\/schema.org\",\"@graph\":[{\"@type\":\"WebPage\",\"@id\":\"https:\/\/saca.com.mx\/en\/projects-2022-2023\/baldesign-merida-yucatan\/\",\"url\":\"https:\/\/saca.com.mx\/en\/projects-2022-2023\/baldesign-merida-yucatan\/\",\"name\":\"Baldesign M\u00e9rida Yucat\u00e1n - SACA Fire Protection Systems Mexico\",\"isPartOf\":{\"@id\":\"https:\/\/saca.com.mx\/en\/#website\"},\"primaryImageOfPage\":{\"@id\":\"https:\/\/saca.com.mx\/en\/projects-2022-2023\/baldesign-merida-yucatan\/#primaryimage\"},\"image\":{\"@id\":\"https:\/\/saca.com.mx\/en\/projects-2022-2023\/baldesign-merida-yucatan\/#primaryimage\"},\"thumbnailUrl\":\"https:\/\/saca.com.mx\/en\/wp-content\/uploads\/2024\/01\/7.-Baldesign-Merida-Yucatan.jpg\",\"datePublished\":\"2024-01-10T18:20:36+00:00\",\"dateModified\":\"2024-01-11T01:14:28+00:00\",\"breadcrumb\":{\"@id\":\"https:\/\/saca.com.mx\/en\/projects-2022-2023\/baldesign-merida-yucatan\/#breadcrumb\"},\"inLanguage\":\"es\",\"potentialAction\":[{\"@type\":\"ReadAction\",\"target\":[\"https:\/\/saca.com.mx\/en\/projects-2022-2023\/baldesign-merida-yucatan\/\"]}]},{\"@type\":\"ImageObject\",\"inLanguage\":\"es\",\"@id\":\"https:\/\/saca.com.mx\/en\/projects-2022-2023\/baldesign-merida-yucatan\/#primaryimage\",\"url\":\"https:\/\/saca.com.mx\/en\/wp-content\/uploads\/2024\/01\/7.-Baldesign-Merida-Yucatan.jpg\",\"contentUrl\":\"https:\/\/saca.com.mx\/en\/wp-content\/uploads\/2024\/01\/7.-Baldesign-Merida-Yucatan.jpg\",\"width\":961,\"height\":367},{\"@type\":\"BreadcrumbList\",\"@id\":\"https:\/\/saca.com.mx\/en\/projects-2022-2023\/baldesign-merida-yucatan\/#breadcrumb\",\"itemListElement\":[{\"@type\":\"ListItem\",\"position\":1,\"name\":\"Portada\",\"item\":\"https:\/\/saca.com.mx\/en\/\"},{\"@type\":\"ListItem\",\"position\":2,\"name\":\"Projects 2022-2023\",\"item\":\"https:\/\/saca.com.mx\/en\/projects-2022-2023\/\"},{\"@type\":\"ListItem\",\"position\":3,\"name\":\"Baldesign M\u00e9rida Yucat\u00e1n\"}]},{\"@type\":\"WebSite\",\"@id\":\"https:\/\/saca.com.mx\/en\/#website\",\"url\":\"https:\/\/saca.com.mx\/en\/\",\"name\":\"SACA Fire Protection Systems Mexico\",\"description\":\"\",\"potentialAction\":[{\"@type\":\"SearchAction\",\"target\":{\"@type\":\"EntryPoint\",\"urlTemplate\":\"https:\/\/saca.com.mx\/en\/?s={search_term_string}\"},\"query-input\":{\"@type\":\"PropertyValueSpecification\",\"valueRequired\":true,\"valueName\":\"search_term_string\"}}],\"inLanguage\":\"es\"}]}<\/script>\n<!-- \/ Yoast SEO plugin. -->","yoast_head_json":{"title":"Baldesign M\u00e9rida Yucat\u00e1n - SACA Fire Protection Systems Mexico","robots":{"index":"index","follow":"follow","max-snippet":"max-snippet:-1","max-image-preview":"max-image-preview:large","max-video-preview":"max-video-preview:-1"},"canonical":"https:\/\/saca.com.mx\/en\/projects-2022-2023\/baldesign-merida-yucatan\/","og_locale":"es_ES","og_type":"article","og_title":"Baldesign M\u00e9rida Yucat\u00e1n - SACA Fire Protection Systems Mexico","og_description":"In this job, manufacturing plant type in M\u00e9rida, Yucat\u00e1n, we installed the fire protection system. The installed system includes three LP Gas Tank Deluge Systems, according to NFPA 2001 standard. The project was delivered on time, quality and cost, fulfilling GANT defined for fire protection and according to our client\u2019s job program.","og_url":"https:\/\/saca.com.mx\/en\/projects-2022-2023\/baldesign-merida-yucatan\/","og_site_name":"SACA Fire Protection Systems Mexico","article_modified_time":"2024-01-11T01:14:28+00:00","og_image":[{"width":961,"height":367,"url":"https:\/\/saca.com.mx\/en\/wp-content\/uploads\/2024\/01\/7.-Baldesign-Merida-Yucatan.jpg","type":"image\/jpeg"}],"twitter_card":"summary_large_image","schema":{"@context":"https:\/\/schema.org","@graph":[{"@type":"WebPage","@id":"https:\/\/saca.com.mx\/en\/projects-2022-2023\/baldesign-merida-yucatan\/","url":"https:\/\/saca.com.mx\/en\/projects-2022-2023\/baldesign-merida-yucatan\/","name":"Baldesign M\u00e9rida Yucat\u00e1n - SACA Fire Protection Systems Mexico","isPartOf":{"@id":"https:\/\/saca.com.mx\/en\/#website"},"primaryImageOfPage":{"@id":"https:\/\/saca.com.mx\/en\/projects-2022-2023\/baldesign-merida-yucatan\/#primaryimage"},"image":{"@id":"https:\/\/saca.com.mx\/en\/projects-2022-2023\/baldesign-merida-yucatan\/#primaryimage"},"thumbnailUrl":"https:\/\/saca.com.mx\/en\/wp-content\/uploads\/2024\/01\/7.-Baldesign-Merida-Yucatan.jpg","datePublished":"2024-01-10T18:20:36+00:00","dateModified":"2024-01-11T01:14:28+00:00","breadcrumb":{"@id":"https:\/\/saca.com.mx\/en\/projects-2022-2023\/baldesign-merida-yucatan\/#breadcrumb"},"inLanguage":"es","potentialAction":[{"@type":"ReadAction","target":["https:\/\/saca.com.mx\/en\/projects-2022-2023\/baldesign-merida-yucatan\/"]}]},{"@type":"ImageObject","inLanguage":"es","@id":"https:\/\/saca.com.mx\/en\/projects-2022-2023\/baldesign-merida-yucatan\/#primaryimage","url":"https:\/\/saca.com.mx\/en\/wp-content\/uploads\/2024\/01\/7.-Baldesign-Merida-Yucatan.jpg","contentUrl":"https:\/\/saca.com.mx\/en\/wp-content\/uploads\/2024\/01\/7.-Baldesign-Merida-Yucatan.jpg","width":961,"height":367},{"@type":"BreadcrumbList","@id":"https:\/\/saca.com.mx\/en\/projects-2022-2023\/baldesign-merida-yucatan\/#breadcrumb","itemListElement":[{"@type":"ListItem","position":1,"name":"Portada","item":"https:\/\/saca.com.mx\/en\/"},{"@type":"ListItem","position":2,"name":"Projects 2022-2023","item":"https:\/\/saca.com.mx\/en\/projects-2022-2023\/"},{"@type":"ListItem","position":3,"name":"Baldesign M\u00e9rida Yucat\u00e1n"}]},{"@type":"WebSite","@id":"https:\/\/saca.com.mx\/en\/#website","url":"https:\/\/saca.com.mx\/en\/","name":"SACA Fire Protection Systems Mexico","description":"","potentialAction":[{"@type":"SearchAction","target":{"@type":"EntryPoint","urlTemplate":"https:\/\/saca.com.mx\/en\/?s={search_term_string}"},"query-input":{"@type":"PropertyValueSpecification","valueRequired":true,"valueName":"search_term_string"}}],"inLanguage":"es"}]}},"_links":{"self":[{"href":"https:\/\/saca.com.mx\/en\/wp-json\/wp\/v2\/pages\/2773","targetHints":{"allow":["GET"]}}],"collection":[{"href":"https:\/\/saca.com.mx\/en\/wp-json\/wp\/v2\/pages"}],"about":[{"href":"https:\/\/saca.com.mx\/en\/wp-json\/wp\/v2\/types\/page"}],"author":[{"embeddable":true,"href":"https:\/\/saca.com.mx\/en\/wp-json\/wp\/v2\/users\/1"}],"replies":[{"embeddable":true,"href":"https:\/\/saca.com.mx\/en\/wp-json\/wp\/v2\/comments?post=2773"}],"version-history":[{"count":2,"href":"https:\/\/saca.com.mx\/en\/wp-json\/wp\/v2\/pages\/2773\/revisions"}],"predecessor-version":[{"id":2815,"href":"https:\/\/saca.com.mx\/en\/wp-json\/wp\/v2\/pages\/2773\/revisions\/2815"}],"up":[{"embeddable":true,"href":"https:\/\/saca.com.mx\/en\/wp-json\/wp\/v2\/pages\/2666"}],"wp:attachment":[{"href":"https:\/\/saca.com.mx\/en\/wp-json\/wp\/v2\/media?parent=2773"}],"curies":[{"name":"wp","href":"https:\/\/api.w.org\/{rel}","templated":true}]}}