{"id":3111,"date":"2025-11-04T23:54:53","date_gmt":"2025-11-04T23:54:53","guid":{"rendered":"https:\/\/saca.com.mx\/en\/?page_id=3111"},"modified":"2025-11-20T15:35:42","modified_gmt":"2025-11-20T15:35:42","slug":"mi-tienda-garcia","status":"publish","type":"page","link":"https:\/\/saca.com.mx\/en\/mi-tienda-garcia\/","title":{"rendered":"Mi Tienda Garc\u00eda"},"content":{"rendered":"<p style=\"text-align: justify;\"><span style=\"color: #993300;\">In this project, supermarket warehousing store type in Garc\u00eda, Nuevo Le\u00f3n, we installed the fire protection system.<\/span><\/p>\n<p style=\"text-align: justify;\"><span style=\"color: #000000;\">The system includes an indoor fire hydrant network with 1\u00bd\u201d hoses, in accordance with NFPA 14 standards. In addition, a 500 GPM diesel fire pump system was installed following NFPA 20 standards, as well as a 85,000-gallon bolted fire protection water tank in compliance with NFPA 22.<\/span><\/p>\n<p style=\"text-align: justify;\"><span style=\"color: #000000;\">The project was delivered on time, within budget, and as specified, strictly following the GANT chart for the Fire Protection specialty and in alignment with our client\u2019s overall project schedule.<\/span><\/p>\n<p data-start=\"677\" data-end=\"872\"><img loading=\"lazy\" decoding=\"async\" class=\"aligncenter size-full wp-image-3045\" src=\"https:\/\/saca.com.mx\/en\/wp-content\/uploads\/2025\/11\/HEB-SCI-GARCIA-NL-659-100-_-NOVIEMBRE-2024-scaled.png\" alt=\"\" width=\"2560\" height=\"978\" srcset=\"https:\/\/saca.com.mx\/en\/wp-content\/uploads\/2025\/11\/HEB-SCI-GARCIA-NL-659-100-_-NOVIEMBRE-2024-scaled.png 2560w, https:\/\/saca.com.mx\/en\/wp-content\/uploads\/2025\/11\/HEB-SCI-GARCIA-NL-659-100-_-NOVIEMBRE-2024-1280x489.png 1280w, https:\/\/saca.com.mx\/en\/wp-content\/uploads\/2025\/11\/HEB-SCI-GARCIA-NL-659-100-_-NOVIEMBRE-2024-980x551.png 980w, https:\/\/saca.com.mx\/en\/wp-content\/uploads\/2025\/11\/HEB-SCI-GARCIA-NL-659-100-_-NOVIEMBRE-2024-480x270.png 480w\" sizes=\"(min-width: 0px) and (max-width: 480px) 480px, (min-width: 481px) and (max-width: 980px) 980px, (min-width: 981px) and (max-width: 1280px) 1280px, (min-width: 1281px) 2560px, 100vw\" \/><\/p>\n","protected":false},"excerpt":{"rendered":"<p>In this project, supermarket warehousing store type in Garc\u00eda, Nuevo Le\u00f3n, we installed the fire protection system. The system includes an indoor fire hydrant network with 1\u00bd\u201d hoses, in accordance with NFPA 14 standards. In addition, a 500 GPM diesel fire pump system was installed following NFPA 20 standards, as well as a 85,000-gallon bolted [&hellip;]<\/p>\n","protected":false},"author":1,"featured_media":0,"parent":0,"menu_order":0,"comment_status":"closed","ping_status":"closed","template":"","meta":{"_et_pb_use_builder":"","_et_pb_old_content":"","_et_gb_content_width":"","footnotes":""},"class_list":["post-3111","page","type-page","status-publish","hentry"],"yoast_head":"<!-- This site is optimized with the Yoast SEO plugin v26.8 - https:\/\/yoast.com\/product\/yoast-seo-wordpress\/ -->\n<title>Mi Tienda Garc\u00eda - SACA Fire Protection Systems Mexico<\/title>\n<meta name=\"robots\" content=\"index, follow, max-snippet:-1, max-image-preview:large, max-video-preview:-1\" \/>\n<link rel=\"canonical\" href=\"https:\/\/saca.com.mx\/en\/mi-tienda-garcia\/\" \/>\n<meta property=\"og:locale\" content=\"es_ES\" \/>\n<meta property=\"og:type\" content=\"article\" \/>\n<meta property=\"og:title\" content=\"Mi Tienda Garc\u00eda - SACA Fire Protection Systems Mexico\" \/>\n<meta property=\"og:description\" content=\"In this project, supermarket warehousing store type in Garc\u00eda, Nuevo Le\u00f3n, we installed the fire protection system. The system includes an indoor fire hydrant network with 1\u00bd\u201d hoses, in accordance with NFPA 14 standards. In addition, a 500 GPM diesel fire pump system was installed following NFPA 20 standards, as well as a 85,000-gallon bolted [&hellip;]\" \/>\n<meta property=\"og:url\" content=\"https:\/\/saca.com.mx\/en\/mi-tienda-garcia\/\" \/>\n<meta property=\"og:site_name\" content=\"SACA Fire Protection Systems Mexico\" \/>\n<meta property=\"article:modified_time\" content=\"2025-11-20T15:35:42+00:00\" \/>\n<meta property=\"og:image\" content=\"https:\/\/saca.com.mx\/en\/wp-content\/uploads\/2025\/11\/HEB-SCI-GARCIA-NL-659-100-_-NOVIEMBRE-2024-scaled.png\" \/>\n\t<meta property=\"og:image:width\" content=\"2560\" \/>\n\t<meta property=\"og:image:height\" content=\"978\" \/>\n\t<meta property=\"og:image:type\" content=\"image\/png\" \/>\n<meta name=\"twitter:card\" content=\"summary_large_image\" \/>\n<meta name=\"twitter:label1\" content=\"Tiempo de lectura\" \/>\n\t<meta name=\"twitter:data1\" content=\"1 minuto\" \/>\n<script type=\"application\/ld+json\" class=\"yoast-schema-graph\">{\"@context\":\"https:\/\/schema.org\",\"@graph\":[{\"@type\":\"WebPage\",\"@id\":\"https:\/\/saca.com.mx\/en\/mi-tienda-garcia\/\",\"url\":\"https:\/\/saca.com.mx\/en\/mi-tienda-garcia\/\",\"name\":\"Mi Tienda Garc\u00eda - SACA Fire Protection Systems Mexico\",\"isPartOf\":{\"@id\":\"https:\/\/saca.com.mx\/en\/#website\"},\"primaryImageOfPage\":{\"@id\":\"https:\/\/saca.com.mx\/en\/mi-tienda-garcia\/#primaryimage\"},\"image\":{\"@id\":\"https:\/\/saca.com.mx\/en\/mi-tienda-garcia\/#primaryimage\"},\"thumbnailUrl\":\"https:\/\/saca.com.mx\/en\/wp-content\/uploads\/2025\/11\/HEB-SCI-GARCIA-NL-659-100-_-NOVIEMBRE-2024-scaled.png\",\"datePublished\":\"2025-11-04T23:54:53+00:00\",\"dateModified\":\"2025-11-20T15:35:42+00:00\",\"breadcrumb\":{\"@id\":\"https:\/\/saca.com.mx\/en\/mi-tienda-garcia\/#breadcrumb\"},\"inLanguage\":\"es\",\"potentialAction\":[{\"@type\":\"ReadAction\",\"target\":[\"https:\/\/saca.com.mx\/en\/mi-tienda-garcia\/\"]}]},{\"@type\":\"ImageObject\",\"inLanguage\":\"es\",\"@id\":\"https:\/\/saca.com.mx\/en\/mi-tienda-garcia\/#primaryimage\",\"url\":\"https:\/\/saca.com.mx\/en\/wp-content\/uploads\/2025\/11\/HEB-SCI-GARCIA-NL-659-100-_-NOVIEMBRE-2024-scaled.png\",\"contentUrl\":\"https:\/\/saca.com.mx\/en\/wp-content\/uploads\/2025\/11\/HEB-SCI-GARCIA-NL-659-100-_-NOVIEMBRE-2024-scaled.png\",\"width\":2560,\"height\":978},{\"@type\":\"BreadcrumbList\",\"@id\":\"https:\/\/saca.com.mx\/en\/mi-tienda-garcia\/#breadcrumb\",\"itemListElement\":[{\"@type\":\"ListItem\",\"position\":1,\"name\":\"Portada\",\"item\":\"https:\/\/saca.com.mx\/en\/\"},{\"@type\":\"ListItem\",\"position\":2,\"name\":\"Mi Tienda Garc\u00eda\"}]},{\"@type\":\"WebSite\",\"@id\":\"https:\/\/saca.com.mx\/en\/#website\",\"url\":\"https:\/\/saca.com.mx\/en\/\",\"name\":\"SACA Fire Protection Systems Mexico\",\"description\":\"\",\"potentialAction\":[{\"@type\":\"SearchAction\",\"target\":{\"@type\":\"EntryPoint\",\"urlTemplate\":\"https:\/\/saca.com.mx\/en\/?s={search_term_string}\"},\"query-input\":{\"@type\":\"PropertyValueSpecification\",\"valueRequired\":true,\"valueName\":\"search_term_string\"}}],\"inLanguage\":\"es\"}]}<\/script>\n<!-- \/ Yoast SEO plugin. -->","yoast_head_json":{"title":"Mi Tienda Garc\u00eda - SACA Fire Protection Systems Mexico","robots":{"index":"index","follow":"follow","max-snippet":"max-snippet:-1","max-image-preview":"max-image-preview:large","max-video-preview":"max-video-preview:-1"},"canonical":"https:\/\/saca.com.mx\/en\/mi-tienda-garcia\/","og_locale":"es_ES","og_type":"article","og_title":"Mi Tienda Garc\u00eda - SACA Fire Protection Systems Mexico","og_description":"In this project, supermarket warehousing store type in Garc\u00eda, Nuevo Le\u00f3n, we installed the fire protection system. The system includes an indoor fire hydrant network with 1\u00bd\u201d hoses, in accordance with NFPA 14 standards. In addition, a 500 GPM diesel fire pump system was installed following NFPA 20 standards, as well as a 85,000-gallon bolted [&hellip;]","og_url":"https:\/\/saca.com.mx\/en\/mi-tienda-garcia\/","og_site_name":"SACA Fire Protection Systems Mexico","article_modified_time":"2025-11-20T15:35:42+00:00","og_image":[{"width":2560,"height":978,"url":"https:\/\/saca.com.mx\/en\/wp-content\/uploads\/2025\/11\/HEB-SCI-GARCIA-NL-659-100-_-NOVIEMBRE-2024-scaled.png","type":"image\/png"}],"twitter_card":"summary_large_image","twitter_misc":{"Tiempo de lectura":"1 minuto"},"schema":{"@context":"https:\/\/schema.org","@graph":[{"@type":"WebPage","@id":"https:\/\/saca.com.mx\/en\/mi-tienda-garcia\/","url":"https:\/\/saca.com.mx\/en\/mi-tienda-garcia\/","name":"Mi Tienda Garc\u00eda - SACA Fire Protection Systems Mexico","isPartOf":{"@id":"https:\/\/saca.com.mx\/en\/#website"},"primaryImageOfPage":{"@id":"https:\/\/saca.com.mx\/en\/mi-tienda-garcia\/#primaryimage"},"image":{"@id":"https:\/\/saca.com.mx\/en\/mi-tienda-garcia\/#primaryimage"},"thumbnailUrl":"https:\/\/saca.com.mx\/en\/wp-content\/uploads\/2025\/11\/HEB-SCI-GARCIA-NL-659-100-_-NOVIEMBRE-2024-scaled.png","datePublished":"2025-11-04T23:54:53+00:00","dateModified":"2025-11-20T15:35:42+00:00","breadcrumb":{"@id":"https:\/\/saca.com.mx\/en\/mi-tienda-garcia\/#breadcrumb"},"inLanguage":"es","potentialAction":[{"@type":"ReadAction","target":["https:\/\/saca.com.mx\/en\/mi-tienda-garcia\/"]}]},{"@type":"ImageObject","inLanguage":"es","@id":"https:\/\/saca.com.mx\/en\/mi-tienda-garcia\/#primaryimage","url":"https:\/\/saca.com.mx\/en\/wp-content\/uploads\/2025\/11\/HEB-SCI-GARCIA-NL-659-100-_-NOVIEMBRE-2024-scaled.png","contentUrl":"https:\/\/saca.com.mx\/en\/wp-content\/uploads\/2025\/11\/HEB-SCI-GARCIA-NL-659-100-_-NOVIEMBRE-2024-scaled.png","width":2560,"height":978},{"@type":"BreadcrumbList","@id":"https:\/\/saca.com.mx\/en\/mi-tienda-garcia\/#breadcrumb","itemListElement":[{"@type":"ListItem","position":1,"name":"Portada","item":"https:\/\/saca.com.mx\/en\/"},{"@type":"ListItem","position":2,"name":"Mi Tienda Garc\u00eda"}]},{"@type":"WebSite","@id":"https:\/\/saca.com.mx\/en\/#website","url":"https:\/\/saca.com.mx\/en\/","name":"SACA Fire Protection Systems Mexico","description":"","potentialAction":[{"@type":"SearchAction","target":{"@type":"EntryPoint","urlTemplate":"https:\/\/saca.com.mx\/en\/?s={search_term_string}"},"query-input":{"@type":"PropertyValueSpecification","valueRequired":true,"valueName":"search_term_string"}}],"inLanguage":"es"}]}},"_links":{"self":[{"href":"https:\/\/saca.com.mx\/en\/wp-json\/wp\/v2\/pages\/3111","targetHints":{"allow":["GET"]}}],"collection":[{"href":"https:\/\/saca.com.mx\/en\/wp-json\/wp\/v2\/pages"}],"about":[{"href":"https:\/\/saca.com.mx\/en\/wp-json\/wp\/v2\/types\/page"}],"author":[{"embeddable":true,"href":"https:\/\/saca.com.mx\/en\/wp-json\/wp\/v2\/users\/1"}],"replies":[{"embeddable":true,"href":"https:\/\/saca.com.mx\/en\/wp-json\/wp\/v2\/comments?post=3111"}],"version-history":[{"count":3,"href":"https:\/\/saca.com.mx\/en\/wp-json\/wp\/v2\/pages\/3111\/revisions"}],"predecessor-version":[{"id":3157,"href":"https:\/\/saca.com.mx\/en\/wp-json\/wp\/v2\/pages\/3111\/revisions\/3157"}],"wp:attachment":[{"href":"https:\/\/saca.com.mx\/en\/wp-json\/wp\/v2\/media?parent=3111"}],"curies":[{"name":"wp","href":"https:\/\/api.w.org\/{rel}","templated":true}]}}