{"id":729,"date":"2017-03-02T13:20:23","date_gmt":"2017-03-02T13:20:23","guid":{"rendered":"http:\/\/saca.com.mx\/en\/?page_id=729"},"modified":"2019-04-26T21:03:38","modified_gmt":"2019-04-26T21:03:38","slug":"ryadireccion-general-de-puertos","status":"publish","type":"page","link":"https:\/\/saca.com.mx\/en\/our-projects\/projects-2016-2017\/ryadireccion-general-de-puertos\/","title":{"rendered":"RYA\/Direcci\u00f3n General de Puertos"},"content":{"rendered":"<p>&nbsp;<\/p>\n<p style=\"text-align: justify;\"><span style=\"color: #993300;\">In this job, oil &amp; chemical complex type at L\u00e1zaro C\u00e1rdenas, Michoac\u00e1n, we installed the water storage system for fire protection.<\/span><\/p>\n<p style=\"text-align: justify;\">The system includes a 458,000 gallon Bolted Tank for fire protection, installed according to NFPA standard 22. The project was delivered complying with timeframe, quality and cost, aligned to the GANT defined and the job program.<\/p>\n<p style=\"text-align: justify;\"><img loading=\"lazy\" decoding=\"async\" class=\"aligncenter size-full wp-image-730\" src=\"http:\/\/saca.com.mx\/en\/wp-content\/uploads\/2017\/03\/rya.png\" alt=\"rya\" width=\"859\" height=\"184\" srcset=\"https:\/\/saca.com.mx\/en\/wp-content\/uploads\/2017\/03\/rya.png 859w, https:\/\/saca.com.mx\/en\/wp-content\/uploads\/2017\/03\/rya-300x64.png 300w\" sizes=\"(max-width: 859px) 100vw, 859px\" \/><\/p>\n","protected":false},"excerpt":{"rendered":"<p>&nbsp; In this job, oil &amp; chemical complex type at L\u00e1zaro C\u00e1rdenas, Michoac\u00e1n, we installed the water storage system for fire protection. The system includes a 458,000 gallon Bolted Tank for fire protection, installed according to NFPA standard 22. The project was delivered complying with timeframe, quality and cost, aligned to the GANT defined and [&hellip;]<\/p>\n","protected":false},"author":1,"featured_media":0,"parent":684,"menu_order":0,"comment_status":"closed","ping_status":"closed","template":"","meta":{"_et_pb_use_builder":"","_et_pb_old_content":"","_et_gb_content_width":"","footnotes":""},"class_list":["post-729","page","type-page","status-publish","hentry"],"yoast_head":"<!-- This site is optimized with the Yoast SEO plugin v26.8 - https:\/\/yoast.com\/product\/yoast-seo-wordpress\/ -->\n<title>RYA\/Direcci\u00f3n General de Puertos - SACA Fire Protection Systems Mexico<\/title>\n<meta name=\"robots\" content=\"index, follow, max-snippet:-1, max-image-preview:large, max-video-preview:-1\" \/>\n<link rel=\"canonical\" href=\"https:\/\/saca.com.mx\/en\/our-projects\/projects-2016-2017\/ryadireccion-general-de-puertos\/\" \/>\n<meta property=\"og:locale\" content=\"es_ES\" \/>\n<meta property=\"og:type\" content=\"article\" \/>\n<meta property=\"og:title\" content=\"RYA\/Direcci\u00f3n General de Puertos - SACA Fire Protection Systems Mexico\" \/>\n<meta property=\"og:description\" content=\"&nbsp; In this job, oil &amp; chemical complex type at L\u00e1zaro C\u00e1rdenas, Michoac\u00e1n, we installed the water storage system for fire protection. The system includes a 458,000 gallon Bolted Tank for fire protection, installed according to NFPA standard 22. The project was delivered complying with timeframe, quality and cost, aligned to the GANT defined and [&hellip;]\" \/>\n<meta property=\"og:url\" content=\"https:\/\/saca.com.mx\/en\/our-projects\/projects-2016-2017\/ryadireccion-general-de-puertos\/\" \/>\n<meta property=\"og:site_name\" content=\"SACA Fire Protection Systems Mexico\" \/>\n<meta property=\"article:modified_time\" content=\"2019-04-26T21:03:38+00:00\" \/>\n<meta property=\"og:image\" content=\"https:\/\/saca.com.mx\/en\/wp-content\/uploads\/2017\/03\/rya.png\" \/>\n\t<meta property=\"og:image:width\" content=\"859\" \/>\n\t<meta property=\"og:image:height\" content=\"184\" \/>\n\t<meta property=\"og:image:type\" content=\"image\/png\" \/>\n<meta name=\"twitter:card\" content=\"summary_large_image\" \/>\n<script type=\"application\/ld+json\" class=\"yoast-schema-graph\">{\"@context\":\"https:\/\/schema.org\",\"@graph\":[{\"@type\":\"WebPage\",\"@id\":\"https:\/\/saca.com.mx\/en\/our-projects\/projects-2016-2017\/ryadireccion-general-de-puertos\/\",\"url\":\"https:\/\/saca.com.mx\/en\/our-projects\/projects-2016-2017\/ryadireccion-general-de-puertos\/\",\"name\":\"RYA\/Direcci\u00f3n General de Puertos - SACA Fire Protection Systems Mexico\",\"isPartOf\":{\"@id\":\"https:\/\/saca.com.mx\/en\/#website\"},\"primaryImageOfPage\":{\"@id\":\"https:\/\/saca.com.mx\/en\/our-projects\/projects-2016-2017\/ryadireccion-general-de-puertos\/#primaryimage\"},\"image\":{\"@id\":\"https:\/\/saca.com.mx\/en\/our-projects\/projects-2016-2017\/ryadireccion-general-de-puertos\/#primaryimage\"},\"thumbnailUrl\":\"http:\/\/saca.com.mx\/en\/wp-content\/uploads\/2017\/03\/rya.png\",\"datePublished\":\"2017-03-02T13:20:23+00:00\",\"dateModified\":\"2019-04-26T21:03:38+00:00\",\"breadcrumb\":{\"@id\":\"https:\/\/saca.com.mx\/en\/our-projects\/projects-2016-2017\/ryadireccion-general-de-puertos\/#breadcrumb\"},\"inLanguage\":\"es\",\"potentialAction\":[{\"@type\":\"ReadAction\",\"target\":[\"https:\/\/saca.com.mx\/en\/our-projects\/projects-2016-2017\/ryadireccion-general-de-puertos\/\"]}]},{\"@type\":\"ImageObject\",\"inLanguage\":\"es\",\"@id\":\"https:\/\/saca.com.mx\/en\/our-projects\/projects-2016-2017\/ryadireccion-general-de-puertos\/#primaryimage\",\"url\":\"https:\/\/saca.com.mx\/en\/wp-content\/uploads\/2017\/03\/rya.png\",\"contentUrl\":\"https:\/\/saca.com.mx\/en\/wp-content\/uploads\/2017\/03\/rya.png\",\"width\":859,\"height\":184},{\"@type\":\"BreadcrumbList\",\"@id\":\"https:\/\/saca.com.mx\/en\/our-projects\/projects-2016-2017\/ryadireccion-general-de-puertos\/#breadcrumb\",\"itemListElement\":[{\"@type\":\"ListItem\",\"position\":1,\"name\":\"Portada\",\"item\":\"https:\/\/saca.com.mx\/en\/\"},{\"@type\":\"ListItem\",\"position\":2,\"name\":\"Our Projects\",\"item\":\"https:\/\/saca.com.mx\/en\/our-projects\/\"},{\"@type\":\"ListItem\",\"position\":3,\"name\":\"Projects 2016-2017\",\"item\":\"https:\/\/saca.com.mx\/en\/our-projects\/projects-2016-2017\/\"},{\"@type\":\"ListItem\",\"position\":4,\"name\":\"RYA\/Direcci\u00f3n General de Puertos\"}]},{\"@type\":\"WebSite\",\"@id\":\"https:\/\/saca.com.mx\/en\/#website\",\"url\":\"https:\/\/saca.com.mx\/en\/\",\"name\":\"SACA Fire Protection Systems Mexico\",\"description\":\"\",\"potentialAction\":[{\"@type\":\"SearchAction\",\"target\":{\"@type\":\"EntryPoint\",\"urlTemplate\":\"https:\/\/saca.com.mx\/en\/?s={search_term_string}\"},\"query-input\":{\"@type\":\"PropertyValueSpecification\",\"valueRequired\":true,\"valueName\":\"search_term_string\"}}],\"inLanguage\":\"es\"}]}<\/script>\n<!-- \/ Yoast SEO plugin. -->","yoast_head_json":{"title":"RYA\/Direcci\u00f3n General de Puertos - SACA Fire Protection Systems Mexico","robots":{"index":"index","follow":"follow","max-snippet":"max-snippet:-1","max-image-preview":"max-image-preview:large","max-video-preview":"max-video-preview:-1"},"canonical":"https:\/\/saca.com.mx\/en\/our-projects\/projects-2016-2017\/ryadireccion-general-de-puertos\/","og_locale":"es_ES","og_type":"article","og_title":"RYA\/Direcci\u00f3n General de Puertos - SACA Fire Protection Systems Mexico","og_description":"&nbsp; In this job, oil &amp; chemical complex type at L\u00e1zaro C\u00e1rdenas, Michoac\u00e1n, we installed the water storage system for fire protection. The system includes a 458,000 gallon Bolted Tank for fire protection, installed according to NFPA standard 22. The project was delivered complying with timeframe, quality and cost, aligned to the GANT defined and [&hellip;]","og_url":"https:\/\/saca.com.mx\/en\/our-projects\/projects-2016-2017\/ryadireccion-general-de-puertos\/","og_site_name":"SACA Fire Protection Systems Mexico","article_modified_time":"2019-04-26T21:03:38+00:00","og_image":[{"width":859,"height":184,"url":"https:\/\/saca.com.mx\/en\/wp-content\/uploads\/2017\/03\/rya.png","type":"image\/png"}],"twitter_card":"summary_large_image","schema":{"@context":"https:\/\/schema.org","@graph":[{"@type":"WebPage","@id":"https:\/\/saca.com.mx\/en\/our-projects\/projects-2016-2017\/ryadireccion-general-de-puertos\/","url":"https:\/\/saca.com.mx\/en\/our-projects\/projects-2016-2017\/ryadireccion-general-de-puertos\/","name":"RYA\/Direcci\u00f3n General de Puertos - SACA Fire Protection Systems Mexico","isPartOf":{"@id":"https:\/\/saca.com.mx\/en\/#website"},"primaryImageOfPage":{"@id":"https:\/\/saca.com.mx\/en\/our-projects\/projects-2016-2017\/ryadireccion-general-de-puertos\/#primaryimage"},"image":{"@id":"https:\/\/saca.com.mx\/en\/our-projects\/projects-2016-2017\/ryadireccion-general-de-puertos\/#primaryimage"},"thumbnailUrl":"http:\/\/saca.com.mx\/en\/wp-content\/uploads\/2017\/03\/rya.png","datePublished":"2017-03-02T13:20:23+00:00","dateModified":"2019-04-26T21:03:38+00:00","breadcrumb":{"@id":"https:\/\/saca.com.mx\/en\/our-projects\/projects-2016-2017\/ryadireccion-general-de-puertos\/#breadcrumb"},"inLanguage":"es","potentialAction":[{"@type":"ReadAction","target":["https:\/\/saca.com.mx\/en\/our-projects\/projects-2016-2017\/ryadireccion-general-de-puertos\/"]}]},{"@type":"ImageObject","inLanguage":"es","@id":"https:\/\/saca.com.mx\/en\/our-projects\/projects-2016-2017\/ryadireccion-general-de-puertos\/#primaryimage","url":"https:\/\/saca.com.mx\/en\/wp-content\/uploads\/2017\/03\/rya.png","contentUrl":"https:\/\/saca.com.mx\/en\/wp-content\/uploads\/2017\/03\/rya.png","width":859,"height":184},{"@type":"BreadcrumbList","@id":"https:\/\/saca.com.mx\/en\/our-projects\/projects-2016-2017\/ryadireccion-general-de-puertos\/#breadcrumb","itemListElement":[{"@type":"ListItem","position":1,"name":"Portada","item":"https:\/\/saca.com.mx\/en\/"},{"@type":"ListItem","position":2,"name":"Our Projects","item":"https:\/\/saca.com.mx\/en\/our-projects\/"},{"@type":"ListItem","position":3,"name":"Projects 2016-2017","item":"https:\/\/saca.com.mx\/en\/our-projects\/projects-2016-2017\/"},{"@type":"ListItem","position":4,"name":"RYA\/Direcci\u00f3n General de Puertos"}]},{"@type":"WebSite","@id":"https:\/\/saca.com.mx\/en\/#website","url":"https:\/\/saca.com.mx\/en\/","name":"SACA Fire Protection Systems Mexico","description":"","potentialAction":[{"@type":"SearchAction","target":{"@type":"EntryPoint","urlTemplate":"https:\/\/saca.com.mx\/en\/?s={search_term_string}"},"query-input":{"@type":"PropertyValueSpecification","valueRequired":true,"valueName":"search_term_string"}}],"inLanguage":"es"}]}},"_links":{"self":[{"href":"https:\/\/saca.com.mx\/en\/wp-json\/wp\/v2\/pages\/729","targetHints":{"allow":["GET"]}}],"collection":[{"href":"https:\/\/saca.com.mx\/en\/wp-json\/wp\/v2\/pages"}],"about":[{"href":"https:\/\/saca.com.mx\/en\/wp-json\/wp\/v2\/types\/page"}],"author":[{"embeddable":true,"href":"https:\/\/saca.com.mx\/en\/wp-json\/wp\/v2\/users\/1"}],"replies":[{"embeddable":true,"href":"https:\/\/saca.com.mx\/en\/wp-json\/wp\/v2\/comments?post=729"}],"version-history":[{"count":2,"href":"https:\/\/saca.com.mx\/en\/wp-json\/wp\/v2\/pages\/729\/revisions"}],"predecessor-version":[{"id":2171,"href":"https:\/\/saca.com.mx\/en\/wp-json\/wp\/v2\/pages\/729\/revisions\/2171"}],"up":[{"embeddable":true,"href":"https:\/\/saca.com.mx\/en\/wp-json\/wp\/v2\/pages\/684"}],"wp:attachment":[{"href":"https:\/\/saca.com.mx\/en\/wp-json\/wp\/v2\/media?parent=729"}],"curies":[{"name":"wp","href":"https:\/\/api.w.org\/{rel}","templated":true}]}}