{"id":861,"date":"2018-07-28T00:48:39","date_gmt":"2018-07-28T00:48:39","guid":{"rendered":"http:\/\/saca.com.mx\/en\/?page_id=861"},"modified":"2019-04-26T21:00:22","modified_gmt":"2019-04-26T21:00:22","slug":"combo-walmart-barranca-del-muerto-2","status":"publish","type":"page","link":"https:\/\/saca.com.mx\/en\/our-projects\/projects-2016-2017\/combo-walmart-barranca-del-muerto-2\/","title":{"rendered":"Combo Walmart Barranca del Muerto"},"content":{"rendered":"<p style=\"text-align: justify;\"><span style=\"color: #993300;\">In this job, supermarket warehousing store combo type at \u00c1lvaro Obreg\u00f3n, M\u00e9xico City, we installed the fire protection system.<\/span><\/p>\n<p style=\"text-align: justify;\">The system includes Automatic, Standard and Dry Sprinklers, and a Pre action System, installed according to NFPA 13 standards, as well as a Hose System, installed according to NFPA 14 standards. Additionally we installed a 2,000 GPM Fire Pump System, installed according to NFPA 20 standards. Lastly, we installed a fire protection system for the kitchen. The project was delivered complying with timeframe, quality and cost, aligned to the GANT defined and the job program<\/p>\n<p style=\"text-align: justify;\"><img loading=\"lazy\" decoding=\"async\" class=\"aligncenter size-full wp-image-1544\" src=\"http:\/\/saca.com.mx\/es\/wp-content\/uploads\/2018\/07\/Combo-Walmart-Barranca-del-Muerto.jpg\" alt=\"Combo-Walmart-Barranca-del-Muerto\" width=\"1200\" height=\"478\" \/><\/p>\n","protected":false},"excerpt":{"rendered":"<p>In this job, supermarket warehousing store combo type at \u00c1lvaro Obreg\u00f3n, M\u00e9xico City, we installed the fire protection system. The system includes Automatic, Standard and Dry Sprinklers, and a Pre action System, installed according to NFPA 13 standards, as well as a Hose System, installed according to NFPA 14 standards. Additionally we installed a 2,000 [&hellip;]<\/p>\n","protected":false},"author":1,"featured_media":0,"parent":684,"menu_order":0,"comment_status":"closed","ping_status":"closed","template":"","meta":{"_et_pb_use_builder":"","_et_pb_old_content":"","_et_gb_content_width":"","footnotes":""},"class_list":["post-861","page","type-page","status-publish","hentry"],"yoast_head":"<!-- This site is optimized with the Yoast SEO plugin v26.8 - https:\/\/yoast.com\/product\/yoast-seo-wordpress\/ -->\n<title>Combo Walmart Barranca del Muerto - SACA Fire Protection Systems Mexico<\/title>\n<meta name=\"robots\" content=\"index, follow, max-snippet:-1, max-image-preview:large, max-video-preview:-1\" \/>\n<link rel=\"canonical\" href=\"https:\/\/saca.com.mx\/en\/our-projects\/projects-2016-2017\/combo-walmart-barranca-del-muerto-2\/\" \/>\n<meta property=\"og:locale\" content=\"es_ES\" \/>\n<meta property=\"og:type\" content=\"article\" \/>\n<meta property=\"og:title\" content=\"Combo Walmart Barranca del Muerto - SACA Fire Protection Systems Mexico\" \/>\n<meta property=\"og:description\" content=\"In this job, supermarket warehousing store combo type at \u00c1lvaro Obreg\u00f3n, M\u00e9xico City, we installed the fire protection system. The system includes Automatic, Standard and Dry Sprinklers, and a Pre action System, installed according to NFPA 13 standards, as well as a Hose System, installed according to NFPA 14 standards. Additionally we installed a 2,000 [&hellip;]\" \/>\n<meta property=\"og:url\" content=\"https:\/\/saca.com.mx\/en\/our-projects\/projects-2016-2017\/combo-walmart-barranca-del-muerto-2\/\" \/>\n<meta property=\"og:site_name\" content=\"SACA Fire Protection Systems Mexico\" \/>\n<meta property=\"article:modified_time\" content=\"2019-04-26T21:00:22+00:00\" \/>\n<meta name=\"twitter:card\" content=\"summary_large_image\" \/>\n<script type=\"application\/ld+json\" class=\"yoast-schema-graph\">{\"@context\":\"https:\/\/schema.org\",\"@graph\":[{\"@type\":\"WebPage\",\"@id\":\"https:\/\/saca.com.mx\/en\/our-projects\/projects-2016-2017\/combo-walmart-barranca-del-muerto-2\/\",\"url\":\"https:\/\/saca.com.mx\/en\/our-projects\/projects-2016-2017\/combo-walmart-barranca-del-muerto-2\/\",\"name\":\"Combo Walmart Barranca del Muerto - SACA Fire Protection Systems Mexico\",\"isPartOf\":{\"@id\":\"https:\/\/saca.com.mx\/en\/#website\"},\"primaryImageOfPage\":{\"@id\":\"https:\/\/saca.com.mx\/en\/our-projects\/projects-2016-2017\/combo-walmart-barranca-del-muerto-2\/#primaryimage\"},\"image\":{\"@id\":\"https:\/\/saca.com.mx\/en\/our-projects\/projects-2016-2017\/combo-walmart-barranca-del-muerto-2\/#primaryimage\"},\"thumbnailUrl\":\"http:\/\/saca.com.mx\/es\/wp-content\/uploads\/2018\/07\/Combo-Walmart-Barranca-del-Muerto.jpg\",\"datePublished\":\"2018-07-28T00:48:39+00:00\",\"dateModified\":\"2019-04-26T21:00:22+00:00\",\"breadcrumb\":{\"@id\":\"https:\/\/saca.com.mx\/en\/our-projects\/projects-2016-2017\/combo-walmart-barranca-del-muerto-2\/#breadcrumb\"},\"inLanguage\":\"es\",\"potentialAction\":[{\"@type\":\"ReadAction\",\"target\":[\"https:\/\/saca.com.mx\/en\/our-projects\/projects-2016-2017\/combo-walmart-barranca-del-muerto-2\/\"]}]},{\"@type\":\"ImageObject\",\"inLanguage\":\"es\",\"@id\":\"https:\/\/saca.com.mx\/en\/our-projects\/projects-2016-2017\/combo-walmart-barranca-del-muerto-2\/#primaryimage\",\"url\":\"http:\/\/saca.com.mx\/es\/wp-content\/uploads\/2018\/07\/Combo-Walmart-Barranca-del-Muerto.jpg\",\"contentUrl\":\"http:\/\/saca.com.mx\/es\/wp-content\/uploads\/2018\/07\/Combo-Walmart-Barranca-del-Muerto.jpg\"},{\"@type\":\"BreadcrumbList\",\"@id\":\"https:\/\/saca.com.mx\/en\/our-projects\/projects-2016-2017\/combo-walmart-barranca-del-muerto-2\/#breadcrumb\",\"itemListElement\":[{\"@type\":\"ListItem\",\"position\":1,\"name\":\"Portada\",\"item\":\"https:\/\/saca.com.mx\/en\/\"},{\"@type\":\"ListItem\",\"position\":2,\"name\":\"Our Projects\",\"item\":\"https:\/\/saca.com.mx\/en\/our-projects\/\"},{\"@type\":\"ListItem\",\"position\":3,\"name\":\"Projects 2016-2017\",\"item\":\"https:\/\/saca.com.mx\/en\/our-projects\/projects-2016-2017\/\"},{\"@type\":\"ListItem\",\"position\":4,\"name\":\"Combo Walmart Barranca del Muerto\"}]},{\"@type\":\"WebSite\",\"@id\":\"https:\/\/saca.com.mx\/en\/#website\",\"url\":\"https:\/\/saca.com.mx\/en\/\",\"name\":\"SACA Fire Protection Systems Mexico\",\"description\":\"\",\"potentialAction\":[{\"@type\":\"SearchAction\",\"target\":{\"@type\":\"EntryPoint\",\"urlTemplate\":\"https:\/\/saca.com.mx\/en\/?s={search_term_string}\"},\"query-input\":{\"@type\":\"PropertyValueSpecification\",\"valueRequired\":true,\"valueName\":\"search_term_string\"}}],\"inLanguage\":\"es\"}]}<\/script>\n<!-- \/ Yoast SEO plugin. -->","yoast_head_json":{"title":"Combo Walmart Barranca del Muerto - SACA Fire Protection Systems Mexico","robots":{"index":"index","follow":"follow","max-snippet":"max-snippet:-1","max-image-preview":"max-image-preview:large","max-video-preview":"max-video-preview:-1"},"canonical":"https:\/\/saca.com.mx\/en\/our-projects\/projects-2016-2017\/combo-walmart-barranca-del-muerto-2\/","og_locale":"es_ES","og_type":"article","og_title":"Combo Walmart Barranca del Muerto - SACA Fire Protection Systems Mexico","og_description":"In this job, supermarket warehousing store combo type at \u00c1lvaro Obreg\u00f3n, M\u00e9xico City, we installed the fire protection system. The system includes Automatic, Standard and Dry Sprinklers, and a Pre action System, installed according to NFPA 13 standards, as well as a Hose System, installed according to NFPA 14 standards. Additionally we installed a 2,000 [&hellip;]","og_url":"https:\/\/saca.com.mx\/en\/our-projects\/projects-2016-2017\/combo-walmart-barranca-del-muerto-2\/","og_site_name":"SACA Fire Protection Systems Mexico","article_modified_time":"2019-04-26T21:00:22+00:00","twitter_card":"summary_large_image","schema":{"@context":"https:\/\/schema.org","@graph":[{"@type":"WebPage","@id":"https:\/\/saca.com.mx\/en\/our-projects\/projects-2016-2017\/combo-walmart-barranca-del-muerto-2\/","url":"https:\/\/saca.com.mx\/en\/our-projects\/projects-2016-2017\/combo-walmart-barranca-del-muerto-2\/","name":"Combo Walmart Barranca del Muerto - SACA Fire Protection Systems Mexico","isPartOf":{"@id":"https:\/\/saca.com.mx\/en\/#website"},"primaryImageOfPage":{"@id":"https:\/\/saca.com.mx\/en\/our-projects\/projects-2016-2017\/combo-walmart-barranca-del-muerto-2\/#primaryimage"},"image":{"@id":"https:\/\/saca.com.mx\/en\/our-projects\/projects-2016-2017\/combo-walmart-barranca-del-muerto-2\/#primaryimage"},"thumbnailUrl":"http:\/\/saca.com.mx\/es\/wp-content\/uploads\/2018\/07\/Combo-Walmart-Barranca-del-Muerto.jpg","datePublished":"2018-07-28T00:48:39+00:00","dateModified":"2019-04-26T21:00:22+00:00","breadcrumb":{"@id":"https:\/\/saca.com.mx\/en\/our-projects\/projects-2016-2017\/combo-walmart-barranca-del-muerto-2\/#breadcrumb"},"inLanguage":"es","potentialAction":[{"@type":"ReadAction","target":["https:\/\/saca.com.mx\/en\/our-projects\/projects-2016-2017\/combo-walmart-barranca-del-muerto-2\/"]}]},{"@type":"ImageObject","inLanguage":"es","@id":"https:\/\/saca.com.mx\/en\/our-projects\/projects-2016-2017\/combo-walmart-barranca-del-muerto-2\/#primaryimage","url":"http:\/\/saca.com.mx\/es\/wp-content\/uploads\/2018\/07\/Combo-Walmart-Barranca-del-Muerto.jpg","contentUrl":"http:\/\/saca.com.mx\/es\/wp-content\/uploads\/2018\/07\/Combo-Walmart-Barranca-del-Muerto.jpg"},{"@type":"BreadcrumbList","@id":"https:\/\/saca.com.mx\/en\/our-projects\/projects-2016-2017\/combo-walmart-barranca-del-muerto-2\/#breadcrumb","itemListElement":[{"@type":"ListItem","position":1,"name":"Portada","item":"https:\/\/saca.com.mx\/en\/"},{"@type":"ListItem","position":2,"name":"Our Projects","item":"https:\/\/saca.com.mx\/en\/our-projects\/"},{"@type":"ListItem","position":3,"name":"Projects 2016-2017","item":"https:\/\/saca.com.mx\/en\/our-projects\/projects-2016-2017\/"},{"@type":"ListItem","position":4,"name":"Combo Walmart Barranca del Muerto"}]},{"@type":"WebSite","@id":"https:\/\/saca.com.mx\/en\/#website","url":"https:\/\/saca.com.mx\/en\/","name":"SACA Fire Protection Systems Mexico","description":"","potentialAction":[{"@type":"SearchAction","target":{"@type":"EntryPoint","urlTemplate":"https:\/\/saca.com.mx\/en\/?s={search_term_string}"},"query-input":{"@type":"PropertyValueSpecification","valueRequired":true,"valueName":"search_term_string"}}],"inLanguage":"es"}]}},"_links":{"self":[{"href":"https:\/\/saca.com.mx\/en\/wp-json\/wp\/v2\/pages\/861","targetHints":{"allow":["GET"]}}],"collection":[{"href":"https:\/\/saca.com.mx\/en\/wp-json\/wp\/v2\/pages"}],"about":[{"href":"https:\/\/saca.com.mx\/en\/wp-json\/wp\/v2\/types\/page"}],"author":[{"embeddable":true,"href":"https:\/\/saca.com.mx\/en\/wp-json\/wp\/v2\/users\/1"}],"replies":[{"embeddable":true,"href":"https:\/\/saca.com.mx\/en\/wp-json\/wp\/v2\/comments?post=861"}],"version-history":[{"count":3,"href":"https:\/\/saca.com.mx\/en\/wp-json\/wp\/v2\/pages\/861\/revisions"}],"predecessor-version":[{"id":2159,"href":"https:\/\/saca.com.mx\/en\/wp-json\/wp\/v2\/pages\/861\/revisions\/2159"}],"up":[{"embeddable":true,"href":"https:\/\/saca.com.mx\/en\/wp-json\/wp\/v2\/pages\/684"}],"wp:attachment":[{"href":"https:\/\/saca.com.mx\/en\/wp-json\/wp\/v2\/media?parent=861"}],"curies":[{"name":"wp","href":"https:\/\/api.w.org\/{rel}","templated":true}]}}