{"id":1016,"date":"2015-04-28T03:53:56","date_gmt":"2015-04-28T03:53:56","guid":{"rendered":"http:\/\/saca.com.mx\/es\/?page_id=1016"},"modified":"2019-04-24T17:26:44","modified_gmt":"2019-04-24T17:26:44","slug":"cedis-villahermosa","status":"publish","type":"page","link":"https:\/\/saca.com.mx\/es\/proyectos\/obras-2010-2011\/cedis-villahermosa\/","title":{"rendered":"Cedis Villahermosa"},"content":{"rendered":"<p>&nbsp;<\/p>\n<p><span style=\"color: #800000;\">En esta obra, tipo centro de distribuci\u00f3n para cadena de autoservicio en Villahermosa, Tabasco, instalamos el sistema de protecci\u00f3n contra incendio.<\/span><\/p>\n<p style=\"text-align: justify;\">El sistema instalado incluye Rociadores Autom\u00e1ticos ESFR K14 para techo principal, Rociadores tipo Est\u00e1ndar para abarrotes y oficinas, de acuerdo a los est\u00e1ndares de NFPA 13. Adicionalmente instalamos una Red de Hidrantes Interiores de 1 \u00bd\u201d y de Hidrantes exteriores de barril seco de 2 \u00bd\u201d con manguera de 100 pies de largo y con un radio de maniobra de 30 metros, bajo los est\u00e1ndares NFPA 14.<\/p>\n<p style=\"text-align: justify;\">Por otro lado, instalamos un Tanque Atornillable de 250,000 galones y un Equipo de Bombeo Horizontal Diesel y otro El\u00e9ctrico de 2,000 GPM, incluido un Sistema de Supervisi\u00f3n, de acuerdo a los est\u00e1ndares de NFPA 20 y NFPA 22. As\u00ed mismo, instalamos un Tanque Atornillable de 100,000 galones para agua de servicio de acuerdo a los est\u00e1ndares de la AWWA.<\/p>\n<p style=\"text-align: justify;\">Finalmente instalamos un sistema de alarma y detecci\u00f3n, con detecci\u00f3n tipo \u201cbeam\u201d y dispositivos para anunciaci\u00f3n por voceo.<\/p>\n<p style=\"text-align: justify;\">El proyecto fue entregado en tiempo, forma y costo, cumpliendo estrictamente con el GANT de la especialidad Protecci\u00f3n Contra Incendio y alineado al programa general de obra de nuestro cliente.<\/p>\n<p style=\"text-align: justify;\"><img loading=\"lazy\" decoding=\"async\" class=\"aligncenter size-full wp-image-1017\" src=\"http:\/\/saca.com.mx\/es\/wp-content\/uploads\/2015\/04\/372.png\" alt=\"37\" width=\"850\" height=\"190\" srcset=\"https:\/\/saca.com.mx\/es\/wp-content\/uploads\/2015\/04\/372.png 850w, https:\/\/saca.com.mx\/es\/wp-content\/uploads\/2015\/04\/372-300x67.png 300w\" sizes=\"(max-width: 850px) 100vw, 850px\" \/><\/p>\n","protected":false},"excerpt":{"rendered":"<p>&nbsp; En esta obra, tipo centro de distribuci\u00f3n para cadena de autoservicio en Villahermosa, Tabasco, instalamos el sistema de protecci\u00f3n contra incendio. El sistema instalado incluye Rociadores Autom\u00e1ticos ESFR K14 para techo principal, Rociadores tipo Est\u00e1ndar para abarrotes y oficinas, de acuerdo a los est\u00e1ndares de NFPA 13. Adicionalmente instalamos una Red de Hidrantes Interiores [&hellip;]<\/p>\n","protected":false},"author":1,"featured_media":0,"parent":531,"menu_order":0,"comment_status":"closed","ping_status":"closed","template":"","meta":{"_et_pb_use_builder":"","_et_pb_old_content":"","_et_gb_content_width":"","footnotes":""},"class_list":["post-1016","page","type-page","status-publish","hentry"],"yoast_head":"<!-- This site is optimized with the Yoast SEO plugin v27.4 - https:\/\/yoast.com\/product\/yoast-seo-wordpress\/ -->\n<title>Cedis Villahermosa - SACA Sistemas de Protecci\u00f3n contra Incendio M\u00e9xico<\/title>\n<meta name=\"robots\" content=\"index, follow, max-snippet:-1, max-image-preview:large, max-video-preview:-1\" \/>\n<link rel=\"canonical\" href=\"https:\/\/saca.com.mx\/es\/proyectos\/obras-2010-2011\/cedis-villahermosa\/\" \/>\n<meta property=\"og:locale\" content=\"es_ES\" \/>\n<meta property=\"og:type\" content=\"article\" \/>\n<meta property=\"og:title\" content=\"Cedis Villahermosa - SACA Sistemas de Protecci\u00f3n contra Incendio M\u00e9xico\" \/>\n<meta property=\"og:description\" content=\"&nbsp; En esta obra, tipo centro de distribuci\u00f3n para cadena de autoservicio en Villahermosa, Tabasco, instalamos el sistema de protecci\u00f3n contra incendio. El sistema instalado incluye Rociadores Autom\u00e1ticos ESFR K14 para techo principal, Rociadores tipo Est\u00e1ndar para abarrotes y oficinas, de acuerdo a los est\u00e1ndares de NFPA 13. Adicionalmente instalamos una Red de Hidrantes Interiores [&hellip;]\" \/>\n<meta property=\"og:url\" content=\"https:\/\/saca.com.mx\/es\/proyectos\/obras-2010-2011\/cedis-villahermosa\/\" \/>\n<meta property=\"og:site_name\" content=\"SACA Sistemas de Protecci\u00f3n contra Incendio M\u00e9xico\" \/>\n<meta property=\"article:modified_time\" content=\"2019-04-24T17:26:44+00:00\" \/>\n<meta property=\"og:image\" content=\"http:\/\/saca.com.mx\/es\/wp-content\/uploads\/2015\/04\/372.png\" \/>\n<meta name=\"twitter:card\" content=\"summary_large_image\" \/>\n<meta name=\"twitter:label1\" content=\"Tiempo de lectura\" \/>\n\t<meta name=\"twitter:data1\" content=\"1 minuto\" \/>\n<script type=\"application\/ld+json\" class=\"yoast-schema-graph\">{\"@context\":\"https:\\\/\\\/schema.org\",\"@graph\":[{\"@type\":\"WebPage\",\"@id\":\"https:\\\/\\\/saca.com.mx\\\/es\\\/proyectos\\\/obras-2010-2011\\\/cedis-villahermosa\\\/\",\"url\":\"https:\\\/\\\/saca.com.mx\\\/es\\\/proyectos\\\/obras-2010-2011\\\/cedis-villahermosa\\\/\",\"name\":\"Cedis Villahermosa - SACA Sistemas de Protecci\u00f3n contra Incendio M\u00e9xico\",\"isPartOf\":{\"@id\":\"https:\\\/\\\/saca.com.mx\\\/es\\\/#website\"},\"primaryImageOfPage\":{\"@id\":\"https:\\\/\\\/saca.com.mx\\\/es\\\/proyectos\\\/obras-2010-2011\\\/cedis-villahermosa\\\/#primaryimage\"},\"image\":{\"@id\":\"https:\\\/\\\/saca.com.mx\\\/es\\\/proyectos\\\/obras-2010-2011\\\/cedis-villahermosa\\\/#primaryimage\"},\"thumbnailUrl\":\"http:\\\/\\\/saca.com.mx\\\/es\\\/wp-content\\\/uploads\\\/2015\\\/04\\\/372.png\",\"datePublished\":\"2015-04-28T03:53:56+00:00\",\"dateModified\":\"2019-04-24T17:26:44+00:00\",\"breadcrumb\":{\"@id\":\"https:\\\/\\\/saca.com.mx\\\/es\\\/proyectos\\\/obras-2010-2011\\\/cedis-villahermosa\\\/#breadcrumb\"},\"inLanguage\":\"es\",\"potentialAction\":[{\"@type\":\"ReadAction\",\"target\":[\"https:\\\/\\\/saca.com.mx\\\/es\\\/proyectos\\\/obras-2010-2011\\\/cedis-villahermosa\\\/\"]}]},{\"@type\":\"ImageObject\",\"inLanguage\":\"es\",\"@id\":\"https:\\\/\\\/saca.com.mx\\\/es\\\/proyectos\\\/obras-2010-2011\\\/cedis-villahermosa\\\/#primaryimage\",\"url\":\"https:\\\/\\\/saca.com.mx\\\/es\\\/wp-content\\\/uploads\\\/2015\\\/04\\\/372.png\",\"contentUrl\":\"https:\\\/\\\/saca.com.mx\\\/es\\\/wp-content\\\/uploads\\\/2015\\\/04\\\/372.png\",\"width\":850,\"height\":190},{\"@type\":\"BreadcrumbList\",\"@id\":\"https:\\\/\\\/saca.com.mx\\\/es\\\/proyectos\\\/obras-2010-2011\\\/cedis-villahermosa\\\/#breadcrumb\",\"itemListElement\":[{\"@type\":\"ListItem\",\"position\":1,\"name\":\"Portada\",\"item\":\"https:\\\/\\\/saca.com.mx\\\/es\\\/\"},{\"@type\":\"ListItem\",\"position\":2,\"name\":\"Proyectos\",\"item\":\"https:\\\/\\\/saca.com.mx\\\/es\\\/proyectos\\\/\"},{\"@type\":\"ListItem\",\"position\":3,\"name\":\"Obras 2010-2011\",\"item\":\"https:\\\/\\\/saca.com.mx\\\/es\\\/proyectos\\\/obras-2010-2011\\\/\"},{\"@type\":\"ListItem\",\"position\":4,\"name\":\"Cedis Villahermosa\"}]},{\"@type\":\"WebSite\",\"@id\":\"https:\\\/\\\/saca.com.mx\\\/es\\\/#website\",\"url\":\"https:\\\/\\\/saca.com.mx\\\/es\\\/\",\"name\":\"SACA Sistemas de Protecci\u00f3n contra Incendio M\u00e9xico\",\"description\":\"\",\"potentialAction\":[{\"@type\":\"SearchAction\",\"target\":{\"@type\":\"EntryPoint\",\"urlTemplate\":\"https:\\\/\\\/saca.com.mx\\\/es\\\/?s={search_term_string}\"},\"query-input\":{\"@type\":\"PropertyValueSpecification\",\"valueRequired\":true,\"valueName\":\"search_term_string\"}}],\"inLanguage\":\"es\"}]}<\/script>\n<!-- \/ Yoast SEO plugin. -->","yoast_head_json":{"title":"Cedis Villahermosa - SACA Sistemas de Protecci\u00f3n contra Incendio M\u00e9xico","robots":{"index":"index","follow":"follow","max-snippet":"max-snippet:-1","max-image-preview":"max-image-preview:large","max-video-preview":"max-video-preview:-1"},"canonical":"https:\/\/saca.com.mx\/es\/proyectos\/obras-2010-2011\/cedis-villahermosa\/","og_locale":"es_ES","og_type":"article","og_title":"Cedis Villahermosa - SACA Sistemas de Protecci\u00f3n contra Incendio M\u00e9xico","og_description":"&nbsp; En esta obra, tipo centro de distribuci\u00f3n para cadena de autoservicio en Villahermosa, Tabasco, instalamos el sistema de protecci\u00f3n contra incendio. El sistema instalado incluye Rociadores Autom\u00e1ticos ESFR K14 para techo principal, Rociadores tipo Est\u00e1ndar para abarrotes y oficinas, de acuerdo a los est\u00e1ndares de NFPA 13. Adicionalmente instalamos una Red de Hidrantes Interiores [&hellip;]","og_url":"https:\/\/saca.com.mx\/es\/proyectos\/obras-2010-2011\/cedis-villahermosa\/","og_site_name":"SACA Sistemas de Protecci\u00f3n contra Incendio M\u00e9xico","article_modified_time":"2019-04-24T17:26:44+00:00","og_image":[{"url":"http:\/\/saca.com.mx\/es\/wp-content\/uploads\/2015\/04\/372.png","type":"","width":"","height":""}],"twitter_card":"summary_large_image","twitter_misc":{"Tiempo de lectura":"1 minuto"},"schema":{"@context":"https:\/\/schema.org","@graph":[{"@type":"WebPage","@id":"https:\/\/saca.com.mx\/es\/proyectos\/obras-2010-2011\/cedis-villahermosa\/","url":"https:\/\/saca.com.mx\/es\/proyectos\/obras-2010-2011\/cedis-villahermosa\/","name":"Cedis Villahermosa - SACA Sistemas de Protecci\u00f3n contra Incendio M\u00e9xico","isPartOf":{"@id":"https:\/\/saca.com.mx\/es\/#website"},"primaryImageOfPage":{"@id":"https:\/\/saca.com.mx\/es\/proyectos\/obras-2010-2011\/cedis-villahermosa\/#primaryimage"},"image":{"@id":"https:\/\/saca.com.mx\/es\/proyectos\/obras-2010-2011\/cedis-villahermosa\/#primaryimage"},"thumbnailUrl":"http:\/\/saca.com.mx\/es\/wp-content\/uploads\/2015\/04\/372.png","datePublished":"2015-04-28T03:53:56+00:00","dateModified":"2019-04-24T17:26:44+00:00","breadcrumb":{"@id":"https:\/\/saca.com.mx\/es\/proyectos\/obras-2010-2011\/cedis-villahermosa\/#breadcrumb"},"inLanguage":"es","potentialAction":[{"@type":"ReadAction","target":["https:\/\/saca.com.mx\/es\/proyectos\/obras-2010-2011\/cedis-villahermosa\/"]}]},{"@type":"ImageObject","inLanguage":"es","@id":"https:\/\/saca.com.mx\/es\/proyectos\/obras-2010-2011\/cedis-villahermosa\/#primaryimage","url":"https:\/\/saca.com.mx\/es\/wp-content\/uploads\/2015\/04\/372.png","contentUrl":"https:\/\/saca.com.mx\/es\/wp-content\/uploads\/2015\/04\/372.png","width":850,"height":190},{"@type":"BreadcrumbList","@id":"https:\/\/saca.com.mx\/es\/proyectos\/obras-2010-2011\/cedis-villahermosa\/#breadcrumb","itemListElement":[{"@type":"ListItem","position":1,"name":"Portada","item":"https:\/\/saca.com.mx\/es\/"},{"@type":"ListItem","position":2,"name":"Proyectos","item":"https:\/\/saca.com.mx\/es\/proyectos\/"},{"@type":"ListItem","position":3,"name":"Obras 2010-2011","item":"https:\/\/saca.com.mx\/es\/proyectos\/obras-2010-2011\/"},{"@type":"ListItem","position":4,"name":"Cedis Villahermosa"}]},{"@type":"WebSite","@id":"https:\/\/saca.com.mx\/es\/#website","url":"https:\/\/saca.com.mx\/es\/","name":"SACA Sistemas de Protecci\u00f3n contra Incendio M\u00e9xico","description":"","potentialAction":[{"@type":"SearchAction","target":{"@type":"EntryPoint","urlTemplate":"https:\/\/saca.com.mx\/es\/?s={search_term_string}"},"query-input":{"@type":"PropertyValueSpecification","valueRequired":true,"valueName":"search_term_string"}}],"inLanguage":"es"}]}},"_links":{"self":[{"href":"https:\/\/saca.com.mx\/es\/wp-json\/wp\/v2\/pages\/1016","targetHints":{"allow":["GET"]}}],"collection":[{"href":"https:\/\/saca.com.mx\/es\/wp-json\/wp\/v2\/pages"}],"about":[{"href":"https:\/\/saca.com.mx\/es\/wp-json\/wp\/v2\/types\/page"}],"author":[{"embeddable":true,"href":"https:\/\/saca.com.mx\/es\/wp-json\/wp\/v2\/users\/1"}],"replies":[{"embeddable":true,"href":"https:\/\/saca.com.mx\/es\/wp-json\/wp\/v2\/comments?post=1016"}],"version-history":[{"count":2,"href":"https:\/\/saca.com.mx\/es\/wp-json\/wp\/v2\/pages\/1016\/revisions"}],"predecessor-version":[{"id":1976,"href":"https:\/\/saca.com.mx\/es\/wp-json\/wp\/v2\/pages\/1016\/revisions\/1976"}],"up":[{"embeddable":true,"href":"https:\/\/saca.com.mx\/es\/wp-json\/wp\/v2\/pages\/531"}],"wp:attachment":[{"href":"https:\/\/saca.com.mx\/es\/wp-json\/wp\/v2\/media?parent=1016"}],"curies":[{"name":"wp","href":"https:\/\/api.w.org\/{rel}","templated":true}]}}