{"id":1211,"date":"2016-05-26T21:30:42","date_gmt":"2016-05-26T21:30:42","guid":{"rendered":"http:\/\/saca.com.mx\/es\/?page_id=1211"},"modified":"2019-04-24T16:43:53","modified_gmt":"2019-04-24T16:43:53","slug":"bip-salamanca","status":"publish","type":"page","link":"https:\/\/saca.com.mx\/es\/proyectos\/obras-2014-2015\/bip-salamanca\/","title":{"rendered":"BIP Salamanca"},"content":{"rendered":"<p>&nbsp;<\/p>\n<p style=\"text-align: justify;\"><span style=\"color: #993300;\">En esta obra, tipo edificio industrial en Salamanca, Guanajuato, instalamos el sistema de protecci\u00f3n contra incendio.<\/span>\u200b<\/p>\n<p style=\"text-align: justify;\">El sistema instalado incluye una l\u00ednea subterr\u00e1nea para abastecer dos naves industriales y una red de hidrantes, de acuerdo a los est\u00e1ndares de NFPA14.<\/p>\n<p style=\"text-align: justify;\">El proyecto fue entregado en tiempo, forma y costo, cumpliendo estrictamente con el GANT de la especialidad Protecci\u00f3n Contra Incendio y alineado al programa general de obra de nuestro cliente.<\/p>\n<p style=\"text-align: justify;\"><img loading=\"lazy\" decoding=\"async\" class=\"aligncenter size-full wp-image-1212\" src=\"http:\/\/saca.com.mx\/es\/wp-content\/uploads\/2016\/05\/bipsalamanca.png\" alt=\"bipsalamanca\" width=\"475\" height=\"157\" srcset=\"https:\/\/saca.com.mx\/es\/wp-content\/uploads\/2016\/05\/bipsalamanca.png 475w, https:\/\/saca.com.mx\/es\/wp-content\/uploads\/2016\/05\/bipsalamanca-300x99.png 300w\" sizes=\"(max-width: 475px) 100vw, 475px\" \/><\/p>\n","protected":false},"excerpt":{"rendered":"<p>&nbsp; En esta obra, tipo edificio industrial en Salamanca, Guanajuato, instalamos el sistema de protecci\u00f3n contra incendio.\u200b El sistema instalado incluye una l\u00ednea subterr\u00e1nea para abastecer dos naves industriales y una red de hidrantes, de acuerdo a los est\u00e1ndares de NFPA14. El proyecto fue entregado en tiempo, forma y costo, cumpliendo estrictamente con el GANT [&hellip;]<\/p>\n","protected":false},"author":1,"featured_media":0,"parent":539,"menu_order":0,"comment_status":"closed","ping_status":"closed","template":"","meta":{"_et_pb_use_builder":"","_et_pb_old_content":"","_et_gb_content_width":"","footnotes":""},"class_list":["post-1211","page","type-page","status-publish","hentry"],"yoast_head":"<!-- This site is optimized with the Yoast SEO plugin v27.4 - https:\/\/yoast.com\/product\/yoast-seo-wordpress\/ -->\n<title>BIP Salamanca - SACA Sistemas de Protecci\u00f3n contra Incendio M\u00e9xico<\/title>\n<meta name=\"robots\" content=\"index, follow, max-snippet:-1, max-image-preview:large, max-video-preview:-1\" \/>\n<link rel=\"canonical\" href=\"https:\/\/saca.com.mx\/es\/proyectos\/obras-2014-2015\/bip-salamanca\/\" \/>\n<meta property=\"og:locale\" content=\"es_ES\" \/>\n<meta property=\"og:type\" content=\"article\" \/>\n<meta property=\"og:title\" content=\"BIP Salamanca - SACA Sistemas de Protecci\u00f3n contra Incendio M\u00e9xico\" \/>\n<meta property=\"og:description\" content=\"&nbsp; En esta obra, tipo edificio industrial en Salamanca, Guanajuato, instalamos el sistema de protecci\u00f3n contra incendio.\u200b El sistema instalado incluye una l\u00ednea subterr\u00e1nea para abastecer dos naves industriales y una red de hidrantes, de acuerdo a los est\u00e1ndares de NFPA14. El proyecto fue entregado en tiempo, forma y costo, cumpliendo estrictamente con el GANT [&hellip;]\" \/>\n<meta property=\"og:url\" content=\"https:\/\/saca.com.mx\/es\/proyectos\/obras-2014-2015\/bip-salamanca\/\" \/>\n<meta property=\"og:site_name\" content=\"SACA Sistemas de Protecci\u00f3n contra Incendio M\u00e9xico\" \/>\n<meta property=\"article:modified_time\" content=\"2019-04-24T16:43:53+00:00\" \/>\n<meta property=\"og:image\" content=\"http:\/\/saca.com.mx\/es\/wp-content\/uploads\/2016\/05\/bipsalamanca.png\" \/>\n<meta name=\"twitter:card\" content=\"summary_large_image\" \/>\n<script type=\"application\/ld+json\" class=\"yoast-schema-graph\">{\"@context\":\"https:\\\/\\\/schema.org\",\"@graph\":[{\"@type\":\"WebPage\",\"@id\":\"https:\\\/\\\/saca.com.mx\\\/es\\\/proyectos\\\/obras-2014-2015\\\/bip-salamanca\\\/\",\"url\":\"https:\\\/\\\/saca.com.mx\\\/es\\\/proyectos\\\/obras-2014-2015\\\/bip-salamanca\\\/\",\"name\":\"BIP Salamanca - SACA Sistemas de Protecci\u00f3n contra Incendio M\u00e9xico\",\"isPartOf\":{\"@id\":\"https:\\\/\\\/saca.com.mx\\\/es\\\/#website\"},\"primaryImageOfPage\":{\"@id\":\"https:\\\/\\\/saca.com.mx\\\/es\\\/proyectos\\\/obras-2014-2015\\\/bip-salamanca\\\/#primaryimage\"},\"image\":{\"@id\":\"https:\\\/\\\/saca.com.mx\\\/es\\\/proyectos\\\/obras-2014-2015\\\/bip-salamanca\\\/#primaryimage\"},\"thumbnailUrl\":\"http:\\\/\\\/saca.com.mx\\\/es\\\/wp-content\\\/uploads\\\/2016\\\/05\\\/bipsalamanca.png\",\"datePublished\":\"2016-05-26T21:30:42+00:00\",\"dateModified\":\"2019-04-24T16:43:53+00:00\",\"breadcrumb\":{\"@id\":\"https:\\\/\\\/saca.com.mx\\\/es\\\/proyectos\\\/obras-2014-2015\\\/bip-salamanca\\\/#breadcrumb\"},\"inLanguage\":\"es\",\"potentialAction\":[{\"@type\":\"ReadAction\",\"target\":[\"https:\\\/\\\/saca.com.mx\\\/es\\\/proyectos\\\/obras-2014-2015\\\/bip-salamanca\\\/\"]}]},{\"@type\":\"ImageObject\",\"inLanguage\":\"es\",\"@id\":\"https:\\\/\\\/saca.com.mx\\\/es\\\/proyectos\\\/obras-2014-2015\\\/bip-salamanca\\\/#primaryimage\",\"url\":\"https:\\\/\\\/saca.com.mx\\\/es\\\/wp-content\\\/uploads\\\/2016\\\/05\\\/bipsalamanca.png\",\"contentUrl\":\"https:\\\/\\\/saca.com.mx\\\/es\\\/wp-content\\\/uploads\\\/2016\\\/05\\\/bipsalamanca.png\",\"width\":475,\"height\":157},{\"@type\":\"BreadcrumbList\",\"@id\":\"https:\\\/\\\/saca.com.mx\\\/es\\\/proyectos\\\/obras-2014-2015\\\/bip-salamanca\\\/#breadcrumb\",\"itemListElement\":[{\"@type\":\"ListItem\",\"position\":1,\"name\":\"Portada\",\"item\":\"https:\\\/\\\/saca.com.mx\\\/es\\\/\"},{\"@type\":\"ListItem\",\"position\":2,\"name\":\"Proyectos\",\"item\":\"https:\\\/\\\/saca.com.mx\\\/es\\\/proyectos\\\/\"},{\"@type\":\"ListItem\",\"position\":3,\"name\":\"Obras 2014-2015\",\"item\":\"https:\\\/\\\/saca.com.mx\\\/es\\\/proyectos\\\/obras-2014-2015\\\/\"},{\"@type\":\"ListItem\",\"position\":4,\"name\":\"BIP Salamanca\"}]},{\"@type\":\"WebSite\",\"@id\":\"https:\\\/\\\/saca.com.mx\\\/es\\\/#website\",\"url\":\"https:\\\/\\\/saca.com.mx\\\/es\\\/\",\"name\":\"SACA Sistemas de Protecci\u00f3n contra Incendio M\u00e9xico\",\"description\":\"\",\"potentialAction\":[{\"@type\":\"SearchAction\",\"target\":{\"@type\":\"EntryPoint\",\"urlTemplate\":\"https:\\\/\\\/saca.com.mx\\\/es\\\/?s={search_term_string}\"},\"query-input\":{\"@type\":\"PropertyValueSpecification\",\"valueRequired\":true,\"valueName\":\"search_term_string\"}}],\"inLanguage\":\"es\"}]}<\/script>\n<!-- \/ Yoast SEO plugin. -->","yoast_head_json":{"title":"BIP Salamanca - SACA Sistemas de Protecci\u00f3n contra Incendio M\u00e9xico","robots":{"index":"index","follow":"follow","max-snippet":"max-snippet:-1","max-image-preview":"max-image-preview:large","max-video-preview":"max-video-preview:-1"},"canonical":"https:\/\/saca.com.mx\/es\/proyectos\/obras-2014-2015\/bip-salamanca\/","og_locale":"es_ES","og_type":"article","og_title":"BIP Salamanca - SACA Sistemas de Protecci\u00f3n contra Incendio M\u00e9xico","og_description":"&nbsp; En esta obra, tipo edificio industrial en Salamanca, Guanajuato, instalamos el sistema de protecci\u00f3n contra incendio.\u200b El sistema instalado incluye una l\u00ednea subterr\u00e1nea para abastecer dos naves industriales y una red de hidrantes, de acuerdo a los est\u00e1ndares de NFPA14. El proyecto fue entregado en tiempo, forma y costo, cumpliendo estrictamente con el GANT [&hellip;]","og_url":"https:\/\/saca.com.mx\/es\/proyectos\/obras-2014-2015\/bip-salamanca\/","og_site_name":"SACA Sistemas de Protecci\u00f3n contra Incendio M\u00e9xico","article_modified_time":"2019-04-24T16:43:53+00:00","og_image":[{"url":"http:\/\/saca.com.mx\/es\/wp-content\/uploads\/2016\/05\/bipsalamanca.png","type":"","width":"","height":""}],"twitter_card":"summary_large_image","schema":{"@context":"https:\/\/schema.org","@graph":[{"@type":"WebPage","@id":"https:\/\/saca.com.mx\/es\/proyectos\/obras-2014-2015\/bip-salamanca\/","url":"https:\/\/saca.com.mx\/es\/proyectos\/obras-2014-2015\/bip-salamanca\/","name":"BIP Salamanca - SACA Sistemas de Protecci\u00f3n contra Incendio M\u00e9xico","isPartOf":{"@id":"https:\/\/saca.com.mx\/es\/#website"},"primaryImageOfPage":{"@id":"https:\/\/saca.com.mx\/es\/proyectos\/obras-2014-2015\/bip-salamanca\/#primaryimage"},"image":{"@id":"https:\/\/saca.com.mx\/es\/proyectos\/obras-2014-2015\/bip-salamanca\/#primaryimage"},"thumbnailUrl":"http:\/\/saca.com.mx\/es\/wp-content\/uploads\/2016\/05\/bipsalamanca.png","datePublished":"2016-05-26T21:30:42+00:00","dateModified":"2019-04-24T16:43:53+00:00","breadcrumb":{"@id":"https:\/\/saca.com.mx\/es\/proyectos\/obras-2014-2015\/bip-salamanca\/#breadcrumb"},"inLanguage":"es","potentialAction":[{"@type":"ReadAction","target":["https:\/\/saca.com.mx\/es\/proyectos\/obras-2014-2015\/bip-salamanca\/"]}]},{"@type":"ImageObject","inLanguage":"es","@id":"https:\/\/saca.com.mx\/es\/proyectos\/obras-2014-2015\/bip-salamanca\/#primaryimage","url":"https:\/\/saca.com.mx\/es\/wp-content\/uploads\/2016\/05\/bipsalamanca.png","contentUrl":"https:\/\/saca.com.mx\/es\/wp-content\/uploads\/2016\/05\/bipsalamanca.png","width":475,"height":157},{"@type":"BreadcrumbList","@id":"https:\/\/saca.com.mx\/es\/proyectos\/obras-2014-2015\/bip-salamanca\/#breadcrumb","itemListElement":[{"@type":"ListItem","position":1,"name":"Portada","item":"https:\/\/saca.com.mx\/es\/"},{"@type":"ListItem","position":2,"name":"Proyectos","item":"https:\/\/saca.com.mx\/es\/proyectos\/"},{"@type":"ListItem","position":3,"name":"Obras 2014-2015","item":"https:\/\/saca.com.mx\/es\/proyectos\/obras-2014-2015\/"},{"@type":"ListItem","position":4,"name":"BIP Salamanca"}]},{"@type":"WebSite","@id":"https:\/\/saca.com.mx\/es\/#website","url":"https:\/\/saca.com.mx\/es\/","name":"SACA Sistemas de Protecci\u00f3n contra Incendio M\u00e9xico","description":"","potentialAction":[{"@type":"SearchAction","target":{"@type":"EntryPoint","urlTemplate":"https:\/\/saca.com.mx\/es\/?s={search_term_string}"},"query-input":{"@type":"PropertyValueSpecification","valueRequired":true,"valueName":"search_term_string"}}],"inLanguage":"es"}]}},"_links":{"self":[{"href":"https:\/\/saca.com.mx\/es\/wp-json\/wp\/v2\/pages\/1211","targetHints":{"allow":["GET"]}}],"collection":[{"href":"https:\/\/saca.com.mx\/es\/wp-json\/wp\/v2\/pages"}],"about":[{"href":"https:\/\/saca.com.mx\/es\/wp-json\/wp\/v2\/types\/page"}],"author":[{"embeddable":true,"href":"https:\/\/saca.com.mx\/es\/wp-json\/wp\/v2\/users\/1"}],"replies":[{"embeddable":true,"href":"https:\/\/saca.com.mx\/es\/wp-json\/wp\/v2\/comments?post=1211"}],"version-history":[{"count":3,"href":"https:\/\/saca.com.mx\/es\/wp-json\/wp\/v2\/pages\/1211\/revisions"}],"predecessor-version":[{"id":1848,"href":"https:\/\/saca.com.mx\/es\/wp-json\/wp\/v2\/pages\/1211\/revisions\/1848"}],"up":[{"embeddable":true,"href":"https:\/\/saca.com.mx\/es\/wp-json\/wp\/v2\/pages\/539"}],"wp:attachment":[{"href":"https:\/\/saca.com.mx\/es\/wp-json\/wp\/v2\/media?parent=1211"}],"curies":[{"name":"wp","href":"https:\/\/api.w.org\/{rel}","templated":true}]}}