{"id":1388,"date":"2017-03-02T13:21:15","date_gmt":"2017-03-02T13:21:15","guid":{"rendered":"http:\/\/saca.com.mx\/es\/?page_id=1388"},"modified":"2019-04-24T16:39:32","modified_gmt":"2019-04-24T16:39:32","slug":"ryadireccion-general-de-puertos","status":"publish","type":"page","link":"https:\/\/saca.com.mx\/es\/proyectos\/obras-2016-2017\/ryadireccion-general-de-puertos\/","title":{"rendered":"RYA\/Direcci\u00f3n General de Puertos"},"content":{"rendered":"<p>&nbsp;<\/p>\n<p style=\"text-align: justify;\"><span style=\"color: #993300;\">En esta obra, tipo complejo petroqu\u00edmico en L\u00e1zaro C\u00e1rdenas, Michoac\u00e1n, instalamos el sistema de almacenaje de agua para protecci\u00f3n contra incendio.\u200b<\/span><\/p>\n<p style=\"text-align: justify;\">El sistema incluye un Tanque Atornillable de 458,000 galones para protecci\u00f3n contra incendio, instalado de acuerdo a los est\u00e1ndares de NFPA 22. El proyecto fue entregado en tiempo, forma y costo, cumpliendo estrictamente con el GANT de la especialidad y programa de obra.<\/p>\n<p style=\"text-align: justify;\"><img loading=\"lazy\" decoding=\"async\" class=\"aligncenter size-full wp-image-730\" src=\"http:\/\/saca.com.mx\/en\/wp-content\/uploads\/2017\/03\/rya.png\" alt=\"rya\" width=\"859\" height=\"184\" \/><\/p>\n","protected":false},"excerpt":{"rendered":"<p>&nbsp; En esta obra, tipo complejo petroqu\u00edmico en L\u00e1zaro C\u00e1rdenas, Michoac\u00e1n, instalamos el sistema de almacenaje de agua para protecci\u00f3n contra incendio.\u200b El sistema incluye un Tanque Atornillable de 458,000 galones para protecci\u00f3n contra incendio, instalado de acuerdo a los est\u00e1ndares de NFPA 22. El proyecto fue entregado en tiempo, forma y costo, cumpliendo estrictamente [&hellip;]<\/p>\n","protected":false},"author":1,"featured_media":0,"parent":1324,"menu_order":0,"comment_status":"closed","ping_status":"closed","template":"","meta":{"_et_pb_use_builder":"","_et_pb_old_content":"","_et_gb_content_width":"","footnotes":""},"class_list":["post-1388","page","type-page","status-publish","hentry"],"yoast_head":"<!-- This site is optimized with the Yoast SEO plugin v27.4 - https:\/\/yoast.com\/product\/yoast-seo-wordpress\/ -->\n<title>RYA\/Direcci\u00f3n General de Puertos - SACA Sistemas de Protecci\u00f3n contra Incendio M\u00e9xico<\/title>\n<meta name=\"robots\" content=\"index, follow, max-snippet:-1, max-image-preview:large, max-video-preview:-1\" \/>\n<link rel=\"canonical\" href=\"https:\/\/saca.com.mx\/es\/proyectos\/obras-2016-2017\/ryadireccion-general-de-puertos\/\" \/>\n<meta property=\"og:locale\" content=\"es_ES\" \/>\n<meta property=\"og:type\" content=\"article\" \/>\n<meta property=\"og:title\" content=\"RYA\/Direcci\u00f3n General de Puertos - SACA Sistemas de Protecci\u00f3n contra Incendio M\u00e9xico\" \/>\n<meta property=\"og:description\" content=\"&nbsp; En esta obra, tipo complejo petroqu\u00edmico en L\u00e1zaro C\u00e1rdenas, Michoac\u00e1n, instalamos el sistema de almacenaje de agua para protecci\u00f3n contra incendio.\u200b El sistema incluye un Tanque Atornillable de 458,000 galones para protecci\u00f3n contra incendio, instalado de acuerdo a los est\u00e1ndares de NFPA 22. El proyecto fue entregado en tiempo, forma y costo, cumpliendo estrictamente [&hellip;]\" \/>\n<meta property=\"og:url\" content=\"https:\/\/saca.com.mx\/es\/proyectos\/obras-2016-2017\/ryadireccion-general-de-puertos\/\" \/>\n<meta property=\"og:site_name\" content=\"SACA Sistemas de Protecci\u00f3n contra Incendio M\u00e9xico\" \/>\n<meta property=\"article:modified_time\" content=\"2019-04-24T16:39:32+00:00\" \/>\n<meta property=\"og:image\" content=\"http:\/\/saca.com.mx\/en\/wp-content\/uploads\/2017\/03\/rya.png\" \/>\n<meta name=\"twitter:card\" content=\"summary_large_image\" \/>\n<script type=\"application\/ld+json\" class=\"yoast-schema-graph\">{\"@context\":\"https:\\\/\\\/schema.org\",\"@graph\":[{\"@type\":\"WebPage\",\"@id\":\"https:\\\/\\\/saca.com.mx\\\/es\\\/proyectos\\\/obras-2016-2017\\\/ryadireccion-general-de-puertos\\\/\",\"url\":\"https:\\\/\\\/saca.com.mx\\\/es\\\/proyectos\\\/obras-2016-2017\\\/ryadireccion-general-de-puertos\\\/\",\"name\":\"RYA\\\/Direcci\u00f3n General de Puertos - SACA Sistemas de Protecci\u00f3n contra Incendio M\u00e9xico\",\"isPartOf\":{\"@id\":\"https:\\\/\\\/saca.com.mx\\\/es\\\/#website\"},\"primaryImageOfPage\":{\"@id\":\"https:\\\/\\\/saca.com.mx\\\/es\\\/proyectos\\\/obras-2016-2017\\\/ryadireccion-general-de-puertos\\\/#primaryimage\"},\"image\":{\"@id\":\"https:\\\/\\\/saca.com.mx\\\/es\\\/proyectos\\\/obras-2016-2017\\\/ryadireccion-general-de-puertos\\\/#primaryimage\"},\"thumbnailUrl\":\"http:\\\/\\\/saca.com.mx\\\/en\\\/wp-content\\\/uploads\\\/2017\\\/03\\\/rya.png\",\"datePublished\":\"2017-03-02T13:21:15+00:00\",\"dateModified\":\"2019-04-24T16:39:32+00:00\",\"breadcrumb\":{\"@id\":\"https:\\\/\\\/saca.com.mx\\\/es\\\/proyectos\\\/obras-2016-2017\\\/ryadireccion-general-de-puertos\\\/#breadcrumb\"},\"inLanguage\":\"es\",\"potentialAction\":[{\"@type\":\"ReadAction\",\"target\":[\"https:\\\/\\\/saca.com.mx\\\/es\\\/proyectos\\\/obras-2016-2017\\\/ryadireccion-general-de-puertos\\\/\"]}]},{\"@type\":\"ImageObject\",\"inLanguage\":\"es\",\"@id\":\"https:\\\/\\\/saca.com.mx\\\/es\\\/proyectos\\\/obras-2016-2017\\\/ryadireccion-general-de-puertos\\\/#primaryimage\",\"url\":\"http:\\\/\\\/saca.com.mx\\\/en\\\/wp-content\\\/uploads\\\/2017\\\/03\\\/rya.png\",\"contentUrl\":\"http:\\\/\\\/saca.com.mx\\\/en\\\/wp-content\\\/uploads\\\/2017\\\/03\\\/rya.png\"},{\"@type\":\"BreadcrumbList\",\"@id\":\"https:\\\/\\\/saca.com.mx\\\/es\\\/proyectos\\\/obras-2016-2017\\\/ryadireccion-general-de-puertos\\\/#breadcrumb\",\"itemListElement\":[{\"@type\":\"ListItem\",\"position\":1,\"name\":\"Portada\",\"item\":\"https:\\\/\\\/saca.com.mx\\\/es\\\/\"},{\"@type\":\"ListItem\",\"position\":2,\"name\":\"Proyectos\",\"item\":\"https:\\\/\\\/saca.com.mx\\\/es\\\/proyectos\\\/\"},{\"@type\":\"ListItem\",\"position\":3,\"name\":\"Obras 2016-2017\",\"item\":\"https:\\\/\\\/saca.com.mx\\\/es\\\/proyectos\\\/obras-2016-2017\\\/\"},{\"@type\":\"ListItem\",\"position\":4,\"name\":\"RYA\\\/Direcci\u00f3n General de Puertos\"}]},{\"@type\":\"WebSite\",\"@id\":\"https:\\\/\\\/saca.com.mx\\\/es\\\/#website\",\"url\":\"https:\\\/\\\/saca.com.mx\\\/es\\\/\",\"name\":\"SACA Sistemas de Protecci\u00f3n contra Incendio M\u00e9xico\",\"description\":\"\",\"potentialAction\":[{\"@type\":\"SearchAction\",\"target\":{\"@type\":\"EntryPoint\",\"urlTemplate\":\"https:\\\/\\\/saca.com.mx\\\/es\\\/?s={search_term_string}\"},\"query-input\":{\"@type\":\"PropertyValueSpecification\",\"valueRequired\":true,\"valueName\":\"search_term_string\"}}],\"inLanguage\":\"es\"}]}<\/script>\n<!-- \/ Yoast SEO plugin. -->","yoast_head_json":{"title":"RYA\/Direcci\u00f3n General de Puertos - SACA Sistemas de Protecci\u00f3n contra Incendio M\u00e9xico","robots":{"index":"index","follow":"follow","max-snippet":"max-snippet:-1","max-image-preview":"max-image-preview:large","max-video-preview":"max-video-preview:-1"},"canonical":"https:\/\/saca.com.mx\/es\/proyectos\/obras-2016-2017\/ryadireccion-general-de-puertos\/","og_locale":"es_ES","og_type":"article","og_title":"RYA\/Direcci\u00f3n General de Puertos - SACA Sistemas de Protecci\u00f3n contra Incendio M\u00e9xico","og_description":"&nbsp; En esta obra, tipo complejo petroqu\u00edmico en L\u00e1zaro C\u00e1rdenas, Michoac\u00e1n, instalamos el sistema de almacenaje de agua para protecci\u00f3n contra incendio.\u200b El sistema incluye un Tanque Atornillable de 458,000 galones para protecci\u00f3n contra incendio, instalado de acuerdo a los est\u00e1ndares de NFPA 22. El proyecto fue entregado en tiempo, forma y costo, cumpliendo estrictamente [&hellip;]","og_url":"https:\/\/saca.com.mx\/es\/proyectos\/obras-2016-2017\/ryadireccion-general-de-puertos\/","og_site_name":"SACA Sistemas de Protecci\u00f3n contra Incendio M\u00e9xico","article_modified_time":"2019-04-24T16:39:32+00:00","og_image":[{"url":"http:\/\/saca.com.mx\/en\/wp-content\/uploads\/2017\/03\/rya.png","type":"","width":"","height":""}],"twitter_card":"summary_large_image","schema":{"@context":"https:\/\/schema.org","@graph":[{"@type":"WebPage","@id":"https:\/\/saca.com.mx\/es\/proyectos\/obras-2016-2017\/ryadireccion-general-de-puertos\/","url":"https:\/\/saca.com.mx\/es\/proyectos\/obras-2016-2017\/ryadireccion-general-de-puertos\/","name":"RYA\/Direcci\u00f3n General de Puertos - SACA Sistemas de Protecci\u00f3n contra Incendio M\u00e9xico","isPartOf":{"@id":"https:\/\/saca.com.mx\/es\/#website"},"primaryImageOfPage":{"@id":"https:\/\/saca.com.mx\/es\/proyectos\/obras-2016-2017\/ryadireccion-general-de-puertos\/#primaryimage"},"image":{"@id":"https:\/\/saca.com.mx\/es\/proyectos\/obras-2016-2017\/ryadireccion-general-de-puertos\/#primaryimage"},"thumbnailUrl":"http:\/\/saca.com.mx\/en\/wp-content\/uploads\/2017\/03\/rya.png","datePublished":"2017-03-02T13:21:15+00:00","dateModified":"2019-04-24T16:39:32+00:00","breadcrumb":{"@id":"https:\/\/saca.com.mx\/es\/proyectos\/obras-2016-2017\/ryadireccion-general-de-puertos\/#breadcrumb"},"inLanguage":"es","potentialAction":[{"@type":"ReadAction","target":["https:\/\/saca.com.mx\/es\/proyectos\/obras-2016-2017\/ryadireccion-general-de-puertos\/"]}]},{"@type":"ImageObject","inLanguage":"es","@id":"https:\/\/saca.com.mx\/es\/proyectos\/obras-2016-2017\/ryadireccion-general-de-puertos\/#primaryimage","url":"http:\/\/saca.com.mx\/en\/wp-content\/uploads\/2017\/03\/rya.png","contentUrl":"http:\/\/saca.com.mx\/en\/wp-content\/uploads\/2017\/03\/rya.png"},{"@type":"BreadcrumbList","@id":"https:\/\/saca.com.mx\/es\/proyectos\/obras-2016-2017\/ryadireccion-general-de-puertos\/#breadcrumb","itemListElement":[{"@type":"ListItem","position":1,"name":"Portada","item":"https:\/\/saca.com.mx\/es\/"},{"@type":"ListItem","position":2,"name":"Proyectos","item":"https:\/\/saca.com.mx\/es\/proyectos\/"},{"@type":"ListItem","position":3,"name":"Obras 2016-2017","item":"https:\/\/saca.com.mx\/es\/proyectos\/obras-2016-2017\/"},{"@type":"ListItem","position":4,"name":"RYA\/Direcci\u00f3n General de Puertos"}]},{"@type":"WebSite","@id":"https:\/\/saca.com.mx\/es\/#website","url":"https:\/\/saca.com.mx\/es\/","name":"SACA Sistemas de Protecci\u00f3n contra Incendio M\u00e9xico","description":"","potentialAction":[{"@type":"SearchAction","target":{"@type":"EntryPoint","urlTemplate":"https:\/\/saca.com.mx\/es\/?s={search_term_string}"},"query-input":{"@type":"PropertyValueSpecification","valueRequired":true,"valueName":"search_term_string"}}],"inLanguage":"es"}]}},"_links":{"self":[{"href":"https:\/\/saca.com.mx\/es\/wp-json\/wp\/v2\/pages\/1388","targetHints":{"allow":["GET"]}}],"collection":[{"href":"https:\/\/saca.com.mx\/es\/wp-json\/wp\/v2\/pages"}],"about":[{"href":"https:\/\/saca.com.mx\/es\/wp-json\/wp\/v2\/types\/page"}],"author":[{"embeddable":true,"href":"https:\/\/saca.com.mx\/es\/wp-json\/wp\/v2\/users\/1"}],"replies":[{"embeddable":true,"href":"https:\/\/saca.com.mx\/es\/wp-json\/wp\/v2\/comments?post=1388"}],"version-history":[{"count":2,"href":"https:\/\/saca.com.mx\/es\/wp-json\/wp\/v2\/pages\/1388\/revisions"}],"predecessor-version":[{"id":1835,"href":"https:\/\/saca.com.mx\/es\/wp-json\/wp\/v2\/pages\/1388\/revisions\/1835"}],"up":[{"embeddable":true,"href":"https:\/\/saca.com.mx\/es\/wp-json\/wp\/v2\/pages\/1324"}],"wp:attachment":[{"href":"https:\/\/saca.com.mx\/es\/wp-json\/wp\/v2\/media?parent=1388"}],"curies":[{"name":"wp","href":"https:\/\/api.w.org\/{rel}","templated":true}]}}