{"id":1539,"date":"2018-07-28T00:40:47","date_gmt":"2018-07-28T00:40:47","guid":{"rendered":"http:\/\/saca.com.mx\/es\/?page_id=1539"},"modified":"2019-04-24T16:37:04","modified_gmt":"2019-04-24T16:37:04","slug":"casa-ley-obregon","status":"publish","type":"page","link":"https:\/\/saca.com.mx\/es\/proyectos\/obras-2016-2017\/casa-ley-obregon\/","title":{"rendered":"Casa Ley Obreg\u00f3n"},"content":{"rendered":"<p>&nbsp;<\/p>\n<p style=\"text-align: justify;\"><span style=\"color: #993300;\">En esta obra, tipo complejo comercial en Obreg\u00f3n, Sonora, instalamos el sistema de almacenaje de agua para contra incendio.\u200b<\/span><\/p>\n<p style=\"text-align: justify;\">El sistema incluye un Tanque Atornillable de 103,096 galones contra incendio, instalado de acuerdo a los est\u00e1ndares de NFPA 22. El proyecto fue entregado en tiempo, forma y costo, cumpliendo estrictamente con el GANT de la especialidad y programa de obra.<\/p>\n<p style=\"text-align: justify;\"><img loading=\"lazy\" decoding=\"async\" class=\"aligncenter size-full wp-image-1540\" src=\"http:\/\/saca.com.mx\/es\/wp-content\/uploads\/2018\/07\/Casa-Ley-Obreg\u00f3n.jpg\" alt=\"Casa-Ley-Obreg\u00f3n\" width=\"1200\" height=\"478\" srcset=\"https:\/\/saca.com.mx\/es\/wp-content\/uploads\/2018\/07\/Casa-Ley-Obreg\u00f3n.jpg 1200w, https:\/\/saca.com.mx\/es\/wp-content\/uploads\/2018\/07\/Casa-Ley-Obreg\u00f3n-300x120.jpg 300w, https:\/\/saca.com.mx\/es\/wp-content\/uploads\/2018\/07\/Casa-Ley-Obreg\u00f3n-1024x408.jpg 1024w\" sizes=\"(max-width: 1200px) 100vw, 1200px\" \/><\/p>\n","protected":false},"excerpt":{"rendered":"<p>&nbsp; En esta obra, tipo complejo comercial en Obreg\u00f3n, Sonora, instalamos el sistema de almacenaje de agua para contra incendio.\u200b El sistema incluye un Tanque Atornillable de 103,096 galones contra incendio, instalado de acuerdo a los est\u00e1ndares de NFPA 22. El proyecto fue entregado en tiempo, forma y costo, cumpliendo estrictamente con el GANT de [&hellip;]<\/p>\n","protected":false},"author":1,"featured_media":0,"parent":1324,"menu_order":0,"comment_status":"closed","ping_status":"closed","template":"","meta":{"_et_pb_use_builder":"","_et_pb_old_content":"","_et_gb_content_width":"","footnotes":""},"class_list":["post-1539","page","type-page","status-publish","hentry"],"yoast_head":"<!-- This site is optimized with the Yoast SEO plugin v27.4 - https:\/\/yoast.com\/product\/yoast-seo-wordpress\/ -->\n<title>Casa Ley Obreg\u00f3n - SACA Sistemas de Protecci\u00f3n contra Incendio M\u00e9xico<\/title>\n<meta name=\"robots\" content=\"index, follow, max-snippet:-1, max-image-preview:large, max-video-preview:-1\" \/>\n<link rel=\"canonical\" href=\"https:\/\/saca.com.mx\/es\/proyectos\/obras-2016-2017\/casa-ley-obregon\/\" \/>\n<meta property=\"og:locale\" content=\"es_ES\" \/>\n<meta property=\"og:type\" content=\"article\" \/>\n<meta property=\"og:title\" content=\"Casa Ley Obreg\u00f3n - SACA Sistemas de Protecci\u00f3n contra Incendio M\u00e9xico\" \/>\n<meta property=\"og:description\" content=\"&nbsp; En esta obra, tipo complejo comercial en Obreg\u00f3n, Sonora, instalamos el sistema de almacenaje de agua para contra incendio.\u200b El sistema incluye un Tanque Atornillable de 103,096 galones contra incendio, instalado de acuerdo a los est\u00e1ndares de NFPA 22. El proyecto fue entregado en tiempo, forma y costo, cumpliendo estrictamente con el GANT de [&hellip;]\" \/>\n<meta property=\"og:url\" content=\"https:\/\/saca.com.mx\/es\/proyectos\/obras-2016-2017\/casa-ley-obregon\/\" \/>\n<meta property=\"og:site_name\" content=\"SACA Sistemas de Protecci\u00f3n contra Incendio M\u00e9xico\" \/>\n<meta property=\"article:modified_time\" content=\"2019-04-24T16:37:04+00:00\" \/>\n<meta name=\"twitter:card\" content=\"summary_large_image\" \/>\n<script type=\"application\/ld+json\" class=\"yoast-schema-graph\">{\"@context\":\"https:\\\/\\\/schema.org\",\"@graph\":[{\"@type\":\"WebPage\",\"@id\":\"https:\\\/\\\/saca.com.mx\\\/es\\\/proyectos\\\/obras-2016-2017\\\/casa-ley-obregon\\\/\",\"url\":\"https:\\\/\\\/saca.com.mx\\\/es\\\/proyectos\\\/obras-2016-2017\\\/casa-ley-obregon\\\/\",\"name\":\"Casa Ley Obreg\u00f3n - SACA Sistemas de Protecci\u00f3n contra Incendio M\u00e9xico\",\"isPartOf\":{\"@id\":\"https:\\\/\\\/saca.com.mx\\\/es\\\/#website\"},\"datePublished\":\"2018-07-28T00:40:47+00:00\",\"dateModified\":\"2019-04-24T16:37:04+00:00\",\"breadcrumb\":{\"@id\":\"https:\\\/\\\/saca.com.mx\\\/es\\\/proyectos\\\/obras-2016-2017\\\/casa-ley-obregon\\\/#breadcrumb\"},\"inLanguage\":\"es\",\"potentialAction\":[{\"@type\":\"ReadAction\",\"target\":[\"https:\\\/\\\/saca.com.mx\\\/es\\\/proyectos\\\/obras-2016-2017\\\/casa-ley-obregon\\\/\"]}]},{\"@type\":\"BreadcrumbList\",\"@id\":\"https:\\\/\\\/saca.com.mx\\\/es\\\/proyectos\\\/obras-2016-2017\\\/casa-ley-obregon\\\/#breadcrumb\",\"itemListElement\":[{\"@type\":\"ListItem\",\"position\":1,\"name\":\"Portada\",\"item\":\"https:\\\/\\\/saca.com.mx\\\/es\\\/\"},{\"@type\":\"ListItem\",\"position\":2,\"name\":\"Proyectos\",\"item\":\"https:\\\/\\\/saca.com.mx\\\/es\\\/proyectos\\\/\"},{\"@type\":\"ListItem\",\"position\":3,\"name\":\"Obras 2016-2017\",\"item\":\"https:\\\/\\\/saca.com.mx\\\/es\\\/proyectos\\\/obras-2016-2017\\\/\"},{\"@type\":\"ListItem\",\"position\":4,\"name\":\"Casa Ley Obreg\u00f3n\"}]},{\"@type\":\"WebSite\",\"@id\":\"https:\\\/\\\/saca.com.mx\\\/es\\\/#website\",\"url\":\"https:\\\/\\\/saca.com.mx\\\/es\\\/\",\"name\":\"SACA Sistemas de Protecci\u00f3n contra Incendio M\u00e9xico\",\"description\":\"\",\"potentialAction\":[{\"@type\":\"SearchAction\",\"target\":{\"@type\":\"EntryPoint\",\"urlTemplate\":\"https:\\\/\\\/saca.com.mx\\\/es\\\/?s={search_term_string}\"},\"query-input\":{\"@type\":\"PropertyValueSpecification\",\"valueRequired\":true,\"valueName\":\"search_term_string\"}}],\"inLanguage\":\"es\"}]}<\/script>\n<!-- \/ Yoast SEO plugin. -->","yoast_head_json":{"title":"Casa Ley Obreg\u00f3n - SACA Sistemas de Protecci\u00f3n contra Incendio M\u00e9xico","robots":{"index":"index","follow":"follow","max-snippet":"max-snippet:-1","max-image-preview":"max-image-preview:large","max-video-preview":"max-video-preview:-1"},"canonical":"https:\/\/saca.com.mx\/es\/proyectos\/obras-2016-2017\/casa-ley-obregon\/","og_locale":"es_ES","og_type":"article","og_title":"Casa Ley Obreg\u00f3n - SACA Sistemas de Protecci\u00f3n contra Incendio M\u00e9xico","og_description":"&nbsp; En esta obra, tipo complejo comercial en Obreg\u00f3n, Sonora, instalamos el sistema de almacenaje de agua para contra incendio.\u200b El sistema incluye un Tanque Atornillable de 103,096 galones contra incendio, instalado de acuerdo a los est\u00e1ndares de NFPA 22. El proyecto fue entregado en tiempo, forma y costo, cumpliendo estrictamente con el GANT de [&hellip;]","og_url":"https:\/\/saca.com.mx\/es\/proyectos\/obras-2016-2017\/casa-ley-obregon\/","og_site_name":"SACA Sistemas de Protecci\u00f3n contra Incendio M\u00e9xico","article_modified_time":"2019-04-24T16:37:04+00:00","twitter_card":"summary_large_image","schema":{"@context":"https:\/\/schema.org","@graph":[{"@type":"WebPage","@id":"https:\/\/saca.com.mx\/es\/proyectos\/obras-2016-2017\/casa-ley-obregon\/","url":"https:\/\/saca.com.mx\/es\/proyectos\/obras-2016-2017\/casa-ley-obregon\/","name":"Casa Ley Obreg\u00f3n - SACA Sistemas de Protecci\u00f3n contra Incendio M\u00e9xico","isPartOf":{"@id":"https:\/\/saca.com.mx\/es\/#website"},"datePublished":"2018-07-28T00:40:47+00:00","dateModified":"2019-04-24T16:37:04+00:00","breadcrumb":{"@id":"https:\/\/saca.com.mx\/es\/proyectos\/obras-2016-2017\/casa-ley-obregon\/#breadcrumb"},"inLanguage":"es","potentialAction":[{"@type":"ReadAction","target":["https:\/\/saca.com.mx\/es\/proyectos\/obras-2016-2017\/casa-ley-obregon\/"]}]},{"@type":"BreadcrumbList","@id":"https:\/\/saca.com.mx\/es\/proyectos\/obras-2016-2017\/casa-ley-obregon\/#breadcrumb","itemListElement":[{"@type":"ListItem","position":1,"name":"Portada","item":"https:\/\/saca.com.mx\/es\/"},{"@type":"ListItem","position":2,"name":"Proyectos","item":"https:\/\/saca.com.mx\/es\/proyectos\/"},{"@type":"ListItem","position":3,"name":"Obras 2016-2017","item":"https:\/\/saca.com.mx\/es\/proyectos\/obras-2016-2017\/"},{"@type":"ListItem","position":4,"name":"Casa Ley Obreg\u00f3n"}]},{"@type":"WebSite","@id":"https:\/\/saca.com.mx\/es\/#website","url":"https:\/\/saca.com.mx\/es\/","name":"SACA Sistemas de Protecci\u00f3n contra Incendio M\u00e9xico","description":"","potentialAction":[{"@type":"SearchAction","target":{"@type":"EntryPoint","urlTemplate":"https:\/\/saca.com.mx\/es\/?s={search_term_string}"},"query-input":{"@type":"PropertyValueSpecification","valueRequired":true,"valueName":"search_term_string"}}],"inLanguage":"es"}]}},"_links":{"self":[{"href":"https:\/\/saca.com.mx\/es\/wp-json\/wp\/v2\/pages\/1539","targetHints":{"allow":["GET"]}}],"collection":[{"href":"https:\/\/saca.com.mx\/es\/wp-json\/wp\/v2\/pages"}],"about":[{"href":"https:\/\/saca.com.mx\/es\/wp-json\/wp\/v2\/types\/page"}],"author":[{"embeddable":true,"href":"https:\/\/saca.com.mx\/es\/wp-json\/wp\/v2\/users\/1"}],"replies":[{"embeddable":true,"href":"https:\/\/saca.com.mx\/es\/wp-json\/wp\/v2\/comments?post=1539"}],"version-history":[{"count":2,"href":"https:\/\/saca.com.mx\/es\/wp-json\/wp\/v2\/pages\/1539\/revisions"}],"predecessor-version":[{"id":1826,"href":"https:\/\/saca.com.mx\/es\/wp-json\/wp\/v2\/pages\/1539\/revisions\/1826"}],"up":[{"embeddable":true,"href":"https:\/\/saca.com.mx\/es\/wp-json\/wp\/v2\/pages\/1324"}],"wp:attachment":[{"href":"https:\/\/saca.com.mx\/es\/wp-json\/wp\/v2\/media?parent=1539"}],"curies":[{"name":"wp","href":"https:\/\/api.w.org\/{rel}","templated":true}]}}