{"id":1552,"date":"2018-07-28T18:13:04","date_gmt":"2018-07-28T18:13:04","guid":{"rendered":"http:\/\/saca.com.mx\/es\/?page_id=1552"},"modified":"2019-04-24T16:36:03","modified_gmt":"2019-04-24T16:36:03","slug":"lowes-garza-sada","status":"publish","type":"page","link":"https:\/\/saca.com.mx\/es\/proyectos\/obras-2016-2017\/lowes-garza-sada\/","title":{"rendered":"Lowes Garza Sada"},"content":{"rendered":"<p style=\"text-align: justify;\">\n<p style=\"text-align: justify;\"><span style=\"color: #993300;\">En esta obra, tipo edificio de almacenaje para autoservicio, de materiales para el hogar, en Monterrey, Nuevo Le\u00f3n, instalamos el sistema de protecci\u00f3n contra incendio.\u200b<\/span><\/p>\n<p style=\"text-align: justify;\">El sistema incluye Rociadores Autom\u00e1ticos, Est\u00e1ndar, Secos, instalados de acuerdo a los est\u00e1ndares de NFPA 13, as\u00ed como una Red de Hidrantes, instalada de acuerdo a los est\u00e1ndares NFPA 14. Adicionalmente instalamos un Sistema de Bombeo de 1,500 GPM, instalado de acuerdo a los est\u00e1ndares de NFPA 20. El proyecto fue entregado en tiempo, forma y costo, cumpliendo estrictamente con el GANT de la especialidad y programa de obra.<\/p>\n<p style=\"text-align: justify;\"><img loading=\"lazy\" decoding=\"async\" class=\"aligncenter size-full wp-image-1553\" src=\"http:\/\/saca.com.mx\/es\/wp-content\/uploads\/2018\/07\/lowesgarza.png\" alt=\"lowesgarza\" width=\"1464\" height=\"512\" srcset=\"https:\/\/saca.com.mx\/es\/wp-content\/uploads\/2018\/07\/lowesgarza.png 1464w, https:\/\/saca.com.mx\/es\/wp-content\/uploads\/2018\/07\/lowesgarza-300x105.png 300w, https:\/\/saca.com.mx\/es\/wp-content\/uploads\/2018\/07\/lowesgarza-1024x358.png 1024w\" sizes=\"(max-width: 1464px) 100vw, 1464px\" \/><\/p>\n<p>&nbsp;<\/p>\n","protected":false},"excerpt":{"rendered":"<p>En esta obra, tipo edificio de almacenaje para autoservicio, de materiales para el hogar, en Monterrey, Nuevo Le\u00f3n, instalamos el sistema de protecci\u00f3n contra incendio.\u200b El sistema incluye Rociadores Autom\u00e1ticos, Est\u00e1ndar, Secos, instalados de acuerdo a los est\u00e1ndares de NFPA 13, as\u00ed como una Red de Hidrantes, instalada de acuerdo a los est\u00e1ndares NFPA 14. [&hellip;]<\/p>\n","protected":false},"author":1,"featured_media":0,"parent":1324,"menu_order":0,"comment_status":"closed","ping_status":"closed","template":"","meta":{"_et_pb_use_builder":"","_et_pb_old_content":"","_et_gb_content_width":"","footnotes":""},"class_list":["post-1552","page","type-page","status-publish","hentry"],"yoast_head":"<!-- This site is optimized with the Yoast SEO plugin v27.4 - https:\/\/yoast.com\/product\/yoast-seo-wordpress\/ -->\n<title>Lowes Garza Sada - SACA Sistemas de Protecci\u00f3n contra Incendio M\u00e9xico<\/title>\n<meta name=\"robots\" content=\"index, follow, max-snippet:-1, max-image-preview:large, max-video-preview:-1\" \/>\n<link rel=\"canonical\" href=\"https:\/\/saca.com.mx\/es\/proyectos\/obras-2016-2017\/lowes-garza-sada\/\" \/>\n<meta property=\"og:locale\" content=\"es_ES\" \/>\n<meta property=\"og:type\" content=\"article\" \/>\n<meta property=\"og:title\" content=\"Lowes Garza Sada - SACA Sistemas de Protecci\u00f3n contra Incendio M\u00e9xico\" \/>\n<meta property=\"og:description\" content=\"En esta obra, tipo edificio de almacenaje para autoservicio, de materiales para el hogar, en Monterrey, Nuevo Le\u00f3n, instalamos el sistema de protecci\u00f3n contra incendio.\u200b El sistema incluye Rociadores Autom\u00e1ticos, Est\u00e1ndar, Secos, instalados de acuerdo a los est\u00e1ndares de NFPA 13, as\u00ed como una Red de Hidrantes, instalada de acuerdo a los est\u00e1ndares NFPA 14. [&hellip;]\" \/>\n<meta property=\"og:url\" content=\"https:\/\/saca.com.mx\/es\/proyectos\/obras-2016-2017\/lowes-garza-sada\/\" \/>\n<meta property=\"og:site_name\" content=\"SACA Sistemas de Protecci\u00f3n contra Incendio M\u00e9xico\" \/>\n<meta property=\"article:modified_time\" content=\"2019-04-24T16:36:03+00:00\" \/>\n<meta property=\"og:image\" content=\"http:\/\/saca.com.mx\/es\/wp-content\/uploads\/2018\/07\/lowesgarza.png\" \/>\n<meta name=\"twitter:card\" content=\"summary_large_image\" \/>\n<script type=\"application\/ld+json\" class=\"yoast-schema-graph\">{\"@context\":\"https:\\\/\\\/schema.org\",\"@graph\":[{\"@type\":\"WebPage\",\"@id\":\"https:\\\/\\\/saca.com.mx\\\/es\\\/proyectos\\\/obras-2016-2017\\\/lowes-garza-sada\\\/\",\"url\":\"https:\\\/\\\/saca.com.mx\\\/es\\\/proyectos\\\/obras-2016-2017\\\/lowes-garza-sada\\\/\",\"name\":\"Lowes Garza Sada - SACA Sistemas de Protecci\u00f3n contra Incendio M\u00e9xico\",\"isPartOf\":{\"@id\":\"https:\\\/\\\/saca.com.mx\\\/es\\\/#website\"},\"primaryImageOfPage\":{\"@id\":\"https:\\\/\\\/saca.com.mx\\\/es\\\/proyectos\\\/obras-2016-2017\\\/lowes-garza-sada\\\/#primaryimage\"},\"image\":{\"@id\":\"https:\\\/\\\/saca.com.mx\\\/es\\\/proyectos\\\/obras-2016-2017\\\/lowes-garza-sada\\\/#primaryimage\"},\"thumbnailUrl\":\"http:\\\/\\\/saca.com.mx\\\/es\\\/wp-content\\\/uploads\\\/2018\\\/07\\\/lowesgarza.png\",\"datePublished\":\"2018-07-28T18:13:04+00:00\",\"dateModified\":\"2019-04-24T16:36:03+00:00\",\"breadcrumb\":{\"@id\":\"https:\\\/\\\/saca.com.mx\\\/es\\\/proyectos\\\/obras-2016-2017\\\/lowes-garza-sada\\\/#breadcrumb\"},\"inLanguage\":\"es\",\"potentialAction\":[{\"@type\":\"ReadAction\",\"target\":[\"https:\\\/\\\/saca.com.mx\\\/es\\\/proyectos\\\/obras-2016-2017\\\/lowes-garza-sada\\\/\"]}]},{\"@type\":\"ImageObject\",\"inLanguage\":\"es\",\"@id\":\"https:\\\/\\\/saca.com.mx\\\/es\\\/proyectos\\\/obras-2016-2017\\\/lowes-garza-sada\\\/#primaryimage\",\"url\":\"https:\\\/\\\/saca.com.mx\\\/es\\\/wp-content\\\/uploads\\\/2018\\\/07\\\/lowesgarza.png\",\"contentUrl\":\"https:\\\/\\\/saca.com.mx\\\/es\\\/wp-content\\\/uploads\\\/2018\\\/07\\\/lowesgarza.png\",\"width\":1464,\"height\":512},{\"@type\":\"BreadcrumbList\",\"@id\":\"https:\\\/\\\/saca.com.mx\\\/es\\\/proyectos\\\/obras-2016-2017\\\/lowes-garza-sada\\\/#breadcrumb\",\"itemListElement\":[{\"@type\":\"ListItem\",\"position\":1,\"name\":\"Portada\",\"item\":\"https:\\\/\\\/saca.com.mx\\\/es\\\/\"},{\"@type\":\"ListItem\",\"position\":2,\"name\":\"Proyectos\",\"item\":\"https:\\\/\\\/saca.com.mx\\\/es\\\/proyectos\\\/\"},{\"@type\":\"ListItem\",\"position\":3,\"name\":\"Obras 2016-2017\",\"item\":\"https:\\\/\\\/saca.com.mx\\\/es\\\/proyectos\\\/obras-2016-2017\\\/\"},{\"@type\":\"ListItem\",\"position\":4,\"name\":\"Lowes Garza Sada\"}]},{\"@type\":\"WebSite\",\"@id\":\"https:\\\/\\\/saca.com.mx\\\/es\\\/#website\",\"url\":\"https:\\\/\\\/saca.com.mx\\\/es\\\/\",\"name\":\"SACA Sistemas de Protecci\u00f3n contra Incendio M\u00e9xico\",\"description\":\"\",\"potentialAction\":[{\"@type\":\"SearchAction\",\"target\":{\"@type\":\"EntryPoint\",\"urlTemplate\":\"https:\\\/\\\/saca.com.mx\\\/es\\\/?s={search_term_string}\"},\"query-input\":{\"@type\":\"PropertyValueSpecification\",\"valueRequired\":true,\"valueName\":\"search_term_string\"}}],\"inLanguage\":\"es\"}]}<\/script>\n<!-- \/ Yoast SEO plugin. -->","yoast_head_json":{"title":"Lowes Garza Sada - SACA Sistemas de Protecci\u00f3n contra Incendio M\u00e9xico","robots":{"index":"index","follow":"follow","max-snippet":"max-snippet:-1","max-image-preview":"max-image-preview:large","max-video-preview":"max-video-preview:-1"},"canonical":"https:\/\/saca.com.mx\/es\/proyectos\/obras-2016-2017\/lowes-garza-sada\/","og_locale":"es_ES","og_type":"article","og_title":"Lowes Garza Sada - SACA Sistemas de Protecci\u00f3n contra Incendio M\u00e9xico","og_description":"En esta obra, tipo edificio de almacenaje para autoservicio, de materiales para el hogar, en Monterrey, Nuevo Le\u00f3n, instalamos el sistema de protecci\u00f3n contra incendio.\u200b El sistema incluye Rociadores Autom\u00e1ticos, Est\u00e1ndar, Secos, instalados de acuerdo a los est\u00e1ndares de NFPA 13, as\u00ed como una Red de Hidrantes, instalada de acuerdo a los est\u00e1ndares NFPA 14. [&hellip;]","og_url":"https:\/\/saca.com.mx\/es\/proyectos\/obras-2016-2017\/lowes-garza-sada\/","og_site_name":"SACA Sistemas de Protecci\u00f3n contra Incendio M\u00e9xico","article_modified_time":"2019-04-24T16:36:03+00:00","og_image":[{"url":"http:\/\/saca.com.mx\/es\/wp-content\/uploads\/2018\/07\/lowesgarza.png","type":"","width":"","height":""}],"twitter_card":"summary_large_image","schema":{"@context":"https:\/\/schema.org","@graph":[{"@type":"WebPage","@id":"https:\/\/saca.com.mx\/es\/proyectos\/obras-2016-2017\/lowes-garza-sada\/","url":"https:\/\/saca.com.mx\/es\/proyectos\/obras-2016-2017\/lowes-garza-sada\/","name":"Lowes Garza Sada - SACA Sistemas de Protecci\u00f3n contra Incendio M\u00e9xico","isPartOf":{"@id":"https:\/\/saca.com.mx\/es\/#website"},"primaryImageOfPage":{"@id":"https:\/\/saca.com.mx\/es\/proyectos\/obras-2016-2017\/lowes-garza-sada\/#primaryimage"},"image":{"@id":"https:\/\/saca.com.mx\/es\/proyectos\/obras-2016-2017\/lowes-garza-sada\/#primaryimage"},"thumbnailUrl":"http:\/\/saca.com.mx\/es\/wp-content\/uploads\/2018\/07\/lowesgarza.png","datePublished":"2018-07-28T18:13:04+00:00","dateModified":"2019-04-24T16:36:03+00:00","breadcrumb":{"@id":"https:\/\/saca.com.mx\/es\/proyectos\/obras-2016-2017\/lowes-garza-sada\/#breadcrumb"},"inLanguage":"es","potentialAction":[{"@type":"ReadAction","target":["https:\/\/saca.com.mx\/es\/proyectos\/obras-2016-2017\/lowes-garza-sada\/"]}]},{"@type":"ImageObject","inLanguage":"es","@id":"https:\/\/saca.com.mx\/es\/proyectos\/obras-2016-2017\/lowes-garza-sada\/#primaryimage","url":"https:\/\/saca.com.mx\/es\/wp-content\/uploads\/2018\/07\/lowesgarza.png","contentUrl":"https:\/\/saca.com.mx\/es\/wp-content\/uploads\/2018\/07\/lowesgarza.png","width":1464,"height":512},{"@type":"BreadcrumbList","@id":"https:\/\/saca.com.mx\/es\/proyectos\/obras-2016-2017\/lowes-garza-sada\/#breadcrumb","itemListElement":[{"@type":"ListItem","position":1,"name":"Portada","item":"https:\/\/saca.com.mx\/es\/"},{"@type":"ListItem","position":2,"name":"Proyectos","item":"https:\/\/saca.com.mx\/es\/proyectos\/"},{"@type":"ListItem","position":3,"name":"Obras 2016-2017","item":"https:\/\/saca.com.mx\/es\/proyectos\/obras-2016-2017\/"},{"@type":"ListItem","position":4,"name":"Lowes Garza Sada"}]},{"@type":"WebSite","@id":"https:\/\/saca.com.mx\/es\/#website","url":"https:\/\/saca.com.mx\/es\/","name":"SACA Sistemas de Protecci\u00f3n contra Incendio M\u00e9xico","description":"","potentialAction":[{"@type":"SearchAction","target":{"@type":"EntryPoint","urlTemplate":"https:\/\/saca.com.mx\/es\/?s={search_term_string}"},"query-input":{"@type":"PropertyValueSpecification","valueRequired":true,"valueName":"search_term_string"}}],"inLanguage":"es"}]}},"_links":{"self":[{"href":"https:\/\/saca.com.mx\/es\/wp-json\/wp\/v2\/pages\/1552","targetHints":{"allow":["GET"]}}],"collection":[{"href":"https:\/\/saca.com.mx\/es\/wp-json\/wp\/v2\/pages"}],"about":[{"href":"https:\/\/saca.com.mx\/es\/wp-json\/wp\/v2\/types\/page"}],"author":[{"embeddable":true,"href":"https:\/\/saca.com.mx\/es\/wp-json\/wp\/v2\/users\/1"}],"replies":[{"embeddable":true,"href":"https:\/\/saca.com.mx\/es\/wp-json\/wp\/v2\/comments?post=1552"}],"version-history":[{"count":2,"href":"https:\/\/saca.com.mx\/es\/wp-json\/wp\/v2\/pages\/1552\/revisions"}],"predecessor-version":[{"id":1823,"href":"https:\/\/saca.com.mx\/es\/wp-json\/wp\/v2\/pages\/1552\/revisions\/1823"}],"up":[{"embeddable":true,"href":"https:\/\/saca.com.mx\/es\/wp-json\/wp\/v2\/pages\/1324"}],"wp:attachment":[{"href":"https:\/\/saca.com.mx\/es\/wp-json\/wp\/v2\/media?parent=1552"}],"curies":[{"name":"wp","href":"https:\/\/api.w.org\/{rel}","templated":true}]}}