{"id":1556,"date":"2018-07-28T18:16:15","date_gmt":"2018-07-28T18:16:15","guid":{"rendered":"http:\/\/saca.com.mx\/es\/?page_id=1556"},"modified":"2019-04-24T16:38:01","modified_gmt":"2019-04-24T16:38:01","slug":"supercenter-cofradias","status":"publish","type":"page","link":"https:\/\/saca.com.mx\/es\/proyectos\/obras-2016-2017\/supercenter-cofradias\/","title":{"rendered":"Supercenter Cofrad\u00edas"},"content":{"rendered":"<p style=\"text-align: justify;\">\n<p style=\"text-align: justify;\"><span style=\"color: #993300;\">En esta obra, tipo edificio de almacenaje para autoservicio, de materiales para el hogar, en Cuatitl\u00e1n Izcalli, Estado de M\u00e9xico, instalamos el sistema de protecci\u00f3n contra incendio.\u200b<\/span><\/p>\n<p style=\"text-align: justify;\">El sistema incluye Rociadores Autom\u00e1ticos, Est\u00e1ndar, Secos, instalados de acuerdo a los est\u00e1ndares de NFPA 13, as\u00ed como una Red de Hidrantes, instalada de acuerdo a los est\u00e1ndares NFPA 14. Adicionalmente instalamos un Tanque Atornillable de 165,991 galones y un Sistema de Bombeo de 1,500 GPM, instalados de acuerdo a los est\u00e1ndares de NFPA 22 y NFPA 20, respectivamente. El proyecto fue entregado en tiempo, forma y costo, cumpliendo estrictamente con el GANT de la especialidad y programa de obra.<\/p>\n<p style=\"text-align: justify;\"><img loading=\"lazy\" decoding=\"async\" class=\"aligncenter size-full wp-image-1578\" src=\"http:\/\/saca.com.mx\/es\/wp-content\/uploads\/2018\/07\/cofra.png\" alt=\"cofra\" width=\"1471\" height=\"537\" srcset=\"https:\/\/saca.com.mx\/es\/wp-content\/uploads\/2018\/07\/cofra.png 1471w, https:\/\/saca.com.mx\/es\/wp-content\/uploads\/2018\/07\/cofra-300x110.png 300w, https:\/\/saca.com.mx\/es\/wp-content\/uploads\/2018\/07\/cofra-1024x374.png 1024w\" sizes=\"(max-width: 1471px) 100vw, 1471px\" \/><\/p>\n<p>&nbsp;<\/p>\n","protected":false},"excerpt":{"rendered":"<p>En esta obra, tipo edificio de almacenaje para autoservicio, de materiales para el hogar, en Cuatitl\u00e1n Izcalli, Estado de M\u00e9xico, instalamos el sistema de protecci\u00f3n contra incendio.\u200b El sistema incluye Rociadores Autom\u00e1ticos, Est\u00e1ndar, Secos, instalados de acuerdo a los est\u00e1ndares de NFPA 13, as\u00ed como una Red de Hidrantes, instalada de acuerdo a los est\u00e1ndares [&hellip;]<\/p>\n","protected":false},"author":1,"featured_media":0,"parent":1324,"menu_order":0,"comment_status":"closed","ping_status":"closed","template":"","meta":{"_et_pb_use_builder":"","_et_pb_old_content":"","_et_gb_content_width":"","footnotes":""},"class_list":["post-1556","page","type-page","status-publish","hentry"],"yoast_head":"<!-- This site is optimized with the Yoast SEO plugin v27.4 - https:\/\/yoast.com\/product\/yoast-seo-wordpress\/ -->\n<title>Supercenter Cofrad\u00edas - SACA Sistemas de Protecci\u00f3n contra Incendio M\u00e9xico<\/title>\n<meta name=\"robots\" content=\"index, follow, max-snippet:-1, max-image-preview:large, max-video-preview:-1\" \/>\n<link rel=\"canonical\" href=\"https:\/\/saca.com.mx\/es\/proyectos\/obras-2016-2017\/supercenter-cofradias\/\" \/>\n<meta property=\"og:locale\" content=\"es_ES\" \/>\n<meta property=\"og:type\" content=\"article\" \/>\n<meta property=\"og:title\" content=\"Supercenter Cofrad\u00edas - SACA Sistemas de Protecci\u00f3n contra Incendio M\u00e9xico\" \/>\n<meta property=\"og:description\" content=\"En esta obra, tipo edificio de almacenaje para autoservicio, de materiales para el hogar, en Cuatitl\u00e1n Izcalli, Estado de M\u00e9xico, instalamos el sistema de protecci\u00f3n contra incendio.\u200b El sistema incluye Rociadores Autom\u00e1ticos, Est\u00e1ndar, Secos, instalados de acuerdo a los est\u00e1ndares de NFPA 13, as\u00ed como una Red de Hidrantes, instalada de acuerdo a los est\u00e1ndares [&hellip;]\" \/>\n<meta property=\"og:url\" content=\"https:\/\/saca.com.mx\/es\/proyectos\/obras-2016-2017\/supercenter-cofradias\/\" \/>\n<meta property=\"og:site_name\" content=\"SACA Sistemas de Protecci\u00f3n contra Incendio M\u00e9xico\" \/>\n<meta property=\"article:modified_time\" content=\"2019-04-24T16:38:01+00:00\" \/>\n<meta property=\"og:image\" content=\"http:\/\/saca.com.mx\/es\/wp-content\/uploads\/2018\/07\/cofra.png\" \/>\n<meta name=\"twitter:card\" content=\"summary_large_image\" \/>\n<meta name=\"twitter:label1\" content=\"Tiempo de lectura\" \/>\n\t<meta name=\"twitter:data1\" content=\"1 minuto\" \/>\n<script type=\"application\/ld+json\" class=\"yoast-schema-graph\">{\"@context\":\"https:\\\/\\\/schema.org\",\"@graph\":[{\"@type\":\"WebPage\",\"@id\":\"https:\\\/\\\/saca.com.mx\\\/es\\\/proyectos\\\/obras-2016-2017\\\/supercenter-cofradias\\\/\",\"url\":\"https:\\\/\\\/saca.com.mx\\\/es\\\/proyectos\\\/obras-2016-2017\\\/supercenter-cofradias\\\/\",\"name\":\"Supercenter Cofrad\u00edas - SACA Sistemas de Protecci\u00f3n contra Incendio M\u00e9xico\",\"isPartOf\":{\"@id\":\"https:\\\/\\\/saca.com.mx\\\/es\\\/#website\"},\"primaryImageOfPage\":{\"@id\":\"https:\\\/\\\/saca.com.mx\\\/es\\\/proyectos\\\/obras-2016-2017\\\/supercenter-cofradias\\\/#primaryimage\"},\"image\":{\"@id\":\"https:\\\/\\\/saca.com.mx\\\/es\\\/proyectos\\\/obras-2016-2017\\\/supercenter-cofradias\\\/#primaryimage\"},\"thumbnailUrl\":\"http:\\\/\\\/saca.com.mx\\\/es\\\/wp-content\\\/uploads\\\/2018\\\/07\\\/cofra.png\",\"datePublished\":\"2018-07-28T18:16:15+00:00\",\"dateModified\":\"2019-04-24T16:38:01+00:00\",\"breadcrumb\":{\"@id\":\"https:\\\/\\\/saca.com.mx\\\/es\\\/proyectos\\\/obras-2016-2017\\\/supercenter-cofradias\\\/#breadcrumb\"},\"inLanguage\":\"es\",\"potentialAction\":[{\"@type\":\"ReadAction\",\"target\":[\"https:\\\/\\\/saca.com.mx\\\/es\\\/proyectos\\\/obras-2016-2017\\\/supercenter-cofradias\\\/\"]}]},{\"@type\":\"ImageObject\",\"inLanguage\":\"es\",\"@id\":\"https:\\\/\\\/saca.com.mx\\\/es\\\/proyectos\\\/obras-2016-2017\\\/supercenter-cofradias\\\/#primaryimage\",\"url\":\"https:\\\/\\\/saca.com.mx\\\/es\\\/wp-content\\\/uploads\\\/2018\\\/07\\\/cofra.png\",\"contentUrl\":\"https:\\\/\\\/saca.com.mx\\\/es\\\/wp-content\\\/uploads\\\/2018\\\/07\\\/cofra.png\",\"width\":1471,\"height\":537},{\"@type\":\"BreadcrumbList\",\"@id\":\"https:\\\/\\\/saca.com.mx\\\/es\\\/proyectos\\\/obras-2016-2017\\\/supercenter-cofradias\\\/#breadcrumb\",\"itemListElement\":[{\"@type\":\"ListItem\",\"position\":1,\"name\":\"Portada\",\"item\":\"https:\\\/\\\/saca.com.mx\\\/es\\\/\"},{\"@type\":\"ListItem\",\"position\":2,\"name\":\"Proyectos\",\"item\":\"https:\\\/\\\/saca.com.mx\\\/es\\\/proyectos\\\/\"},{\"@type\":\"ListItem\",\"position\":3,\"name\":\"Obras 2016-2017\",\"item\":\"https:\\\/\\\/saca.com.mx\\\/es\\\/proyectos\\\/obras-2016-2017\\\/\"},{\"@type\":\"ListItem\",\"position\":4,\"name\":\"Supercenter Cofrad\u00edas\"}]},{\"@type\":\"WebSite\",\"@id\":\"https:\\\/\\\/saca.com.mx\\\/es\\\/#website\",\"url\":\"https:\\\/\\\/saca.com.mx\\\/es\\\/\",\"name\":\"SACA Sistemas de Protecci\u00f3n contra Incendio M\u00e9xico\",\"description\":\"\",\"potentialAction\":[{\"@type\":\"SearchAction\",\"target\":{\"@type\":\"EntryPoint\",\"urlTemplate\":\"https:\\\/\\\/saca.com.mx\\\/es\\\/?s={search_term_string}\"},\"query-input\":{\"@type\":\"PropertyValueSpecification\",\"valueRequired\":true,\"valueName\":\"search_term_string\"}}],\"inLanguage\":\"es\"}]}<\/script>\n<!-- \/ Yoast SEO plugin. -->","yoast_head_json":{"title":"Supercenter Cofrad\u00edas - SACA Sistemas de Protecci\u00f3n contra Incendio M\u00e9xico","robots":{"index":"index","follow":"follow","max-snippet":"max-snippet:-1","max-image-preview":"max-image-preview:large","max-video-preview":"max-video-preview:-1"},"canonical":"https:\/\/saca.com.mx\/es\/proyectos\/obras-2016-2017\/supercenter-cofradias\/","og_locale":"es_ES","og_type":"article","og_title":"Supercenter Cofrad\u00edas - SACA Sistemas de Protecci\u00f3n contra Incendio M\u00e9xico","og_description":"En esta obra, tipo edificio de almacenaje para autoservicio, de materiales para el hogar, en Cuatitl\u00e1n Izcalli, Estado de M\u00e9xico, instalamos el sistema de protecci\u00f3n contra incendio.\u200b El sistema incluye Rociadores Autom\u00e1ticos, Est\u00e1ndar, Secos, instalados de acuerdo a los est\u00e1ndares de NFPA 13, as\u00ed como una Red de Hidrantes, instalada de acuerdo a los est\u00e1ndares [&hellip;]","og_url":"https:\/\/saca.com.mx\/es\/proyectos\/obras-2016-2017\/supercenter-cofradias\/","og_site_name":"SACA Sistemas de Protecci\u00f3n contra Incendio M\u00e9xico","article_modified_time":"2019-04-24T16:38:01+00:00","og_image":[{"url":"http:\/\/saca.com.mx\/es\/wp-content\/uploads\/2018\/07\/cofra.png","type":"","width":"","height":""}],"twitter_card":"summary_large_image","twitter_misc":{"Tiempo de lectura":"1 minuto"},"schema":{"@context":"https:\/\/schema.org","@graph":[{"@type":"WebPage","@id":"https:\/\/saca.com.mx\/es\/proyectos\/obras-2016-2017\/supercenter-cofradias\/","url":"https:\/\/saca.com.mx\/es\/proyectos\/obras-2016-2017\/supercenter-cofradias\/","name":"Supercenter Cofrad\u00edas - SACA Sistemas de Protecci\u00f3n contra Incendio M\u00e9xico","isPartOf":{"@id":"https:\/\/saca.com.mx\/es\/#website"},"primaryImageOfPage":{"@id":"https:\/\/saca.com.mx\/es\/proyectos\/obras-2016-2017\/supercenter-cofradias\/#primaryimage"},"image":{"@id":"https:\/\/saca.com.mx\/es\/proyectos\/obras-2016-2017\/supercenter-cofradias\/#primaryimage"},"thumbnailUrl":"http:\/\/saca.com.mx\/es\/wp-content\/uploads\/2018\/07\/cofra.png","datePublished":"2018-07-28T18:16:15+00:00","dateModified":"2019-04-24T16:38:01+00:00","breadcrumb":{"@id":"https:\/\/saca.com.mx\/es\/proyectos\/obras-2016-2017\/supercenter-cofradias\/#breadcrumb"},"inLanguage":"es","potentialAction":[{"@type":"ReadAction","target":["https:\/\/saca.com.mx\/es\/proyectos\/obras-2016-2017\/supercenter-cofradias\/"]}]},{"@type":"ImageObject","inLanguage":"es","@id":"https:\/\/saca.com.mx\/es\/proyectos\/obras-2016-2017\/supercenter-cofradias\/#primaryimage","url":"https:\/\/saca.com.mx\/es\/wp-content\/uploads\/2018\/07\/cofra.png","contentUrl":"https:\/\/saca.com.mx\/es\/wp-content\/uploads\/2018\/07\/cofra.png","width":1471,"height":537},{"@type":"BreadcrumbList","@id":"https:\/\/saca.com.mx\/es\/proyectos\/obras-2016-2017\/supercenter-cofradias\/#breadcrumb","itemListElement":[{"@type":"ListItem","position":1,"name":"Portada","item":"https:\/\/saca.com.mx\/es\/"},{"@type":"ListItem","position":2,"name":"Proyectos","item":"https:\/\/saca.com.mx\/es\/proyectos\/"},{"@type":"ListItem","position":3,"name":"Obras 2016-2017","item":"https:\/\/saca.com.mx\/es\/proyectos\/obras-2016-2017\/"},{"@type":"ListItem","position":4,"name":"Supercenter Cofrad\u00edas"}]},{"@type":"WebSite","@id":"https:\/\/saca.com.mx\/es\/#website","url":"https:\/\/saca.com.mx\/es\/","name":"SACA Sistemas de Protecci\u00f3n contra Incendio M\u00e9xico","description":"","potentialAction":[{"@type":"SearchAction","target":{"@type":"EntryPoint","urlTemplate":"https:\/\/saca.com.mx\/es\/?s={search_term_string}"},"query-input":{"@type":"PropertyValueSpecification","valueRequired":true,"valueName":"search_term_string"}}],"inLanguage":"es"}]}},"_links":{"self":[{"href":"https:\/\/saca.com.mx\/es\/wp-json\/wp\/v2\/pages\/1556","targetHints":{"allow":["GET"]}}],"collection":[{"href":"https:\/\/saca.com.mx\/es\/wp-json\/wp\/v2\/pages"}],"about":[{"href":"https:\/\/saca.com.mx\/es\/wp-json\/wp\/v2\/types\/page"}],"author":[{"embeddable":true,"href":"https:\/\/saca.com.mx\/es\/wp-json\/wp\/v2\/users\/1"}],"replies":[{"embeddable":true,"href":"https:\/\/saca.com.mx\/es\/wp-json\/wp\/v2\/comments?post=1556"}],"version-history":[{"count":4,"href":"https:\/\/saca.com.mx\/es\/wp-json\/wp\/v2\/pages\/1556\/revisions"}],"predecessor-version":[{"id":1828,"href":"https:\/\/saca.com.mx\/es\/wp-json\/wp\/v2\/pages\/1556\/revisions\/1828"}],"up":[{"embeddable":true,"href":"https:\/\/saca.com.mx\/es\/wp-json\/wp\/v2\/pages\/1324"}],"wp:attachment":[{"href":"https:\/\/saca.com.mx\/es\/wp-json\/wp\/v2\/media?parent=1556"}],"curies":[{"name":"wp","href":"https:\/\/api.w.org\/{rel}","templated":true}]}}