{"id":1725,"date":"2019-04-24T14:11:42","date_gmt":"2019-04-24T14:11:42","guid":{"rendered":"https:\/\/saca.com.mx\/es\/?page_id=1725"},"modified":"2019-04-24T14:11:42","modified_gmt":"2019-04-24T14:11:42","slug":"supercenter-santa-ursula","status":"publish","type":"page","link":"https:\/\/saca.com.mx\/es\/obras-2018-2019\/supercenter-santa-ursula\/","title":{"rendered":"Supercenter Santa \u00darsula"},"content":{"rendered":"<p style=\"text-align: justify;\"><span style=\"color: #993300;\">En esta obra, tipo edificio de almacenaje para autoservicio en Tlalpan, Ciudad de M\u00e9xico, instalamos el sistema de protecci\u00f3n contra incendio.\u200b<\/span><\/p>\n<p style=\"text-align: justify;\">El sistema instalado incluye el sistema de Rociadores Autom\u00e1ticos y Est\u00e1ndar para la tienda, del tipo Seco para c\u00e1maras fr\u00edas y un Sistema de Pre acci\u00f3n para la subestaci\u00f3n, de acuerdo a los est\u00e1ndares de NFPA 13. Adicionalmente instalamos una Red de Hidrantes Interiores y Exteriores, bajo los est\u00e1ndares de NFPA 14.\u200b Por otro lado, instalamos un Equipo de Bombeo Horizontal Diesel y otro El\u00e9ctrico de 2,000 GPM, incluido un Sistema de Supervisi\u00f3n, de acuerdo a los est\u00e1ndares de NFPA 20. Finalmente, instalamos un sistema de protecci\u00f3n contra incendio para cocinas, de tipo carga-descarga.\u200b<\/p>\n<p style=\"text-align: justify;\">El proyecto fue entregado en tiempo, forma y costo, cumpliendo estrictamente con el GANT de la especialidad Protecci\u00f3n Contra Incendio y alineado al programa general de obra de nuestro cliente.<\/p>\n<p><img loading=\"lazy\" decoding=\"async\" class=\"aligncenter size-full wp-image-1726\" src=\"https:\/\/saca.com.mx\/es\/wp-content\/uploads\/2019\/04\/supersantaursula4.jpg\" alt=\"\" width=\"882\" height=\"241\" srcset=\"https:\/\/saca.com.mx\/es\/wp-content\/uploads\/2019\/04\/supersantaursula4.jpg 882w, https:\/\/saca.com.mx\/es\/wp-content\/uploads\/2019\/04\/supersantaursula4-300x82.jpg 300w, https:\/\/saca.com.mx\/es\/wp-content\/uploads\/2019\/04\/supersantaursula4-768x210.jpg 768w\" sizes=\"(max-width: 882px) 100vw, 882px\" \/><\/p>\n","protected":false},"excerpt":{"rendered":"<p>En esta obra, tipo edificio de almacenaje para autoservicio en Tlalpan, Ciudad de M\u00e9xico, instalamos el sistema de protecci\u00f3n contra incendio.\u200b El sistema instalado incluye el sistema de Rociadores Autom\u00e1ticos y Est\u00e1ndar para la tienda, del tipo Seco para c\u00e1maras fr\u00edas y un Sistema de Pre acci\u00f3n para la subestaci\u00f3n, de acuerdo a los est\u00e1ndares [&hellip;]<\/p>\n","protected":false},"author":1,"featured_media":0,"parent":1721,"menu_order":0,"comment_status":"closed","ping_status":"closed","template":"","meta":{"_et_pb_use_builder":"off","_et_pb_old_content":"","_et_gb_content_width":"","footnotes":""},"class_list":["post-1725","page","type-page","status-publish","hentry"],"yoast_head":"<!-- This site is optimized with the Yoast SEO plugin v27.4 - https:\/\/yoast.com\/product\/yoast-seo-wordpress\/ -->\n<title>Supercenter Santa \u00darsula - SACA Sistemas de Protecci\u00f3n contra Incendio M\u00e9xico<\/title>\n<meta name=\"robots\" content=\"index, follow, max-snippet:-1, max-image-preview:large, max-video-preview:-1\" \/>\n<link rel=\"canonical\" href=\"https:\/\/saca.com.mx\/es\/obras-2018-2019\/supercenter-santa-ursula\/\" \/>\n<meta property=\"og:locale\" content=\"es_ES\" \/>\n<meta property=\"og:type\" content=\"article\" \/>\n<meta property=\"og:title\" content=\"Supercenter Santa \u00darsula - SACA Sistemas de Protecci\u00f3n contra Incendio M\u00e9xico\" \/>\n<meta property=\"og:description\" content=\"En esta obra, tipo edificio de almacenaje para autoservicio en Tlalpan, Ciudad de M\u00e9xico, instalamos el sistema de protecci\u00f3n contra incendio.\u200b El sistema instalado incluye el sistema de Rociadores Autom\u00e1ticos y Est\u00e1ndar para la tienda, del tipo Seco para c\u00e1maras fr\u00edas y un Sistema de Pre acci\u00f3n para la subestaci\u00f3n, de acuerdo a los est\u00e1ndares [&hellip;]\" \/>\n<meta property=\"og:url\" content=\"https:\/\/saca.com.mx\/es\/obras-2018-2019\/supercenter-santa-ursula\/\" \/>\n<meta property=\"og:site_name\" content=\"SACA Sistemas de Protecci\u00f3n contra Incendio M\u00e9xico\" \/>\n<meta property=\"og:image\" content=\"https:\/\/saca.com.mx\/es\/wp-content\/uploads\/2019\/04\/supersantaursula4.jpg\" \/>\n<meta name=\"twitter:card\" content=\"summary_large_image\" \/>\n<meta name=\"twitter:label1\" content=\"Tiempo de lectura\" \/>\n\t<meta name=\"twitter:data1\" content=\"1 minuto\" \/>\n<script type=\"application\/ld+json\" class=\"yoast-schema-graph\">{\"@context\":\"https:\\\/\\\/schema.org\",\"@graph\":[{\"@type\":\"WebPage\",\"@id\":\"https:\\\/\\\/saca.com.mx\\\/es\\\/obras-2018-2019\\\/supercenter-santa-ursula\\\/\",\"url\":\"https:\\\/\\\/saca.com.mx\\\/es\\\/obras-2018-2019\\\/supercenter-santa-ursula\\\/\",\"name\":\"Supercenter Santa \u00darsula - SACA Sistemas de Protecci\u00f3n contra Incendio M\u00e9xico\",\"isPartOf\":{\"@id\":\"https:\\\/\\\/saca.com.mx\\\/es\\\/#website\"},\"primaryImageOfPage\":{\"@id\":\"https:\\\/\\\/saca.com.mx\\\/es\\\/obras-2018-2019\\\/supercenter-santa-ursula\\\/#primaryimage\"},\"image\":{\"@id\":\"https:\\\/\\\/saca.com.mx\\\/es\\\/obras-2018-2019\\\/supercenter-santa-ursula\\\/#primaryimage\"},\"thumbnailUrl\":\"https:\\\/\\\/saca.com.mx\\\/es\\\/wp-content\\\/uploads\\\/2019\\\/04\\\/supersantaursula4.jpg\",\"datePublished\":\"2019-04-24T14:11:42+00:00\",\"breadcrumb\":{\"@id\":\"https:\\\/\\\/saca.com.mx\\\/es\\\/obras-2018-2019\\\/supercenter-santa-ursula\\\/#breadcrumb\"},\"inLanguage\":\"es\",\"potentialAction\":[{\"@type\":\"ReadAction\",\"target\":[\"https:\\\/\\\/saca.com.mx\\\/es\\\/obras-2018-2019\\\/supercenter-santa-ursula\\\/\"]}]},{\"@type\":\"ImageObject\",\"inLanguage\":\"es\",\"@id\":\"https:\\\/\\\/saca.com.mx\\\/es\\\/obras-2018-2019\\\/supercenter-santa-ursula\\\/#primaryimage\",\"url\":\"https:\\\/\\\/saca.com.mx\\\/es\\\/wp-content\\\/uploads\\\/2019\\\/04\\\/supersantaursula4.jpg\",\"contentUrl\":\"https:\\\/\\\/saca.com.mx\\\/es\\\/wp-content\\\/uploads\\\/2019\\\/04\\\/supersantaursula4.jpg\",\"width\":882,\"height\":241},{\"@type\":\"BreadcrumbList\",\"@id\":\"https:\\\/\\\/saca.com.mx\\\/es\\\/obras-2018-2019\\\/supercenter-santa-ursula\\\/#breadcrumb\",\"itemListElement\":[{\"@type\":\"ListItem\",\"position\":1,\"name\":\"Portada\",\"item\":\"https:\\\/\\\/saca.com.mx\\\/es\\\/\"},{\"@type\":\"ListItem\",\"position\":2,\"name\":\"Obras 2018-2019\",\"item\":\"https:\\\/\\\/saca.com.mx\\\/es\\\/obras-2018-2019\\\/\"},{\"@type\":\"ListItem\",\"position\":3,\"name\":\"Supercenter Santa \u00darsula\"}]},{\"@type\":\"WebSite\",\"@id\":\"https:\\\/\\\/saca.com.mx\\\/es\\\/#website\",\"url\":\"https:\\\/\\\/saca.com.mx\\\/es\\\/\",\"name\":\"SACA Sistemas de Protecci\u00f3n contra Incendio M\u00e9xico\",\"description\":\"\",\"potentialAction\":[{\"@type\":\"SearchAction\",\"target\":{\"@type\":\"EntryPoint\",\"urlTemplate\":\"https:\\\/\\\/saca.com.mx\\\/es\\\/?s={search_term_string}\"},\"query-input\":{\"@type\":\"PropertyValueSpecification\",\"valueRequired\":true,\"valueName\":\"search_term_string\"}}],\"inLanguage\":\"es\"}]}<\/script>\n<!-- \/ Yoast SEO plugin. -->","yoast_head_json":{"title":"Supercenter Santa \u00darsula - SACA Sistemas de Protecci\u00f3n contra Incendio M\u00e9xico","robots":{"index":"index","follow":"follow","max-snippet":"max-snippet:-1","max-image-preview":"max-image-preview:large","max-video-preview":"max-video-preview:-1"},"canonical":"https:\/\/saca.com.mx\/es\/obras-2018-2019\/supercenter-santa-ursula\/","og_locale":"es_ES","og_type":"article","og_title":"Supercenter Santa \u00darsula - SACA Sistemas de Protecci\u00f3n contra Incendio M\u00e9xico","og_description":"En esta obra, tipo edificio de almacenaje para autoservicio en Tlalpan, Ciudad de M\u00e9xico, instalamos el sistema de protecci\u00f3n contra incendio.\u200b El sistema instalado incluye el sistema de Rociadores Autom\u00e1ticos y Est\u00e1ndar para la tienda, del tipo Seco para c\u00e1maras fr\u00edas y un Sistema de Pre acci\u00f3n para la subestaci\u00f3n, de acuerdo a los est\u00e1ndares [&hellip;]","og_url":"https:\/\/saca.com.mx\/es\/obras-2018-2019\/supercenter-santa-ursula\/","og_site_name":"SACA Sistemas de Protecci\u00f3n contra Incendio M\u00e9xico","og_image":[{"url":"https:\/\/saca.com.mx\/es\/wp-content\/uploads\/2019\/04\/supersantaursula4.jpg","type":"","width":"","height":""}],"twitter_card":"summary_large_image","twitter_misc":{"Tiempo de lectura":"1 minuto"},"schema":{"@context":"https:\/\/schema.org","@graph":[{"@type":"WebPage","@id":"https:\/\/saca.com.mx\/es\/obras-2018-2019\/supercenter-santa-ursula\/","url":"https:\/\/saca.com.mx\/es\/obras-2018-2019\/supercenter-santa-ursula\/","name":"Supercenter Santa \u00darsula - SACA Sistemas de Protecci\u00f3n contra Incendio M\u00e9xico","isPartOf":{"@id":"https:\/\/saca.com.mx\/es\/#website"},"primaryImageOfPage":{"@id":"https:\/\/saca.com.mx\/es\/obras-2018-2019\/supercenter-santa-ursula\/#primaryimage"},"image":{"@id":"https:\/\/saca.com.mx\/es\/obras-2018-2019\/supercenter-santa-ursula\/#primaryimage"},"thumbnailUrl":"https:\/\/saca.com.mx\/es\/wp-content\/uploads\/2019\/04\/supersantaursula4.jpg","datePublished":"2019-04-24T14:11:42+00:00","breadcrumb":{"@id":"https:\/\/saca.com.mx\/es\/obras-2018-2019\/supercenter-santa-ursula\/#breadcrumb"},"inLanguage":"es","potentialAction":[{"@type":"ReadAction","target":["https:\/\/saca.com.mx\/es\/obras-2018-2019\/supercenter-santa-ursula\/"]}]},{"@type":"ImageObject","inLanguage":"es","@id":"https:\/\/saca.com.mx\/es\/obras-2018-2019\/supercenter-santa-ursula\/#primaryimage","url":"https:\/\/saca.com.mx\/es\/wp-content\/uploads\/2019\/04\/supersantaursula4.jpg","contentUrl":"https:\/\/saca.com.mx\/es\/wp-content\/uploads\/2019\/04\/supersantaursula4.jpg","width":882,"height":241},{"@type":"BreadcrumbList","@id":"https:\/\/saca.com.mx\/es\/obras-2018-2019\/supercenter-santa-ursula\/#breadcrumb","itemListElement":[{"@type":"ListItem","position":1,"name":"Portada","item":"https:\/\/saca.com.mx\/es\/"},{"@type":"ListItem","position":2,"name":"Obras 2018-2019","item":"https:\/\/saca.com.mx\/es\/obras-2018-2019\/"},{"@type":"ListItem","position":3,"name":"Supercenter Santa \u00darsula"}]},{"@type":"WebSite","@id":"https:\/\/saca.com.mx\/es\/#website","url":"https:\/\/saca.com.mx\/es\/","name":"SACA Sistemas de Protecci\u00f3n contra Incendio M\u00e9xico","description":"","potentialAction":[{"@type":"SearchAction","target":{"@type":"EntryPoint","urlTemplate":"https:\/\/saca.com.mx\/es\/?s={search_term_string}"},"query-input":{"@type":"PropertyValueSpecification","valueRequired":true,"valueName":"search_term_string"}}],"inLanguage":"es"}]}},"_links":{"self":[{"href":"https:\/\/saca.com.mx\/es\/wp-json\/wp\/v2\/pages\/1725","targetHints":{"allow":["GET"]}}],"collection":[{"href":"https:\/\/saca.com.mx\/es\/wp-json\/wp\/v2\/pages"}],"about":[{"href":"https:\/\/saca.com.mx\/es\/wp-json\/wp\/v2\/types\/page"}],"author":[{"embeddable":true,"href":"https:\/\/saca.com.mx\/es\/wp-json\/wp\/v2\/users\/1"}],"replies":[{"embeddable":true,"href":"https:\/\/saca.com.mx\/es\/wp-json\/wp\/v2\/comments?post=1725"}],"version-history":[{"count":1,"href":"https:\/\/saca.com.mx\/es\/wp-json\/wp\/v2\/pages\/1725\/revisions"}],"predecessor-version":[{"id":1727,"href":"https:\/\/saca.com.mx\/es\/wp-json\/wp\/v2\/pages\/1725\/revisions\/1727"}],"up":[{"embeddable":true,"href":"https:\/\/saca.com.mx\/es\/wp-json\/wp\/v2\/pages\/1721"}],"wp:attachment":[{"href":"https:\/\/saca.com.mx\/es\/wp-json\/wp\/v2\/media?parent=1725"}],"curies":[{"name":"wp","href":"https:\/\/api.w.org\/{rel}","templated":true}]}}