{"id":2011,"date":"2019-04-24T19:23:06","date_gmt":"2019-04-24T19:23:06","guid":{"rendered":"https:\/\/saca.com.mx\/es\/?page_id=2011"},"modified":"2019-04-25T22:51:19","modified_gmt":"2019-04-25T22:51:19","slug":"brembo","status":"publish","type":"page","link":"https:\/\/saca.com.mx\/es\/obras-2018-2019\/brembo\/","title":{"rendered":"Brembo"},"content":{"rendered":"<p style=\"text-align: justify;\"><span style=\"color: #993300;\">En esta obra, tipo planta automotriz, en Escobedo, Nuevo Le\u00f3n, instalamos el sistema de protecci\u00f3n contra incendio.\u200b<\/span><\/p>\n<p style=\"text-align: justify;\">El sistema incluye una Red de Hidrantes, instalada de acuerdo a los est\u00e1ndares NFPA 14. Adicionalmente instalamos un Tanque Atornillable de 159,900 galones y un Sistema de Bombeo, Diesel y El\u00e9ctrico, de 750 GPM, de acuerdo a los est\u00e1ndares NFPA 22 y 20, respectivamente. El proyecto fue entregado en tiempo, forma y costo, cumpliendo estrictamente con el GANT de la especialidad y programa de obra.<\/p>\n<p><img loading=\"lazy\" decoding=\"async\" class=\"aligncenter size-full wp-image-2012\" src=\"https:\/\/saca.com.mx\/es\/wp-content\/uploads\/2019\/04\/brembo.jpg\" alt=\"\" width=\"882\" height=\"241\" srcset=\"https:\/\/saca.com.mx\/es\/wp-content\/uploads\/2019\/04\/brembo.jpg 882w, https:\/\/saca.com.mx\/es\/wp-content\/uploads\/2019\/04\/brembo-300x82.jpg 300w, https:\/\/saca.com.mx\/es\/wp-content\/uploads\/2019\/04\/brembo-768x210.jpg 768w, https:\/\/saca.com.mx\/es\/wp-content\/uploads\/2019\/04\/brembo-24x7.jpg 24w, https:\/\/saca.com.mx\/es\/wp-content\/uploads\/2019\/04\/brembo-36x10.jpg 36w, https:\/\/saca.com.mx\/es\/wp-content\/uploads\/2019\/04\/brembo-48x13.jpg 48w\" sizes=\"(max-width: 882px) 100vw, 882px\" \/><\/p>\n","protected":false},"excerpt":{"rendered":"<p>En esta obra, tipo planta automotriz, en Escobedo, Nuevo Le\u00f3n, instalamos el sistema de protecci\u00f3n contra incendio.\u200b El sistema incluye una Red de Hidrantes, instalada de acuerdo a los est\u00e1ndares NFPA 14. Adicionalmente instalamos un Tanque Atornillable de 159,900 galones y un Sistema de Bombeo, Diesel y El\u00e9ctrico, de 750 GPM, de acuerdo a los [&hellip;]<\/p>\n","protected":false},"author":1,"featured_media":0,"parent":1721,"menu_order":0,"comment_status":"closed","ping_status":"closed","template":"","meta":{"_et_pb_use_builder":"","_et_pb_old_content":"","_et_gb_content_width":"","footnotes":""},"class_list":["post-2011","page","type-page","status-publish","hentry"],"yoast_head":"<!-- This site is optimized with the Yoast SEO plugin v27.4 - https:\/\/yoast.com\/product\/yoast-seo-wordpress\/ -->\n<title>Brembo - SACA Sistemas de Protecci\u00f3n contra Incendio M\u00e9xico<\/title>\n<meta name=\"robots\" content=\"index, follow, max-snippet:-1, max-image-preview:large, max-video-preview:-1\" \/>\n<link rel=\"canonical\" href=\"https:\/\/saca.com.mx\/es\/obras-2018-2019\/brembo\/\" \/>\n<meta property=\"og:locale\" content=\"es_ES\" \/>\n<meta property=\"og:type\" content=\"article\" \/>\n<meta property=\"og:title\" content=\"Brembo - SACA Sistemas de Protecci\u00f3n contra Incendio M\u00e9xico\" \/>\n<meta property=\"og:description\" content=\"En esta obra, tipo planta automotriz, en Escobedo, Nuevo Le\u00f3n, instalamos el sistema de protecci\u00f3n contra incendio.\u200b El sistema incluye una Red de Hidrantes, instalada de acuerdo a los est\u00e1ndares NFPA 14. Adicionalmente instalamos un Tanque Atornillable de 159,900 galones y un Sistema de Bombeo, Diesel y El\u00e9ctrico, de 750 GPM, de acuerdo a los [&hellip;]\" \/>\n<meta property=\"og:url\" content=\"https:\/\/saca.com.mx\/es\/obras-2018-2019\/brembo\/\" \/>\n<meta property=\"og:site_name\" content=\"SACA Sistemas de Protecci\u00f3n contra Incendio M\u00e9xico\" \/>\n<meta property=\"article:modified_time\" content=\"2019-04-25T22:51:19+00:00\" \/>\n<meta property=\"og:image\" content=\"https:\/\/saca.com.mx\/es\/wp-content\/uploads\/2019\/04\/brembo.jpg\" \/>\n<meta name=\"twitter:card\" content=\"summary_large_image\" \/>\n<script type=\"application\/ld+json\" class=\"yoast-schema-graph\">{\"@context\":\"https:\\\/\\\/schema.org\",\"@graph\":[{\"@type\":\"WebPage\",\"@id\":\"https:\\\/\\\/saca.com.mx\\\/es\\\/obras-2018-2019\\\/brembo\\\/\",\"url\":\"https:\\\/\\\/saca.com.mx\\\/es\\\/obras-2018-2019\\\/brembo\\\/\",\"name\":\"Brembo - SACA Sistemas de Protecci\u00f3n contra Incendio M\u00e9xico\",\"isPartOf\":{\"@id\":\"https:\\\/\\\/saca.com.mx\\\/es\\\/#website\"},\"primaryImageOfPage\":{\"@id\":\"https:\\\/\\\/saca.com.mx\\\/es\\\/obras-2018-2019\\\/brembo\\\/#primaryimage\"},\"image\":{\"@id\":\"https:\\\/\\\/saca.com.mx\\\/es\\\/obras-2018-2019\\\/brembo\\\/#primaryimage\"},\"thumbnailUrl\":\"https:\\\/\\\/saca.com.mx\\\/es\\\/wp-content\\\/uploads\\\/2019\\\/04\\\/brembo.jpg\",\"datePublished\":\"2019-04-24T19:23:06+00:00\",\"dateModified\":\"2019-04-25T22:51:19+00:00\",\"breadcrumb\":{\"@id\":\"https:\\\/\\\/saca.com.mx\\\/es\\\/obras-2018-2019\\\/brembo\\\/#breadcrumb\"},\"inLanguage\":\"es\",\"potentialAction\":[{\"@type\":\"ReadAction\",\"target\":[\"https:\\\/\\\/saca.com.mx\\\/es\\\/obras-2018-2019\\\/brembo\\\/\"]}]},{\"@type\":\"ImageObject\",\"inLanguage\":\"es\",\"@id\":\"https:\\\/\\\/saca.com.mx\\\/es\\\/obras-2018-2019\\\/brembo\\\/#primaryimage\",\"url\":\"https:\\\/\\\/saca.com.mx\\\/es\\\/wp-content\\\/uploads\\\/2019\\\/04\\\/brembo.jpg\",\"contentUrl\":\"https:\\\/\\\/saca.com.mx\\\/es\\\/wp-content\\\/uploads\\\/2019\\\/04\\\/brembo.jpg\",\"width\":882,\"height\":241},{\"@type\":\"BreadcrumbList\",\"@id\":\"https:\\\/\\\/saca.com.mx\\\/es\\\/obras-2018-2019\\\/brembo\\\/#breadcrumb\",\"itemListElement\":[{\"@type\":\"ListItem\",\"position\":1,\"name\":\"Portada\",\"item\":\"https:\\\/\\\/saca.com.mx\\\/es\\\/\"},{\"@type\":\"ListItem\",\"position\":2,\"name\":\"Obras 2018-2019\",\"item\":\"https:\\\/\\\/saca.com.mx\\\/es\\\/obras-2018-2019\\\/\"},{\"@type\":\"ListItem\",\"position\":3,\"name\":\"Brembo\"}]},{\"@type\":\"WebSite\",\"@id\":\"https:\\\/\\\/saca.com.mx\\\/es\\\/#website\",\"url\":\"https:\\\/\\\/saca.com.mx\\\/es\\\/\",\"name\":\"SACA Sistemas de Protecci\u00f3n contra Incendio M\u00e9xico\",\"description\":\"\",\"potentialAction\":[{\"@type\":\"SearchAction\",\"target\":{\"@type\":\"EntryPoint\",\"urlTemplate\":\"https:\\\/\\\/saca.com.mx\\\/es\\\/?s={search_term_string}\"},\"query-input\":{\"@type\":\"PropertyValueSpecification\",\"valueRequired\":true,\"valueName\":\"search_term_string\"}}],\"inLanguage\":\"es\"}]}<\/script>\n<!-- \/ Yoast SEO plugin. -->","yoast_head_json":{"title":"Brembo - SACA Sistemas de Protecci\u00f3n contra Incendio M\u00e9xico","robots":{"index":"index","follow":"follow","max-snippet":"max-snippet:-1","max-image-preview":"max-image-preview:large","max-video-preview":"max-video-preview:-1"},"canonical":"https:\/\/saca.com.mx\/es\/obras-2018-2019\/brembo\/","og_locale":"es_ES","og_type":"article","og_title":"Brembo - SACA Sistemas de Protecci\u00f3n contra Incendio M\u00e9xico","og_description":"En esta obra, tipo planta automotriz, en Escobedo, Nuevo Le\u00f3n, instalamos el sistema de protecci\u00f3n contra incendio.\u200b El sistema incluye una Red de Hidrantes, instalada de acuerdo a los est\u00e1ndares NFPA 14. Adicionalmente instalamos un Tanque Atornillable de 159,900 galones y un Sistema de Bombeo, Diesel y El\u00e9ctrico, de 750 GPM, de acuerdo a los [&hellip;]","og_url":"https:\/\/saca.com.mx\/es\/obras-2018-2019\/brembo\/","og_site_name":"SACA Sistemas de Protecci\u00f3n contra Incendio M\u00e9xico","article_modified_time":"2019-04-25T22:51:19+00:00","og_image":[{"url":"https:\/\/saca.com.mx\/es\/wp-content\/uploads\/2019\/04\/brembo.jpg","type":"","width":"","height":""}],"twitter_card":"summary_large_image","schema":{"@context":"https:\/\/schema.org","@graph":[{"@type":"WebPage","@id":"https:\/\/saca.com.mx\/es\/obras-2018-2019\/brembo\/","url":"https:\/\/saca.com.mx\/es\/obras-2018-2019\/brembo\/","name":"Brembo - SACA Sistemas de Protecci\u00f3n contra Incendio M\u00e9xico","isPartOf":{"@id":"https:\/\/saca.com.mx\/es\/#website"},"primaryImageOfPage":{"@id":"https:\/\/saca.com.mx\/es\/obras-2018-2019\/brembo\/#primaryimage"},"image":{"@id":"https:\/\/saca.com.mx\/es\/obras-2018-2019\/brembo\/#primaryimage"},"thumbnailUrl":"https:\/\/saca.com.mx\/es\/wp-content\/uploads\/2019\/04\/brembo.jpg","datePublished":"2019-04-24T19:23:06+00:00","dateModified":"2019-04-25T22:51:19+00:00","breadcrumb":{"@id":"https:\/\/saca.com.mx\/es\/obras-2018-2019\/brembo\/#breadcrumb"},"inLanguage":"es","potentialAction":[{"@type":"ReadAction","target":["https:\/\/saca.com.mx\/es\/obras-2018-2019\/brembo\/"]}]},{"@type":"ImageObject","inLanguage":"es","@id":"https:\/\/saca.com.mx\/es\/obras-2018-2019\/brembo\/#primaryimage","url":"https:\/\/saca.com.mx\/es\/wp-content\/uploads\/2019\/04\/brembo.jpg","contentUrl":"https:\/\/saca.com.mx\/es\/wp-content\/uploads\/2019\/04\/brembo.jpg","width":882,"height":241},{"@type":"BreadcrumbList","@id":"https:\/\/saca.com.mx\/es\/obras-2018-2019\/brembo\/#breadcrumb","itemListElement":[{"@type":"ListItem","position":1,"name":"Portada","item":"https:\/\/saca.com.mx\/es\/"},{"@type":"ListItem","position":2,"name":"Obras 2018-2019","item":"https:\/\/saca.com.mx\/es\/obras-2018-2019\/"},{"@type":"ListItem","position":3,"name":"Brembo"}]},{"@type":"WebSite","@id":"https:\/\/saca.com.mx\/es\/#website","url":"https:\/\/saca.com.mx\/es\/","name":"SACA Sistemas de Protecci\u00f3n contra Incendio M\u00e9xico","description":"","potentialAction":[{"@type":"SearchAction","target":{"@type":"EntryPoint","urlTemplate":"https:\/\/saca.com.mx\/es\/?s={search_term_string}"},"query-input":{"@type":"PropertyValueSpecification","valueRequired":true,"valueName":"search_term_string"}}],"inLanguage":"es"}]}},"_links":{"self":[{"href":"https:\/\/saca.com.mx\/es\/wp-json\/wp\/v2\/pages\/2011","targetHints":{"allow":["GET"]}}],"collection":[{"href":"https:\/\/saca.com.mx\/es\/wp-json\/wp\/v2\/pages"}],"about":[{"href":"https:\/\/saca.com.mx\/es\/wp-json\/wp\/v2\/types\/page"}],"author":[{"embeddable":true,"href":"https:\/\/saca.com.mx\/es\/wp-json\/wp\/v2\/users\/1"}],"replies":[{"embeddable":true,"href":"https:\/\/saca.com.mx\/es\/wp-json\/wp\/v2\/comments?post=2011"}],"version-history":[{"count":3,"href":"https:\/\/saca.com.mx\/es\/wp-json\/wp\/v2\/pages\/2011\/revisions"}],"predecessor-version":[{"id":2026,"href":"https:\/\/saca.com.mx\/es\/wp-json\/wp\/v2\/pages\/2011\/revisions\/2026"}],"up":[{"embeddable":true,"href":"https:\/\/saca.com.mx\/es\/wp-json\/wp\/v2\/pages\/1721"}],"wp:attachment":[{"href":"https:\/\/saca.com.mx\/es\/wp-json\/wp\/v2\/media?parent=2011"}],"curies":[{"name":"wp","href":"https:\/\/api.w.org\/{rel}","templated":true}]}}