{"id":2190,"date":"2021-01-05T17:44:09","date_gmt":"2021-01-05T17:44:09","guid":{"rendered":"https:\/\/saca.com.mx\/es\/?page_id=2190"},"modified":"2021-01-27T19:10:59","modified_gmt":"2021-01-27T19:10:59","slug":"sams-saltillo","status":"publish","type":"page","link":"https:\/\/saca.com.mx\/es\/obras-2018-2019\/sams-saltillo\/","title":{"rendered":"Sam&#8217;s Saltillo"},"content":{"rendered":"<p style=\"text-align: justify;\"><span style=\"color: #993300;\">En esta obra, tipo edificio de almacenaje para autoservicio en Saltillo, Coahuila, instalamos el sistema de protecci\u00f3n contra incendio.<\/span><\/p>\n<p style=\"text-align: justify;\">El sistema instalado incluye Rociadores ESFR K16.8 en piso de ventas, Rociadores en \u00e1rea de abarrotes, Rociadores en oficinas generales, Rociadores en \u00e1rea de recibo y Rociadores en c\u00e1maras fr\u00edas tipo Dry Pendent, de acuerdo con los est\u00e1ndares de NFPA 13. Por otro lado, instalamos un sistema de preacci\u00f3n en subestaci\u00f3n, interconexi\u00f3n de Hidrantes existentes y reubicaci\u00f3n de Hidrantes interiores y exteriores con manguera 1 1\/2&#8243;, de acuerdo con los est\u00e1ndares de NFPA 14. Adicionalmente, instalamos un Sistema de Alarma y Detecci\u00f3n, de acuerdo a los est\u00e1ndares de NFPA 72. Posteriormente, instalamos un Sistema de Bombas Contra Incendio Diesel y El\u00e9ctrica de 2,000 GPM con una Bomba Contra Incendios Jockey para recuperaci\u00f3n de presi\u00f3n, conforme a los est\u00e1ndares de NFPA 20; as\u00ed como un Tanque con capacidad de almacenaje de 123,540 galones para Protecci\u00f3n Contra Incendio, de acuerdo a los est\u00e1ndares de NFPA 22. Finalmente, instalamos un Sistema de Protecci\u00f3n Contra Incendio para cocinas, de tipo carga-descarga.\u200b<\/p>\n<p style=\"text-align: justify;\">El proyecto fue entregado en tiempo, forma y costo, cumpliendo estrictamente con el GANT de la especialidad Protecci\u00f3n Contra Incendio y alineado al programa general de obra de nuestro cliente.<\/p>\n<p><img loading=\"lazy\" decoding=\"async\" class=\"aligncenter size-full wp-image-2314\" src=\"https:\/\/saca.com.mx\/es\/wp-content\/uploads\/2021\/01\/9-1.png\" alt=\"\" width=\"1545\" height=\"591\" srcset=\"https:\/\/saca.com.mx\/es\/wp-content\/uploads\/2021\/01\/9-1.png 1545w, https:\/\/saca.com.mx\/es\/wp-content\/uploads\/2021\/01\/9-1-300x115.png 300w, https:\/\/saca.com.mx\/es\/wp-content\/uploads\/2021\/01\/9-1-768x294.png 768w, https:\/\/saca.com.mx\/es\/wp-content\/uploads\/2021\/01\/9-1-1024x392.png 1024w, https:\/\/saca.com.mx\/es\/wp-content\/uploads\/2021\/01\/9-1-1080x413.png 1080w, https:\/\/saca.com.mx\/es\/wp-content\/uploads\/2021\/01\/9-1-24x9.png 24w, https:\/\/saca.com.mx\/es\/wp-content\/uploads\/2021\/01\/9-1-36x14.png 36w, https:\/\/saca.com.mx\/es\/wp-content\/uploads\/2021\/01\/9-1-48x18.png 48w\" sizes=\"(max-width: 1545px) 100vw, 1545px\" \/><\/p>\n","protected":false},"excerpt":{"rendered":"<p>En esta obra, tipo edificio de almacenaje para autoservicio en Saltillo, Coahuila, instalamos el sistema de protecci\u00f3n contra incendio. El sistema instalado incluye Rociadores ESFR K16.8 en piso de ventas, Rociadores en \u00e1rea de abarrotes, Rociadores en oficinas generales, Rociadores en \u00e1rea de recibo y Rociadores en c\u00e1maras fr\u00edas tipo Dry Pendent, de acuerdo con [&hellip;]<\/p>\n","protected":false},"author":1,"featured_media":0,"parent":1721,"menu_order":0,"comment_status":"closed","ping_status":"closed","template":"","meta":{"_et_pb_use_builder":"","_et_pb_old_content":"","_et_gb_content_width":"","footnotes":""},"class_list":["post-2190","page","type-page","status-publish","hentry"],"yoast_head":"<!-- This site is optimized with the Yoast SEO plugin v27.4 - https:\/\/yoast.com\/product\/yoast-seo-wordpress\/ -->\n<title>Sam&#039;s Saltillo - SACA Sistemas de Protecci\u00f3n contra Incendio M\u00e9xico<\/title>\n<meta name=\"robots\" content=\"index, follow, max-snippet:-1, max-image-preview:large, max-video-preview:-1\" \/>\n<link rel=\"canonical\" href=\"https:\/\/saca.com.mx\/es\/obras-2018-2019\/sams-saltillo\/\" \/>\n<meta property=\"og:locale\" content=\"es_ES\" \/>\n<meta property=\"og:type\" content=\"article\" \/>\n<meta property=\"og:title\" content=\"Sam&#039;s Saltillo - SACA Sistemas de Protecci\u00f3n contra Incendio M\u00e9xico\" \/>\n<meta property=\"og:description\" content=\"En esta obra, tipo edificio de almacenaje para autoservicio en Saltillo, Coahuila, instalamos el sistema de protecci\u00f3n contra incendio. El sistema instalado incluye Rociadores ESFR K16.8 en piso de ventas, Rociadores en \u00e1rea de abarrotes, Rociadores en oficinas generales, Rociadores en \u00e1rea de recibo y Rociadores en c\u00e1maras fr\u00edas tipo Dry Pendent, de acuerdo con [&hellip;]\" \/>\n<meta property=\"og:url\" content=\"https:\/\/saca.com.mx\/es\/obras-2018-2019\/sams-saltillo\/\" \/>\n<meta property=\"og:site_name\" content=\"SACA Sistemas de Protecci\u00f3n contra Incendio M\u00e9xico\" \/>\n<meta property=\"article:modified_time\" content=\"2021-01-27T19:10:59+00:00\" \/>\n<meta property=\"og:image\" content=\"https:\/\/saca.com.mx\/es\/wp-content\/uploads\/2021\/01\/9-1.png\" \/>\n<meta name=\"twitter:card\" content=\"summary_large_image\" \/>\n<meta name=\"twitter:label1\" content=\"Tiempo de lectura\" \/>\n\t<meta name=\"twitter:data1\" content=\"1 minuto\" \/>\n<script type=\"application\/ld+json\" class=\"yoast-schema-graph\">{\"@context\":\"https:\\\/\\\/schema.org\",\"@graph\":[{\"@type\":\"WebPage\",\"@id\":\"https:\\\/\\\/saca.com.mx\\\/es\\\/obras-2018-2019\\\/sams-saltillo\\\/\",\"url\":\"https:\\\/\\\/saca.com.mx\\\/es\\\/obras-2018-2019\\\/sams-saltillo\\\/\",\"name\":\"Sam's Saltillo - SACA Sistemas de Protecci\u00f3n contra Incendio M\u00e9xico\",\"isPartOf\":{\"@id\":\"https:\\\/\\\/saca.com.mx\\\/es\\\/#website\"},\"primaryImageOfPage\":{\"@id\":\"https:\\\/\\\/saca.com.mx\\\/es\\\/obras-2018-2019\\\/sams-saltillo\\\/#primaryimage\"},\"image\":{\"@id\":\"https:\\\/\\\/saca.com.mx\\\/es\\\/obras-2018-2019\\\/sams-saltillo\\\/#primaryimage\"},\"thumbnailUrl\":\"https:\\\/\\\/saca.com.mx\\\/es\\\/wp-content\\\/uploads\\\/2021\\\/01\\\/9-1.png\",\"datePublished\":\"2021-01-05T17:44:09+00:00\",\"dateModified\":\"2021-01-27T19:10:59+00:00\",\"breadcrumb\":{\"@id\":\"https:\\\/\\\/saca.com.mx\\\/es\\\/obras-2018-2019\\\/sams-saltillo\\\/#breadcrumb\"},\"inLanguage\":\"es\",\"potentialAction\":[{\"@type\":\"ReadAction\",\"target\":[\"https:\\\/\\\/saca.com.mx\\\/es\\\/obras-2018-2019\\\/sams-saltillo\\\/\"]}]},{\"@type\":\"ImageObject\",\"inLanguage\":\"es\",\"@id\":\"https:\\\/\\\/saca.com.mx\\\/es\\\/obras-2018-2019\\\/sams-saltillo\\\/#primaryimage\",\"url\":\"https:\\\/\\\/saca.com.mx\\\/es\\\/wp-content\\\/uploads\\\/2021\\\/01\\\/9-1.png\",\"contentUrl\":\"https:\\\/\\\/saca.com.mx\\\/es\\\/wp-content\\\/uploads\\\/2021\\\/01\\\/9-1.png\",\"width\":1545,\"height\":591},{\"@type\":\"BreadcrumbList\",\"@id\":\"https:\\\/\\\/saca.com.mx\\\/es\\\/obras-2018-2019\\\/sams-saltillo\\\/#breadcrumb\",\"itemListElement\":[{\"@type\":\"ListItem\",\"position\":1,\"name\":\"Portada\",\"item\":\"https:\\\/\\\/saca.com.mx\\\/es\\\/\"},{\"@type\":\"ListItem\",\"position\":2,\"name\":\"Obras 2018-2019\",\"item\":\"https:\\\/\\\/saca.com.mx\\\/es\\\/obras-2018-2019\\\/\"},{\"@type\":\"ListItem\",\"position\":3,\"name\":\"Sam&#8217;s Saltillo\"}]},{\"@type\":\"WebSite\",\"@id\":\"https:\\\/\\\/saca.com.mx\\\/es\\\/#website\",\"url\":\"https:\\\/\\\/saca.com.mx\\\/es\\\/\",\"name\":\"SACA Sistemas de Protecci\u00f3n contra Incendio M\u00e9xico\",\"description\":\"\",\"potentialAction\":[{\"@type\":\"SearchAction\",\"target\":{\"@type\":\"EntryPoint\",\"urlTemplate\":\"https:\\\/\\\/saca.com.mx\\\/es\\\/?s={search_term_string}\"},\"query-input\":{\"@type\":\"PropertyValueSpecification\",\"valueRequired\":true,\"valueName\":\"search_term_string\"}}],\"inLanguage\":\"es\"}]}<\/script>\n<!-- \/ Yoast SEO plugin. -->","yoast_head_json":{"title":"Sam's Saltillo - SACA Sistemas de Protecci\u00f3n contra Incendio M\u00e9xico","robots":{"index":"index","follow":"follow","max-snippet":"max-snippet:-1","max-image-preview":"max-image-preview:large","max-video-preview":"max-video-preview:-1"},"canonical":"https:\/\/saca.com.mx\/es\/obras-2018-2019\/sams-saltillo\/","og_locale":"es_ES","og_type":"article","og_title":"Sam's Saltillo - SACA Sistemas de Protecci\u00f3n contra Incendio M\u00e9xico","og_description":"En esta obra, tipo edificio de almacenaje para autoservicio en Saltillo, Coahuila, instalamos el sistema de protecci\u00f3n contra incendio. El sistema instalado incluye Rociadores ESFR K16.8 en piso de ventas, Rociadores en \u00e1rea de abarrotes, Rociadores en oficinas generales, Rociadores en \u00e1rea de recibo y Rociadores en c\u00e1maras fr\u00edas tipo Dry Pendent, de acuerdo con [&hellip;]","og_url":"https:\/\/saca.com.mx\/es\/obras-2018-2019\/sams-saltillo\/","og_site_name":"SACA Sistemas de Protecci\u00f3n contra Incendio M\u00e9xico","article_modified_time":"2021-01-27T19:10:59+00:00","og_image":[{"url":"https:\/\/saca.com.mx\/es\/wp-content\/uploads\/2021\/01\/9-1.png","type":"","width":"","height":""}],"twitter_card":"summary_large_image","twitter_misc":{"Tiempo de lectura":"1 minuto"},"schema":{"@context":"https:\/\/schema.org","@graph":[{"@type":"WebPage","@id":"https:\/\/saca.com.mx\/es\/obras-2018-2019\/sams-saltillo\/","url":"https:\/\/saca.com.mx\/es\/obras-2018-2019\/sams-saltillo\/","name":"Sam's Saltillo - SACA Sistemas de Protecci\u00f3n contra Incendio M\u00e9xico","isPartOf":{"@id":"https:\/\/saca.com.mx\/es\/#website"},"primaryImageOfPage":{"@id":"https:\/\/saca.com.mx\/es\/obras-2018-2019\/sams-saltillo\/#primaryimage"},"image":{"@id":"https:\/\/saca.com.mx\/es\/obras-2018-2019\/sams-saltillo\/#primaryimage"},"thumbnailUrl":"https:\/\/saca.com.mx\/es\/wp-content\/uploads\/2021\/01\/9-1.png","datePublished":"2021-01-05T17:44:09+00:00","dateModified":"2021-01-27T19:10:59+00:00","breadcrumb":{"@id":"https:\/\/saca.com.mx\/es\/obras-2018-2019\/sams-saltillo\/#breadcrumb"},"inLanguage":"es","potentialAction":[{"@type":"ReadAction","target":["https:\/\/saca.com.mx\/es\/obras-2018-2019\/sams-saltillo\/"]}]},{"@type":"ImageObject","inLanguage":"es","@id":"https:\/\/saca.com.mx\/es\/obras-2018-2019\/sams-saltillo\/#primaryimage","url":"https:\/\/saca.com.mx\/es\/wp-content\/uploads\/2021\/01\/9-1.png","contentUrl":"https:\/\/saca.com.mx\/es\/wp-content\/uploads\/2021\/01\/9-1.png","width":1545,"height":591},{"@type":"BreadcrumbList","@id":"https:\/\/saca.com.mx\/es\/obras-2018-2019\/sams-saltillo\/#breadcrumb","itemListElement":[{"@type":"ListItem","position":1,"name":"Portada","item":"https:\/\/saca.com.mx\/es\/"},{"@type":"ListItem","position":2,"name":"Obras 2018-2019","item":"https:\/\/saca.com.mx\/es\/obras-2018-2019\/"},{"@type":"ListItem","position":3,"name":"Sam&#8217;s Saltillo"}]},{"@type":"WebSite","@id":"https:\/\/saca.com.mx\/es\/#website","url":"https:\/\/saca.com.mx\/es\/","name":"SACA Sistemas de Protecci\u00f3n contra Incendio M\u00e9xico","description":"","potentialAction":[{"@type":"SearchAction","target":{"@type":"EntryPoint","urlTemplate":"https:\/\/saca.com.mx\/es\/?s={search_term_string}"},"query-input":{"@type":"PropertyValueSpecification","valueRequired":true,"valueName":"search_term_string"}}],"inLanguage":"es"}]}},"_links":{"self":[{"href":"https:\/\/saca.com.mx\/es\/wp-json\/wp\/v2\/pages\/2190","targetHints":{"allow":["GET"]}}],"collection":[{"href":"https:\/\/saca.com.mx\/es\/wp-json\/wp\/v2\/pages"}],"about":[{"href":"https:\/\/saca.com.mx\/es\/wp-json\/wp\/v2\/types\/page"}],"author":[{"embeddable":true,"href":"https:\/\/saca.com.mx\/es\/wp-json\/wp\/v2\/users\/1"}],"replies":[{"embeddable":true,"href":"https:\/\/saca.com.mx\/es\/wp-json\/wp\/v2\/comments?post=2190"}],"version-history":[{"count":5,"href":"https:\/\/saca.com.mx\/es\/wp-json\/wp\/v2\/pages\/2190\/revisions"}],"predecessor-version":[{"id":2339,"href":"https:\/\/saca.com.mx\/es\/wp-json\/wp\/v2\/pages\/2190\/revisions\/2339"}],"up":[{"embeddable":true,"href":"https:\/\/saca.com.mx\/es\/wp-json\/wp\/v2\/pages\/1721"}],"wp:attachment":[{"href":"https:\/\/saca.com.mx\/es\/wp-json\/wp\/v2\/media?parent=2190"}],"curies":[{"name":"wp","href":"https:\/\/api.w.org\/{rel}","templated":true}]}}