{"id":2204,"date":"2021-01-05T17:52:58","date_gmt":"2021-01-05T17:52:58","guid":{"rendered":"https:\/\/saca.com.mx\/es\/?page_id=2204"},"modified":"2021-01-28T22:58:10","modified_gmt":"2021-01-28T22:58:10","slug":"pisa-tanque","status":"publish","type":"page","link":"https:\/\/saca.com.mx\/es\/obras-2018-2019\/pisa-tanque\/","title":{"rendered":"Pisa Tanque"},"content":{"rendered":"<p style=\"text-align: justify;\"><span style=\"color: #993300;\">En esta obra, del tipo planta farmac\u00e9utica en Guadalajara, Jalisco, instalamos el sistema de almacenamiento de agua para el sistema de protecci\u00f3n contra incendio.<\/span><\/p>\n<p style=\"text-align: justify;\">El sistema instalado incluye un Tanque atornillable para almacenamiento de agua con capacidad de almacenaje de 705,242 galones, instalado de acuerdo a los est\u00e1ndares de la norma NFPA 22.<\/p>\n<p style=\"text-align: justify;\">El proyecto fue entregado en tiempo, forma y costo, cumpliendo estrictamente con el GANT de la especialidad Protecci\u00f3n Contra Incendio y alineado al programa general de obra de nuestro cliente.<\/p>\n<p><img loading=\"lazy\" decoding=\"async\" class=\"aligncenter size-full wp-image-2350\" src=\"https:\/\/saca.com.mx\/es\/wp-content\/uploads\/2021\/01\/1-1.png\" alt=\"\" width=\"1545\" height=\"588\" srcset=\"https:\/\/saca.com.mx\/es\/wp-content\/uploads\/2021\/01\/1-1.png 1545w, https:\/\/saca.com.mx\/es\/wp-content\/uploads\/2021\/01\/1-1-300x114.png 300w, https:\/\/saca.com.mx\/es\/wp-content\/uploads\/2021\/01\/1-1-768x292.png 768w, https:\/\/saca.com.mx\/es\/wp-content\/uploads\/2021\/01\/1-1-1024x390.png 1024w, https:\/\/saca.com.mx\/es\/wp-content\/uploads\/2021\/01\/1-1-1080x411.png 1080w, https:\/\/saca.com.mx\/es\/wp-content\/uploads\/2021\/01\/1-1-24x9.png 24w, https:\/\/saca.com.mx\/es\/wp-content\/uploads\/2021\/01\/1-1-36x14.png 36w, https:\/\/saca.com.mx\/es\/wp-content\/uploads\/2021\/01\/1-1-48x18.png 48w\" sizes=\"(max-width: 1545px) 100vw, 1545px\" \/><\/p>\n","protected":false},"excerpt":{"rendered":"<p>En esta obra, del tipo planta farmac\u00e9utica en Guadalajara, Jalisco, instalamos el sistema de almacenamiento de agua para el sistema de protecci\u00f3n contra incendio. El sistema instalado incluye un Tanque atornillable para almacenamiento de agua con capacidad de almacenaje de 705,242 galones, instalado de acuerdo a los est\u00e1ndares de la norma NFPA 22. El proyecto [&hellip;]<\/p>\n","protected":false},"author":1,"featured_media":0,"parent":1721,"menu_order":0,"comment_status":"closed","ping_status":"closed","template":"","meta":{"_et_pb_use_builder":"","_et_pb_old_content":"","_et_gb_content_width":"","footnotes":""},"class_list":["post-2204","page","type-page","status-publish","hentry"],"yoast_head":"<!-- This site is optimized with the Yoast SEO plugin v27.4 - https:\/\/yoast.com\/product\/yoast-seo-wordpress\/ -->\n<title>Pisa Tanque - SACA Sistemas de Protecci\u00f3n contra Incendio M\u00e9xico<\/title>\n<meta name=\"robots\" content=\"index, follow, max-snippet:-1, max-image-preview:large, max-video-preview:-1\" \/>\n<link rel=\"canonical\" href=\"https:\/\/saca.com.mx\/es\/obras-2018-2019\/pisa-tanque\/\" \/>\n<meta property=\"og:locale\" content=\"es_ES\" \/>\n<meta property=\"og:type\" content=\"article\" \/>\n<meta property=\"og:title\" content=\"Pisa Tanque - SACA Sistemas de Protecci\u00f3n contra Incendio M\u00e9xico\" \/>\n<meta property=\"og:description\" content=\"En esta obra, del tipo planta farmac\u00e9utica en Guadalajara, Jalisco, instalamos el sistema de almacenamiento de agua para el sistema de protecci\u00f3n contra incendio. El sistema instalado incluye un Tanque atornillable para almacenamiento de agua con capacidad de almacenaje de 705,242 galones, instalado de acuerdo a los est\u00e1ndares de la norma NFPA 22. El proyecto [&hellip;]\" \/>\n<meta property=\"og:url\" content=\"https:\/\/saca.com.mx\/es\/obras-2018-2019\/pisa-tanque\/\" \/>\n<meta property=\"og:site_name\" content=\"SACA Sistemas de Protecci\u00f3n contra Incendio M\u00e9xico\" \/>\n<meta property=\"article:modified_time\" content=\"2021-01-28T22:58:10+00:00\" \/>\n<meta property=\"og:image\" content=\"https:\/\/saca.com.mx\/es\/wp-content\/uploads\/2021\/01\/1-1.png\" \/>\n<meta name=\"twitter:card\" content=\"summary_large_image\" \/>\n<script type=\"application\/ld+json\" class=\"yoast-schema-graph\">{\"@context\":\"https:\\\/\\\/schema.org\",\"@graph\":[{\"@type\":\"WebPage\",\"@id\":\"https:\\\/\\\/saca.com.mx\\\/es\\\/obras-2018-2019\\\/pisa-tanque\\\/\",\"url\":\"https:\\\/\\\/saca.com.mx\\\/es\\\/obras-2018-2019\\\/pisa-tanque\\\/\",\"name\":\"Pisa Tanque - SACA Sistemas de Protecci\u00f3n contra Incendio M\u00e9xico\",\"isPartOf\":{\"@id\":\"https:\\\/\\\/saca.com.mx\\\/es\\\/#website\"},\"primaryImageOfPage\":{\"@id\":\"https:\\\/\\\/saca.com.mx\\\/es\\\/obras-2018-2019\\\/pisa-tanque\\\/#primaryimage\"},\"image\":{\"@id\":\"https:\\\/\\\/saca.com.mx\\\/es\\\/obras-2018-2019\\\/pisa-tanque\\\/#primaryimage\"},\"thumbnailUrl\":\"https:\\\/\\\/saca.com.mx\\\/es\\\/wp-content\\\/uploads\\\/2021\\\/01\\\/1-1.png\",\"datePublished\":\"2021-01-05T17:52:58+00:00\",\"dateModified\":\"2021-01-28T22:58:10+00:00\",\"breadcrumb\":{\"@id\":\"https:\\\/\\\/saca.com.mx\\\/es\\\/obras-2018-2019\\\/pisa-tanque\\\/#breadcrumb\"},\"inLanguage\":\"es\",\"potentialAction\":[{\"@type\":\"ReadAction\",\"target\":[\"https:\\\/\\\/saca.com.mx\\\/es\\\/obras-2018-2019\\\/pisa-tanque\\\/\"]}]},{\"@type\":\"ImageObject\",\"inLanguage\":\"es\",\"@id\":\"https:\\\/\\\/saca.com.mx\\\/es\\\/obras-2018-2019\\\/pisa-tanque\\\/#primaryimage\",\"url\":\"https:\\\/\\\/saca.com.mx\\\/es\\\/wp-content\\\/uploads\\\/2021\\\/01\\\/1-1.png\",\"contentUrl\":\"https:\\\/\\\/saca.com.mx\\\/es\\\/wp-content\\\/uploads\\\/2021\\\/01\\\/1-1.png\",\"width\":1545,\"height\":588},{\"@type\":\"BreadcrumbList\",\"@id\":\"https:\\\/\\\/saca.com.mx\\\/es\\\/obras-2018-2019\\\/pisa-tanque\\\/#breadcrumb\",\"itemListElement\":[{\"@type\":\"ListItem\",\"position\":1,\"name\":\"Portada\",\"item\":\"https:\\\/\\\/saca.com.mx\\\/es\\\/\"},{\"@type\":\"ListItem\",\"position\":2,\"name\":\"Obras 2018-2019\",\"item\":\"https:\\\/\\\/saca.com.mx\\\/es\\\/obras-2018-2019\\\/\"},{\"@type\":\"ListItem\",\"position\":3,\"name\":\"Pisa Tanque\"}]},{\"@type\":\"WebSite\",\"@id\":\"https:\\\/\\\/saca.com.mx\\\/es\\\/#website\",\"url\":\"https:\\\/\\\/saca.com.mx\\\/es\\\/\",\"name\":\"SACA Sistemas de Protecci\u00f3n contra Incendio M\u00e9xico\",\"description\":\"\",\"potentialAction\":[{\"@type\":\"SearchAction\",\"target\":{\"@type\":\"EntryPoint\",\"urlTemplate\":\"https:\\\/\\\/saca.com.mx\\\/es\\\/?s={search_term_string}\"},\"query-input\":{\"@type\":\"PropertyValueSpecification\",\"valueRequired\":true,\"valueName\":\"search_term_string\"}}],\"inLanguage\":\"es\"}]}<\/script>\n<!-- \/ Yoast SEO plugin. -->","yoast_head_json":{"title":"Pisa Tanque - SACA Sistemas de Protecci\u00f3n contra Incendio M\u00e9xico","robots":{"index":"index","follow":"follow","max-snippet":"max-snippet:-1","max-image-preview":"max-image-preview:large","max-video-preview":"max-video-preview:-1"},"canonical":"https:\/\/saca.com.mx\/es\/obras-2018-2019\/pisa-tanque\/","og_locale":"es_ES","og_type":"article","og_title":"Pisa Tanque - SACA Sistemas de Protecci\u00f3n contra Incendio M\u00e9xico","og_description":"En esta obra, del tipo planta farmac\u00e9utica en Guadalajara, Jalisco, instalamos el sistema de almacenamiento de agua para el sistema de protecci\u00f3n contra incendio. El sistema instalado incluye un Tanque atornillable para almacenamiento de agua con capacidad de almacenaje de 705,242 galones, instalado de acuerdo a los est\u00e1ndares de la norma NFPA 22. El proyecto [&hellip;]","og_url":"https:\/\/saca.com.mx\/es\/obras-2018-2019\/pisa-tanque\/","og_site_name":"SACA Sistemas de Protecci\u00f3n contra Incendio M\u00e9xico","article_modified_time":"2021-01-28T22:58:10+00:00","og_image":[{"url":"https:\/\/saca.com.mx\/es\/wp-content\/uploads\/2021\/01\/1-1.png","type":"","width":"","height":""}],"twitter_card":"summary_large_image","schema":{"@context":"https:\/\/schema.org","@graph":[{"@type":"WebPage","@id":"https:\/\/saca.com.mx\/es\/obras-2018-2019\/pisa-tanque\/","url":"https:\/\/saca.com.mx\/es\/obras-2018-2019\/pisa-tanque\/","name":"Pisa Tanque - SACA Sistemas de Protecci\u00f3n contra Incendio M\u00e9xico","isPartOf":{"@id":"https:\/\/saca.com.mx\/es\/#website"},"primaryImageOfPage":{"@id":"https:\/\/saca.com.mx\/es\/obras-2018-2019\/pisa-tanque\/#primaryimage"},"image":{"@id":"https:\/\/saca.com.mx\/es\/obras-2018-2019\/pisa-tanque\/#primaryimage"},"thumbnailUrl":"https:\/\/saca.com.mx\/es\/wp-content\/uploads\/2021\/01\/1-1.png","datePublished":"2021-01-05T17:52:58+00:00","dateModified":"2021-01-28T22:58:10+00:00","breadcrumb":{"@id":"https:\/\/saca.com.mx\/es\/obras-2018-2019\/pisa-tanque\/#breadcrumb"},"inLanguage":"es","potentialAction":[{"@type":"ReadAction","target":["https:\/\/saca.com.mx\/es\/obras-2018-2019\/pisa-tanque\/"]}]},{"@type":"ImageObject","inLanguage":"es","@id":"https:\/\/saca.com.mx\/es\/obras-2018-2019\/pisa-tanque\/#primaryimage","url":"https:\/\/saca.com.mx\/es\/wp-content\/uploads\/2021\/01\/1-1.png","contentUrl":"https:\/\/saca.com.mx\/es\/wp-content\/uploads\/2021\/01\/1-1.png","width":1545,"height":588},{"@type":"BreadcrumbList","@id":"https:\/\/saca.com.mx\/es\/obras-2018-2019\/pisa-tanque\/#breadcrumb","itemListElement":[{"@type":"ListItem","position":1,"name":"Portada","item":"https:\/\/saca.com.mx\/es\/"},{"@type":"ListItem","position":2,"name":"Obras 2018-2019","item":"https:\/\/saca.com.mx\/es\/obras-2018-2019\/"},{"@type":"ListItem","position":3,"name":"Pisa Tanque"}]},{"@type":"WebSite","@id":"https:\/\/saca.com.mx\/es\/#website","url":"https:\/\/saca.com.mx\/es\/","name":"SACA Sistemas de Protecci\u00f3n contra Incendio M\u00e9xico","description":"","potentialAction":[{"@type":"SearchAction","target":{"@type":"EntryPoint","urlTemplate":"https:\/\/saca.com.mx\/es\/?s={search_term_string}"},"query-input":{"@type":"PropertyValueSpecification","valueRequired":true,"valueName":"search_term_string"}}],"inLanguage":"es"}]}},"_links":{"self":[{"href":"https:\/\/saca.com.mx\/es\/wp-json\/wp\/v2\/pages\/2204","targetHints":{"allow":["GET"]}}],"collection":[{"href":"https:\/\/saca.com.mx\/es\/wp-json\/wp\/v2\/pages"}],"about":[{"href":"https:\/\/saca.com.mx\/es\/wp-json\/wp\/v2\/types\/page"}],"author":[{"embeddable":true,"href":"https:\/\/saca.com.mx\/es\/wp-json\/wp\/v2\/users\/1"}],"replies":[{"embeddable":true,"href":"https:\/\/saca.com.mx\/es\/wp-json\/wp\/v2\/comments?post=2204"}],"version-history":[{"count":6,"href":"https:\/\/saca.com.mx\/es\/wp-json\/wp\/v2\/pages\/2204\/revisions"}],"predecessor-version":[{"id":2351,"href":"https:\/\/saca.com.mx\/es\/wp-json\/wp\/v2\/pages\/2204\/revisions\/2351"}],"up":[{"embeddable":true,"href":"https:\/\/saca.com.mx\/es\/wp-json\/wp\/v2\/pages\/1721"}],"wp:attachment":[{"href":"https:\/\/saca.com.mx\/es\/wp-json\/wp\/v2\/media?parent=2204"}],"curies":[{"name":"wp","href":"https:\/\/api.w.org\/{rel}","templated":true}]}}