{"id":2206,"date":"2021-01-05T17:53:36","date_gmt":"2021-01-05T17:53:36","guid":{"rendered":"https:\/\/saca.com.mx\/es\/?page_id=2206"},"modified":"2021-01-27T18:31:14","modified_gmt":"2021-01-27T18:31:14","slug":"pcm-guadalupe","status":"publish","type":"page","link":"https:\/\/saca.com.mx\/es\/obras-2018-2019\/pcm-guadalupe\/","title":{"rendered":"PCM Guadalupe"},"content":{"rendered":"<p style=\"text-align: justify;\"><span style=\"color: #993300;\">En esta obra, tipo planta de producci\u00f3n de papel en Guadalupe, Nuevo Le\u00f3n, instalamos el sistema de protecci\u00f3n contra incendio.<\/span><\/p>\n<p style=\"text-align: justify;\">El sistema instalado incluye alimentador subterr\u00e1neo de 10&#8243; con Loop de tuber\u00eda subterr\u00e1nea de 8&#8243; con Hidrantes tipo ca\u00f1\u00f3n de 4&#8243; e Hidrantes de manguera de 1 1\/2&#8243;, bajo los est\u00e1ndares de NFPA 14. Por otro lado, se instal\u00f3 un Sistema de Bomba Contra Incendio Diesel de 2,000 GPM y una Bomba Contra Incendio Jockey para la recuperaci\u00f3n de la presi\u00f3n, conforme a los est\u00e1ndares de NFPA 20. Finalmente, se instal\u00f3 un Tanque atornillable de 190,236 galones, de acuerdo a los est\u00e1ndares de NFPA 22.<\/p>\n<p style=\"text-align: justify;\">El proyecto fue entregado en tiempo, forma y costo, cumpliendo estrictamente con el GANT de la especialidad Protecci\u00f3n Contra Incendio y alineado al programa general de obra de nuestro cliente.<\/p>\n<p><img loading=\"lazy\" decoding=\"async\" class=\"aligncenter size-full wp-image-2436\" src=\"https:\/\/saca.com.mx\/en\/wp-content\/uploads\/2021\/01\/1.png\" alt=\"\" width=\"1544\" height=\"591\" \/><\/p>\n","protected":false},"excerpt":{"rendered":"<p>En esta obra, tipo planta de producci\u00f3n de papel en Guadalupe, Nuevo Le\u00f3n, instalamos el sistema de protecci\u00f3n contra incendio. El sistema instalado incluye alimentador subterr\u00e1neo de 10&#8243; con Loop de tuber\u00eda subterr\u00e1nea de 8&#8243; con Hidrantes tipo ca\u00f1\u00f3n de 4&#8243; e Hidrantes de manguera de 1 1\/2&#8243;, bajo los est\u00e1ndares de NFPA 14. Por [&hellip;]<\/p>\n","protected":false},"author":1,"featured_media":0,"parent":1721,"menu_order":0,"comment_status":"closed","ping_status":"closed","template":"","meta":{"_et_pb_use_builder":"","_et_pb_old_content":"","_et_gb_content_width":"","footnotes":""},"class_list":["post-2206","page","type-page","status-publish","hentry"],"yoast_head":"<!-- This site is optimized with the Yoast SEO plugin v27.4 - https:\/\/yoast.com\/product\/yoast-seo-wordpress\/ -->\n<title>PCM Guadalupe - SACA Sistemas de Protecci\u00f3n contra Incendio M\u00e9xico<\/title>\n<meta name=\"robots\" content=\"index, follow, max-snippet:-1, max-image-preview:large, max-video-preview:-1\" \/>\n<link rel=\"canonical\" href=\"https:\/\/saca.com.mx\/es\/obras-2018-2019\/pcm-guadalupe\/\" \/>\n<meta property=\"og:locale\" content=\"es_ES\" \/>\n<meta property=\"og:type\" content=\"article\" \/>\n<meta property=\"og:title\" content=\"PCM Guadalupe - SACA Sistemas de Protecci\u00f3n contra Incendio M\u00e9xico\" \/>\n<meta property=\"og:description\" content=\"En esta obra, tipo planta de producci\u00f3n de papel en Guadalupe, Nuevo Le\u00f3n, instalamos el sistema de protecci\u00f3n contra incendio. El sistema instalado incluye alimentador subterr\u00e1neo de 10&#8243; con Loop de tuber\u00eda subterr\u00e1nea de 8&#8243; con Hidrantes tipo ca\u00f1\u00f3n de 4&#8243; e Hidrantes de manguera de 1 1\/2&#8243;, bajo los est\u00e1ndares de NFPA 14. Por [&hellip;]\" \/>\n<meta property=\"og:url\" content=\"https:\/\/saca.com.mx\/es\/obras-2018-2019\/pcm-guadalupe\/\" \/>\n<meta property=\"og:site_name\" content=\"SACA Sistemas de Protecci\u00f3n contra Incendio M\u00e9xico\" \/>\n<meta property=\"article:modified_time\" content=\"2021-01-27T18:31:14+00:00\" \/>\n<meta property=\"og:image\" content=\"https:\/\/saca.com.mx\/en\/wp-content\/uploads\/2021\/01\/1.png\" \/>\n<meta name=\"twitter:card\" content=\"summary_large_image\" \/>\n<meta name=\"twitter:label1\" content=\"Tiempo de lectura\" \/>\n\t<meta name=\"twitter:data1\" content=\"1 minuto\" \/>\n<script type=\"application\/ld+json\" class=\"yoast-schema-graph\">{\"@context\":\"https:\\\/\\\/schema.org\",\"@graph\":[{\"@type\":\"WebPage\",\"@id\":\"https:\\\/\\\/saca.com.mx\\\/es\\\/obras-2018-2019\\\/pcm-guadalupe\\\/\",\"url\":\"https:\\\/\\\/saca.com.mx\\\/es\\\/obras-2018-2019\\\/pcm-guadalupe\\\/\",\"name\":\"PCM Guadalupe - SACA Sistemas de Protecci\u00f3n contra Incendio M\u00e9xico\",\"isPartOf\":{\"@id\":\"https:\\\/\\\/saca.com.mx\\\/es\\\/#website\"},\"primaryImageOfPage\":{\"@id\":\"https:\\\/\\\/saca.com.mx\\\/es\\\/obras-2018-2019\\\/pcm-guadalupe\\\/#primaryimage\"},\"image\":{\"@id\":\"https:\\\/\\\/saca.com.mx\\\/es\\\/obras-2018-2019\\\/pcm-guadalupe\\\/#primaryimage\"},\"thumbnailUrl\":\"https:\\\/\\\/saca.com.mx\\\/en\\\/wp-content\\\/uploads\\\/2021\\\/01\\\/1.png\",\"datePublished\":\"2021-01-05T17:53:36+00:00\",\"dateModified\":\"2021-01-27T18:31:14+00:00\",\"breadcrumb\":{\"@id\":\"https:\\\/\\\/saca.com.mx\\\/es\\\/obras-2018-2019\\\/pcm-guadalupe\\\/#breadcrumb\"},\"inLanguage\":\"es\",\"potentialAction\":[{\"@type\":\"ReadAction\",\"target\":[\"https:\\\/\\\/saca.com.mx\\\/es\\\/obras-2018-2019\\\/pcm-guadalupe\\\/\"]}]},{\"@type\":\"ImageObject\",\"inLanguage\":\"es\",\"@id\":\"https:\\\/\\\/saca.com.mx\\\/es\\\/obras-2018-2019\\\/pcm-guadalupe\\\/#primaryimage\",\"url\":\"https:\\\/\\\/saca.com.mx\\\/en\\\/wp-content\\\/uploads\\\/2021\\\/01\\\/1.png\",\"contentUrl\":\"https:\\\/\\\/saca.com.mx\\\/en\\\/wp-content\\\/uploads\\\/2021\\\/01\\\/1.png\"},{\"@type\":\"BreadcrumbList\",\"@id\":\"https:\\\/\\\/saca.com.mx\\\/es\\\/obras-2018-2019\\\/pcm-guadalupe\\\/#breadcrumb\",\"itemListElement\":[{\"@type\":\"ListItem\",\"position\":1,\"name\":\"Portada\",\"item\":\"https:\\\/\\\/saca.com.mx\\\/es\\\/\"},{\"@type\":\"ListItem\",\"position\":2,\"name\":\"Obras 2018-2019\",\"item\":\"https:\\\/\\\/saca.com.mx\\\/es\\\/obras-2018-2019\\\/\"},{\"@type\":\"ListItem\",\"position\":3,\"name\":\"PCM Guadalupe\"}]},{\"@type\":\"WebSite\",\"@id\":\"https:\\\/\\\/saca.com.mx\\\/es\\\/#website\",\"url\":\"https:\\\/\\\/saca.com.mx\\\/es\\\/\",\"name\":\"SACA Sistemas de Protecci\u00f3n contra Incendio M\u00e9xico\",\"description\":\"\",\"potentialAction\":[{\"@type\":\"SearchAction\",\"target\":{\"@type\":\"EntryPoint\",\"urlTemplate\":\"https:\\\/\\\/saca.com.mx\\\/es\\\/?s={search_term_string}\"},\"query-input\":{\"@type\":\"PropertyValueSpecification\",\"valueRequired\":true,\"valueName\":\"search_term_string\"}}],\"inLanguage\":\"es\"}]}<\/script>\n<!-- \/ Yoast SEO plugin. -->","yoast_head_json":{"title":"PCM Guadalupe - SACA Sistemas de Protecci\u00f3n contra Incendio M\u00e9xico","robots":{"index":"index","follow":"follow","max-snippet":"max-snippet:-1","max-image-preview":"max-image-preview:large","max-video-preview":"max-video-preview:-1"},"canonical":"https:\/\/saca.com.mx\/es\/obras-2018-2019\/pcm-guadalupe\/","og_locale":"es_ES","og_type":"article","og_title":"PCM Guadalupe - SACA Sistemas de Protecci\u00f3n contra Incendio M\u00e9xico","og_description":"En esta obra, tipo planta de producci\u00f3n de papel en Guadalupe, Nuevo Le\u00f3n, instalamos el sistema de protecci\u00f3n contra incendio. El sistema instalado incluye alimentador subterr\u00e1neo de 10&#8243; con Loop de tuber\u00eda subterr\u00e1nea de 8&#8243; con Hidrantes tipo ca\u00f1\u00f3n de 4&#8243; e Hidrantes de manguera de 1 1\/2&#8243;, bajo los est\u00e1ndares de NFPA 14. Por [&hellip;]","og_url":"https:\/\/saca.com.mx\/es\/obras-2018-2019\/pcm-guadalupe\/","og_site_name":"SACA Sistemas de Protecci\u00f3n contra Incendio M\u00e9xico","article_modified_time":"2021-01-27T18:31:14+00:00","og_image":[{"url":"https:\/\/saca.com.mx\/en\/wp-content\/uploads\/2021\/01\/1.png","type":"","width":"","height":""}],"twitter_card":"summary_large_image","twitter_misc":{"Tiempo de lectura":"1 minuto"},"schema":{"@context":"https:\/\/schema.org","@graph":[{"@type":"WebPage","@id":"https:\/\/saca.com.mx\/es\/obras-2018-2019\/pcm-guadalupe\/","url":"https:\/\/saca.com.mx\/es\/obras-2018-2019\/pcm-guadalupe\/","name":"PCM Guadalupe - SACA Sistemas de Protecci\u00f3n contra Incendio M\u00e9xico","isPartOf":{"@id":"https:\/\/saca.com.mx\/es\/#website"},"primaryImageOfPage":{"@id":"https:\/\/saca.com.mx\/es\/obras-2018-2019\/pcm-guadalupe\/#primaryimage"},"image":{"@id":"https:\/\/saca.com.mx\/es\/obras-2018-2019\/pcm-guadalupe\/#primaryimage"},"thumbnailUrl":"https:\/\/saca.com.mx\/en\/wp-content\/uploads\/2021\/01\/1.png","datePublished":"2021-01-05T17:53:36+00:00","dateModified":"2021-01-27T18:31:14+00:00","breadcrumb":{"@id":"https:\/\/saca.com.mx\/es\/obras-2018-2019\/pcm-guadalupe\/#breadcrumb"},"inLanguage":"es","potentialAction":[{"@type":"ReadAction","target":["https:\/\/saca.com.mx\/es\/obras-2018-2019\/pcm-guadalupe\/"]}]},{"@type":"ImageObject","inLanguage":"es","@id":"https:\/\/saca.com.mx\/es\/obras-2018-2019\/pcm-guadalupe\/#primaryimage","url":"https:\/\/saca.com.mx\/en\/wp-content\/uploads\/2021\/01\/1.png","contentUrl":"https:\/\/saca.com.mx\/en\/wp-content\/uploads\/2021\/01\/1.png"},{"@type":"BreadcrumbList","@id":"https:\/\/saca.com.mx\/es\/obras-2018-2019\/pcm-guadalupe\/#breadcrumb","itemListElement":[{"@type":"ListItem","position":1,"name":"Portada","item":"https:\/\/saca.com.mx\/es\/"},{"@type":"ListItem","position":2,"name":"Obras 2018-2019","item":"https:\/\/saca.com.mx\/es\/obras-2018-2019\/"},{"@type":"ListItem","position":3,"name":"PCM Guadalupe"}]},{"@type":"WebSite","@id":"https:\/\/saca.com.mx\/es\/#website","url":"https:\/\/saca.com.mx\/es\/","name":"SACA Sistemas de Protecci\u00f3n contra Incendio M\u00e9xico","description":"","potentialAction":[{"@type":"SearchAction","target":{"@type":"EntryPoint","urlTemplate":"https:\/\/saca.com.mx\/es\/?s={search_term_string}"},"query-input":{"@type":"PropertyValueSpecification","valueRequired":true,"valueName":"search_term_string"}}],"inLanguage":"es"}]}},"_links":{"self":[{"href":"https:\/\/saca.com.mx\/es\/wp-json\/wp\/v2\/pages\/2206","targetHints":{"allow":["GET"]}}],"collection":[{"href":"https:\/\/saca.com.mx\/es\/wp-json\/wp\/v2\/pages"}],"about":[{"href":"https:\/\/saca.com.mx\/es\/wp-json\/wp\/v2\/types\/page"}],"author":[{"embeddable":true,"href":"https:\/\/saca.com.mx\/es\/wp-json\/wp\/v2\/users\/1"}],"replies":[{"embeddable":true,"href":"https:\/\/saca.com.mx\/es\/wp-json\/wp\/v2\/comments?post=2206"}],"version-history":[{"count":6,"href":"https:\/\/saca.com.mx\/es\/wp-json\/wp\/v2\/pages\/2206\/revisions"}],"predecessor-version":[{"id":2332,"href":"https:\/\/saca.com.mx\/es\/wp-json\/wp\/v2\/pages\/2206\/revisions\/2332"}],"up":[{"embeddable":true,"href":"https:\/\/saca.com.mx\/es\/wp-json\/wp\/v2\/pages\/1721"}],"wp:attachment":[{"href":"https:\/\/saca.com.mx\/es\/wp-json\/wp\/v2\/media?parent=2206"}],"curies":[{"name":"wp","href":"https:\/\/api.w.org\/{rel}","templated":true}]}}