{"id":2214,"date":"2021-01-05T18:02:30","date_gmt":"2021-01-05T18:02:30","guid":{"rendered":"https:\/\/saca.com.mx\/es\/?page_id=2214"},"modified":"2021-01-27T19:16:40","modified_gmt":"2021-01-27T19:16:40","slug":"sams-la-paz-cola-de-ballena","status":"publish","type":"page","link":"https:\/\/saca.com.mx\/es\/obras-2020-2021\/sams-la-paz-cola-de-ballena\/","title":{"rendered":"Sam&#8217;s La Paz Cola de Ballena"},"content":{"rendered":"<p style=\"text-align: justify;\"><span style=\"color: #993300;\">En esta obra, tipo edificio de almacenaje para autoservicio en La Paz, Baja California Sur, instalamos el sistema de protecci\u00f3n contra incendio.<\/span><\/p>\n<p style=\"text-align: justify;\">El sistema instalado incluye Rociadores Autom\u00e1ticos en oficinas generales, Rociadores en oficinas de recibo, Rociadores en trastienda y Rociadores Dry Pendent en c\u00e1maras fr\u00edas, de acuerdo con los est\u00e1ndares de NFPA 13. Por otro lado, se hizo una puesta punta de los sistemas y se cambiaron gabinetes y mangueras exteriores e interiores de 1 1\/2&#8243;, de acuerdo con los est\u00e1ndares de NFPA 14. Adicionalmente, se realiz\u00f3 un cambio de Tablero de la Bomba Diesel y se instal\u00f3 un Sistema de Alarma y Detecci\u00f3n de acuerdo a los est\u00e1ndares de NFPA 72. Finalmente, instalamos un Sistema de Protecci\u00f3n Contra Incendio para cocinas, de tipo carga-descarga.<\/p>\n<p style=\"text-align: justify;\">El proyecto fue entregado en tiempo, forma y costo, cumpliendo estrictamente con el GANT de la especialidad Protecci\u00f3n Contra Incendio y alineado al programa general de obra de nuestro cliente.<\/p>\n<p><img loading=\"lazy\" decoding=\"async\" class=\"aligncenter size-full wp-image-2319\" src=\"https:\/\/saca.com.mx\/es\/wp-content\/uploads\/2021\/01\/15.png\" alt=\"\" width=\"1544\" height=\"591\" srcset=\"https:\/\/saca.com.mx\/es\/wp-content\/uploads\/2021\/01\/15.png 1544w, https:\/\/saca.com.mx\/es\/wp-content\/uploads\/2021\/01\/15-300x115.png 300w, https:\/\/saca.com.mx\/es\/wp-content\/uploads\/2021\/01\/15-768x294.png 768w, https:\/\/saca.com.mx\/es\/wp-content\/uploads\/2021\/01\/15-1024x392.png 1024w, https:\/\/saca.com.mx\/es\/wp-content\/uploads\/2021\/01\/15-1080x413.png 1080w, https:\/\/saca.com.mx\/es\/wp-content\/uploads\/2021\/01\/15-24x9.png 24w, https:\/\/saca.com.mx\/es\/wp-content\/uploads\/2021\/01\/15-36x14.png 36w, https:\/\/saca.com.mx\/es\/wp-content\/uploads\/2021\/01\/15-48x18.png 48w\" sizes=\"(max-width: 1544px) 100vw, 1544px\" \/><\/p>\n","protected":false},"excerpt":{"rendered":"<p>En esta obra, tipo edificio de almacenaje para autoservicio en La Paz, Baja California Sur, instalamos el sistema de protecci\u00f3n contra incendio. El sistema instalado incluye Rociadores Autom\u00e1ticos en oficinas generales, Rociadores en oficinas de recibo, Rociadores en trastienda y Rociadores Dry Pendent en c\u00e1maras fr\u00edas, de acuerdo con los est\u00e1ndares de NFPA 13. Por [&hellip;]<\/p>\n","protected":false},"author":1,"featured_media":0,"parent":2212,"menu_order":0,"comment_status":"closed","ping_status":"closed","template":"","meta":{"_et_pb_use_builder":"off","_et_pb_old_content":"<p style=\"text-align: justify;\"><span style=\"color: #993300;\">En esta obra, tipo edificio de almacenaje para autoservicio en La Paz, Baja California Sur, instalamos el sistema de protecci\u00f3n contra incendio.<\/span><\/p><p style=\"text-align: justify;\">El sistema instalado incluye Rociadores Autom\u00e1ticos en oficinas generales, un sistema de Rociadores en oficinas de recibo, un sistema de Rociadores en trastienda y un sistema de Rociadores Dry Pendent en c\u00e1maras fr\u00edas.<\/p><p style=\"text-align: justify;\">Por otro lado, se hizo un cambio de Maniful y Riser en cada sistema, se cambiaron gabinetes y mangueras exteriores e interiores de 11\/2 cambio de Tablero de la Bomba el\u00e9ctrica, cambio de Tablero de la Bomba diesel e instalaci\u00f3n del sistema de Alarma y Detecci\u00f3n con Tablero Notifire.<\/p><p><img class=\"aligncenter size-full wp-image-2267\" src=\"https:\/\/saca.com.mx\/es\/wp-content\/uploads\/2021\/01\/15.jpg\" alt=\"\" width=\"475\" height=\"182\" \/><\/p><p>\u00a0<\/p>","_et_gb_content_width":"","footnotes":""},"class_list":["post-2214","page","type-page","status-publish","hentry"],"yoast_head":"<!-- This site is optimized with the Yoast SEO plugin v27.4 - https:\/\/yoast.com\/product\/yoast-seo-wordpress\/ -->\n<title>Sam&#039;s La Paz Cola de Ballena - SACA Sistemas de Protecci\u00f3n contra Incendio M\u00e9xico<\/title>\n<meta name=\"robots\" content=\"index, follow, max-snippet:-1, max-image-preview:large, max-video-preview:-1\" \/>\n<link rel=\"canonical\" href=\"https:\/\/saca.com.mx\/es\/obras-2020-2021\/sams-la-paz-cola-de-ballena\/\" \/>\n<meta property=\"og:locale\" content=\"es_ES\" \/>\n<meta property=\"og:type\" content=\"article\" \/>\n<meta property=\"og:title\" content=\"Sam&#039;s La Paz Cola de Ballena - SACA Sistemas de Protecci\u00f3n contra Incendio M\u00e9xico\" \/>\n<meta property=\"og:description\" content=\"En esta obra, tipo edificio de almacenaje para autoservicio en La Paz, Baja California Sur, instalamos el sistema de protecci\u00f3n contra incendio. El sistema instalado incluye Rociadores Autom\u00e1ticos en oficinas generales, Rociadores en oficinas de recibo, Rociadores en trastienda y Rociadores Dry Pendent en c\u00e1maras fr\u00edas, de acuerdo con los est\u00e1ndares de NFPA 13. Por [&hellip;]\" \/>\n<meta property=\"og:url\" content=\"https:\/\/saca.com.mx\/es\/obras-2020-2021\/sams-la-paz-cola-de-ballena\/\" \/>\n<meta property=\"og:site_name\" content=\"SACA Sistemas de Protecci\u00f3n contra Incendio M\u00e9xico\" \/>\n<meta property=\"article:modified_time\" content=\"2021-01-27T19:16:40+00:00\" \/>\n<meta property=\"og:image\" content=\"https:\/\/saca.com.mx\/es\/wp-content\/uploads\/2021\/01\/15.png\" \/>\n<meta name=\"twitter:card\" content=\"summary_large_image\" \/>\n<meta name=\"twitter:label1\" content=\"Tiempo de lectura\" \/>\n\t<meta name=\"twitter:data1\" content=\"1 minuto\" \/>\n<script type=\"application\/ld+json\" class=\"yoast-schema-graph\">{\"@context\":\"https:\\\/\\\/schema.org\",\"@graph\":[{\"@type\":\"WebPage\",\"@id\":\"https:\\\/\\\/saca.com.mx\\\/es\\\/obras-2020-2021\\\/sams-la-paz-cola-de-ballena\\\/\",\"url\":\"https:\\\/\\\/saca.com.mx\\\/es\\\/obras-2020-2021\\\/sams-la-paz-cola-de-ballena\\\/\",\"name\":\"Sam's La Paz Cola de Ballena - SACA Sistemas de Protecci\u00f3n contra Incendio M\u00e9xico\",\"isPartOf\":{\"@id\":\"https:\\\/\\\/saca.com.mx\\\/es\\\/#website\"},\"primaryImageOfPage\":{\"@id\":\"https:\\\/\\\/saca.com.mx\\\/es\\\/obras-2020-2021\\\/sams-la-paz-cola-de-ballena\\\/#primaryimage\"},\"image\":{\"@id\":\"https:\\\/\\\/saca.com.mx\\\/es\\\/obras-2020-2021\\\/sams-la-paz-cola-de-ballena\\\/#primaryimage\"},\"thumbnailUrl\":\"https:\\\/\\\/saca.com.mx\\\/es\\\/wp-content\\\/uploads\\\/2021\\\/01\\\/15.png\",\"datePublished\":\"2021-01-05T18:02:30+00:00\",\"dateModified\":\"2021-01-27T19:16:40+00:00\",\"breadcrumb\":{\"@id\":\"https:\\\/\\\/saca.com.mx\\\/es\\\/obras-2020-2021\\\/sams-la-paz-cola-de-ballena\\\/#breadcrumb\"},\"inLanguage\":\"es\",\"potentialAction\":[{\"@type\":\"ReadAction\",\"target\":[\"https:\\\/\\\/saca.com.mx\\\/es\\\/obras-2020-2021\\\/sams-la-paz-cola-de-ballena\\\/\"]}]},{\"@type\":\"ImageObject\",\"inLanguage\":\"es\",\"@id\":\"https:\\\/\\\/saca.com.mx\\\/es\\\/obras-2020-2021\\\/sams-la-paz-cola-de-ballena\\\/#primaryimage\",\"url\":\"https:\\\/\\\/saca.com.mx\\\/es\\\/wp-content\\\/uploads\\\/2021\\\/01\\\/15.png\",\"contentUrl\":\"https:\\\/\\\/saca.com.mx\\\/es\\\/wp-content\\\/uploads\\\/2021\\\/01\\\/15.png\",\"width\":1544,\"height\":591},{\"@type\":\"BreadcrumbList\",\"@id\":\"https:\\\/\\\/saca.com.mx\\\/es\\\/obras-2020-2021\\\/sams-la-paz-cola-de-ballena\\\/#breadcrumb\",\"itemListElement\":[{\"@type\":\"ListItem\",\"position\":1,\"name\":\"Portada\",\"item\":\"https:\\\/\\\/saca.com.mx\\\/es\\\/\"},{\"@type\":\"ListItem\",\"position\":2,\"name\":\"Obras 2020-2021\",\"item\":\"https:\\\/\\\/saca.com.mx\\\/es\\\/obras-2020-2021\\\/\"},{\"@type\":\"ListItem\",\"position\":3,\"name\":\"Sam&#8217;s La Paz Cola de Ballena\"}]},{\"@type\":\"WebSite\",\"@id\":\"https:\\\/\\\/saca.com.mx\\\/es\\\/#website\",\"url\":\"https:\\\/\\\/saca.com.mx\\\/es\\\/\",\"name\":\"SACA Sistemas de Protecci\u00f3n contra Incendio M\u00e9xico\",\"description\":\"\",\"potentialAction\":[{\"@type\":\"SearchAction\",\"target\":{\"@type\":\"EntryPoint\",\"urlTemplate\":\"https:\\\/\\\/saca.com.mx\\\/es\\\/?s={search_term_string}\"},\"query-input\":{\"@type\":\"PropertyValueSpecification\",\"valueRequired\":true,\"valueName\":\"search_term_string\"}}],\"inLanguage\":\"es\"}]}<\/script>\n<!-- \/ Yoast SEO plugin. -->","yoast_head_json":{"title":"Sam's La Paz Cola de Ballena - SACA Sistemas de Protecci\u00f3n contra Incendio M\u00e9xico","robots":{"index":"index","follow":"follow","max-snippet":"max-snippet:-1","max-image-preview":"max-image-preview:large","max-video-preview":"max-video-preview:-1"},"canonical":"https:\/\/saca.com.mx\/es\/obras-2020-2021\/sams-la-paz-cola-de-ballena\/","og_locale":"es_ES","og_type":"article","og_title":"Sam's La Paz Cola de Ballena - SACA Sistemas de Protecci\u00f3n contra Incendio M\u00e9xico","og_description":"En esta obra, tipo edificio de almacenaje para autoservicio en La Paz, Baja California Sur, instalamos el sistema de protecci\u00f3n contra incendio. El sistema instalado incluye Rociadores Autom\u00e1ticos en oficinas generales, Rociadores en oficinas de recibo, Rociadores en trastienda y Rociadores Dry Pendent en c\u00e1maras fr\u00edas, de acuerdo con los est\u00e1ndares de NFPA 13. Por [&hellip;]","og_url":"https:\/\/saca.com.mx\/es\/obras-2020-2021\/sams-la-paz-cola-de-ballena\/","og_site_name":"SACA Sistemas de Protecci\u00f3n contra Incendio M\u00e9xico","article_modified_time":"2021-01-27T19:16:40+00:00","og_image":[{"url":"https:\/\/saca.com.mx\/es\/wp-content\/uploads\/2021\/01\/15.png","type":"","width":"","height":""}],"twitter_card":"summary_large_image","twitter_misc":{"Tiempo de lectura":"1 minuto"},"schema":{"@context":"https:\/\/schema.org","@graph":[{"@type":"WebPage","@id":"https:\/\/saca.com.mx\/es\/obras-2020-2021\/sams-la-paz-cola-de-ballena\/","url":"https:\/\/saca.com.mx\/es\/obras-2020-2021\/sams-la-paz-cola-de-ballena\/","name":"Sam's La Paz Cola de Ballena - SACA Sistemas de Protecci\u00f3n contra Incendio M\u00e9xico","isPartOf":{"@id":"https:\/\/saca.com.mx\/es\/#website"},"primaryImageOfPage":{"@id":"https:\/\/saca.com.mx\/es\/obras-2020-2021\/sams-la-paz-cola-de-ballena\/#primaryimage"},"image":{"@id":"https:\/\/saca.com.mx\/es\/obras-2020-2021\/sams-la-paz-cola-de-ballena\/#primaryimage"},"thumbnailUrl":"https:\/\/saca.com.mx\/es\/wp-content\/uploads\/2021\/01\/15.png","datePublished":"2021-01-05T18:02:30+00:00","dateModified":"2021-01-27T19:16:40+00:00","breadcrumb":{"@id":"https:\/\/saca.com.mx\/es\/obras-2020-2021\/sams-la-paz-cola-de-ballena\/#breadcrumb"},"inLanguage":"es","potentialAction":[{"@type":"ReadAction","target":["https:\/\/saca.com.mx\/es\/obras-2020-2021\/sams-la-paz-cola-de-ballena\/"]}]},{"@type":"ImageObject","inLanguage":"es","@id":"https:\/\/saca.com.mx\/es\/obras-2020-2021\/sams-la-paz-cola-de-ballena\/#primaryimage","url":"https:\/\/saca.com.mx\/es\/wp-content\/uploads\/2021\/01\/15.png","contentUrl":"https:\/\/saca.com.mx\/es\/wp-content\/uploads\/2021\/01\/15.png","width":1544,"height":591},{"@type":"BreadcrumbList","@id":"https:\/\/saca.com.mx\/es\/obras-2020-2021\/sams-la-paz-cola-de-ballena\/#breadcrumb","itemListElement":[{"@type":"ListItem","position":1,"name":"Portada","item":"https:\/\/saca.com.mx\/es\/"},{"@type":"ListItem","position":2,"name":"Obras 2020-2021","item":"https:\/\/saca.com.mx\/es\/obras-2020-2021\/"},{"@type":"ListItem","position":3,"name":"Sam&#8217;s La Paz Cola de Ballena"}]},{"@type":"WebSite","@id":"https:\/\/saca.com.mx\/es\/#website","url":"https:\/\/saca.com.mx\/es\/","name":"SACA Sistemas de Protecci\u00f3n contra Incendio M\u00e9xico","description":"","potentialAction":[{"@type":"SearchAction","target":{"@type":"EntryPoint","urlTemplate":"https:\/\/saca.com.mx\/es\/?s={search_term_string}"},"query-input":{"@type":"PropertyValueSpecification","valueRequired":true,"valueName":"search_term_string"}}],"inLanguage":"es"}]}},"_links":{"self":[{"href":"https:\/\/saca.com.mx\/es\/wp-json\/wp\/v2\/pages\/2214","targetHints":{"allow":["GET"]}}],"collection":[{"href":"https:\/\/saca.com.mx\/es\/wp-json\/wp\/v2\/pages"}],"about":[{"href":"https:\/\/saca.com.mx\/es\/wp-json\/wp\/v2\/types\/page"}],"author":[{"embeddable":true,"href":"https:\/\/saca.com.mx\/es\/wp-json\/wp\/v2\/users\/1"}],"replies":[{"embeddable":true,"href":"https:\/\/saca.com.mx\/es\/wp-json\/wp\/v2\/comments?post=2214"}],"version-history":[{"count":8,"href":"https:\/\/saca.com.mx\/es\/wp-json\/wp\/v2\/pages\/2214\/revisions"}],"predecessor-version":[{"id":2345,"href":"https:\/\/saca.com.mx\/es\/wp-json\/wp\/v2\/pages\/2214\/revisions\/2345"}],"up":[{"embeddable":true,"href":"https:\/\/saca.com.mx\/es\/wp-json\/wp\/v2\/pages\/2212"}],"wp:attachment":[{"href":"https:\/\/saca.com.mx\/es\/wp-json\/wp\/v2\/media?parent=2214"}],"curies":[{"name":"wp","href":"https:\/\/api.w.org\/{rel}","templated":true}]}}