{"id":2220,"date":"2021-01-05T18:12:50","date_gmt":"2021-01-05T18:12:50","guid":{"rendered":"https:\/\/saca.com.mx\/es\/?page_id=2220"},"modified":"2021-01-27T19:15:35","modified_gmt":"2021-01-27T19:15:35","slug":"arca-topochico-monterrey","status":"publish","type":"page","link":"https:\/\/saca.com.mx\/es\/obras-2020-2021\/arca-topochico-monterrey\/","title":{"rendered":"Arca Topochico Monterrey"},"content":{"rendered":"<p style=\"text-align: justify;\"><span style=\"color: #993300;\">En esta obra, tipo planta embotelladora en Monterrey, Nuevo Le\u00f3n, instalamos el sistema de protecci\u00f3n contra incendio.<\/span><\/p>\n<p style=\"text-align: justify;\">El sistema incluye Rociadores ESFR K22.4, instalados de acuerdo a la norma NFPA 13. Por otro lado instalamos un Tanque con capacidad de almacenaje de 154,029 galones, para Protecci\u00f3n Contra Incendio con aprobaci\u00f3n FM, de acuerdo con los est\u00e1ndares de NFPA 22. Adicionalmente, se instal\u00f3 un Sistema de Bombas Contra Incendio Diesel y El\u00e9ctrica de 2,500 GPM @ 135 PSI con una Bomba Contra Incendios Jockey para recuperaci\u00f3n de presi\u00f3n, conforme a los est\u00e1ndares de NFPA 20. Finalmente, se instal\u00f3 un Sistema de Hidrantes en las \u00e1reas operativas de la planta, de acuerdo con los est\u00e1ndares de NFPA 14, incluyendo adecuaciones de tuber\u00eda existente, reubicaci\u00f3n de Hidrantes y reubicaci\u00f3n e instalaci\u00f3n de Rociadores Autom\u00e1ticos en todas las \u00e1reas operativas, cumpliendo con la normativa de FM Global.<\/p>\n<p style=\"text-align: justify;\">El proyecto fue entregado en tiempo, forma y costo, cumpliendo estrictamente con el GANT de la especialidad Protecci\u00f3n Contra Incendio y alineado al programa general de obra de nuestro cliente.<\/p>\n<p><img loading=\"lazy\" decoding=\"async\" class=\"aligncenter size-full wp-image-2474\" src=\"https:\/\/saca.com.mx\/en\/wp-content\/uploads\/2021\/01\/13.png\" alt=\"\" width=\"1544\" height=\"590\" \/><\/p>\n","protected":false},"excerpt":{"rendered":"<p>En esta obra, tipo planta embotelladora en Monterrey, Nuevo Le\u00f3n, instalamos el sistema de protecci\u00f3n contra incendio. El sistema incluye Rociadores ESFR K22.4, instalados de acuerdo a la norma NFPA 13. Por otro lado instalamos un Tanque con capacidad de almacenaje de 154,029 galones, para Protecci\u00f3n Contra Incendio con aprobaci\u00f3n FM, de acuerdo con los [&hellip;]<\/p>\n","protected":false},"author":1,"featured_media":0,"parent":2212,"menu_order":0,"comment_status":"closed","ping_status":"closed","template":"","meta":{"_et_pb_use_builder":"","_et_pb_old_content":"","_et_gb_content_width":"","footnotes":""},"class_list":["post-2220","page","type-page","status-publish","hentry"],"yoast_head":"<!-- This site is optimized with the Yoast SEO plugin v27.4 - https:\/\/yoast.com\/product\/yoast-seo-wordpress\/ -->\n<title>Arca Topochico Monterrey - SACA Sistemas de Protecci\u00f3n contra Incendio M\u00e9xico<\/title>\n<meta name=\"robots\" content=\"index, follow, max-snippet:-1, max-image-preview:large, max-video-preview:-1\" \/>\n<link rel=\"canonical\" href=\"https:\/\/saca.com.mx\/es\/obras-2020-2021\/arca-topochico-monterrey\/\" \/>\n<meta property=\"og:locale\" content=\"es_ES\" \/>\n<meta property=\"og:type\" content=\"article\" \/>\n<meta property=\"og:title\" content=\"Arca Topochico Monterrey - SACA Sistemas de Protecci\u00f3n contra Incendio M\u00e9xico\" \/>\n<meta property=\"og:description\" content=\"En esta obra, tipo planta embotelladora en Monterrey, Nuevo Le\u00f3n, instalamos el sistema de protecci\u00f3n contra incendio. El sistema incluye Rociadores ESFR K22.4, instalados de acuerdo a la norma NFPA 13. Por otro lado instalamos un Tanque con capacidad de almacenaje de 154,029 galones, para Protecci\u00f3n Contra Incendio con aprobaci\u00f3n FM, de acuerdo con los [&hellip;]\" \/>\n<meta property=\"og:url\" content=\"https:\/\/saca.com.mx\/es\/obras-2020-2021\/arca-topochico-monterrey\/\" \/>\n<meta property=\"og:site_name\" content=\"SACA Sistemas de Protecci\u00f3n contra Incendio M\u00e9xico\" \/>\n<meta property=\"article:modified_time\" content=\"2021-01-27T19:15:35+00:00\" \/>\n<meta property=\"og:image\" content=\"https:\/\/saca.com.mx\/en\/wp-content\/uploads\/2021\/01\/13.png\" \/>\n<meta name=\"twitter:card\" content=\"summary_large_image\" \/>\n<meta name=\"twitter:label1\" content=\"Tiempo de lectura\" \/>\n\t<meta name=\"twitter:data1\" content=\"1 minuto\" \/>\n<script type=\"application\/ld+json\" class=\"yoast-schema-graph\">{\"@context\":\"https:\\\/\\\/schema.org\",\"@graph\":[{\"@type\":\"WebPage\",\"@id\":\"https:\\\/\\\/saca.com.mx\\\/es\\\/obras-2020-2021\\\/arca-topochico-monterrey\\\/\",\"url\":\"https:\\\/\\\/saca.com.mx\\\/es\\\/obras-2020-2021\\\/arca-topochico-monterrey\\\/\",\"name\":\"Arca Topochico Monterrey - SACA Sistemas de Protecci\u00f3n contra Incendio M\u00e9xico\",\"isPartOf\":{\"@id\":\"https:\\\/\\\/saca.com.mx\\\/es\\\/#website\"},\"primaryImageOfPage\":{\"@id\":\"https:\\\/\\\/saca.com.mx\\\/es\\\/obras-2020-2021\\\/arca-topochico-monterrey\\\/#primaryimage\"},\"image\":{\"@id\":\"https:\\\/\\\/saca.com.mx\\\/es\\\/obras-2020-2021\\\/arca-topochico-monterrey\\\/#primaryimage\"},\"thumbnailUrl\":\"https:\\\/\\\/saca.com.mx\\\/en\\\/wp-content\\\/uploads\\\/2021\\\/01\\\/13.png\",\"datePublished\":\"2021-01-05T18:12:50+00:00\",\"dateModified\":\"2021-01-27T19:15:35+00:00\",\"breadcrumb\":{\"@id\":\"https:\\\/\\\/saca.com.mx\\\/es\\\/obras-2020-2021\\\/arca-topochico-monterrey\\\/#breadcrumb\"},\"inLanguage\":\"es\",\"potentialAction\":[{\"@type\":\"ReadAction\",\"target\":[\"https:\\\/\\\/saca.com.mx\\\/es\\\/obras-2020-2021\\\/arca-topochico-monterrey\\\/\"]}]},{\"@type\":\"ImageObject\",\"inLanguage\":\"es\",\"@id\":\"https:\\\/\\\/saca.com.mx\\\/es\\\/obras-2020-2021\\\/arca-topochico-monterrey\\\/#primaryimage\",\"url\":\"https:\\\/\\\/saca.com.mx\\\/en\\\/wp-content\\\/uploads\\\/2021\\\/01\\\/13.png\",\"contentUrl\":\"https:\\\/\\\/saca.com.mx\\\/en\\\/wp-content\\\/uploads\\\/2021\\\/01\\\/13.png\"},{\"@type\":\"BreadcrumbList\",\"@id\":\"https:\\\/\\\/saca.com.mx\\\/es\\\/obras-2020-2021\\\/arca-topochico-monterrey\\\/#breadcrumb\",\"itemListElement\":[{\"@type\":\"ListItem\",\"position\":1,\"name\":\"Portada\",\"item\":\"https:\\\/\\\/saca.com.mx\\\/es\\\/\"},{\"@type\":\"ListItem\",\"position\":2,\"name\":\"Obras 2020-2021\",\"item\":\"https:\\\/\\\/saca.com.mx\\\/es\\\/obras-2020-2021\\\/\"},{\"@type\":\"ListItem\",\"position\":3,\"name\":\"Arca Topochico Monterrey\"}]},{\"@type\":\"WebSite\",\"@id\":\"https:\\\/\\\/saca.com.mx\\\/es\\\/#website\",\"url\":\"https:\\\/\\\/saca.com.mx\\\/es\\\/\",\"name\":\"SACA Sistemas de Protecci\u00f3n contra Incendio M\u00e9xico\",\"description\":\"\",\"potentialAction\":[{\"@type\":\"SearchAction\",\"target\":{\"@type\":\"EntryPoint\",\"urlTemplate\":\"https:\\\/\\\/saca.com.mx\\\/es\\\/?s={search_term_string}\"},\"query-input\":{\"@type\":\"PropertyValueSpecification\",\"valueRequired\":true,\"valueName\":\"search_term_string\"}}],\"inLanguage\":\"es\"}]}<\/script>\n<!-- \/ Yoast SEO plugin. -->","yoast_head_json":{"title":"Arca Topochico Monterrey - SACA Sistemas de Protecci\u00f3n contra Incendio M\u00e9xico","robots":{"index":"index","follow":"follow","max-snippet":"max-snippet:-1","max-image-preview":"max-image-preview:large","max-video-preview":"max-video-preview:-1"},"canonical":"https:\/\/saca.com.mx\/es\/obras-2020-2021\/arca-topochico-monterrey\/","og_locale":"es_ES","og_type":"article","og_title":"Arca Topochico Monterrey - SACA Sistemas de Protecci\u00f3n contra Incendio M\u00e9xico","og_description":"En esta obra, tipo planta embotelladora en Monterrey, Nuevo Le\u00f3n, instalamos el sistema de protecci\u00f3n contra incendio. El sistema incluye Rociadores ESFR K22.4, instalados de acuerdo a la norma NFPA 13. Por otro lado instalamos un Tanque con capacidad de almacenaje de 154,029 galones, para Protecci\u00f3n Contra Incendio con aprobaci\u00f3n FM, de acuerdo con los [&hellip;]","og_url":"https:\/\/saca.com.mx\/es\/obras-2020-2021\/arca-topochico-monterrey\/","og_site_name":"SACA Sistemas de Protecci\u00f3n contra Incendio M\u00e9xico","article_modified_time":"2021-01-27T19:15:35+00:00","og_image":[{"url":"https:\/\/saca.com.mx\/en\/wp-content\/uploads\/2021\/01\/13.png","type":"","width":"","height":""}],"twitter_card":"summary_large_image","twitter_misc":{"Tiempo de lectura":"1 minuto"},"schema":{"@context":"https:\/\/schema.org","@graph":[{"@type":"WebPage","@id":"https:\/\/saca.com.mx\/es\/obras-2020-2021\/arca-topochico-monterrey\/","url":"https:\/\/saca.com.mx\/es\/obras-2020-2021\/arca-topochico-monterrey\/","name":"Arca Topochico Monterrey - SACA Sistemas de Protecci\u00f3n contra Incendio M\u00e9xico","isPartOf":{"@id":"https:\/\/saca.com.mx\/es\/#website"},"primaryImageOfPage":{"@id":"https:\/\/saca.com.mx\/es\/obras-2020-2021\/arca-topochico-monterrey\/#primaryimage"},"image":{"@id":"https:\/\/saca.com.mx\/es\/obras-2020-2021\/arca-topochico-monterrey\/#primaryimage"},"thumbnailUrl":"https:\/\/saca.com.mx\/en\/wp-content\/uploads\/2021\/01\/13.png","datePublished":"2021-01-05T18:12:50+00:00","dateModified":"2021-01-27T19:15:35+00:00","breadcrumb":{"@id":"https:\/\/saca.com.mx\/es\/obras-2020-2021\/arca-topochico-monterrey\/#breadcrumb"},"inLanguage":"es","potentialAction":[{"@type":"ReadAction","target":["https:\/\/saca.com.mx\/es\/obras-2020-2021\/arca-topochico-monterrey\/"]}]},{"@type":"ImageObject","inLanguage":"es","@id":"https:\/\/saca.com.mx\/es\/obras-2020-2021\/arca-topochico-monterrey\/#primaryimage","url":"https:\/\/saca.com.mx\/en\/wp-content\/uploads\/2021\/01\/13.png","contentUrl":"https:\/\/saca.com.mx\/en\/wp-content\/uploads\/2021\/01\/13.png"},{"@type":"BreadcrumbList","@id":"https:\/\/saca.com.mx\/es\/obras-2020-2021\/arca-topochico-monterrey\/#breadcrumb","itemListElement":[{"@type":"ListItem","position":1,"name":"Portada","item":"https:\/\/saca.com.mx\/es\/"},{"@type":"ListItem","position":2,"name":"Obras 2020-2021","item":"https:\/\/saca.com.mx\/es\/obras-2020-2021\/"},{"@type":"ListItem","position":3,"name":"Arca Topochico Monterrey"}]},{"@type":"WebSite","@id":"https:\/\/saca.com.mx\/es\/#website","url":"https:\/\/saca.com.mx\/es\/","name":"SACA Sistemas de Protecci\u00f3n contra Incendio M\u00e9xico","description":"","potentialAction":[{"@type":"SearchAction","target":{"@type":"EntryPoint","urlTemplate":"https:\/\/saca.com.mx\/es\/?s={search_term_string}"},"query-input":{"@type":"PropertyValueSpecification","valueRequired":true,"valueName":"search_term_string"}}],"inLanguage":"es"}]}},"_links":{"self":[{"href":"https:\/\/saca.com.mx\/es\/wp-json\/wp\/v2\/pages\/2220","targetHints":{"allow":["GET"]}}],"collection":[{"href":"https:\/\/saca.com.mx\/es\/wp-json\/wp\/v2\/pages"}],"about":[{"href":"https:\/\/saca.com.mx\/es\/wp-json\/wp\/v2\/types\/page"}],"author":[{"embeddable":true,"href":"https:\/\/saca.com.mx\/es\/wp-json\/wp\/v2\/users\/1"}],"replies":[{"embeddable":true,"href":"https:\/\/saca.com.mx\/es\/wp-json\/wp\/v2\/comments?post=2220"}],"version-history":[{"count":4,"href":"https:\/\/saca.com.mx\/es\/wp-json\/wp\/v2\/pages\/2220\/revisions"}],"predecessor-version":[{"id":2343,"href":"https:\/\/saca.com.mx\/es\/wp-json\/wp\/v2\/pages\/2220\/revisions\/2343"}],"up":[{"embeddable":true,"href":"https:\/\/saca.com.mx\/es\/wp-json\/wp\/v2\/pages\/2212"}],"wp:attachment":[{"href":"https:\/\/saca.com.mx\/es\/wp-json\/wp\/v2\/media?parent=2220"}],"curies":[{"name":"wp","href":"https:\/\/api.w.org\/{rel}","templated":true}]}}