{"id":2222,"date":"2021-01-05T18:13:32","date_gmt":"2021-01-05T18:13:32","guid":{"rendered":"https:\/\/saca.com.mx\/es\/?page_id=2222"},"modified":"2021-01-28T15:31:17","modified_gmt":"2021-01-28T15:31:17","slug":"supercenter-independencia-torreon","status":"publish","type":"page","link":"https:\/\/saca.com.mx\/es\/obras-2020-2021\/supercenter-independencia-torreon\/","title":{"rendered":"Supercenter Independencia Torre\u00f3n"},"content":{"rendered":"<p style=\"text-align: justify;\"><span style=\"color: #993300;\">En esta obra, tipo edificio de almacenaje para autoservicio en Torre\u00f3n, Coahuila, instalamos el sistema de protecci\u00f3n contra incendio.<\/span><\/p>\n<p style=\"text-align: justify;\">El sistema instalado incluye equipos de Bombeo Diesel y El\u00e9ctrica de 1,500 GPM @125 PSI, as\u00ed como Bomba Jockey para la recuperaci\u00f3n de presi\u00f3n, conforme a los est\u00e1ndares de NFPA 20.<\/p>\n<p style=\"text-align: justify;\">El proyecto fue entregado en tiempo, forma y costo, cumpliendo estrictamente con el GANT de la especialidad Protecci\u00f3n Contra Incendio y alineado al programa general de obra de nuestro cliente.<\/p>\n<p><img loading=\"lazy\" decoding=\"async\" class=\"aligncenter size-full wp-image-2325\" src=\"https:\/\/saca.com.mx\/es\/wp-content\/uploads\/2021\/01\/12.png\" alt=\"\" width=\"1545\" height=\"591\" srcset=\"https:\/\/saca.com.mx\/es\/wp-content\/uploads\/2021\/01\/12.png 1545w, https:\/\/saca.com.mx\/es\/wp-content\/uploads\/2021\/01\/12-300x115.png 300w, https:\/\/saca.com.mx\/es\/wp-content\/uploads\/2021\/01\/12-768x294.png 768w, https:\/\/saca.com.mx\/es\/wp-content\/uploads\/2021\/01\/12-1024x392.png 1024w, https:\/\/saca.com.mx\/es\/wp-content\/uploads\/2021\/01\/12-1080x413.png 1080w, https:\/\/saca.com.mx\/es\/wp-content\/uploads\/2021\/01\/12-24x9.png 24w, https:\/\/saca.com.mx\/es\/wp-content\/uploads\/2021\/01\/12-36x14.png 36w, https:\/\/saca.com.mx\/es\/wp-content\/uploads\/2021\/01\/12-48x18.png 48w\" sizes=\"(max-width: 1545px) 100vw, 1545px\" \/><\/p>\n","protected":false},"excerpt":{"rendered":"<p>En esta obra, tipo edificio de almacenaje para autoservicio en Torre\u00f3n, Coahuila, instalamos el sistema de protecci\u00f3n contra incendio. El sistema instalado incluye equipos de Bombeo Diesel y El\u00e9ctrica de 1,500 GPM @125 PSI, as\u00ed como Bomba Jockey para la recuperaci\u00f3n de presi\u00f3n, conforme a los est\u00e1ndares de NFPA 20. El proyecto fue entregado en [&hellip;]<\/p>\n","protected":false},"author":1,"featured_media":0,"parent":2212,"menu_order":0,"comment_status":"closed","ping_status":"closed","template":"","meta":{"_et_pb_use_builder":"","_et_pb_old_content":"","_et_gb_content_width":"","footnotes":""},"class_list":["post-2222","page","type-page","status-publish","hentry"],"yoast_head":"<!-- This site is optimized with the Yoast SEO plugin v27.4 - https:\/\/yoast.com\/product\/yoast-seo-wordpress\/ -->\n<title>Supercenter Independencia Torre\u00f3n - SACA Sistemas de Protecci\u00f3n contra Incendio M\u00e9xico<\/title>\n<meta name=\"robots\" content=\"index, follow, max-snippet:-1, max-image-preview:large, max-video-preview:-1\" \/>\n<link rel=\"canonical\" href=\"https:\/\/saca.com.mx\/es\/obras-2020-2021\/supercenter-independencia-torreon\/\" \/>\n<meta property=\"og:locale\" content=\"es_ES\" \/>\n<meta property=\"og:type\" content=\"article\" \/>\n<meta property=\"og:title\" content=\"Supercenter Independencia Torre\u00f3n - SACA Sistemas de Protecci\u00f3n contra Incendio M\u00e9xico\" \/>\n<meta property=\"og:description\" content=\"En esta obra, tipo edificio de almacenaje para autoservicio en Torre\u00f3n, Coahuila, instalamos el sistema de protecci\u00f3n contra incendio. El sistema instalado incluye equipos de Bombeo Diesel y El\u00e9ctrica de 1,500 GPM @125 PSI, as\u00ed como Bomba Jockey para la recuperaci\u00f3n de presi\u00f3n, conforme a los est\u00e1ndares de NFPA 20. El proyecto fue entregado en [&hellip;]\" \/>\n<meta property=\"og:url\" content=\"https:\/\/saca.com.mx\/es\/obras-2020-2021\/supercenter-independencia-torreon\/\" \/>\n<meta property=\"og:site_name\" content=\"SACA Sistemas de Protecci\u00f3n contra Incendio M\u00e9xico\" \/>\n<meta property=\"article:modified_time\" content=\"2021-01-28T15:31:17+00:00\" \/>\n<meta property=\"og:image\" content=\"https:\/\/saca.com.mx\/es\/wp-content\/uploads\/2021\/01\/12.png\" \/>\n<meta name=\"twitter:card\" content=\"summary_large_image\" \/>\n<script type=\"application\/ld+json\" class=\"yoast-schema-graph\">{\"@context\":\"https:\\\/\\\/schema.org\",\"@graph\":[{\"@type\":\"WebPage\",\"@id\":\"https:\\\/\\\/saca.com.mx\\\/es\\\/obras-2020-2021\\\/supercenter-independencia-torreon\\\/\",\"url\":\"https:\\\/\\\/saca.com.mx\\\/es\\\/obras-2020-2021\\\/supercenter-independencia-torreon\\\/\",\"name\":\"Supercenter Independencia Torre\u00f3n - SACA Sistemas de Protecci\u00f3n contra Incendio M\u00e9xico\",\"isPartOf\":{\"@id\":\"https:\\\/\\\/saca.com.mx\\\/es\\\/#website\"},\"primaryImageOfPage\":{\"@id\":\"https:\\\/\\\/saca.com.mx\\\/es\\\/obras-2020-2021\\\/supercenter-independencia-torreon\\\/#primaryimage\"},\"image\":{\"@id\":\"https:\\\/\\\/saca.com.mx\\\/es\\\/obras-2020-2021\\\/supercenter-independencia-torreon\\\/#primaryimage\"},\"thumbnailUrl\":\"https:\\\/\\\/saca.com.mx\\\/es\\\/wp-content\\\/uploads\\\/2021\\\/01\\\/12.png\",\"datePublished\":\"2021-01-05T18:13:32+00:00\",\"dateModified\":\"2021-01-28T15:31:17+00:00\",\"breadcrumb\":{\"@id\":\"https:\\\/\\\/saca.com.mx\\\/es\\\/obras-2020-2021\\\/supercenter-independencia-torreon\\\/#breadcrumb\"},\"inLanguage\":\"es\",\"potentialAction\":[{\"@type\":\"ReadAction\",\"target\":[\"https:\\\/\\\/saca.com.mx\\\/es\\\/obras-2020-2021\\\/supercenter-independencia-torreon\\\/\"]}]},{\"@type\":\"ImageObject\",\"inLanguage\":\"es\",\"@id\":\"https:\\\/\\\/saca.com.mx\\\/es\\\/obras-2020-2021\\\/supercenter-independencia-torreon\\\/#primaryimage\",\"url\":\"https:\\\/\\\/saca.com.mx\\\/es\\\/wp-content\\\/uploads\\\/2021\\\/01\\\/12.png\",\"contentUrl\":\"https:\\\/\\\/saca.com.mx\\\/es\\\/wp-content\\\/uploads\\\/2021\\\/01\\\/12.png\",\"width\":1545,\"height\":591},{\"@type\":\"BreadcrumbList\",\"@id\":\"https:\\\/\\\/saca.com.mx\\\/es\\\/obras-2020-2021\\\/supercenter-independencia-torreon\\\/#breadcrumb\",\"itemListElement\":[{\"@type\":\"ListItem\",\"position\":1,\"name\":\"Portada\",\"item\":\"https:\\\/\\\/saca.com.mx\\\/es\\\/\"},{\"@type\":\"ListItem\",\"position\":2,\"name\":\"Obras 2020-2021\",\"item\":\"https:\\\/\\\/saca.com.mx\\\/es\\\/obras-2020-2021\\\/\"},{\"@type\":\"ListItem\",\"position\":3,\"name\":\"Supercenter Independencia Torre\u00f3n\"}]},{\"@type\":\"WebSite\",\"@id\":\"https:\\\/\\\/saca.com.mx\\\/es\\\/#website\",\"url\":\"https:\\\/\\\/saca.com.mx\\\/es\\\/\",\"name\":\"SACA Sistemas de Protecci\u00f3n contra Incendio M\u00e9xico\",\"description\":\"\",\"potentialAction\":[{\"@type\":\"SearchAction\",\"target\":{\"@type\":\"EntryPoint\",\"urlTemplate\":\"https:\\\/\\\/saca.com.mx\\\/es\\\/?s={search_term_string}\"},\"query-input\":{\"@type\":\"PropertyValueSpecification\",\"valueRequired\":true,\"valueName\":\"search_term_string\"}}],\"inLanguage\":\"es\"}]}<\/script>\n<!-- \/ Yoast SEO plugin. -->","yoast_head_json":{"title":"Supercenter Independencia Torre\u00f3n - SACA Sistemas de Protecci\u00f3n contra Incendio M\u00e9xico","robots":{"index":"index","follow":"follow","max-snippet":"max-snippet:-1","max-image-preview":"max-image-preview:large","max-video-preview":"max-video-preview:-1"},"canonical":"https:\/\/saca.com.mx\/es\/obras-2020-2021\/supercenter-independencia-torreon\/","og_locale":"es_ES","og_type":"article","og_title":"Supercenter Independencia Torre\u00f3n - SACA Sistemas de Protecci\u00f3n contra Incendio M\u00e9xico","og_description":"En esta obra, tipo edificio de almacenaje para autoservicio en Torre\u00f3n, Coahuila, instalamos el sistema de protecci\u00f3n contra incendio. El sistema instalado incluye equipos de Bombeo Diesel y El\u00e9ctrica de 1,500 GPM @125 PSI, as\u00ed como Bomba Jockey para la recuperaci\u00f3n de presi\u00f3n, conforme a los est\u00e1ndares de NFPA 20. El proyecto fue entregado en [&hellip;]","og_url":"https:\/\/saca.com.mx\/es\/obras-2020-2021\/supercenter-independencia-torreon\/","og_site_name":"SACA Sistemas de Protecci\u00f3n contra Incendio M\u00e9xico","article_modified_time":"2021-01-28T15:31:17+00:00","og_image":[{"url":"https:\/\/saca.com.mx\/es\/wp-content\/uploads\/2021\/01\/12.png","type":"","width":"","height":""}],"twitter_card":"summary_large_image","schema":{"@context":"https:\/\/schema.org","@graph":[{"@type":"WebPage","@id":"https:\/\/saca.com.mx\/es\/obras-2020-2021\/supercenter-independencia-torreon\/","url":"https:\/\/saca.com.mx\/es\/obras-2020-2021\/supercenter-independencia-torreon\/","name":"Supercenter Independencia Torre\u00f3n - SACA Sistemas de Protecci\u00f3n contra Incendio M\u00e9xico","isPartOf":{"@id":"https:\/\/saca.com.mx\/es\/#website"},"primaryImageOfPage":{"@id":"https:\/\/saca.com.mx\/es\/obras-2020-2021\/supercenter-independencia-torreon\/#primaryimage"},"image":{"@id":"https:\/\/saca.com.mx\/es\/obras-2020-2021\/supercenter-independencia-torreon\/#primaryimage"},"thumbnailUrl":"https:\/\/saca.com.mx\/es\/wp-content\/uploads\/2021\/01\/12.png","datePublished":"2021-01-05T18:13:32+00:00","dateModified":"2021-01-28T15:31:17+00:00","breadcrumb":{"@id":"https:\/\/saca.com.mx\/es\/obras-2020-2021\/supercenter-independencia-torreon\/#breadcrumb"},"inLanguage":"es","potentialAction":[{"@type":"ReadAction","target":["https:\/\/saca.com.mx\/es\/obras-2020-2021\/supercenter-independencia-torreon\/"]}]},{"@type":"ImageObject","inLanguage":"es","@id":"https:\/\/saca.com.mx\/es\/obras-2020-2021\/supercenter-independencia-torreon\/#primaryimage","url":"https:\/\/saca.com.mx\/es\/wp-content\/uploads\/2021\/01\/12.png","contentUrl":"https:\/\/saca.com.mx\/es\/wp-content\/uploads\/2021\/01\/12.png","width":1545,"height":591},{"@type":"BreadcrumbList","@id":"https:\/\/saca.com.mx\/es\/obras-2020-2021\/supercenter-independencia-torreon\/#breadcrumb","itemListElement":[{"@type":"ListItem","position":1,"name":"Portada","item":"https:\/\/saca.com.mx\/es\/"},{"@type":"ListItem","position":2,"name":"Obras 2020-2021","item":"https:\/\/saca.com.mx\/es\/obras-2020-2021\/"},{"@type":"ListItem","position":3,"name":"Supercenter Independencia Torre\u00f3n"}]},{"@type":"WebSite","@id":"https:\/\/saca.com.mx\/es\/#website","url":"https:\/\/saca.com.mx\/es\/","name":"SACA Sistemas de Protecci\u00f3n contra Incendio M\u00e9xico","description":"","potentialAction":[{"@type":"SearchAction","target":{"@type":"EntryPoint","urlTemplate":"https:\/\/saca.com.mx\/es\/?s={search_term_string}"},"query-input":{"@type":"PropertyValueSpecification","valueRequired":true,"valueName":"search_term_string"}}],"inLanguage":"es"}]}},"_links":{"self":[{"href":"https:\/\/saca.com.mx\/es\/wp-json\/wp\/v2\/pages\/2222","targetHints":{"allow":["GET"]}}],"collection":[{"href":"https:\/\/saca.com.mx\/es\/wp-json\/wp\/v2\/pages"}],"about":[{"href":"https:\/\/saca.com.mx\/es\/wp-json\/wp\/v2\/types\/page"}],"author":[{"embeddable":true,"href":"https:\/\/saca.com.mx\/es\/wp-json\/wp\/v2\/users\/1"}],"replies":[{"embeddable":true,"href":"https:\/\/saca.com.mx\/es\/wp-json\/wp\/v2\/comments?post=2222"}],"version-history":[{"count":5,"href":"https:\/\/saca.com.mx\/es\/wp-json\/wp\/v2\/pages\/2222\/revisions"}],"predecessor-version":[{"id":2347,"href":"https:\/\/saca.com.mx\/es\/wp-json\/wp\/v2\/pages\/2222\/revisions\/2347"}],"up":[{"embeddable":true,"href":"https:\/\/saca.com.mx\/es\/wp-json\/wp\/v2\/pages\/2212"}],"wp:attachment":[{"href":"https:\/\/saca.com.mx\/es\/wp-json\/wp\/v2\/media?parent=2222"}],"curies":[{"name":"wp","href":"https:\/\/api.w.org\/{rel}","templated":true}]}}