{"id":2224,"date":"2021-01-05T18:14:06","date_gmt":"2021-01-05T18:14:06","guid":{"rendered":"https:\/\/saca.com.mx\/es\/?page_id=2224"},"modified":"2021-01-27T19:13:52","modified_gmt":"2021-01-27T19:13:52","slug":"cedis-walmart-tella","status":"publish","type":"page","link":"https:\/\/saca.com.mx\/es\/obras-2020-2021\/cedis-walmart-tella\/","title":{"rendered":"CEDIS Walmart Teya"},"content":{"rendered":"<p style=\"text-align: justify;\"><span style=\"color: #993300;\">En esta obra, tipo centro de distribuci\u00f3n para cadena de autoservicio en Teya, Yucat\u00e1n, instalamos el sistema de protecci\u00f3n contra incendio.<\/span><\/p>\n<p style=\"text-align: justify;\">El sistema instalado incluye Rociadores de techo, Rociadores Inrack y Rociadores en oficinas generales, de acuerdo con los est\u00e1ndares de NFPA 13. Por otro lado, instalamos una Red de Hidrantes de manguera 1 1\/2&#8243;, alimentador dentro de la Nave, alimentador a\u00e9reo y subterr\u00e1neo de 10&#8243;, de acuerdo con los est\u00e1ndares de NFPA 14. Adicionalmente, instalamos un Sistema de Bombas Contra Incendio Diesel y El\u00e9ctrica de 3,000 GPM con una Bomba Contra Incendios Jockey para recuperar la presi\u00f3n, conforme a los est\u00e1ndares de NFPA 20. Posteriormente, se instal\u00f3 un Tanque con capacidad de almacenaje de 165,976 galones para Protecci\u00f3n Contra Incendio, de acuerdo con los est\u00e1ndares de NFPA 22, as\u00ed como un Tanque con capacidad de almacenaje de 66,836 galones para el uso de agua para servicios. Finalmente, instalamos un Sistema de Protecci\u00f3n Contra Incendio para cocinas, de tipo carga-descarga.<\/p>\n<p style=\"text-align: justify;\">El proyecto fue entregado en tiempo, forma y costo, cumpliendo estrictamente con el GANT de la especialidad Protecci\u00f3n Contra Incendio y alineado al programa general de obra de nuestro cliente.<\/p>\n<p><img loading=\"lazy\" decoding=\"async\" class=\"aligncenter size-full wp-image-2270\" src=\"https:\/\/saca.com.mx\/es\/wp-content\/uploads\/2021\/01\/11.jpg\" alt=\"\" width=\"1200\" height=\"457\" srcset=\"https:\/\/saca.com.mx\/es\/wp-content\/uploads\/2021\/01\/11.jpg 1200w, https:\/\/saca.com.mx\/es\/wp-content\/uploads\/2021\/01\/11-300x114.jpg 300w, https:\/\/saca.com.mx\/es\/wp-content\/uploads\/2021\/01\/11-768x292.jpg 768w, https:\/\/saca.com.mx\/es\/wp-content\/uploads\/2021\/01\/11-1024x390.jpg 1024w, https:\/\/saca.com.mx\/es\/wp-content\/uploads\/2021\/01\/11-1080x411.jpg 1080w, https:\/\/saca.com.mx\/es\/wp-content\/uploads\/2021\/01\/11-24x9.jpg 24w, https:\/\/saca.com.mx\/es\/wp-content\/uploads\/2021\/01\/11-36x14.jpg 36w, https:\/\/saca.com.mx\/es\/wp-content\/uploads\/2021\/01\/11-48x18.jpg 48w\" sizes=\"(max-width: 1200px) 100vw, 1200px\" \/><\/p>\n","protected":false},"excerpt":{"rendered":"<p>En esta obra, tipo centro de distribuci\u00f3n para cadena de autoservicio en Teya, Yucat\u00e1n, instalamos el sistema de protecci\u00f3n contra incendio. El sistema instalado incluye Rociadores de techo, Rociadores Inrack y Rociadores en oficinas generales, de acuerdo con los est\u00e1ndares de NFPA 13. Por otro lado, instalamos una Red de Hidrantes de manguera 1 1\/2&#8243;, [&hellip;]<\/p>\n","protected":false},"author":1,"featured_media":0,"parent":2212,"menu_order":0,"comment_status":"closed","ping_status":"closed","template":"","meta":{"_et_pb_use_builder":"","_et_pb_old_content":"","_et_gb_content_width":"","footnotes":""},"class_list":["post-2224","page","type-page","status-publish","hentry"],"yoast_head":"<!-- This site is optimized with the Yoast SEO plugin v27.4 - https:\/\/yoast.com\/product\/yoast-seo-wordpress\/ -->\n<title>CEDIS Walmart Teya - SACA Sistemas de Protecci\u00f3n contra Incendio M\u00e9xico<\/title>\n<meta name=\"robots\" content=\"index, follow, max-snippet:-1, max-image-preview:large, max-video-preview:-1\" \/>\n<link rel=\"canonical\" href=\"https:\/\/saca.com.mx\/es\/obras-2020-2021\/cedis-walmart-tella\/\" \/>\n<meta property=\"og:locale\" content=\"es_ES\" \/>\n<meta property=\"og:type\" content=\"article\" \/>\n<meta property=\"og:title\" content=\"CEDIS Walmart Teya - SACA Sistemas de Protecci\u00f3n contra Incendio M\u00e9xico\" \/>\n<meta property=\"og:description\" content=\"En esta obra, tipo centro de distribuci\u00f3n para cadena de autoservicio en Teya, Yucat\u00e1n, instalamos el sistema de protecci\u00f3n contra incendio. El sistema instalado incluye Rociadores de techo, Rociadores Inrack y Rociadores en oficinas generales, de acuerdo con los est\u00e1ndares de NFPA 13. Por otro lado, instalamos una Red de Hidrantes de manguera 1 1\/2&#8243;, [&hellip;]\" \/>\n<meta property=\"og:url\" content=\"https:\/\/saca.com.mx\/es\/obras-2020-2021\/cedis-walmart-tella\/\" \/>\n<meta property=\"og:site_name\" content=\"SACA Sistemas de Protecci\u00f3n contra Incendio M\u00e9xico\" \/>\n<meta property=\"article:modified_time\" content=\"2021-01-27T19:13:52+00:00\" \/>\n<meta property=\"og:image\" content=\"https:\/\/saca.com.mx\/es\/wp-content\/uploads\/2021\/01\/11.jpg\" \/>\n<meta name=\"twitter:card\" content=\"summary_large_image\" \/>\n<meta name=\"twitter:label1\" content=\"Tiempo de lectura\" \/>\n\t<meta name=\"twitter:data1\" content=\"1 minuto\" \/>\n<script type=\"application\/ld+json\" class=\"yoast-schema-graph\">{\"@context\":\"https:\\\/\\\/schema.org\",\"@graph\":[{\"@type\":\"WebPage\",\"@id\":\"https:\\\/\\\/saca.com.mx\\\/es\\\/obras-2020-2021\\\/cedis-walmart-tella\\\/\",\"url\":\"https:\\\/\\\/saca.com.mx\\\/es\\\/obras-2020-2021\\\/cedis-walmart-tella\\\/\",\"name\":\"CEDIS Walmart Teya - SACA Sistemas de Protecci\u00f3n contra Incendio M\u00e9xico\",\"isPartOf\":{\"@id\":\"https:\\\/\\\/saca.com.mx\\\/es\\\/#website\"},\"primaryImageOfPage\":{\"@id\":\"https:\\\/\\\/saca.com.mx\\\/es\\\/obras-2020-2021\\\/cedis-walmart-tella\\\/#primaryimage\"},\"image\":{\"@id\":\"https:\\\/\\\/saca.com.mx\\\/es\\\/obras-2020-2021\\\/cedis-walmart-tella\\\/#primaryimage\"},\"thumbnailUrl\":\"https:\\\/\\\/saca.com.mx\\\/es\\\/wp-content\\\/uploads\\\/2021\\\/01\\\/11.jpg\",\"datePublished\":\"2021-01-05T18:14:06+00:00\",\"dateModified\":\"2021-01-27T19:13:52+00:00\",\"breadcrumb\":{\"@id\":\"https:\\\/\\\/saca.com.mx\\\/es\\\/obras-2020-2021\\\/cedis-walmart-tella\\\/#breadcrumb\"},\"inLanguage\":\"es\",\"potentialAction\":[{\"@type\":\"ReadAction\",\"target\":[\"https:\\\/\\\/saca.com.mx\\\/es\\\/obras-2020-2021\\\/cedis-walmart-tella\\\/\"]}]},{\"@type\":\"ImageObject\",\"inLanguage\":\"es\",\"@id\":\"https:\\\/\\\/saca.com.mx\\\/es\\\/obras-2020-2021\\\/cedis-walmart-tella\\\/#primaryimage\",\"url\":\"https:\\\/\\\/saca.com.mx\\\/es\\\/wp-content\\\/uploads\\\/2021\\\/01\\\/11.jpg\",\"contentUrl\":\"https:\\\/\\\/saca.com.mx\\\/es\\\/wp-content\\\/uploads\\\/2021\\\/01\\\/11.jpg\",\"width\":1200,\"height\":457},{\"@type\":\"BreadcrumbList\",\"@id\":\"https:\\\/\\\/saca.com.mx\\\/es\\\/obras-2020-2021\\\/cedis-walmart-tella\\\/#breadcrumb\",\"itemListElement\":[{\"@type\":\"ListItem\",\"position\":1,\"name\":\"Portada\",\"item\":\"https:\\\/\\\/saca.com.mx\\\/es\\\/\"},{\"@type\":\"ListItem\",\"position\":2,\"name\":\"Obras 2020-2021\",\"item\":\"https:\\\/\\\/saca.com.mx\\\/es\\\/obras-2020-2021\\\/\"},{\"@type\":\"ListItem\",\"position\":3,\"name\":\"CEDIS Walmart Teya\"}]},{\"@type\":\"WebSite\",\"@id\":\"https:\\\/\\\/saca.com.mx\\\/es\\\/#website\",\"url\":\"https:\\\/\\\/saca.com.mx\\\/es\\\/\",\"name\":\"SACA Sistemas de Protecci\u00f3n contra Incendio M\u00e9xico\",\"description\":\"\",\"potentialAction\":[{\"@type\":\"SearchAction\",\"target\":{\"@type\":\"EntryPoint\",\"urlTemplate\":\"https:\\\/\\\/saca.com.mx\\\/es\\\/?s={search_term_string}\"},\"query-input\":{\"@type\":\"PropertyValueSpecification\",\"valueRequired\":true,\"valueName\":\"search_term_string\"}}],\"inLanguage\":\"es\"}]}<\/script>\n<!-- \/ Yoast SEO plugin. -->","yoast_head_json":{"title":"CEDIS Walmart Teya - SACA Sistemas de Protecci\u00f3n contra Incendio M\u00e9xico","robots":{"index":"index","follow":"follow","max-snippet":"max-snippet:-1","max-image-preview":"max-image-preview:large","max-video-preview":"max-video-preview:-1"},"canonical":"https:\/\/saca.com.mx\/es\/obras-2020-2021\/cedis-walmart-tella\/","og_locale":"es_ES","og_type":"article","og_title":"CEDIS Walmart Teya - SACA Sistemas de Protecci\u00f3n contra Incendio M\u00e9xico","og_description":"En esta obra, tipo centro de distribuci\u00f3n para cadena de autoservicio en Teya, Yucat\u00e1n, instalamos el sistema de protecci\u00f3n contra incendio. El sistema instalado incluye Rociadores de techo, Rociadores Inrack y Rociadores en oficinas generales, de acuerdo con los est\u00e1ndares de NFPA 13. Por otro lado, instalamos una Red de Hidrantes de manguera 1 1\/2&#8243;, [&hellip;]","og_url":"https:\/\/saca.com.mx\/es\/obras-2020-2021\/cedis-walmart-tella\/","og_site_name":"SACA Sistemas de Protecci\u00f3n contra Incendio M\u00e9xico","article_modified_time":"2021-01-27T19:13:52+00:00","og_image":[{"url":"https:\/\/saca.com.mx\/es\/wp-content\/uploads\/2021\/01\/11.jpg","type":"","width":"","height":""}],"twitter_card":"summary_large_image","twitter_misc":{"Tiempo de lectura":"1 minuto"},"schema":{"@context":"https:\/\/schema.org","@graph":[{"@type":"WebPage","@id":"https:\/\/saca.com.mx\/es\/obras-2020-2021\/cedis-walmart-tella\/","url":"https:\/\/saca.com.mx\/es\/obras-2020-2021\/cedis-walmart-tella\/","name":"CEDIS Walmart Teya - SACA Sistemas de Protecci\u00f3n contra Incendio M\u00e9xico","isPartOf":{"@id":"https:\/\/saca.com.mx\/es\/#website"},"primaryImageOfPage":{"@id":"https:\/\/saca.com.mx\/es\/obras-2020-2021\/cedis-walmart-tella\/#primaryimage"},"image":{"@id":"https:\/\/saca.com.mx\/es\/obras-2020-2021\/cedis-walmart-tella\/#primaryimage"},"thumbnailUrl":"https:\/\/saca.com.mx\/es\/wp-content\/uploads\/2021\/01\/11.jpg","datePublished":"2021-01-05T18:14:06+00:00","dateModified":"2021-01-27T19:13:52+00:00","breadcrumb":{"@id":"https:\/\/saca.com.mx\/es\/obras-2020-2021\/cedis-walmart-tella\/#breadcrumb"},"inLanguage":"es","potentialAction":[{"@type":"ReadAction","target":["https:\/\/saca.com.mx\/es\/obras-2020-2021\/cedis-walmart-tella\/"]}]},{"@type":"ImageObject","inLanguage":"es","@id":"https:\/\/saca.com.mx\/es\/obras-2020-2021\/cedis-walmart-tella\/#primaryimage","url":"https:\/\/saca.com.mx\/es\/wp-content\/uploads\/2021\/01\/11.jpg","contentUrl":"https:\/\/saca.com.mx\/es\/wp-content\/uploads\/2021\/01\/11.jpg","width":1200,"height":457},{"@type":"BreadcrumbList","@id":"https:\/\/saca.com.mx\/es\/obras-2020-2021\/cedis-walmart-tella\/#breadcrumb","itemListElement":[{"@type":"ListItem","position":1,"name":"Portada","item":"https:\/\/saca.com.mx\/es\/"},{"@type":"ListItem","position":2,"name":"Obras 2020-2021","item":"https:\/\/saca.com.mx\/es\/obras-2020-2021\/"},{"@type":"ListItem","position":3,"name":"CEDIS Walmart Teya"}]},{"@type":"WebSite","@id":"https:\/\/saca.com.mx\/es\/#website","url":"https:\/\/saca.com.mx\/es\/","name":"SACA Sistemas de Protecci\u00f3n contra Incendio M\u00e9xico","description":"","potentialAction":[{"@type":"SearchAction","target":{"@type":"EntryPoint","urlTemplate":"https:\/\/saca.com.mx\/es\/?s={search_term_string}"},"query-input":{"@type":"PropertyValueSpecification","valueRequired":true,"valueName":"search_term_string"}}],"inLanguage":"es"}]}},"_links":{"self":[{"href":"https:\/\/saca.com.mx\/es\/wp-json\/wp\/v2\/pages\/2224","targetHints":{"allow":["GET"]}}],"collection":[{"href":"https:\/\/saca.com.mx\/es\/wp-json\/wp\/v2\/pages"}],"about":[{"href":"https:\/\/saca.com.mx\/es\/wp-json\/wp\/v2\/types\/page"}],"author":[{"embeddable":true,"href":"https:\/\/saca.com.mx\/es\/wp-json\/wp\/v2\/users\/1"}],"replies":[{"embeddable":true,"href":"https:\/\/saca.com.mx\/es\/wp-json\/wp\/v2\/comments?post=2224"}],"version-history":[{"count":4,"href":"https:\/\/saca.com.mx\/es\/wp-json\/wp\/v2\/pages\/2224\/revisions"}],"predecessor-version":[{"id":2341,"href":"https:\/\/saca.com.mx\/es\/wp-json\/wp\/v2\/pages\/2224\/revisions\/2341"}],"up":[{"embeddable":true,"href":"https:\/\/saca.com.mx\/es\/wp-json\/wp\/v2\/pages\/2212"}],"wp:attachment":[{"href":"https:\/\/saca.com.mx\/es\/wp-json\/wp\/v2\/media?parent=2224"}],"curies":[{"name":"wp","href":"https:\/\/api.w.org\/{rel}","templated":true}]}}