{"id":2376,"date":"2022-04-06T22:36:20","date_gmt":"2022-04-06T22:36:20","guid":{"rendered":"https:\/\/saca.com.mx\/es\/?page_id=2376"},"modified":"2022-04-06T22:48:05","modified_gmt":"2022-04-06T22:48:05","slug":"cedis-walmart-villahermosa","status":"publish","type":"page","link":"https:\/\/saca.com.mx\/es\/obras-2020-2021\/cedis-walmart-villahermosa\/","title":{"rendered":"CEDIS Walmart Villahermosa"},"content":{"rendered":"<p style=\"text-align: justify;\"><span style=\"color: #993300;\">En esta obra, tipo centro de distribuci\u00f3n para cadena de autoservicio en Villahermosa, Tabasco, instalamos el sistema de protecci\u00f3n contra incendio.<\/span><\/p>\n<p style=\"text-align: justify;\">El sistema instalado incluye Rociadores ESFR en cubierta, Rociadores en oficinas generales, Rociadores en \u00e1rea de abarrotes, Rociadores en \u00e1rea de recibo, Rociadores en c\u00e1maras fr\u00edas y Rociadores en sistemas de preacci\u00f3n de acuerdo con los est\u00e1ndares de NFPA 13. Por otro lado, instalamos una Red subterr\u00e1nea con Hidrantes de barril seco, conforme a los est\u00e1ndares de NFPA 24; se instalaron tambi\u00e9n Hidrantes interiores y exteriores con mangueras de 1 1\/2&#8243;, de acuerdo con los est\u00e1ndares de NFPA 14. Adicionalmente instalamos sistema de Bombeo de 2,000 GPM diesel, el\u00e9ctrica y jockey, conforme a los est\u00e1ndares de NFPA 20. Posteriormente, instalamos un sistema de Alarma y Detecci\u00f3n de acuerdo con los est\u00e1ndares de NFPA 72. Finalmente, instalamos un sistema de protecci\u00f3n contra incendio Ansul para cocinas, de tipo carga-descarga.<\/p>\n<p style=\"text-align: justify;\">El proyecto fue entregado en tiempo, forma y costo, cumpliendo estrictamente con el GANT de la especialidad Protecci\u00f3n Contra Incendio y alineado al programa general de obra de nuestro cliente.<\/p>\n<p style=\"text-align: justify;\"><img loading=\"lazy\" decoding=\"async\" class=\"aligncenter size-full wp-image-2377\" src=\"https:\/\/saca.com.mx\/es\/wp-content\/uploads\/2022\/04\/2.-CEDIS-Walmart-Villahermosa.jpg\" alt=\"\" width=\"1800\" height=\"681\" srcset=\"https:\/\/saca.com.mx\/es\/wp-content\/uploads\/2022\/04\/2.-CEDIS-Walmart-Villahermosa.jpg 1800w, https:\/\/saca.com.mx\/es\/wp-content\/uploads\/2022\/04\/2.-CEDIS-Walmart-Villahermosa-300x114.jpg 300w, https:\/\/saca.com.mx\/es\/wp-content\/uploads\/2022\/04\/2.-CEDIS-Walmart-Villahermosa-768x291.jpg 768w, https:\/\/saca.com.mx\/es\/wp-content\/uploads\/2022\/04\/2.-CEDIS-Walmart-Villahermosa-1024x387.jpg 1024w, https:\/\/saca.com.mx\/es\/wp-content\/uploads\/2022\/04\/2.-CEDIS-Walmart-Villahermosa-1080x409.jpg 1080w, https:\/\/saca.com.mx\/es\/wp-content\/uploads\/2022\/04\/2.-CEDIS-Walmart-Villahermosa-24x9.jpg 24w, https:\/\/saca.com.mx\/es\/wp-content\/uploads\/2022\/04\/2.-CEDIS-Walmart-Villahermosa-36x14.jpg 36w, https:\/\/saca.com.mx\/es\/wp-content\/uploads\/2022\/04\/2.-CEDIS-Walmart-Villahermosa-48x18.jpg 48w\" sizes=\"(max-width: 1800px) 100vw, 1800px\" \/><\/p>\n","protected":false},"excerpt":{"rendered":"<p>En esta obra, tipo centro de distribuci\u00f3n para cadena de autoservicio en Villahermosa, Tabasco, instalamos el sistema de protecci\u00f3n contra incendio. El sistema instalado incluye Rociadores ESFR en cubierta, Rociadores en oficinas generales, Rociadores en \u00e1rea de abarrotes, Rociadores en \u00e1rea de recibo, Rociadores en c\u00e1maras fr\u00edas y Rociadores en sistemas de preacci\u00f3n de acuerdo [&hellip;]<\/p>\n","protected":false},"author":1,"featured_media":2377,"parent":2212,"menu_order":0,"comment_status":"closed","ping_status":"closed","template":"","meta":{"_et_pb_use_builder":"off","_et_pb_old_content":"","_et_gb_content_width":"","footnotes":""},"class_list":["post-2376","page","type-page","status-publish","has-post-thumbnail","hentry"],"yoast_head":"<!-- This site is optimized with the Yoast SEO plugin v27.4 - https:\/\/yoast.com\/product\/yoast-seo-wordpress\/ -->\n<title>CEDIS Walmart Villahermosa - SACA Sistemas de Protecci\u00f3n contra Incendio M\u00e9xico<\/title>\n<meta name=\"robots\" content=\"index, follow, max-snippet:-1, max-image-preview:large, max-video-preview:-1\" \/>\n<link rel=\"canonical\" href=\"https:\/\/saca.com.mx\/es\/obras-2020-2021\/cedis-walmart-villahermosa\/\" \/>\n<meta property=\"og:locale\" content=\"es_ES\" \/>\n<meta property=\"og:type\" content=\"article\" \/>\n<meta property=\"og:title\" content=\"CEDIS Walmart Villahermosa - SACA Sistemas de Protecci\u00f3n contra Incendio M\u00e9xico\" \/>\n<meta property=\"og:description\" content=\"En esta obra, tipo centro de distribuci\u00f3n para cadena de autoservicio en Villahermosa, Tabasco, instalamos el sistema de protecci\u00f3n contra incendio. El sistema instalado incluye Rociadores ESFR en cubierta, Rociadores en oficinas generales, Rociadores en \u00e1rea de abarrotes, Rociadores en \u00e1rea de recibo, Rociadores en c\u00e1maras fr\u00edas y Rociadores en sistemas de preacci\u00f3n de acuerdo [&hellip;]\" \/>\n<meta property=\"og:url\" content=\"https:\/\/saca.com.mx\/es\/obras-2020-2021\/cedis-walmart-villahermosa\/\" \/>\n<meta property=\"og:site_name\" content=\"SACA Sistemas de Protecci\u00f3n contra Incendio M\u00e9xico\" \/>\n<meta property=\"article:modified_time\" content=\"2022-04-06T22:48:05+00:00\" \/>\n<meta property=\"og:image\" content=\"https:\/\/saca.com.mx\/es\/wp-content\/uploads\/2022\/04\/2.-CEDIS-Walmart-Villahermosa.jpg\" \/>\n\t<meta property=\"og:image:width\" content=\"1800\" \/>\n\t<meta property=\"og:image:height\" content=\"681\" \/>\n\t<meta property=\"og:image:type\" content=\"image\/jpeg\" \/>\n<meta name=\"twitter:card\" content=\"summary_large_image\" \/>\n<meta name=\"twitter:label1\" content=\"Tiempo de lectura\" \/>\n\t<meta name=\"twitter:data1\" content=\"1 minuto\" \/>\n<script type=\"application\/ld+json\" class=\"yoast-schema-graph\">{\"@context\":\"https:\\\/\\\/schema.org\",\"@graph\":[{\"@type\":\"WebPage\",\"@id\":\"https:\\\/\\\/saca.com.mx\\\/es\\\/obras-2020-2021\\\/cedis-walmart-villahermosa\\\/\",\"url\":\"https:\\\/\\\/saca.com.mx\\\/es\\\/obras-2020-2021\\\/cedis-walmart-villahermosa\\\/\",\"name\":\"CEDIS Walmart Villahermosa - SACA Sistemas de Protecci\u00f3n contra Incendio M\u00e9xico\",\"isPartOf\":{\"@id\":\"https:\\\/\\\/saca.com.mx\\\/es\\\/#website\"},\"primaryImageOfPage\":{\"@id\":\"https:\\\/\\\/saca.com.mx\\\/es\\\/obras-2020-2021\\\/cedis-walmart-villahermosa\\\/#primaryimage\"},\"image\":{\"@id\":\"https:\\\/\\\/saca.com.mx\\\/es\\\/obras-2020-2021\\\/cedis-walmart-villahermosa\\\/#primaryimage\"},\"thumbnailUrl\":\"https:\\\/\\\/saca.com.mx\\\/es\\\/wp-content\\\/uploads\\\/2022\\\/04\\\/2.-CEDIS-Walmart-Villahermosa.jpg\",\"datePublished\":\"2022-04-06T22:36:20+00:00\",\"dateModified\":\"2022-04-06T22:48:05+00:00\",\"breadcrumb\":{\"@id\":\"https:\\\/\\\/saca.com.mx\\\/es\\\/obras-2020-2021\\\/cedis-walmart-villahermosa\\\/#breadcrumb\"},\"inLanguage\":\"es\",\"potentialAction\":[{\"@type\":\"ReadAction\",\"target\":[\"https:\\\/\\\/saca.com.mx\\\/es\\\/obras-2020-2021\\\/cedis-walmart-villahermosa\\\/\"]}]},{\"@type\":\"ImageObject\",\"inLanguage\":\"es\",\"@id\":\"https:\\\/\\\/saca.com.mx\\\/es\\\/obras-2020-2021\\\/cedis-walmart-villahermosa\\\/#primaryimage\",\"url\":\"https:\\\/\\\/saca.com.mx\\\/es\\\/wp-content\\\/uploads\\\/2022\\\/04\\\/2.-CEDIS-Walmart-Villahermosa.jpg\",\"contentUrl\":\"https:\\\/\\\/saca.com.mx\\\/es\\\/wp-content\\\/uploads\\\/2022\\\/04\\\/2.-CEDIS-Walmart-Villahermosa.jpg\",\"width\":1800,\"height\":681},{\"@type\":\"BreadcrumbList\",\"@id\":\"https:\\\/\\\/saca.com.mx\\\/es\\\/obras-2020-2021\\\/cedis-walmart-villahermosa\\\/#breadcrumb\",\"itemListElement\":[{\"@type\":\"ListItem\",\"position\":1,\"name\":\"Portada\",\"item\":\"https:\\\/\\\/saca.com.mx\\\/es\\\/\"},{\"@type\":\"ListItem\",\"position\":2,\"name\":\"Obras 2020-2021\",\"item\":\"https:\\\/\\\/saca.com.mx\\\/es\\\/obras-2020-2021\\\/\"},{\"@type\":\"ListItem\",\"position\":3,\"name\":\"CEDIS Walmart Villahermosa\"}]},{\"@type\":\"WebSite\",\"@id\":\"https:\\\/\\\/saca.com.mx\\\/es\\\/#website\",\"url\":\"https:\\\/\\\/saca.com.mx\\\/es\\\/\",\"name\":\"SACA Sistemas de Protecci\u00f3n contra Incendio M\u00e9xico\",\"description\":\"\",\"potentialAction\":[{\"@type\":\"SearchAction\",\"target\":{\"@type\":\"EntryPoint\",\"urlTemplate\":\"https:\\\/\\\/saca.com.mx\\\/es\\\/?s={search_term_string}\"},\"query-input\":{\"@type\":\"PropertyValueSpecification\",\"valueRequired\":true,\"valueName\":\"search_term_string\"}}],\"inLanguage\":\"es\"}]}<\/script>\n<!-- \/ Yoast SEO plugin. -->","yoast_head_json":{"title":"CEDIS Walmart Villahermosa - SACA Sistemas de Protecci\u00f3n contra Incendio M\u00e9xico","robots":{"index":"index","follow":"follow","max-snippet":"max-snippet:-1","max-image-preview":"max-image-preview:large","max-video-preview":"max-video-preview:-1"},"canonical":"https:\/\/saca.com.mx\/es\/obras-2020-2021\/cedis-walmart-villahermosa\/","og_locale":"es_ES","og_type":"article","og_title":"CEDIS Walmart Villahermosa - SACA Sistemas de Protecci\u00f3n contra Incendio M\u00e9xico","og_description":"En esta obra, tipo centro de distribuci\u00f3n para cadena de autoservicio en Villahermosa, Tabasco, instalamos el sistema de protecci\u00f3n contra incendio. El sistema instalado incluye Rociadores ESFR en cubierta, Rociadores en oficinas generales, Rociadores en \u00e1rea de abarrotes, Rociadores en \u00e1rea de recibo, Rociadores en c\u00e1maras fr\u00edas y Rociadores en sistemas de preacci\u00f3n de acuerdo [&hellip;]","og_url":"https:\/\/saca.com.mx\/es\/obras-2020-2021\/cedis-walmart-villahermosa\/","og_site_name":"SACA Sistemas de Protecci\u00f3n contra Incendio M\u00e9xico","article_modified_time":"2022-04-06T22:48:05+00:00","og_image":[{"width":1800,"height":681,"url":"https:\/\/saca.com.mx\/es\/wp-content\/uploads\/2022\/04\/2.-CEDIS-Walmart-Villahermosa.jpg","type":"image\/jpeg"}],"twitter_card":"summary_large_image","twitter_misc":{"Tiempo de lectura":"1 minuto"},"schema":{"@context":"https:\/\/schema.org","@graph":[{"@type":"WebPage","@id":"https:\/\/saca.com.mx\/es\/obras-2020-2021\/cedis-walmart-villahermosa\/","url":"https:\/\/saca.com.mx\/es\/obras-2020-2021\/cedis-walmart-villahermosa\/","name":"CEDIS Walmart Villahermosa - SACA Sistemas de Protecci\u00f3n contra Incendio M\u00e9xico","isPartOf":{"@id":"https:\/\/saca.com.mx\/es\/#website"},"primaryImageOfPage":{"@id":"https:\/\/saca.com.mx\/es\/obras-2020-2021\/cedis-walmart-villahermosa\/#primaryimage"},"image":{"@id":"https:\/\/saca.com.mx\/es\/obras-2020-2021\/cedis-walmart-villahermosa\/#primaryimage"},"thumbnailUrl":"https:\/\/saca.com.mx\/es\/wp-content\/uploads\/2022\/04\/2.-CEDIS-Walmart-Villahermosa.jpg","datePublished":"2022-04-06T22:36:20+00:00","dateModified":"2022-04-06T22:48:05+00:00","breadcrumb":{"@id":"https:\/\/saca.com.mx\/es\/obras-2020-2021\/cedis-walmart-villahermosa\/#breadcrumb"},"inLanguage":"es","potentialAction":[{"@type":"ReadAction","target":["https:\/\/saca.com.mx\/es\/obras-2020-2021\/cedis-walmart-villahermosa\/"]}]},{"@type":"ImageObject","inLanguage":"es","@id":"https:\/\/saca.com.mx\/es\/obras-2020-2021\/cedis-walmart-villahermosa\/#primaryimage","url":"https:\/\/saca.com.mx\/es\/wp-content\/uploads\/2022\/04\/2.-CEDIS-Walmart-Villahermosa.jpg","contentUrl":"https:\/\/saca.com.mx\/es\/wp-content\/uploads\/2022\/04\/2.-CEDIS-Walmart-Villahermosa.jpg","width":1800,"height":681},{"@type":"BreadcrumbList","@id":"https:\/\/saca.com.mx\/es\/obras-2020-2021\/cedis-walmart-villahermosa\/#breadcrumb","itemListElement":[{"@type":"ListItem","position":1,"name":"Portada","item":"https:\/\/saca.com.mx\/es\/"},{"@type":"ListItem","position":2,"name":"Obras 2020-2021","item":"https:\/\/saca.com.mx\/es\/obras-2020-2021\/"},{"@type":"ListItem","position":3,"name":"CEDIS Walmart Villahermosa"}]},{"@type":"WebSite","@id":"https:\/\/saca.com.mx\/es\/#website","url":"https:\/\/saca.com.mx\/es\/","name":"SACA Sistemas de Protecci\u00f3n contra Incendio M\u00e9xico","description":"","potentialAction":[{"@type":"SearchAction","target":{"@type":"EntryPoint","urlTemplate":"https:\/\/saca.com.mx\/es\/?s={search_term_string}"},"query-input":{"@type":"PropertyValueSpecification","valueRequired":true,"valueName":"search_term_string"}}],"inLanguage":"es"}]}},"_links":{"self":[{"href":"https:\/\/saca.com.mx\/es\/wp-json\/wp\/v2\/pages\/2376","targetHints":{"allow":["GET"]}}],"collection":[{"href":"https:\/\/saca.com.mx\/es\/wp-json\/wp\/v2\/pages"}],"about":[{"href":"https:\/\/saca.com.mx\/es\/wp-json\/wp\/v2\/types\/page"}],"author":[{"embeddable":true,"href":"https:\/\/saca.com.mx\/es\/wp-json\/wp\/v2\/users\/1"}],"replies":[{"embeddable":true,"href":"https:\/\/saca.com.mx\/es\/wp-json\/wp\/v2\/comments?post=2376"}],"version-history":[{"count":3,"href":"https:\/\/saca.com.mx\/es\/wp-json\/wp\/v2\/pages\/2376\/revisions"}],"predecessor-version":[{"id":2395,"href":"https:\/\/saca.com.mx\/es\/wp-json\/wp\/v2\/pages\/2376\/revisions\/2395"}],"up":[{"embeddable":true,"href":"https:\/\/saca.com.mx\/es\/wp-json\/wp\/v2\/pages\/2212"}],"wp:featuredmedia":[{"embeddable":true,"href":"https:\/\/saca.com.mx\/es\/wp-json\/wp\/v2\/media\/2377"}],"wp:attachment":[{"href":"https:\/\/saca.com.mx\/es\/wp-json\/wp\/v2\/media?parent=2376"}],"curies":[{"name":"wp","href":"https:\/\/api.w.org\/{rel}","templated":true}]}}