{"id":2415,"date":"2022-04-06T22:58:15","date_gmt":"2022-04-06T22:58:15","guid":{"rendered":"https:\/\/saca.com.mx\/es\/?page_id=2415"},"modified":"2022-04-06T22:58:15","modified_gmt":"2022-04-06T22:58:15","slug":"blue-box-apodaca","status":"publish","type":"page","link":"https:\/\/saca.com.mx\/es\/obras-2020-2021\/blue-box-apodaca\/","title":{"rendered":"Blue Box Apodaca"},"content":{"rendered":"<p style=\"text-align: justify;\"><span style=\"color: #993300;\">En esta obra, tipo planta de producci\u00f3n de papel en Apodaca, Nuevo Le\u00f3n, instalamos el sistema de protecci\u00f3n contra incendio.<\/span><\/p>\n<p style=\"text-align: justify;\">El sistema instalado incluye una Red de Hidrantes en \u00e1rea de oficinas con mangueras de 1 1\/2&#8243;, de acuerdo con los est\u00e1ndares de NFPA 14. Por otro lado, instalamos un sistema de Bombeo de 2,000 GPM diesel, el\u00e9ctrica y jockey, conforme a los est\u00e1ndares de NFPA 20. Finalmente, instalamos un Tanque con capacidad de almacenaje de 120, 000 galones para protecci\u00f3n contra incendio, de acuerdo con los est\u00e1ndares de NFPA 22.<\/p>\n<p style=\"text-align: justify;\">El proyecto fue entregado en tiempo, forma y costo, cumpliendo estrictamente con el GANT de la especialidad Protecci\u00f3n Contra Incendio y alineado al programa general de obra de nuestro cliente.<\/p>\n<p><img loading=\"lazy\" decoding=\"async\" class=\"aligncenter size-full wp-image-2417\" src=\"https:\/\/saca.com.mx\/es\/wp-content\/uploads\/2022\/04\/11.-Blue-Box-Apodaca.jpg\" alt=\"\" width=\"1778\" height=\"681\" srcset=\"https:\/\/saca.com.mx\/es\/wp-content\/uploads\/2022\/04\/11.-Blue-Box-Apodaca.jpg 1778w, https:\/\/saca.com.mx\/es\/wp-content\/uploads\/2022\/04\/11.-Blue-Box-Apodaca-300x115.jpg 300w, https:\/\/saca.com.mx\/es\/wp-content\/uploads\/2022\/04\/11.-Blue-Box-Apodaca-768x294.jpg 768w, https:\/\/saca.com.mx\/es\/wp-content\/uploads\/2022\/04\/11.-Blue-Box-Apodaca-1024x392.jpg 1024w, https:\/\/saca.com.mx\/es\/wp-content\/uploads\/2022\/04\/11.-Blue-Box-Apodaca-1080x414.jpg 1080w, https:\/\/saca.com.mx\/es\/wp-content\/uploads\/2022\/04\/11.-Blue-Box-Apodaca-24x9.jpg 24w, https:\/\/saca.com.mx\/es\/wp-content\/uploads\/2022\/04\/11.-Blue-Box-Apodaca-36x14.jpg 36w, https:\/\/saca.com.mx\/es\/wp-content\/uploads\/2022\/04\/11.-Blue-Box-Apodaca-48x18.jpg 48w\" sizes=\"(max-width: 1778px) 100vw, 1778px\" \/><\/p>\n","protected":false},"excerpt":{"rendered":"<p>En esta obra, tipo planta de producci\u00f3n de papel en Apodaca, Nuevo Le\u00f3n, instalamos el sistema de protecci\u00f3n contra incendio. El sistema instalado incluye una Red de Hidrantes en \u00e1rea de oficinas con mangueras de 1 1\/2&#8243;, de acuerdo con los est\u00e1ndares de NFPA 14. Por otro lado, instalamos un sistema de Bombeo de 2,000 [&hellip;]<\/p>\n","protected":false},"author":1,"featured_media":2417,"parent":2212,"menu_order":0,"comment_status":"closed","ping_status":"closed","template":"","meta":{"_et_pb_use_builder":"","_et_pb_old_content":"","_et_gb_content_width":"","footnotes":""},"class_list":["post-2415","page","type-page","status-publish","has-post-thumbnail","hentry"],"yoast_head":"<!-- This site is optimized with the Yoast SEO plugin v27.4 - https:\/\/yoast.com\/product\/yoast-seo-wordpress\/ -->\n<title>Blue Box Apodaca - SACA Sistemas de Protecci\u00f3n contra Incendio M\u00e9xico<\/title>\n<meta name=\"robots\" content=\"index, follow, max-snippet:-1, max-image-preview:large, max-video-preview:-1\" \/>\n<link rel=\"canonical\" href=\"https:\/\/saca.com.mx\/es\/obras-2020-2021\/blue-box-apodaca\/\" \/>\n<meta property=\"og:locale\" content=\"es_ES\" \/>\n<meta property=\"og:type\" content=\"article\" \/>\n<meta property=\"og:title\" content=\"Blue Box Apodaca - SACA Sistemas de Protecci\u00f3n contra Incendio M\u00e9xico\" \/>\n<meta property=\"og:description\" content=\"En esta obra, tipo planta de producci\u00f3n de papel en Apodaca, Nuevo Le\u00f3n, instalamos el sistema de protecci\u00f3n contra incendio. El sistema instalado incluye una Red de Hidrantes en \u00e1rea de oficinas con mangueras de 1 1\/2&#8243;, de acuerdo con los est\u00e1ndares de NFPA 14. Por otro lado, instalamos un sistema de Bombeo de 2,000 [&hellip;]\" \/>\n<meta property=\"og:url\" content=\"https:\/\/saca.com.mx\/es\/obras-2020-2021\/blue-box-apodaca\/\" \/>\n<meta property=\"og:site_name\" content=\"SACA Sistemas de Protecci\u00f3n contra Incendio M\u00e9xico\" \/>\n<meta property=\"og:image\" content=\"https:\/\/saca.com.mx\/es\/wp-content\/uploads\/2022\/04\/11.-Blue-Box-Apodaca.jpg\" \/>\n\t<meta property=\"og:image:width\" content=\"1778\" \/>\n\t<meta property=\"og:image:height\" content=\"681\" \/>\n\t<meta property=\"og:image:type\" content=\"image\/jpeg\" \/>\n<meta name=\"twitter:card\" content=\"summary_large_image\" \/>\n<meta name=\"twitter:label1\" content=\"Tiempo de lectura\" \/>\n\t<meta name=\"twitter:data1\" content=\"1 minuto\" \/>\n<script type=\"application\/ld+json\" class=\"yoast-schema-graph\">{\"@context\":\"https:\\\/\\\/schema.org\",\"@graph\":[{\"@type\":\"WebPage\",\"@id\":\"https:\\\/\\\/saca.com.mx\\\/es\\\/obras-2020-2021\\\/blue-box-apodaca\\\/\",\"url\":\"https:\\\/\\\/saca.com.mx\\\/es\\\/obras-2020-2021\\\/blue-box-apodaca\\\/\",\"name\":\"Blue Box Apodaca - SACA Sistemas de Protecci\u00f3n contra Incendio M\u00e9xico\",\"isPartOf\":{\"@id\":\"https:\\\/\\\/saca.com.mx\\\/es\\\/#website\"},\"primaryImageOfPage\":{\"@id\":\"https:\\\/\\\/saca.com.mx\\\/es\\\/obras-2020-2021\\\/blue-box-apodaca\\\/#primaryimage\"},\"image\":{\"@id\":\"https:\\\/\\\/saca.com.mx\\\/es\\\/obras-2020-2021\\\/blue-box-apodaca\\\/#primaryimage\"},\"thumbnailUrl\":\"https:\\\/\\\/saca.com.mx\\\/es\\\/wp-content\\\/uploads\\\/2022\\\/04\\\/11.-Blue-Box-Apodaca.jpg\",\"datePublished\":\"2022-04-06T22:58:15+00:00\",\"breadcrumb\":{\"@id\":\"https:\\\/\\\/saca.com.mx\\\/es\\\/obras-2020-2021\\\/blue-box-apodaca\\\/#breadcrumb\"},\"inLanguage\":\"es\",\"potentialAction\":[{\"@type\":\"ReadAction\",\"target\":[\"https:\\\/\\\/saca.com.mx\\\/es\\\/obras-2020-2021\\\/blue-box-apodaca\\\/\"]}]},{\"@type\":\"ImageObject\",\"inLanguage\":\"es\",\"@id\":\"https:\\\/\\\/saca.com.mx\\\/es\\\/obras-2020-2021\\\/blue-box-apodaca\\\/#primaryimage\",\"url\":\"https:\\\/\\\/saca.com.mx\\\/es\\\/wp-content\\\/uploads\\\/2022\\\/04\\\/11.-Blue-Box-Apodaca.jpg\",\"contentUrl\":\"https:\\\/\\\/saca.com.mx\\\/es\\\/wp-content\\\/uploads\\\/2022\\\/04\\\/11.-Blue-Box-Apodaca.jpg\",\"width\":1778,\"height\":681},{\"@type\":\"BreadcrumbList\",\"@id\":\"https:\\\/\\\/saca.com.mx\\\/es\\\/obras-2020-2021\\\/blue-box-apodaca\\\/#breadcrumb\",\"itemListElement\":[{\"@type\":\"ListItem\",\"position\":1,\"name\":\"Portada\",\"item\":\"https:\\\/\\\/saca.com.mx\\\/es\\\/\"},{\"@type\":\"ListItem\",\"position\":2,\"name\":\"Obras 2020-2021\",\"item\":\"https:\\\/\\\/saca.com.mx\\\/es\\\/obras-2020-2021\\\/\"},{\"@type\":\"ListItem\",\"position\":3,\"name\":\"Blue Box Apodaca\"}]},{\"@type\":\"WebSite\",\"@id\":\"https:\\\/\\\/saca.com.mx\\\/es\\\/#website\",\"url\":\"https:\\\/\\\/saca.com.mx\\\/es\\\/\",\"name\":\"SACA Sistemas de Protecci\u00f3n contra Incendio M\u00e9xico\",\"description\":\"\",\"potentialAction\":[{\"@type\":\"SearchAction\",\"target\":{\"@type\":\"EntryPoint\",\"urlTemplate\":\"https:\\\/\\\/saca.com.mx\\\/es\\\/?s={search_term_string}\"},\"query-input\":{\"@type\":\"PropertyValueSpecification\",\"valueRequired\":true,\"valueName\":\"search_term_string\"}}],\"inLanguage\":\"es\"}]}<\/script>\n<!-- \/ Yoast SEO plugin. -->","yoast_head_json":{"title":"Blue Box Apodaca - SACA Sistemas de Protecci\u00f3n contra Incendio M\u00e9xico","robots":{"index":"index","follow":"follow","max-snippet":"max-snippet:-1","max-image-preview":"max-image-preview:large","max-video-preview":"max-video-preview:-1"},"canonical":"https:\/\/saca.com.mx\/es\/obras-2020-2021\/blue-box-apodaca\/","og_locale":"es_ES","og_type":"article","og_title":"Blue Box Apodaca - SACA Sistemas de Protecci\u00f3n contra Incendio M\u00e9xico","og_description":"En esta obra, tipo planta de producci\u00f3n de papel en Apodaca, Nuevo Le\u00f3n, instalamos el sistema de protecci\u00f3n contra incendio. El sistema instalado incluye una Red de Hidrantes en \u00e1rea de oficinas con mangueras de 1 1\/2&#8243;, de acuerdo con los est\u00e1ndares de NFPA 14. Por otro lado, instalamos un sistema de Bombeo de 2,000 [&hellip;]","og_url":"https:\/\/saca.com.mx\/es\/obras-2020-2021\/blue-box-apodaca\/","og_site_name":"SACA Sistemas de Protecci\u00f3n contra Incendio M\u00e9xico","og_image":[{"width":1778,"height":681,"url":"https:\/\/saca.com.mx\/es\/wp-content\/uploads\/2022\/04\/11.-Blue-Box-Apodaca.jpg","type":"image\/jpeg"}],"twitter_card":"summary_large_image","twitter_misc":{"Tiempo de lectura":"1 minuto"},"schema":{"@context":"https:\/\/schema.org","@graph":[{"@type":"WebPage","@id":"https:\/\/saca.com.mx\/es\/obras-2020-2021\/blue-box-apodaca\/","url":"https:\/\/saca.com.mx\/es\/obras-2020-2021\/blue-box-apodaca\/","name":"Blue Box Apodaca - SACA Sistemas de Protecci\u00f3n contra Incendio M\u00e9xico","isPartOf":{"@id":"https:\/\/saca.com.mx\/es\/#website"},"primaryImageOfPage":{"@id":"https:\/\/saca.com.mx\/es\/obras-2020-2021\/blue-box-apodaca\/#primaryimage"},"image":{"@id":"https:\/\/saca.com.mx\/es\/obras-2020-2021\/blue-box-apodaca\/#primaryimage"},"thumbnailUrl":"https:\/\/saca.com.mx\/es\/wp-content\/uploads\/2022\/04\/11.-Blue-Box-Apodaca.jpg","datePublished":"2022-04-06T22:58:15+00:00","breadcrumb":{"@id":"https:\/\/saca.com.mx\/es\/obras-2020-2021\/blue-box-apodaca\/#breadcrumb"},"inLanguage":"es","potentialAction":[{"@type":"ReadAction","target":["https:\/\/saca.com.mx\/es\/obras-2020-2021\/blue-box-apodaca\/"]}]},{"@type":"ImageObject","inLanguage":"es","@id":"https:\/\/saca.com.mx\/es\/obras-2020-2021\/blue-box-apodaca\/#primaryimage","url":"https:\/\/saca.com.mx\/es\/wp-content\/uploads\/2022\/04\/11.-Blue-Box-Apodaca.jpg","contentUrl":"https:\/\/saca.com.mx\/es\/wp-content\/uploads\/2022\/04\/11.-Blue-Box-Apodaca.jpg","width":1778,"height":681},{"@type":"BreadcrumbList","@id":"https:\/\/saca.com.mx\/es\/obras-2020-2021\/blue-box-apodaca\/#breadcrumb","itemListElement":[{"@type":"ListItem","position":1,"name":"Portada","item":"https:\/\/saca.com.mx\/es\/"},{"@type":"ListItem","position":2,"name":"Obras 2020-2021","item":"https:\/\/saca.com.mx\/es\/obras-2020-2021\/"},{"@type":"ListItem","position":3,"name":"Blue Box Apodaca"}]},{"@type":"WebSite","@id":"https:\/\/saca.com.mx\/es\/#website","url":"https:\/\/saca.com.mx\/es\/","name":"SACA Sistemas de Protecci\u00f3n contra Incendio M\u00e9xico","description":"","potentialAction":[{"@type":"SearchAction","target":{"@type":"EntryPoint","urlTemplate":"https:\/\/saca.com.mx\/es\/?s={search_term_string}"},"query-input":{"@type":"PropertyValueSpecification","valueRequired":true,"valueName":"search_term_string"}}],"inLanguage":"es"}]}},"_links":{"self":[{"href":"https:\/\/saca.com.mx\/es\/wp-json\/wp\/v2\/pages\/2415","targetHints":{"allow":["GET"]}}],"collection":[{"href":"https:\/\/saca.com.mx\/es\/wp-json\/wp\/v2\/pages"}],"about":[{"href":"https:\/\/saca.com.mx\/es\/wp-json\/wp\/v2\/types\/page"}],"author":[{"embeddable":true,"href":"https:\/\/saca.com.mx\/es\/wp-json\/wp\/v2\/users\/1"}],"replies":[{"embeddable":true,"href":"https:\/\/saca.com.mx\/es\/wp-json\/wp\/v2\/comments?post=2415"}],"version-history":[{"count":1,"href":"https:\/\/saca.com.mx\/es\/wp-json\/wp\/v2\/pages\/2415\/revisions"}],"predecessor-version":[{"id":2418,"href":"https:\/\/saca.com.mx\/es\/wp-json\/wp\/v2\/pages\/2415\/revisions\/2418"}],"up":[{"embeddable":true,"href":"https:\/\/saca.com.mx\/es\/wp-json\/wp\/v2\/pages\/2212"}],"wp:featuredmedia":[{"embeddable":true,"href":"https:\/\/saca.com.mx\/es\/wp-json\/wp\/v2\/media\/2417"}],"wp:attachment":[{"href":"https:\/\/saca.com.mx\/es\/wp-json\/wp\/v2\/media?parent=2415"}],"curies":[{"name":"wp","href":"https:\/\/api.w.org\/{rel}","templated":true}]}}