{"id":2443,"date":"2022-04-06T23:09:36","date_gmt":"2022-04-06T23:09:36","guid":{"rendered":"https:\/\/saca.com.mx\/es\/?page_id=2443"},"modified":"2022-04-06T23:09:36","modified_gmt":"2022-04-06T23:09:36","slug":"supercenter-nuevo-mexicali","status":"publish","type":"page","link":"https:\/\/saca.com.mx\/es\/obras-2020-2021\/supercenter-nuevo-mexicali\/","title":{"rendered":"Supercenter Nuevo Mexicali"},"content":{"rendered":"<p style=\"text-align: justify;\"><span style=\"color: #993300;\">En esta obra, tipo edificio de almacenaje para autoservicio en Mexicali, Baja California, instalamos el sistema de protecci\u00f3n contra incendio.<\/span><\/p>\n<p style=\"text-align: justify;\">El sistema instalado incluye Rociadores de techo, Rociadores en trastienda y Rociadores en oficinas generales, de acuerdo con los est\u00e1ndares de NFPA 13. Por otro lado, instalamos una Red de Hidrantes con alimentador principal y se instalaron Hidrantes de barril seco, conforme a los est\u00e1ndares de NFPA 24. Adicionalmente, instalamos un sistema de Bombeo de 2,000 GPM diesel, el\u00e9ctrica y jockey para la recuperaci\u00f3n de presi\u00f3n, conforme a los est\u00e1ndares de NFPA 20. Posteriormente, se instal\u00f3 un Tanque con capacidad de almacenaje de 165,963 galones para protecci\u00f3n contra incendio, de acuerdo con los est\u00e1ndares de NFPA 22. Finalmente, instalamos un sistema de protecci\u00f3n contra incendio Ansul para cocinas, de tipo carga-descarga.<\/p>\n<p style=\"text-align: justify;\">El proyecto fue entregado en tiempo, forma y costo, cumpliendo estrictamente con el GANT de la especialidad Protecci\u00f3n Contra Incendio y alineado al programa general de obra de nuestro cliente.<\/p>\n<p><img loading=\"lazy\" decoding=\"async\" class=\"aligncenter size-full wp-image-2445\" src=\"https:\/\/saca.com.mx\/es\/wp-content\/uploads\/2022\/04\/18.-Supercenter-Nuevo-Mexicali.jpg\" alt=\"\" width=\"1779\" height=\"681\" srcset=\"https:\/\/saca.com.mx\/es\/wp-content\/uploads\/2022\/04\/18.-Supercenter-Nuevo-Mexicali.jpg 1779w, https:\/\/saca.com.mx\/es\/wp-content\/uploads\/2022\/04\/18.-Supercenter-Nuevo-Mexicali-300x115.jpg 300w, https:\/\/saca.com.mx\/es\/wp-content\/uploads\/2022\/04\/18.-Supercenter-Nuevo-Mexicali-768x294.jpg 768w, https:\/\/saca.com.mx\/es\/wp-content\/uploads\/2022\/04\/18.-Supercenter-Nuevo-Mexicali-1024x392.jpg 1024w, https:\/\/saca.com.mx\/es\/wp-content\/uploads\/2022\/04\/18.-Supercenter-Nuevo-Mexicali-1080x413.jpg 1080w, https:\/\/saca.com.mx\/es\/wp-content\/uploads\/2022\/04\/18.-Supercenter-Nuevo-Mexicali-24x9.jpg 24w, https:\/\/saca.com.mx\/es\/wp-content\/uploads\/2022\/04\/18.-Supercenter-Nuevo-Mexicali-36x14.jpg 36w, https:\/\/saca.com.mx\/es\/wp-content\/uploads\/2022\/04\/18.-Supercenter-Nuevo-Mexicali-48x18.jpg 48w\" sizes=\"(max-width: 1779px) 100vw, 1779px\" \/><\/p>\n","protected":false},"excerpt":{"rendered":"<p>En esta obra, tipo edificio de almacenaje para autoservicio en Mexicali, Baja California, instalamos el sistema de protecci\u00f3n contra incendio. El sistema instalado incluye Rociadores de techo, Rociadores en trastienda y Rociadores en oficinas generales, de acuerdo con los est\u00e1ndares de NFPA 13. Por otro lado, instalamos una Red de Hidrantes con alimentador principal y [&hellip;]<\/p>\n","protected":false},"author":1,"featured_media":2445,"parent":2212,"menu_order":0,"comment_status":"closed","ping_status":"closed","template":"","meta":{"_et_pb_use_builder":"","_et_pb_old_content":"","_et_gb_content_width":"","footnotes":""},"class_list":["post-2443","page","type-page","status-publish","has-post-thumbnail","hentry"],"yoast_head":"<!-- This site is optimized with the Yoast SEO plugin v27.4 - https:\/\/yoast.com\/product\/yoast-seo-wordpress\/ -->\n<title>Supercenter Nuevo Mexicali - SACA Sistemas de Protecci\u00f3n contra Incendio M\u00e9xico<\/title>\n<meta name=\"robots\" content=\"index, follow, max-snippet:-1, max-image-preview:large, max-video-preview:-1\" \/>\n<link rel=\"canonical\" href=\"https:\/\/saca.com.mx\/es\/obras-2020-2021\/supercenter-nuevo-mexicali\/\" \/>\n<meta property=\"og:locale\" content=\"es_ES\" \/>\n<meta property=\"og:type\" content=\"article\" \/>\n<meta property=\"og:title\" content=\"Supercenter Nuevo Mexicali - SACA Sistemas de Protecci\u00f3n contra Incendio M\u00e9xico\" \/>\n<meta property=\"og:description\" content=\"En esta obra, tipo edificio de almacenaje para autoservicio en Mexicali, Baja California, instalamos el sistema de protecci\u00f3n contra incendio. El sistema instalado incluye Rociadores de techo, Rociadores en trastienda y Rociadores en oficinas generales, de acuerdo con los est\u00e1ndares de NFPA 13. Por otro lado, instalamos una Red de Hidrantes con alimentador principal y [&hellip;]\" \/>\n<meta property=\"og:url\" content=\"https:\/\/saca.com.mx\/es\/obras-2020-2021\/supercenter-nuevo-mexicali\/\" \/>\n<meta property=\"og:site_name\" content=\"SACA Sistemas de Protecci\u00f3n contra Incendio M\u00e9xico\" \/>\n<meta property=\"og:image\" content=\"https:\/\/saca.com.mx\/es\/wp-content\/uploads\/2022\/04\/18.-Supercenter-Nuevo-Mexicali.jpg\" \/>\n\t<meta property=\"og:image:width\" content=\"1779\" \/>\n\t<meta property=\"og:image:height\" content=\"681\" \/>\n\t<meta property=\"og:image:type\" content=\"image\/jpeg\" \/>\n<meta name=\"twitter:card\" content=\"summary_large_image\" \/>\n<meta name=\"twitter:label1\" content=\"Tiempo de lectura\" \/>\n\t<meta name=\"twitter:data1\" content=\"1 minuto\" \/>\n<script type=\"application\/ld+json\" class=\"yoast-schema-graph\">{\"@context\":\"https:\\\/\\\/schema.org\",\"@graph\":[{\"@type\":\"WebPage\",\"@id\":\"https:\\\/\\\/saca.com.mx\\\/es\\\/obras-2020-2021\\\/supercenter-nuevo-mexicali\\\/\",\"url\":\"https:\\\/\\\/saca.com.mx\\\/es\\\/obras-2020-2021\\\/supercenter-nuevo-mexicali\\\/\",\"name\":\"Supercenter Nuevo Mexicali - SACA Sistemas de Protecci\u00f3n contra Incendio M\u00e9xico\",\"isPartOf\":{\"@id\":\"https:\\\/\\\/saca.com.mx\\\/es\\\/#website\"},\"primaryImageOfPage\":{\"@id\":\"https:\\\/\\\/saca.com.mx\\\/es\\\/obras-2020-2021\\\/supercenter-nuevo-mexicali\\\/#primaryimage\"},\"image\":{\"@id\":\"https:\\\/\\\/saca.com.mx\\\/es\\\/obras-2020-2021\\\/supercenter-nuevo-mexicali\\\/#primaryimage\"},\"thumbnailUrl\":\"https:\\\/\\\/saca.com.mx\\\/es\\\/wp-content\\\/uploads\\\/2022\\\/04\\\/18.-Supercenter-Nuevo-Mexicali.jpg\",\"datePublished\":\"2022-04-06T23:09:36+00:00\",\"breadcrumb\":{\"@id\":\"https:\\\/\\\/saca.com.mx\\\/es\\\/obras-2020-2021\\\/supercenter-nuevo-mexicali\\\/#breadcrumb\"},\"inLanguage\":\"es\",\"potentialAction\":[{\"@type\":\"ReadAction\",\"target\":[\"https:\\\/\\\/saca.com.mx\\\/es\\\/obras-2020-2021\\\/supercenter-nuevo-mexicali\\\/\"]}]},{\"@type\":\"ImageObject\",\"inLanguage\":\"es\",\"@id\":\"https:\\\/\\\/saca.com.mx\\\/es\\\/obras-2020-2021\\\/supercenter-nuevo-mexicali\\\/#primaryimage\",\"url\":\"https:\\\/\\\/saca.com.mx\\\/es\\\/wp-content\\\/uploads\\\/2022\\\/04\\\/18.-Supercenter-Nuevo-Mexicali.jpg\",\"contentUrl\":\"https:\\\/\\\/saca.com.mx\\\/es\\\/wp-content\\\/uploads\\\/2022\\\/04\\\/18.-Supercenter-Nuevo-Mexicali.jpg\",\"width\":1779,\"height\":681},{\"@type\":\"BreadcrumbList\",\"@id\":\"https:\\\/\\\/saca.com.mx\\\/es\\\/obras-2020-2021\\\/supercenter-nuevo-mexicali\\\/#breadcrumb\",\"itemListElement\":[{\"@type\":\"ListItem\",\"position\":1,\"name\":\"Portada\",\"item\":\"https:\\\/\\\/saca.com.mx\\\/es\\\/\"},{\"@type\":\"ListItem\",\"position\":2,\"name\":\"Obras 2020-2021\",\"item\":\"https:\\\/\\\/saca.com.mx\\\/es\\\/obras-2020-2021\\\/\"},{\"@type\":\"ListItem\",\"position\":3,\"name\":\"Supercenter Nuevo Mexicali\"}]},{\"@type\":\"WebSite\",\"@id\":\"https:\\\/\\\/saca.com.mx\\\/es\\\/#website\",\"url\":\"https:\\\/\\\/saca.com.mx\\\/es\\\/\",\"name\":\"SACA Sistemas de Protecci\u00f3n contra Incendio M\u00e9xico\",\"description\":\"\",\"potentialAction\":[{\"@type\":\"SearchAction\",\"target\":{\"@type\":\"EntryPoint\",\"urlTemplate\":\"https:\\\/\\\/saca.com.mx\\\/es\\\/?s={search_term_string}\"},\"query-input\":{\"@type\":\"PropertyValueSpecification\",\"valueRequired\":true,\"valueName\":\"search_term_string\"}}],\"inLanguage\":\"es\"}]}<\/script>\n<!-- \/ Yoast SEO plugin. -->","yoast_head_json":{"title":"Supercenter Nuevo Mexicali - SACA Sistemas de Protecci\u00f3n contra Incendio M\u00e9xico","robots":{"index":"index","follow":"follow","max-snippet":"max-snippet:-1","max-image-preview":"max-image-preview:large","max-video-preview":"max-video-preview:-1"},"canonical":"https:\/\/saca.com.mx\/es\/obras-2020-2021\/supercenter-nuevo-mexicali\/","og_locale":"es_ES","og_type":"article","og_title":"Supercenter Nuevo Mexicali - SACA Sistemas de Protecci\u00f3n contra Incendio M\u00e9xico","og_description":"En esta obra, tipo edificio de almacenaje para autoservicio en Mexicali, Baja California, instalamos el sistema de protecci\u00f3n contra incendio. El sistema instalado incluye Rociadores de techo, Rociadores en trastienda y Rociadores en oficinas generales, de acuerdo con los est\u00e1ndares de NFPA 13. Por otro lado, instalamos una Red de Hidrantes con alimentador principal y [&hellip;]","og_url":"https:\/\/saca.com.mx\/es\/obras-2020-2021\/supercenter-nuevo-mexicali\/","og_site_name":"SACA Sistemas de Protecci\u00f3n contra Incendio M\u00e9xico","og_image":[{"width":1779,"height":681,"url":"https:\/\/saca.com.mx\/es\/wp-content\/uploads\/2022\/04\/18.-Supercenter-Nuevo-Mexicali.jpg","type":"image\/jpeg"}],"twitter_card":"summary_large_image","twitter_misc":{"Tiempo de lectura":"1 minuto"},"schema":{"@context":"https:\/\/schema.org","@graph":[{"@type":"WebPage","@id":"https:\/\/saca.com.mx\/es\/obras-2020-2021\/supercenter-nuevo-mexicali\/","url":"https:\/\/saca.com.mx\/es\/obras-2020-2021\/supercenter-nuevo-mexicali\/","name":"Supercenter Nuevo Mexicali - SACA Sistemas de Protecci\u00f3n contra Incendio M\u00e9xico","isPartOf":{"@id":"https:\/\/saca.com.mx\/es\/#website"},"primaryImageOfPage":{"@id":"https:\/\/saca.com.mx\/es\/obras-2020-2021\/supercenter-nuevo-mexicali\/#primaryimage"},"image":{"@id":"https:\/\/saca.com.mx\/es\/obras-2020-2021\/supercenter-nuevo-mexicali\/#primaryimage"},"thumbnailUrl":"https:\/\/saca.com.mx\/es\/wp-content\/uploads\/2022\/04\/18.-Supercenter-Nuevo-Mexicali.jpg","datePublished":"2022-04-06T23:09:36+00:00","breadcrumb":{"@id":"https:\/\/saca.com.mx\/es\/obras-2020-2021\/supercenter-nuevo-mexicali\/#breadcrumb"},"inLanguage":"es","potentialAction":[{"@type":"ReadAction","target":["https:\/\/saca.com.mx\/es\/obras-2020-2021\/supercenter-nuevo-mexicali\/"]}]},{"@type":"ImageObject","inLanguage":"es","@id":"https:\/\/saca.com.mx\/es\/obras-2020-2021\/supercenter-nuevo-mexicali\/#primaryimage","url":"https:\/\/saca.com.mx\/es\/wp-content\/uploads\/2022\/04\/18.-Supercenter-Nuevo-Mexicali.jpg","contentUrl":"https:\/\/saca.com.mx\/es\/wp-content\/uploads\/2022\/04\/18.-Supercenter-Nuevo-Mexicali.jpg","width":1779,"height":681},{"@type":"BreadcrumbList","@id":"https:\/\/saca.com.mx\/es\/obras-2020-2021\/supercenter-nuevo-mexicali\/#breadcrumb","itemListElement":[{"@type":"ListItem","position":1,"name":"Portada","item":"https:\/\/saca.com.mx\/es\/"},{"@type":"ListItem","position":2,"name":"Obras 2020-2021","item":"https:\/\/saca.com.mx\/es\/obras-2020-2021\/"},{"@type":"ListItem","position":3,"name":"Supercenter Nuevo Mexicali"}]},{"@type":"WebSite","@id":"https:\/\/saca.com.mx\/es\/#website","url":"https:\/\/saca.com.mx\/es\/","name":"SACA Sistemas de Protecci\u00f3n contra Incendio M\u00e9xico","description":"","potentialAction":[{"@type":"SearchAction","target":{"@type":"EntryPoint","urlTemplate":"https:\/\/saca.com.mx\/es\/?s={search_term_string}"},"query-input":{"@type":"PropertyValueSpecification","valueRequired":true,"valueName":"search_term_string"}}],"inLanguage":"es"}]}},"_links":{"self":[{"href":"https:\/\/saca.com.mx\/es\/wp-json\/wp\/v2\/pages\/2443","targetHints":{"allow":["GET"]}}],"collection":[{"href":"https:\/\/saca.com.mx\/es\/wp-json\/wp\/v2\/pages"}],"about":[{"href":"https:\/\/saca.com.mx\/es\/wp-json\/wp\/v2\/types\/page"}],"author":[{"embeddable":true,"href":"https:\/\/saca.com.mx\/es\/wp-json\/wp\/v2\/users\/1"}],"replies":[{"embeddable":true,"href":"https:\/\/saca.com.mx\/es\/wp-json\/wp\/v2\/comments?post=2443"}],"version-history":[{"count":1,"href":"https:\/\/saca.com.mx\/es\/wp-json\/wp\/v2\/pages\/2443\/revisions"}],"predecessor-version":[{"id":2446,"href":"https:\/\/saca.com.mx\/es\/wp-json\/wp\/v2\/pages\/2443\/revisions\/2446"}],"up":[{"embeddable":true,"href":"https:\/\/saca.com.mx\/es\/wp-json\/wp\/v2\/pages\/2212"}],"wp:featuredmedia":[{"embeddable":true,"href":"https:\/\/saca.com.mx\/es\/wp-json\/wp\/v2\/media\/2445"}],"wp:attachment":[{"href":"https:\/\/saca.com.mx\/es\/wp-json\/wp\/v2\/media?parent=2443"}],"curies":[{"name":"wp","href":"https:\/\/api.w.org\/{rel}","templated":true}]}}