{"id":2451,"date":"2022-04-06T23:14:03","date_gmt":"2022-04-06T23:14:03","guid":{"rendered":"https:\/\/saca.com.mx\/es\/?page_id=2451"},"modified":"2022-04-06T23:14:03","modified_gmt":"2022-04-06T23:14:03","slug":"cedis-santo-nino-mexicali","status":"publish","type":"page","link":"https:\/\/saca.com.mx\/es\/obras-2020-2021\/cedis-santo-nino-mexicali\/","title":{"rendered":"CEDIS Santo Ni\u00f1o Mexicali"},"content":{"rendered":"<p style=\"text-align: justify;\"><span style=\"color: #993300;\">En esta obra, tipo centro de distribuci\u00f3n para cadena de autoservicio en Mexicali, Baja California, instalamos el sistema de protecci\u00f3n contra incendio.<\/span><\/p>\n<p style=\"text-align: justify;\">El sistema instalado incluye Rociadores ESFR 205 F, K28 Techumbre, Rociadores en oficinas generales, Rociadores en cuarto de bater\u00eda, Rociadores \u00e1rea de recibo y embarque, de acuerdo con los est\u00e1ndares de NFPA 13. Por otro lado, instalamos una Red subterr\u00e1nea con Hidrantes de barril seco, conforme a los est\u00e1ndares de NFPA 24; se instalaron tambi\u00e9n Hidrantes interiores con mangueras de 1 1\/2&#8243;, de acuerdo con los est\u00e1ndares de NFPA 14. Adicionalmente instalamos sistema de Bombeo de 2,500 GPM diesel, el\u00e9ctrica y jockey, conforme a los est\u00e1ndares de NFPA 20. Posteriormente, instalamos un Tanque con capacidad de almacenaje de 193,195 galones para protecci\u00f3n contra incendio, de acuerdo con los est\u00e1ndares de NFPA 22, as\u00ed como un Tanque con capacidad de almacenaje de 43,052 galones para el uso de agua para servicios. Finalmente, instalamos un sistema de protecci\u00f3n contra incendio Ansul para cocinas, de tipo carga-descarga.<\/p>\n<p style=\"text-align: justify;\">El proyecto fue entregado en tiempo, forma y costo, cumpliendo estrictamente con el GANT de la especialidad Protecci\u00f3n Contra Incendio y alineado al programa general de obra de nuestro cliente.<\/p>\n<p><img loading=\"lazy\" decoding=\"async\" class=\"aligncenter size-full wp-image-2453\" src=\"https:\/\/saca.com.mx\/es\/wp-content\/uploads\/2022\/04\/20.-CEDIS-Santo-Ni\u00f1o-Mexicali.jpg\" alt=\"\" width=\"1780\" height=\"681\" srcset=\"https:\/\/saca.com.mx\/es\/wp-content\/uploads\/2022\/04\/20.-CEDIS-Santo-Ni\u00f1o-Mexicali.jpg 1780w, https:\/\/saca.com.mx\/es\/wp-content\/uploads\/2022\/04\/20.-CEDIS-Santo-Ni\u00f1o-Mexicali-300x115.jpg 300w, https:\/\/saca.com.mx\/es\/wp-content\/uploads\/2022\/04\/20.-CEDIS-Santo-Ni\u00f1o-Mexicali-768x294.jpg 768w, https:\/\/saca.com.mx\/es\/wp-content\/uploads\/2022\/04\/20.-CEDIS-Santo-Ni\u00f1o-Mexicali-1024x392.jpg 1024w, https:\/\/saca.com.mx\/es\/wp-content\/uploads\/2022\/04\/20.-CEDIS-Santo-Ni\u00f1o-Mexicali-1080x413.jpg 1080w, https:\/\/saca.com.mx\/es\/wp-content\/uploads\/2022\/04\/20.-CEDIS-Santo-Ni\u00f1o-Mexicali-24x9.jpg 24w, https:\/\/saca.com.mx\/es\/wp-content\/uploads\/2022\/04\/20.-CEDIS-Santo-Ni\u00f1o-Mexicali-36x14.jpg 36w, https:\/\/saca.com.mx\/es\/wp-content\/uploads\/2022\/04\/20.-CEDIS-Santo-Ni\u00f1o-Mexicali-48x18.jpg 48w\" sizes=\"(max-width: 1780px) 100vw, 1780px\" \/><\/p>\n","protected":false},"excerpt":{"rendered":"<p>En esta obra, tipo centro de distribuci\u00f3n para cadena de autoservicio en Mexicali, Baja California, instalamos el sistema de protecci\u00f3n contra incendio. El sistema instalado incluye Rociadores ESFR 205 F, K28 Techumbre, Rociadores en oficinas generales, Rociadores en cuarto de bater\u00eda, Rociadores \u00e1rea de recibo y embarque, de acuerdo con los est\u00e1ndares de NFPA 13. [&hellip;]<\/p>\n","protected":false},"author":1,"featured_media":2453,"parent":2212,"menu_order":0,"comment_status":"closed","ping_status":"closed","template":"","meta":{"_et_pb_use_builder":"","_et_pb_old_content":"","_et_gb_content_width":"","footnotes":""},"class_list":["post-2451","page","type-page","status-publish","has-post-thumbnail","hentry"],"yoast_head":"<!-- This site is optimized with the Yoast SEO plugin v27.4 - https:\/\/yoast.com\/product\/yoast-seo-wordpress\/ -->\n<title>CEDIS Santo Ni\u00f1o Mexicali - SACA Sistemas de Protecci\u00f3n contra Incendio M\u00e9xico<\/title>\n<meta name=\"robots\" content=\"index, follow, max-snippet:-1, max-image-preview:large, max-video-preview:-1\" \/>\n<link rel=\"canonical\" href=\"https:\/\/saca.com.mx\/es\/obras-2020-2021\/cedis-santo-nino-mexicali\/\" \/>\n<meta property=\"og:locale\" content=\"es_ES\" \/>\n<meta property=\"og:type\" content=\"article\" \/>\n<meta property=\"og:title\" content=\"CEDIS Santo Ni\u00f1o Mexicali - SACA Sistemas de Protecci\u00f3n contra Incendio M\u00e9xico\" \/>\n<meta property=\"og:description\" content=\"En esta obra, tipo centro de distribuci\u00f3n para cadena de autoservicio en Mexicali, Baja California, instalamos el sistema de protecci\u00f3n contra incendio. El sistema instalado incluye Rociadores ESFR 205 F, K28 Techumbre, Rociadores en oficinas generales, Rociadores en cuarto de bater\u00eda, Rociadores \u00e1rea de recibo y embarque, de acuerdo con los est\u00e1ndares de NFPA 13. [&hellip;]\" \/>\n<meta property=\"og:url\" content=\"https:\/\/saca.com.mx\/es\/obras-2020-2021\/cedis-santo-nino-mexicali\/\" \/>\n<meta property=\"og:site_name\" content=\"SACA Sistemas de Protecci\u00f3n contra Incendio M\u00e9xico\" \/>\n<meta property=\"og:image\" content=\"https:\/\/saca.com.mx\/es\/wp-content\/uploads\/2022\/04\/20.-CEDIS-Santo-Ni\u00f1o-Mexicali.jpg\" \/>\n\t<meta property=\"og:image:width\" content=\"1780\" \/>\n\t<meta property=\"og:image:height\" content=\"681\" \/>\n\t<meta property=\"og:image:type\" content=\"image\/jpeg\" \/>\n<meta name=\"twitter:card\" content=\"summary_large_image\" \/>\n<meta name=\"twitter:label1\" content=\"Tiempo de lectura\" \/>\n\t<meta name=\"twitter:data1\" content=\"1 minuto\" \/>\n<script type=\"application\/ld+json\" class=\"yoast-schema-graph\">{\"@context\":\"https:\\\/\\\/schema.org\",\"@graph\":[{\"@type\":\"WebPage\",\"@id\":\"https:\\\/\\\/saca.com.mx\\\/es\\\/obras-2020-2021\\\/cedis-santo-nino-mexicali\\\/\",\"url\":\"https:\\\/\\\/saca.com.mx\\\/es\\\/obras-2020-2021\\\/cedis-santo-nino-mexicali\\\/\",\"name\":\"CEDIS Santo Ni\u00f1o Mexicali - SACA Sistemas de Protecci\u00f3n contra Incendio M\u00e9xico\",\"isPartOf\":{\"@id\":\"https:\\\/\\\/saca.com.mx\\\/es\\\/#website\"},\"primaryImageOfPage\":{\"@id\":\"https:\\\/\\\/saca.com.mx\\\/es\\\/obras-2020-2021\\\/cedis-santo-nino-mexicali\\\/#primaryimage\"},\"image\":{\"@id\":\"https:\\\/\\\/saca.com.mx\\\/es\\\/obras-2020-2021\\\/cedis-santo-nino-mexicali\\\/#primaryimage\"},\"thumbnailUrl\":\"https:\\\/\\\/saca.com.mx\\\/es\\\/wp-content\\\/uploads\\\/2022\\\/04\\\/20.-CEDIS-Santo-Ni\u00f1o-Mexicali.jpg\",\"datePublished\":\"2022-04-06T23:14:03+00:00\",\"breadcrumb\":{\"@id\":\"https:\\\/\\\/saca.com.mx\\\/es\\\/obras-2020-2021\\\/cedis-santo-nino-mexicali\\\/#breadcrumb\"},\"inLanguage\":\"es\",\"potentialAction\":[{\"@type\":\"ReadAction\",\"target\":[\"https:\\\/\\\/saca.com.mx\\\/es\\\/obras-2020-2021\\\/cedis-santo-nino-mexicali\\\/\"]}]},{\"@type\":\"ImageObject\",\"inLanguage\":\"es\",\"@id\":\"https:\\\/\\\/saca.com.mx\\\/es\\\/obras-2020-2021\\\/cedis-santo-nino-mexicali\\\/#primaryimage\",\"url\":\"https:\\\/\\\/saca.com.mx\\\/es\\\/wp-content\\\/uploads\\\/2022\\\/04\\\/20.-CEDIS-Santo-Ni\u00f1o-Mexicali.jpg\",\"contentUrl\":\"https:\\\/\\\/saca.com.mx\\\/es\\\/wp-content\\\/uploads\\\/2022\\\/04\\\/20.-CEDIS-Santo-Ni\u00f1o-Mexicali.jpg\",\"width\":1780,\"height\":681},{\"@type\":\"BreadcrumbList\",\"@id\":\"https:\\\/\\\/saca.com.mx\\\/es\\\/obras-2020-2021\\\/cedis-santo-nino-mexicali\\\/#breadcrumb\",\"itemListElement\":[{\"@type\":\"ListItem\",\"position\":1,\"name\":\"Portada\",\"item\":\"https:\\\/\\\/saca.com.mx\\\/es\\\/\"},{\"@type\":\"ListItem\",\"position\":2,\"name\":\"Obras 2020-2021\",\"item\":\"https:\\\/\\\/saca.com.mx\\\/es\\\/obras-2020-2021\\\/\"},{\"@type\":\"ListItem\",\"position\":3,\"name\":\"CEDIS Santo Ni\u00f1o Mexicali\"}]},{\"@type\":\"WebSite\",\"@id\":\"https:\\\/\\\/saca.com.mx\\\/es\\\/#website\",\"url\":\"https:\\\/\\\/saca.com.mx\\\/es\\\/\",\"name\":\"SACA Sistemas de Protecci\u00f3n contra Incendio M\u00e9xico\",\"description\":\"\",\"potentialAction\":[{\"@type\":\"SearchAction\",\"target\":{\"@type\":\"EntryPoint\",\"urlTemplate\":\"https:\\\/\\\/saca.com.mx\\\/es\\\/?s={search_term_string}\"},\"query-input\":{\"@type\":\"PropertyValueSpecification\",\"valueRequired\":true,\"valueName\":\"search_term_string\"}}],\"inLanguage\":\"es\"}]}<\/script>\n<!-- \/ Yoast SEO plugin. -->","yoast_head_json":{"title":"CEDIS Santo Ni\u00f1o Mexicali - SACA Sistemas de Protecci\u00f3n contra Incendio M\u00e9xico","robots":{"index":"index","follow":"follow","max-snippet":"max-snippet:-1","max-image-preview":"max-image-preview:large","max-video-preview":"max-video-preview:-1"},"canonical":"https:\/\/saca.com.mx\/es\/obras-2020-2021\/cedis-santo-nino-mexicali\/","og_locale":"es_ES","og_type":"article","og_title":"CEDIS Santo Ni\u00f1o Mexicali - SACA Sistemas de Protecci\u00f3n contra Incendio M\u00e9xico","og_description":"En esta obra, tipo centro de distribuci\u00f3n para cadena de autoservicio en Mexicali, Baja California, instalamos el sistema de protecci\u00f3n contra incendio. El sistema instalado incluye Rociadores ESFR 205 F, K28 Techumbre, Rociadores en oficinas generales, Rociadores en cuarto de bater\u00eda, Rociadores \u00e1rea de recibo y embarque, de acuerdo con los est\u00e1ndares de NFPA 13. [&hellip;]","og_url":"https:\/\/saca.com.mx\/es\/obras-2020-2021\/cedis-santo-nino-mexicali\/","og_site_name":"SACA Sistemas de Protecci\u00f3n contra Incendio M\u00e9xico","og_image":[{"width":1780,"height":681,"url":"https:\/\/saca.com.mx\/es\/wp-content\/uploads\/2022\/04\/20.-CEDIS-Santo-Ni\u00f1o-Mexicali.jpg","type":"image\/jpeg"}],"twitter_card":"summary_large_image","twitter_misc":{"Tiempo de lectura":"1 minuto"},"schema":{"@context":"https:\/\/schema.org","@graph":[{"@type":"WebPage","@id":"https:\/\/saca.com.mx\/es\/obras-2020-2021\/cedis-santo-nino-mexicali\/","url":"https:\/\/saca.com.mx\/es\/obras-2020-2021\/cedis-santo-nino-mexicali\/","name":"CEDIS Santo Ni\u00f1o Mexicali - SACA Sistemas de Protecci\u00f3n contra Incendio M\u00e9xico","isPartOf":{"@id":"https:\/\/saca.com.mx\/es\/#website"},"primaryImageOfPage":{"@id":"https:\/\/saca.com.mx\/es\/obras-2020-2021\/cedis-santo-nino-mexicali\/#primaryimage"},"image":{"@id":"https:\/\/saca.com.mx\/es\/obras-2020-2021\/cedis-santo-nino-mexicali\/#primaryimage"},"thumbnailUrl":"https:\/\/saca.com.mx\/es\/wp-content\/uploads\/2022\/04\/20.-CEDIS-Santo-Ni\u00f1o-Mexicali.jpg","datePublished":"2022-04-06T23:14:03+00:00","breadcrumb":{"@id":"https:\/\/saca.com.mx\/es\/obras-2020-2021\/cedis-santo-nino-mexicali\/#breadcrumb"},"inLanguage":"es","potentialAction":[{"@type":"ReadAction","target":["https:\/\/saca.com.mx\/es\/obras-2020-2021\/cedis-santo-nino-mexicali\/"]}]},{"@type":"ImageObject","inLanguage":"es","@id":"https:\/\/saca.com.mx\/es\/obras-2020-2021\/cedis-santo-nino-mexicali\/#primaryimage","url":"https:\/\/saca.com.mx\/es\/wp-content\/uploads\/2022\/04\/20.-CEDIS-Santo-Ni\u00f1o-Mexicali.jpg","contentUrl":"https:\/\/saca.com.mx\/es\/wp-content\/uploads\/2022\/04\/20.-CEDIS-Santo-Ni\u00f1o-Mexicali.jpg","width":1780,"height":681},{"@type":"BreadcrumbList","@id":"https:\/\/saca.com.mx\/es\/obras-2020-2021\/cedis-santo-nino-mexicali\/#breadcrumb","itemListElement":[{"@type":"ListItem","position":1,"name":"Portada","item":"https:\/\/saca.com.mx\/es\/"},{"@type":"ListItem","position":2,"name":"Obras 2020-2021","item":"https:\/\/saca.com.mx\/es\/obras-2020-2021\/"},{"@type":"ListItem","position":3,"name":"CEDIS Santo Ni\u00f1o Mexicali"}]},{"@type":"WebSite","@id":"https:\/\/saca.com.mx\/es\/#website","url":"https:\/\/saca.com.mx\/es\/","name":"SACA Sistemas de Protecci\u00f3n contra Incendio M\u00e9xico","description":"","potentialAction":[{"@type":"SearchAction","target":{"@type":"EntryPoint","urlTemplate":"https:\/\/saca.com.mx\/es\/?s={search_term_string}"},"query-input":{"@type":"PropertyValueSpecification","valueRequired":true,"valueName":"search_term_string"}}],"inLanguage":"es"}]}},"_links":{"self":[{"href":"https:\/\/saca.com.mx\/es\/wp-json\/wp\/v2\/pages\/2451","targetHints":{"allow":["GET"]}}],"collection":[{"href":"https:\/\/saca.com.mx\/es\/wp-json\/wp\/v2\/pages"}],"about":[{"href":"https:\/\/saca.com.mx\/es\/wp-json\/wp\/v2\/types\/page"}],"author":[{"embeddable":true,"href":"https:\/\/saca.com.mx\/es\/wp-json\/wp\/v2\/users\/1"}],"replies":[{"embeddable":true,"href":"https:\/\/saca.com.mx\/es\/wp-json\/wp\/v2\/comments?post=2451"}],"version-history":[{"count":1,"href":"https:\/\/saca.com.mx\/es\/wp-json\/wp\/v2\/pages\/2451\/revisions"}],"predecessor-version":[{"id":2454,"href":"https:\/\/saca.com.mx\/es\/wp-json\/wp\/v2\/pages\/2451\/revisions\/2454"}],"up":[{"embeddable":true,"href":"https:\/\/saca.com.mx\/es\/wp-json\/wp\/v2\/pages\/2212"}],"wp:featuredmedia":[{"embeddable":true,"href":"https:\/\/saca.com.mx\/es\/wp-json\/wp\/v2\/media\/2453"}],"wp:attachment":[{"href":"https:\/\/saca.com.mx\/es\/wp-json\/wp\/v2\/media?parent=2451"}],"curies":[{"name":"wp","href":"https:\/\/api.w.org\/{rel}","templated":true}]}}