{"id":2467,"date":"2022-04-06T23:30:30","date_gmt":"2022-04-06T23:30:30","guid":{"rendered":"https:\/\/saca.com.mx\/es\/?page_id=2467"},"modified":"2022-04-06T23:30:30","modified_gmt":"2022-04-06T23:30:30","slug":"cedis-del-fuerte-los-olivos","status":"publish","type":"page","link":"https:\/\/saca.com.mx\/es\/obras-2020-2021\/cedis-del-fuerte-los-olivos\/","title":{"rendered":"CEDIS Del Fuerte Los Olivos"},"content":{"rendered":"<p style=\"text-align: justify;\"><span style=\"color: #993300;\">En esta obra, tipo centro de distribuci\u00f3n para planta embotelladora en Tijuana, Baja California, instalamos el sistema de protecci\u00f3n contra incendio.<\/span><\/p>\n<p style=\"text-align: justify;\">El sistema instalado incluye Rociadores autom\u00e1ticos en \u00e1reas de almac\u00e9n, de acuerdo con los est\u00e1ndares de NFPA 13. Se instal\u00f3 una Red de Hidrantes en \u00e1rea de oficinas, conforme a los est\u00e1ndares de NFPA 14; as\u00ed como un alimentador subterr\u00e1neo y a\u00e9reo conforme a los est\u00e1ndares de NFPA 24. Por otro lado instalamos equipo de Bombeo diesel con bomba jockey de 2,000 GPM @125 PSI aprobado UL\/FM, conforme a los est\u00e1ndares de NFPA 20. Adicionalmente, instalamos un Tanque con capacidad de almacenaje de 256,150 galones para protecci\u00f3n contra incendio, de acuerdo con los est\u00e1ndares de AWWA. Se instal\u00f3 tambi\u00e9n un Tablero de Alarma y Detecci\u00f3n Notifire de acuerdo a los est\u00e1ndares de NFPA 72. Posteriormente, instalamos un sistema de Diluvio en Tanque de Gas L.P. conforme a los est\u00e1ndares NFPA 2001. Adem\u00e1s de un sistema de Gas Novec, de acuerdo con los est\u00e1ndares NFPA 15. Finalmente, instalamos un sistema tipo H\u00famedo para \u00e1reas de \u00e1lmac\u00e9n y taller de corte y soldadura, bajo los est\u00e1ndares NFPA 16.<\/p>\n<p>El proyecto fue entregado en tiempo, forma y costo, cumpliendo estrictamente con el GANT de la especialidad Protecci\u00f3n Contra Incendio y alineado al programa general de obra de nuestro cliente.<\/p>\n<p><img loading=\"lazy\" decoding=\"async\" class=\"aligncenter size-full wp-image-2468\" src=\"https:\/\/saca.com.mx\/es\/wp-content\/uploads\/2022\/04\/24.-CEDIS-Del-Fuerte-Los-Olivos.jpg\" alt=\"\" width=\"1778\" height=\"681\" srcset=\"https:\/\/saca.com.mx\/es\/wp-content\/uploads\/2022\/04\/24.-CEDIS-Del-Fuerte-Los-Olivos.jpg 1778w, https:\/\/saca.com.mx\/es\/wp-content\/uploads\/2022\/04\/24.-CEDIS-Del-Fuerte-Los-Olivos-300x115.jpg 300w, https:\/\/saca.com.mx\/es\/wp-content\/uploads\/2022\/04\/24.-CEDIS-Del-Fuerte-Los-Olivos-768x294.jpg 768w, https:\/\/saca.com.mx\/es\/wp-content\/uploads\/2022\/04\/24.-CEDIS-Del-Fuerte-Los-Olivos-1024x392.jpg 1024w, https:\/\/saca.com.mx\/es\/wp-content\/uploads\/2022\/04\/24.-CEDIS-Del-Fuerte-Los-Olivos-1080x414.jpg 1080w, https:\/\/saca.com.mx\/es\/wp-content\/uploads\/2022\/04\/24.-CEDIS-Del-Fuerte-Los-Olivos-24x9.jpg 24w, https:\/\/saca.com.mx\/es\/wp-content\/uploads\/2022\/04\/24.-CEDIS-Del-Fuerte-Los-Olivos-36x14.jpg 36w, https:\/\/saca.com.mx\/es\/wp-content\/uploads\/2022\/04\/24.-CEDIS-Del-Fuerte-Los-Olivos-48x18.jpg 48w\" sizes=\"(max-width: 1778px) 100vw, 1778px\" \/><\/p>\n","protected":false},"excerpt":{"rendered":"<p>En esta obra, tipo centro de distribuci\u00f3n para planta embotelladora en Tijuana, Baja California, instalamos el sistema de protecci\u00f3n contra incendio. El sistema instalado incluye Rociadores autom\u00e1ticos en \u00e1reas de almac\u00e9n, de acuerdo con los est\u00e1ndares de NFPA 13. Se instal\u00f3 una Red de Hidrantes en \u00e1rea de oficinas, conforme a los est\u00e1ndares de NFPA [&hellip;]<\/p>\n","protected":false},"author":1,"featured_media":2468,"parent":2212,"menu_order":0,"comment_status":"closed","ping_status":"closed","template":"","meta":{"_et_pb_use_builder":"","_et_pb_old_content":"","_et_gb_content_width":"","footnotes":""},"class_list":["post-2467","page","type-page","status-publish","has-post-thumbnail","hentry"],"yoast_head":"<!-- This site is optimized with the Yoast SEO plugin v27.4 - https:\/\/yoast.com\/product\/yoast-seo-wordpress\/ -->\n<title>CEDIS Del Fuerte Los Olivos - SACA Sistemas de Protecci\u00f3n contra Incendio M\u00e9xico<\/title>\n<meta name=\"robots\" content=\"index, follow, max-snippet:-1, max-image-preview:large, max-video-preview:-1\" \/>\n<link rel=\"canonical\" href=\"https:\/\/saca.com.mx\/es\/obras-2020-2021\/cedis-del-fuerte-los-olivos\/\" \/>\n<meta property=\"og:locale\" content=\"es_ES\" \/>\n<meta property=\"og:type\" content=\"article\" \/>\n<meta property=\"og:title\" content=\"CEDIS Del Fuerte Los Olivos - SACA Sistemas de Protecci\u00f3n contra Incendio M\u00e9xico\" \/>\n<meta property=\"og:description\" content=\"En esta obra, tipo centro de distribuci\u00f3n para planta embotelladora en Tijuana, Baja California, instalamos el sistema de protecci\u00f3n contra incendio. El sistema instalado incluye Rociadores autom\u00e1ticos en \u00e1reas de almac\u00e9n, de acuerdo con los est\u00e1ndares de NFPA 13. Se instal\u00f3 una Red de Hidrantes en \u00e1rea de oficinas, conforme a los est\u00e1ndares de NFPA [&hellip;]\" \/>\n<meta property=\"og:url\" content=\"https:\/\/saca.com.mx\/es\/obras-2020-2021\/cedis-del-fuerte-los-olivos\/\" \/>\n<meta property=\"og:site_name\" content=\"SACA Sistemas de Protecci\u00f3n contra Incendio M\u00e9xico\" \/>\n<meta property=\"og:image\" content=\"https:\/\/saca.com.mx\/es\/wp-content\/uploads\/2022\/04\/24.-CEDIS-Del-Fuerte-Los-Olivos.jpg\" \/>\n\t<meta property=\"og:image:width\" content=\"1778\" \/>\n\t<meta property=\"og:image:height\" content=\"681\" \/>\n\t<meta property=\"og:image:type\" content=\"image\/jpeg\" \/>\n<meta name=\"twitter:card\" content=\"summary_large_image\" \/>\n<meta name=\"twitter:label1\" content=\"Tiempo de lectura\" \/>\n\t<meta name=\"twitter:data1\" content=\"1 minuto\" \/>\n<script type=\"application\/ld+json\" class=\"yoast-schema-graph\">{\"@context\":\"https:\\\/\\\/schema.org\",\"@graph\":[{\"@type\":\"WebPage\",\"@id\":\"https:\\\/\\\/saca.com.mx\\\/es\\\/obras-2020-2021\\\/cedis-del-fuerte-los-olivos\\\/\",\"url\":\"https:\\\/\\\/saca.com.mx\\\/es\\\/obras-2020-2021\\\/cedis-del-fuerte-los-olivos\\\/\",\"name\":\"CEDIS Del Fuerte Los Olivos - SACA Sistemas de Protecci\u00f3n contra Incendio M\u00e9xico\",\"isPartOf\":{\"@id\":\"https:\\\/\\\/saca.com.mx\\\/es\\\/#website\"},\"primaryImageOfPage\":{\"@id\":\"https:\\\/\\\/saca.com.mx\\\/es\\\/obras-2020-2021\\\/cedis-del-fuerte-los-olivos\\\/#primaryimage\"},\"image\":{\"@id\":\"https:\\\/\\\/saca.com.mx\\\/es\\\/obras-2020-2021\\\/cedis-del-fuerte-los-olivos\\\/#primaryimage\"},\"thumbnailUrl\":\"https:\\\/\\\/saca.com.mx\\\/es\\\/wp-content\\\/uploads\\\/2022\\\/04\\\/24.-CEDIS-Del-Fuerte-Los-Olivos.jpg\",\"datePublished\":\"2022-04-06T23:30:30+00:00\",\"breadcrumb\":{\"@id\":\"https:\\\/\\\/saca.com.mx\\\/es\\\/obras-2020-2021\\\/cedis-del-fuerte-los-olivos\\\/#breadcrumb\"},\"inLanguage\":\"es\",\"potentialAction\":[{\"@type\":\"ReadAction\",\"target\":[\"https:\\\/\\\/saca.com.mx\\\/es\\\/obras-2020-2021\\\/cedis-del-fuerte-los-olivos\\\/\"]}]},{\"@type\":\"ImageObject\",\"inLanguage\":\"es\",\"@id\":\"https:\\\/\\\/saca.com.mx\\\/es\\\/obras-2020-2021\\\/cedis-del-fuerte-los-olivos\\\/#primaryimage\",\"url\":\"https:\\\/\\\/saca.com.mx\\\/es\\\/wp-content\\\/uploads\\\/2022\\\/04\\\/24.-CEDIS-Del-Fuerte-Los-Olivos.jpg\",\"contentUrl\":\"https:\\\/\\\/saca.com.mx\\\/es\\\/wp-content\\\/uploads\\\/2022\\\/04\\\/24.-CEDIS-Del-Fuerte-Los-Olivos.jpg\",\"width\":1778,\"height\":681},{\"@type\":\"BreadcrumbList\",\"@id\":\"https:\\\/\\\/saca.com.mx\\\/es\\\/obras-2020-2021\\\/cedis-del-fuerte-los-olivos\\\/#breadcrumb\",\"itemListElement\":[{\"@type\":\"ListItem\",\"position\":1,\"name\":\"Portada\",\"item\":\"https:\\\/\\\/saca.com.mx\\\/es\\\/\"},{\"@type\":\"ListItem\",\"position\":2,\"name\":\"Obras 2020-2021\",\"item\":\"https:\\\/\\\/saca.com.mx\\\/es\\\/obras-2020-2021\\\/\"},{\"@type\":\"ListItem\",\"position\":3,\"name\":\"CEDIS Del Fuerte Los Olivos\"}]},{\"@type\":\"WebSite\",\"@id\":\"https:\\\/\\\/saca.com.mx\\\/es\\\/#website\",\"url\":\"https:\\\/\\\/saca.com.mx\\\/es\\\/\",\"name\":\"SACA Sistemas de Protecci\u00f3n contra Incendio M\u00e9xico\",\"description\":\"\",\"potentialAction\":[{\"@type\":\"SearchAction\",\"target\":{\"@type\":\"EntryPoint\",\"urlTemplate\":\"https:\\\/\\\/saca.com.mx\\\/es\\\/?s={search_term_string}\"},\"query-input\":{\"@type\":\"PropertyValueSpecification\",\"valueRequired\":true,\"valueName\":\"search_term_string\"}}],\"inLanguage\":\"es\"}]}<\/script>\n<!-- \/ Yoast SEO plugin. -->","yoast_head_json":{"title":"CEDIS Del Fuerte Los Olivos - SACA Sistemas de Protecci\u00f3n contra Incendio M\u00e9xico","robots":{"index":"index","follow":"follow","max-snippet":"max-snippet:-1","max-image-preview":"max-image-preview:large","max-video-preview":"max-video-preview:-1"},"canonical":"https:\/\/saca.com.mx\/es\/obras-2020-2021\/cedis-del-fuerte-los-olivos\/","og_locale":"es_ES","og_type":"article","og_title":"CEDIS Del Fuerte Los Olivos - SACA Sistemas de Protecci\u00f3n contra Incendio M\u00e9xico","og_description":"En esta obra, tipo centro de distribuci\u00f3n para planta embotelladora en Tijuana, Baja California, instalamos el sistema de protecci\u00f3n contra incendio. El sistema instalado incluye Rociadores autom\u00e1ticos en \u00e1reas de almac\u00e9n, de acuerdo con los est\u00e1ndares de NFPA 13. Se instal\u00f3 una Red de Hidrantes en \u00e1rea de oficinas, conforme a los est\u00e1ndares de NFPA [&hellip;]","og_url":"https:\/\/saca.com.mx\/es\/obras-2020-2021\/cedis-del-fuerte-los-olivos\/","og_site_name":"SACA Sistemas de Protecci\u00f3n contra Incendio M\u00e9xico","og_image":[{"width":1778,"height":681,"url":"https:\/\/saca.com.mx\/es\/wp-content\/uploads\/2022\/04\/24.-CEDIS-Del-Fuerte-Los-Olivos.jpg","type":"image\/jpeg"}],"twitter_card":"summary_large_image","twitter_misc":{"Tiempo de lectura":"1 minuto"},"schema":{"@context":"https:\/\/schema.org","@graph":[{"@type":"WebPage","@id":"https:\/\/saca.com.mx\/es\/obras-2020-2021\/cedis-del-fuerte-los-olivos\/","url":"https:\/\/saca.com.mx\/es\/obras-2020-2021\/cedis-del-fuerte-los-olivos\/","name":"CEDIS Del Fuerte Los Olivos - SACA Sistemas de Protecci\u00f3n contra Incendio M\u00e9xico","isPartOf":{"@id":"https:\/\/saca.com.mx\/es\/#website"},"primaryImageOfPage":{"@id":"https:\/\/saca.com.mx\/es\/obras-2020-2021\/cedis-del-fuerte-los-olivos\/#primaryimage"},"image":{"@id":"https:\/\/saca.com.mx\/es\/obras-2020-2021\/cedis-del-fuerte-los-olivos\/#primaryimage"},"thumbnailUrl":"https:\/\/saca.com.mx\/es\/wp-content\/uploads\/2022\/04\/24.-CEDIS-Del-Fuerte-Los-Olivos.jpg","datePublished":"2022-04-06T23:30:30+00:00","breadcrumb":{"@id":"https:\/\/saca.com.mx\/es\/obras-2020-2021\/cedis-del-fuerte-los-olivos\/#breadcrumb"},"inLanguage":"es","potentialAction":[{"@type":"ReadAction","target":["https:\/\/saca.com.mx\/es\/obras-2020-2021\/cedis-del-fuerte-los-olivos\/"]}]},{"@type":"ImageObject","inLanguage":"es","@id":"https:\/\/saca.com.mx\/es\/obras-2020-2021\/cedis-del-fuerte-los-olivos\/#primaryimage","url":"https:\/\/saca.com.mx\/es\/wp-content\/uploads\/2022\/04\/24.-CEDIS-Del-Fuerte-Los-Olivos.jpg","contentUrl":"https:\/\/saca.com.mx\/es\/wp-content\/uploads\/2022\/04\/24.-CEDIS-Del-Fuerte-Los-Olivos.jpg","width":1778,"height":681},{"@type":"BreadcrumbList","@id":"https:\/\/saca.com.mx\/es\/obras-2020-2021\/cedis-del-fuerte-los-olivos\/#breadcrumb","itemListElement":[{"@type":"ListItem","position":1,"name":"Portada","item":"https:\/\/saca.com.mx\/es\/"},{"@type":"ListItem","position":2,"name":"Obras 2020-2021","item":"https:\/\/saca.com.mx\/es\/obras-2020-2021\/"},{"@type":"ListItem","position":3,"name":"CEDIS Del Fuerte Los Olivos"}]},{"@type":"WebSite","@id":"https:\/\/saca.com.mx\/es\/#website","url":"https:\/\/saca.com.mx\/es\/","name":"SACA Sistemas de Protecci\u00f3n contra Incendio M\u00e9xico","description":"","potentialAction":[{"@type":"SearchAction","target":{"@type":"EntryPoint","urlTemplate":"https:\/\/saca.com.mx\/es\/?s={search_term_string}"},"query-input":{"@type":"PropertyValueSpecification","valueRequired":true,"valueName":"search_term_string"}}],"inLanguage":"es"}]}},"_links":{"self":[{"href":"https:\/\/saca.com.mx\/es\/wp-json\/wp\/v2\/pages\/2467","targetHints":{"allow":["GET"]}}],"collection":[{"href":"https:\/\/saca.com.mx\/es\/wp-json\/wp\/v2\/pages"}],"about":[{"href":"https:\/\/saca.com.mx\/es\/wp-json\/wp\/v2\/types\/page"}],"author":[{"embeddable":true,"href":"https:\/\/saca.com.mx\/es\/wp-json\/wp\/v2\/users\/1"}],"replies":[{"embeddable":true,"href":"https:\/\/saca.com.mx\/es\/wp-json\/wp\/v2\/comments?post=2467"}],"version-history":[{"count":1,"href":"https:\/\/saca.com.mx\/es\/wp-json\/wp\/v2\/pages\/2467\/revisions"}],"predecessor-version":[{"id":2469,"href":"https:\/\/saca.com.mx\/es\/wp-json\/wp\/v2\/pages\/2467\/revisions\/2469"}],"up":[{"embeddable":true,"href":"https:\/\/saca.com.mx\/es\/wp-json\/wp\/v2\/pages\/2212"}],"wp:featuredmedia":[{"embeddable":true,"href":"https:\/\/saca.com.mx\/es\/wp-json\/wp\/v2\/media\/2468"}],"wp:attachment":[{"href":"https:\/\/saca.com.mx\/es\/wp-json\/wp\/v2\/media?parent=2467"}],"curies":[{"name":"wp","href":"https:\/\/api.w.org\/{rel}","templated":true}]}}