{"id":2527,"date":"2023-01-10T22:38:49","date_gmt":"2023-01-10T22:38:49","guid":{"rendered":"https:\/\/saca.com.mx\/es\/?page_id=2527"},"modified":"2023-03-13T17:37:30","modified_gmt":"2023-03-13T17:37:30","slug":"sams-chihuahua","status":"publish","type":"page","link":"https:\/\/saca.com.mx\/es\/obras-2022-2023\/sams-chihuahua\/","title":{"rendered":"Sam&#8217;s Chihuahua"},"content":{"rendered":"<p style=\"text-align: justify;\"><span style=\"color: #993300;\">En esta obra, tipo edificio de almacenaje para autoservicio en Chihuahua, Chihuahua, instalamos el sistema de protecci\u00f3n contra incendio.<\/span><\/p>\n<p style=\"text-align: justify;\">El sistema instalado incluye Hidrantes interiores y exteriores con mangueras de 1 1\/2&#8243;, de acuerdo con los est\u00e1ndares de NFPA 14. Por otro lado, instalamos sistema de Bombeo de 500 GPM diesel, el\u00e9ctrica y jockey, conforme a los est\u00e1ndares de NFPA 20. Finalmente, instalamos un sistema de protecci\u00f3n contra incendio Ansul para cocinas, de tipo carga-descarga.<\/p>\n<p style=\"text-align: justify;\">El proyecto fue entregado en tiempo, forma y costo, cumpliendo estrictamente con el GANTT de la especialidad Protecci\u00f3n Contra Incendio y alineado al programa general de obra de nuestro cliente.<\/p>\n<p><img loading=\"lazy\" decoding=\"async\" class=\"aligncenter size-full wp-image-2531\" src=\"https:\/\/saca.com.mx\/es\/wp-content\/uploads\/2023\/01\/saca.jpg\" alt=\"\" width=\"1800\" height=\"681\" srcset=\"https:\/\/saca.com.mx\/es\/wp-content\/uploads\/2023\/01\/saca.jpg 1800w, https:\/\/saca.com.mx\/es\/wp-content\/uploads\/2023\/01\/saca-1280x484.jpg 1280w, https:\/\/saca.com.mx\/es\/wp-content\/uploads\/2023\/01\/saca-980x371.jpg 980w, https:\/\/saca.com.mx\/es\/wp-content\/uploads\/2023\/01\/saca-480x182.jpg 480w\" sizes=\"(min-width: 0px) and (max-width: 480px) 480px, (min-width: 481px) and (max-width: 980px) 980px, (min-width: 981px) and (max-width: 1280px) 1280px, (min-width: 1281px) 1800px, 100vw\" \/><\/p>\n","protected":false},"excerpt":{"rendered":"<p>En esta obra, tipo edificio de almacenaje para autoservicio en Chihuahua, Chihuahua, instalamos el sistema de protecci\u00f3n contra incendio. El sistema instalado incluye Hidrantes interiores y exteriores con mangueras de 1 1\/2&#8243;, de acuerdo con los est\u00e1ndares de NFPA 14. Por otro lado, instalamos sistema de Bombeo de 500 GPM diesel, el\u00e9ctrica y jockey, conforme [&hellip;]<\/p>\n","protected":false},"author":1,"featured_media":0,"parent":2517,"menu_order":0,"comment_status":"closed","ping_status":"closed","template":"","meta":{"_et_pb_use_builder":"off","_et_pb_old_content":"","_et_gb_content_width":"","footnotes":""},"class_list":["post-2527","page","type-page","status-publish","hentry"],"yoast_head":"<!-- This site is optimized with the Yoast SEO plugin v27.4 - https:\/\/yoast.com\/product\/yoast-seo-wordpress\/ -->\n<title>Sam&#039;s Chihuahua - SACA Sistemas de Protecci\u00f3n contra Incendio M\u00e9xico<\/title>\n<meta name=\"robots\" content=\"index, follow, max-snippet:-1, max-image-preview:large, max-video-preview:-1\" \/>\n<link rel=\"canonical\" href=\"https:\/\/saca.com.mx\/es\/obras-2022-2023\/sams-chihuahua\/\" \/>\n<meta property=\"og:locale\" content=\"es_ES\" \/>\n<meta property=\"og:type\" content=\"article\" \/>\n<meta property=\"og:title\" content=\"Sam&#039;s Chihuahua - SACA Sistemas de Protecci\u00f3n contra Incendio M\u00e9xico\" \/>\n<meta property=\"og:description\" content=\"En esta obra, tipo edificio de almacenaje para autoservicio en Chihuahua, Chihuahua, instalamos el sistema de protecci\u00f3n contra incendio. El sistema instalado incluye Hidrantes interiores y exteriores con mangueras de 1 1\/2&#8243;, de acuerdo con los est\u00e1ndares de NFPA 14. Por otro lado, instalamos sistema de Bombeo de 500 GPM diesel, el\u00e9ctrica y jockey, conforme [&hellip;]\" \/>\n<meta property=\"og:url\" content=\"https:\/\/saca.com.mx\/es\/obras-2022-2023\/sams-chihuahua\/\" \/>\n<meta property=\"og:site_name\" content=\"SACA Sistemas de Protecci\u00f3n contra Incendio M\u00e9xico\" \/>\n<meta property=\"article:modified_time\" content=\"2023-03-13T17:37:30+00:00\" \/>\n<meta property=\"og:image\" content=\"https:\/\/saca.com.mx\/es\/wp-content\/uploads\/2023\/01\/saca.jpg\" \/>\n<meta name=\"twitter:card\" content=\"summary_large_image\" \/>\n<meta name=\"twitter:label1\" content=\"Tiempo de lectura\" \/>\n\t<meta name=\"twitter:data1\" content=\"1 minuto\" \/>\n<script type=\"application\/ld+json\" class=\"yoast-schema-graph\">{\"@context\":\"https:\\\/\\\/schema.org\",\"@graph\":[{\"@type\":\"WebPage\",\"@id\":\"https:\\\/\\\/saca.com.mx\\\/es\\\/obras-2022-2023\\\/sams-chihuahua\\\/\",\"url\":\"https:\\\/\\\/saca.com.mx\\\/es\\\/obras-2022-2023\\\/sams-chihuahua\\\/\",\"name\":\"Sam's Chihuahua - SACA Sistemas de Protecci\u00f3n contra Incendio M\u00e9xico\",\"isPartOf\":{\"@id\":\"https:\\\/\\\/saca.com.mx\\\/es\\\/#website\"},\"primaryImageOfPage\":{\"@id\":\"https:\\\/\\\/saca.com.mx\\\/es\\\/obras-2022-2023\\\/sams-chihuahua\\\/#primaryimage\"},\"image\":{\"@id\":\"https:\\\/\\\/saca.com.mx\\\/es\\\/obras-2022-2023\\\/sams-chihuahua\\\/#primaryimage\"},\"thumbnailUrl\":\"https:\\\/\\\/saca.com.mx\\\/es\\\/wp-content\\\/uploads\\\/2023\\\/01\\\/saca.jpg\",\"datePublished\":\"2023-01-10T22:38:49+00:00\",\"dateModified\":\"2023-03-13T17:37:30+00:00\",\"breadcrumb\":{\"@id\":\"https:\\\/\\\/saca.com.mx\\\/es\\\/obras-2022-2023\\\/sams-chihuahua\\\/#breadcrumb\"},\"inLanguage\":\"es\",\"potentialAction\":[{\"@type\":\"ReadAction\",\"target\":[\"https:\\\/\\\/saca.com.mx\\\/es\\\/obras-2022-2023\\\/sams-chihuahua\\\/\"]}]},{\"@type\":\"ImageObject\",\"inLanguage\":\"es\",\"@id\":\"https:\\\/\\\/saca.com.mx\\\/es\\\/obras-2022-2023\\\/sams-chihuahua\\\/#primaryimage\",\"url\":\"https:\\\/\\\/saca.com.mx\\\/es\\\/wp-content\\\/uploads\\\/2023\\\/01\\\/saca.jpg\",\"contentUrl\":\"https:\\\/\\\/saca.com.mx\\\/es\\\/wp-content\\\/uploads\\\/2023\\\/01\\\/saca.jpg\",\"width\":1800,\"height\":681},{\"@type\":\"BreadcrumbList\",\"@id\":\"https:\\\/\\\/saca.com.mx\\\/es\\\/obras-2022-2023\\\/sams-chihuahua\\\/#breadcrumb\",\"itemListElement\":[{\"@type\":\"ListItem\",\"position\":1,\"name\":\"Portada\",\"item\":\"https:\\\/\\\/saca.com.mx\\\/es\\\/\"},{\"@type\":\"ListItem\",\"position\":2,\"name\":\"Obras 2022-2023\",\"item\":\"https:\\\/\\\/saca.com.mx\\\/es\\\/obras-2022-2023\\\/\"},{\"@type\":\"ListItem\",\"position\":3,\"name\":\"Sam&#8217;s Chihuahua\"}]},{\"@type\":\"WebSite\",\"@id\":\"https:\\\/\\\/saca.com.mx\\\/es\\\/#website\",\"url\":\"https:\\\/\\\/saca.com.mx\\\/es\\\/\",\"name\":\"SACA Sistemas de Protecci\u00f3n contra Incendio M\u00e9xico\",\"description\":\"\",\"potentialAction\":[{\"@type\":\"SearchAction\",\"target\":{\"@type\":\"EntryPoint\",\"urlTemplate\":\"https:\\\/\\\/saca.com.mx\\\/es\\\/?s={search_term_string}\"},\"query-input\":{\"@type\":\"PropertyValueSpecification\",\"valueRequired\":true,\"valueName\":\"search_term_string\"}}],\"inLanguage\":\"es\"}]}<\/script>\n<!-- \/ Yoast SEO plugin. -->","yoast_head_json":{"title":"Sam's Chihuahua - SACA Sistemas de Protecci\u00f3n contra Incendio M\u00e9xico","robots":{"index":"index","follow":"follow","max-snippet":"max-snippet:-1","max-image-preview":"max-image-preview:large","max-video-preview":"max-video-preview:-1"},"canonical":"https:\/\/saca.com.mx\/es\/obras-2022-2023\/sams-chihuahua\/","og_locale":"es_ES","og_type":"article","og_title":"Sam's Chihuahua - SACA Sistemas de Protecci\u00f3n contra Incendio M\u00e9xico","og_description":"En esta obra, tipo edificio de almacenaje para autoservicio en Chihuahua, Chihuahua, instalamos el sistema de protecci\u00f3n contra incendio. El sistema instalado incluye Hidrantes interiores y exteriores con mangueras de 1 1\/2&#8243;, de acuerdo con los est\u00e1ndares de NFPA 14. Por otro lado, instalamos sistema de Bombeo de 500 GPM diesel, el\u00e9ctrica y jockey, conforme [&hellip;]","og_url":"https:\/\/saca.com.mx\/es\/obras-2022-2023\/sams-chihuahua\/","og_site_name":"SACA Sistemas de Protecci\u00f3n contra Incendio M\u00e9xico","article_modified_time":"2023-03-13T17:37:30+00:00","og_image":[{"url":"https:\/\/saca.com.mx\/es\/wp-content\/uploads\/2023\/01\/saca.jpg","type":"","width":"","height":""}],"twitter_card":"summary_large_image","twitter_misc":{"Tiempo de lectura":"1 minuto"},"schema":{"@context":"https:\/\/schema.org","@graph":[{"@type":"WebPage","@id":"https:\/\/saca.com.mx\/es\/obras-2022-2023\/sams-chihuahua\/","url":"https:\/\/saca.com.mx\/es\/obras-2022-2023\/sams-chihuahua\/","name":"Sam's Chihuahua - SACA Sistemas de Protecci\u00f3n contra Incendio M\u00e9xico","isPartOf":{"@id":"https:\/\/saca.com.mx\/es\/#website"},"primaryImageOfPage":{"@id":"https:\/\/saca.com.mx\/es\/obras-2022-2023\/sams-chihuahua\/#primaryimage"},"image":{"@id":"https:\/\/saca.com.mx\/es\/obras-2022-2023\/sams-chihuahua\/#primaryimage"},"thumbnailUrl":"https:\/\/saca.com.mx\/es\/wp-content\/uploads\/2023\/01\/saca.jpg","datePublished":"2023-01-10T22:38:49+00:00","dateModified":"2023-03-13T17:37:30+00:00","breadcrumb":{"@id":"https:\/\/saca.com.mx\/es\/obras-2022-2023\/sams-chihuahua\/#breadcrumb"},"inLanguage":"es","potentialAction":[{"@type":"ReadAction","target":["https:\/\/saca.com.mx\/es\/obras-2022-2023\/sams-chihuahua\/"]}]},{"@type":"ImageObject","inLanguage":"es","@id":"https:\/\/saca.com.mx\/es\/obras-2022-2023\/sams-chihuahua\/#primaryimage","url":"https:\/\/saca.com.mx\/es\/wp-content\/uploads\/2023\/01\/saca.jpg","contentUrl":"https:\/\/saca.com.mx\/es\/wp-content\/uploads\/2023\/01\/saca.jpg","width":1800,"height":681},{"@type":"BreadcrumbList","@id":"https:\/\/saca.com.mx\/es\/obras-2022-2023\/sams-chihuahua\/#breadcrumb","itemListElement":[{"@type":"ListItem","position":1,"name":"Portada","item":"https:\/\/saca.com.mx\/es\/"},{"@type":"ListItem","position":2,"name":"Obras 2022-2023","item":"https:\/\/saca.com.mx\/es\/obras-2022-2023\/"},{"@type":"ListItem","position":3,"name":"Sam&#8217;s Chihuahua"}]},{"@type":"WebSite","@id":"https:\/\/saca.com.mx\/es\/#website","url":"https:\/\/saca.com.mx\/es\/","name":"SACA Sistemas de Protecci\u00f3n contra Incendio M\u00e9xico","description":"","potentialAction":[{"@type":"SearchAction","target":{"@type":"EntryPoint","urlTemplate":"https:\/\/saca.com.mx\/es\/?s={search_term_string}"},"query-input":{"@type":"PropertyValueSpecification","valueRequired":true,"valueName":"search_term_string"}}],"inLanguage":"es"}]}},"_links":{"self":[{"href":"https:\/\/saca.com.mx\/es\/wp-json\/wp\/v2\/pages\/2527","targetHints":{"allow":["GET"]}}],"collection":[{"href":"https:\/\/saca.com.mx\/es\/wp-json\/wp\/v2\/pages"}],"about":[{"href":"https:\/\/saca.com.mx\/es\/wp-json\/wp\/v2\/types\/page"}],"author":[{"embeddable":true,"href":"https:\/\/saca.com.mx\/es\/wp-json\/wp\/v2\/users\/1"}],"replies":[{"embeddable":true,"href":"https:\/\/saca.com.mx\/es\/wp-json\/wp\/v2\/comments?post=2527"}],"version-history":[{"count":5,"href":"https:\/\/saca.com.mx\/es\/wp-json\/wp\/v2\/pages\/2527\/revisions"}],"predecessor-version":[{"id":2592,"href":"https:\/\/saca.com.mx\/es\/wp-json\/wp\/v2\/pages\/2527\/revisions\/2592"}],"up":[{"embeddable":true,"href":"https:\/\/saca.com.mx\/es\/wp-json\/wp\/v2\/pages\/2517"}],"wp:attachment":[{"href":"https:\/\/saca.com.mx\/es\/wp-json\/wp\/v2\/media?parent=2527"}],"curies":[{"name":"wp","href":"https:\/\/api.w.org\/{rel}","templated":true}]}}