{"id":2647,"date":"2024-01-10T13:24:06","date_gmt":"2024-01-10T13:24:06","guid":{"rendered":"https:\/\/saca.com.mx\/es\/?page_id=2647"},"modified":"2024-01-12T23:43:47","modified_gmt":"2024-01-12T23:43:47","slug":"budenheim-santa-catarina","status":"publish","type":"page","link":"https:\/\/saca.com.mx\/es\/obras-2020-2021\/budenheim-santa-catarina\/","title":{"rendered":"Budenheim Santa Catarina"},"content":{"rendered":"<p style=\"font-weight: 400;\"><span style=\"color: #993300;\">En esta obra, tipo edificio industrial en Santa Catarina, Nuevo Le\u00f3n, instalamos el sistema de protecci\u00f3n contra incendio.\u200b<\/span><\/p>\n<p style=\"font-weight: 400;\">El sistema instalado incluye Rociadores en \u00e1rea de almac\u00e9n y Rociadores en embarque de acuerdo con los est\u00e1ndares de NFPA 13. Por otro lado, se instal\u00f3 un sistema de Bombeo de 2,000 GPM diesel, el\u00e9ctrica y jockey, de acuerdo a los est\u00e1ndares de NFPA 20. Finalmente, instalamos un Tanque con capacidad de almacenaje de 120,000 galones para protecci\u00f3n contra incendio, de acuerdo a los est\u00e1ndares de NFPA 22.<\/p>\n<p style=\"font-weight: 400;\">El proyecto fue entregado en tiempo, forma y costo, cumpliendo estrictamente con el GANT de la especialidad Protecci\u00f3n Contra Incendio y alineado al programa general de obra de nuestro cliente.<\/p>\n<p><img loading=\"lazy\" decoding=\"async\" class=\"aligncenter size-full wp-image-2648\" src=\"https:\/\/saca.com.mx\/es\/wp-content\/uploads\/2024\/01\/2.-Budenheim-Santa-Catarina.jpg\" alt=\"\" width=\"957\" height=\"367\" srcset=\"https:\/\/saca.com.mx\/es\/wp-content\/uploads\/2024\/01\/2.-Budenheim-Santa-Catarina.jpg 957w, https:\/\/saca.com.mx\/es\/wp-content\/uploads\/2024\/01\/2.-Budenheim-Santa-Catarina-480x184.jpg 480w\" sizes=\"(min-width: 0px) and (max-width: 480px) 480px, (min-width: 481px) 957px, 100vw\" \/><\/p>\n","protected":false},"excerpt":{"rendered":"<p>En esta obra, tipo edificio industrial en Santa Catarina, Nuevo Le\u00f3n, instalamos el sistema de protecci\u00f3n contra incendio.\u200b El sistema instalado incluye Rociadores en \u00e1rea de almac\u00e9n y Rociadores en embarque de acuerdo con los est\u00e1ndares de NFPA 13. Por otro lado, se instal\u00f3 un sistema de Bombeo de 2,000 GPM diesel, el\u00e9ctrica y jockey, [&hellip;]<\/p>\n","protected":false},"author":1,"featured_media":0,"parent":2212,"menu_order":0,"comment_status":"closed","ping_status":"closed","template":"","meta":{"_et_pb_use_builder":"","_et_pb_old_content":"","_et_gb_content_width":"","footnotes":""},"class_list":["post-2647","page","type-page","status-publish","hentry"],"yoast_head":"<!-- This site is optimized with the Yoast SEO plugin v27.4 - https:\/\/yoast.com\/product\/yoast-seo-wordpress\/ -->\n<title>Budenheim Santa Catarina - SACA Sistemas de Protecci\u00f3n contra Incendio M\u00e9xico<\/title>\n<meta name=\"robots\" content=\"index, follow, max-snippet:-1, max-image-preview:large, max-video-preview:-1\" \/>\n<link rel=\"canonical\" href=\"https:\/\/saca.com.mx\/es\/obras-2020-2021\/budenheim-santa-catarina\/\" \/>\n<meta property=\"og:locale\" content=\"es_ES\" \/>\n<meta property=\"og:type\" content=\"article\" \/>\n<meta property=\"og:title\" content=\"Budenheim Santa Catarina - SACA Sistemas de Protecci\u00f3n contra Incendio M\u00e9xico\" \/>\n<meta property=\"og:description\" content=\"En esta obra, tipo edificio industrial en Santa Catarina, Nuevo Le\u00f3n, instalamos el sistema de protecci\u00f3n contra incendio.\u200b El sistema instalado incluye Rociadores en \u00e1rea de almac\u00e9n y Rociadores en embarque de acuerdo con los est\u00e1ndares de NFPA 13. Por otro lado, se instal\u00f3 un sistema de Bombeo de 2,000 GPM diesel, el\u00e9ctrica y jockey, [&hellip;]\" \/>\n<meta property=\"og:url\" content=\"https:\/\/saca.com.mx\/es\/obras-2020-2021\/budenheim-santa-catarina\/\" \/>\n<meta property=\"og:site_name\" content=\"SACA Sistemas de Protecci\u00f3n contra Incendio M\u00e9xico\" \/>\n<meta property=\"article:modified_time\" content=\"2024-01-12T23:43:47+00:00\" \/>\n<meta property=\"og:image\" content=\"https:\/\/saca.com.mx\/es\/wp-content\/uploads\/2024\/01\/2.-Budenheim-Santa-Catarina.jpg\" \/>\n<meta name=\"twitter:card\" content=\"summary_large_image\" \/>\n<meta name=\"twitter:label1\" content=\"Tiempo de lectura\" \/>\n\t<meta name=\"twitter:data1\" content=\"1 minuto\" \/>\n<script type=\"application\/ld+json\" class=\"yoast-schema-graph\">{\"@context\":\"https:\\\/\\\/schema.org\",\"@graph\":[{\"@type\":\"WebPage\",\"@id\":\"https:\\\/\\\/saca.com.mx\\\/es\\\/obras-2020-2021\\\/budenheim-santa-catarina\\\/\",\"url\":\"https:\\\/\\\/saca.com.mx\\\/es\\\/obras-2020-2021\\\/budenheim-santa-catarina\\\/\",\"name\":\"Budenheim Santa Catarina - SACA Sistemas de Protecci\u00f3n contra Incendio M\u00e9xico\",\"isPartOf\":{\"@id\":\"https:\\\/\\\/saca.com.mx\\\/es\\\/#website\"},\"primaryImageOfPage\":{\"@id\":\"https:\\\/\\\/saca.com.mx\\\/es\\\/obras-2020-2021\\\/budenheim-santa-catarina\\\/#primaryimage\"},\"image\":{\"@id\":\"https:\\\/\\\/saca.com.mx\\\/es\\\/obras-2020-2021\\\/budenheim-santa-catarina\\\/#primaryimage\"},\"thumbnailUrl\":\"https:\\\/\\\/saca.com.mx\\\/es\\\/wp-content\\\/uploads\\\/2024\\\/01\\\/2.-Budenheim-Santa-Catarina.jpg\",\"datePublished\":\"2024-01-10T13:24:06+00:00\",\"dateModified\":\"2024-01-12T23:43:47+00:00\",\"breadcrumb\":{\"@id\":\"https:\\\/\\\/saca.com.mx\\\/es\\\/obras-2020-2021\\\/budenheim-santa-catarina\\\/#breadcrumb\"},\"inLanguage\":\"es\",\"potentialAction\":[{\"@type\":\"ReadAction\",\"target\":[\"https:\\\/\\\/saca.com.mx\\\/es\\\/obras-2020-2021\\\/budenheim-santa-catarina\\\/\"]}]},{\"@type\":\"ImageObject\",\"inLanguage\":\"es\",\"@id\":\"https:\\\/\\\/saca.com.mx\\\/es\\\/obras-2020-2021\\\/budenheim-santa-catarina\\\/#primaryimage\",\"url\":\"https:\\\/\\\/saca.com.mx\\\/es\\\/wp-content\\\/uploads\\\/2024\\\/01\\\/2.-Budenheim-Santa-Catarina.jpg\",\"contentUrl\":\"https:\\\/\\\/saca.com.mx\\\/es\\\/wp-content\\\/uploads\\\/2024\\\/01\\\/2.-Budenheim-Santa-Catarina.jpg\",\"width\":957,\"height\":367},{\"@type\":\"BreadcrumbList\",\"@id\":\"https:\\\/\\\/saca.com.mx\\\/es\\\/obras-2020-2021\\\/budenheim-santa-catarina\\\/#breadcrumb\",\"itemListElement\":[{\"@type\":\"ListItem\",\"position\":1,\"name\":\"Portada\",\"item\":\"https:\\\/\\\/saca.com.mx\\\/es\\\/\"},{\"@type\":\"ListItem\",\"position\":2,\"name\":\"Obras 2020-2021\",\"item\":\"https:\\\/\\\/saca.com.mx\\\/es\\\/obras-2020-2021\\\/\"},{\"@type\":\"ListItem\",\"position\":3,\"name\":\"Budenheim Santa Catarina\"}]},{\"@type\":\"WebSite\",\"@id\":\"https:\\\/\\\/saca.com.mx\\\/es\\\/#website\",\"url\":\"https:\\\/\\\/saca.com.mx\\\/es\\\/\",\"name\":\"SACA Sistemas de Protecci\u00f3n contra Incendio M\u00e9xico\",\"description\":\"\",\"potentialAction\":[{\"@type\":\"SearchAction\",\"target\":{\"@type\":\"EntryPoint\",\"urlTemplate\":\"https:\\\/\\\/saca.com.mx\\\/es\\\/?s={search_term_string}\"},\"query-input\":{\"@type\":\"PropertyValueSpecification\",\"valueRequired\":true,\"valueName\":\"search_term_string\"}}],\"inLanguage\":\"es\"}]}<\/script>\n<!-- \/ Yoast SEO plugin. -->","yoast_head_json":{"title":"Budenheim Santa Catarina - SACA Sistemas de Protecci\u00f3n contra Incendio M\u00e9xico","robots":{"index":"index","follow":"follow","max-snippet":"max-snippet:-1","max-image-preview":"max-image-preview:large","max-video-preview":"max-video-preview:-1"},"canonical":"https:\/\/saca.com.mx\/es\/obras-2020-2021\/budenheim-santa-catarina\/","og_locale":"es_ES","og_type":"article","og_title":"Budenheim Santa Catarina - SACA Sistemas de Protecci\u00f3n contra Incendio M\u00e9xico","og_description":"En esta obra, tipo edificio industrial en Santa Catarina, Nuevo Le\u00f3n, instalamos el sistema de protecci\u00f3n contra incendio.\u200b El sistema instalado incluye Rociadores en \u00e1rea de almac\u00e9n y Rociadores en embarque de acuerdo con los est\u00e1ndares de NFPA 13. Por otro lado, se instal\u00f3 un sistema de Bombeo de 2,000 GPM diesel, el\u00e9ctrica y jockey, [&hellip;]","og_url":"https:\/\/saca.com.mx\/es\/obras-2020-2021\/budenheim-santa-catarina\/","og_site_name":"SACA Sistemas de Protecci\u00f3n contra Incendio M\u00e9xico","article_modified_time":"2024-01-12T23:43:47+00:00","og_image":[{"url":"https:\/\/saca.com.mx\/es\/wp-content\/uploads\/2024\/01\/2.-Budenheim-Santa-Catarina.jpg","type":"","width":"","height":""}],"twitter_card":"summary_large_image","twitter_misc":{"Tiempo de lectura":"1 minuto"},"schema":{"@context":"https:\/\/schema.org","@graph":[{"@type":"WebPage","@id":"https:\/\/saca.com.mx\/es\/obras-2020-2021\/budenheim-santa-catarina\/","url":"https:\/\/saca.com.mx\/es\/obras-2020-2021\/budenheim-santa-catarina\/","name":"Budenheim Santa Catarina - SACA Sistemas de Protecci\u00f3n contra Incendio M\u00e9xico","isPartOf":{"@id":"https:\/\/saca.com.mx\/es\/#website"},"primaryImageOfPage":{"@id":"https:\/\/saca.com.mx\/es\/obras-2020-2021\/budenheim-santa-catarina\/#primaryimage"},"image":{"@id":"https:\/\/saca.com.mx\/es\/obras-2020-2021\/budenheim-santa-catarina\/#primaryimage"},"thumbnailUrl":"https:\/\/saca.com.mx\/es\/wp-content\/uploads\/2024\/01\/2.-Budenheim-Santa-Catarina.jpg","datePublished":"2024-01-10T13:24:06+00:00","dateModified":"2024-01-12T23:43:47+00:00","breadcrumb":{"@id":"https:\/\/saca.com.mx\/es\/obras-2020-2021\/budenheim-santa-catarina\/#breadcrumb"},"inLanguage":"es","potentialAction":[{"@type":"ReadAction","target":["https:\/\/saca.com.mx\/es\/obras-2020-2021\/budenheim-santa-catarina\/"]}]},{"@type":"ImageObject","inLanguage":"es","@id":"https:\/\/saca.com.mx\/es\/obras-2020-2021\/budenheim-santa-catarina\/#primaryimage","url":"https:\/\/saca.com.mx\/es\/wp-content\/uploads\/2024\/01\/2.-Budenheim-Santa-Catarina.jpg","contentUrl":"https:\/\/saca.com.mx\/es\/wp-content\/uploads\/2024\/01\/2.-Budenheim-Santa-Catarina.jpg","width":957,"height":367},{"@type":"BreadcrumbList","@id":"https:\/\/saca.com.mx\/es\/obras-2020-2021\/budenheim-santa-catarina\/#breadcrumb","itemListElement":[{"@type":"ListItem","position":1,"name":"Portada","item":"https:\/\/saca.com.mx\/es\/"},{"@type":"ListItem","position":2,"name":"Obras 2020-2021","item":"https:\/\/saca.com.mx\/es\/obras-2020-2021\/"},{"@type":"ListItem","position":3,"name":"Budenheim Santa Catarina"}]},{"@type":"WebSite","@id":"https:\/\/saca.com.mx\/es\/#website","url":"https:\/\/saca.com.mx\/es\/","name":"SACA Sistemas de Protecci\u00f3n contra Incendio M\u00e9xico","description":"","potentialAction":[{"@type":"SearchAction","target":{"@type":"EntryPoint","urlTemplate":"https:\/\/saca.com.mx\/es\/?s={search_term_string}"},"query-input":{"@type":"PropertyValueSpecification","valueRequired":true,"valueName":"search_term_string"}}],"inLanguage":"es"}]}},"_links":{"self":[{"href":"https:\/\/saca.com.mx\/es\/wp-json\/wp\/v2\/pages\/2647","targetHints":{"allow":["GET"]}}],"collection":[{"href":"https:\/\/saca.com.mx\/es\/wp-json\/wp\/v2\/pages"}],"about":[{"href":"https:\/\/saca.com.mx\/es\/wp-json\/wp\/v2\/types\/page"}],"author":[{"embeddable":true,"href":"https:\/\/saca.com.mx\/es\/wp-json\/wp\/v2\/users\/1"}],"replies":[{"embeddable":true,"href":"https:\/\/saca.com.mx\/es\/wp-json\/wp\/v2\/comments?post=2647"}],"version-history":[{"count":2,"href":"https:\/\/saca.com.mx\/es\/wp-json\/wp\/v2\/pages\/2647\/revisions"}],"predecessor-version":[{"id":2708,"href":"https:\/\/saca.com.mx\/es\/wp-json\/wp\/v2\/pages\/2647\/revisions\/2708"}],"up":[{"embeddable":true,"href":"https:\/\/saca.com.mx\/es\/wp-json\/wp\/v2\/pages\/2212"}],"wp:attachment":[{"href":"https:\/\/saca.com.mx\/es\/wp-json\/wp\/v2\/media?parent=2647"}],"curies":[{"name":"wp","href":"https:\/\/api.w.org\/{rel}","templated":true}]}}