{"id":2668,"date":"2024-01-10T13:44:08","date_gmt":"2024-01-10T13:44:08","guid":{"rendered":"https:\/\/saca.com.mx\/es\/?page_id=2668"},"modified":"2024-01-10T13:44:08","modified_gmt":"2024-01-10T13:44:08","slug":"sams-defensores-puebla","status":"publish","type":"page","link":"https:\/\/saca.com.mx\/es\/obras-2022-2023\/sams-defensores-puebla\/","title":{"rendered":"Sam\u00b4s Defensores Puebla"},"content":{"rendered":"<p style=\"text-align: justify;\"><span style=\"color: #993300;\">En esta obra, tipo edificio de almacenaje para autoservicio en Puebla, Puebla, instalamos el sistema de protecci\u00f3n contra incendio.<\/span><\/p>\n<p style=\"text-align: justify;\">El sistema instalado incluye Rociadores en oficinas generales, Rociadores en \u00e1rea de abarrotes, Rociadores en cubierta y Rociadores en c\u00e1maras fr\u00edas de acuerdo con los est\u00e1ndares de NFPA 13. Por otro lado, se instalaron Hidrantes interiores UL\/FM con mangueras de 1 1\/2&#8243;, de acuerdo con los est\u00e1ndares de NFPA 14. Adicionalmente instalamos sistema de Bombeo de 2,000 GPM diesel, el\u00e9ctrica y jockey, conforme a los est\u00e1ndares de NFPA 20. Posteriormente, instalamos un Tanque con capacidad de almacenaje de 200,000 galones para protecci\u00f3n contra incendio, de acuerdo con los est\u00e1ndares de NFPA 22. Finalmente, se instalo un sistema de Alarma y Detecci\u00f3n de acuerdo con los est\u00e1ndares de NFPA 72.<\/p>\n<p style=\"text-align: justify;\">El proyecto fue entregado en tiempo, forma y costo, cumpliendo estrictamente con el GANT de la especialidad Protecci\u00f3n Contra Incendio y alineado al programa general de obra de nuestro cliente.<\/p>\n<p><img loading=\"lazy\" decoding=\"async\" class=\"aligncenter size-full wp-image-2669\" src=\"https:\/\/saca.com.mx\/es\/wp-content\/uploads\/2024\/01\/9.-Sam\u00b4s-Defensores-Puebla.jpg\" alt=\"\" width=\"961\" height=\"367\" srcset=\"https:\/\/saca.com.mx\/es\/wp-content\/uploads\/2024\/01\/9.-Sam\u00b4s-Defensores-Puebla.jpg 961w, https:\/\/saca.com.mx\/es\/wp-content\/uploads\/2024\/01\/9.-Sam\u00b4s-Defensores-Puebla-300x115.jpg 300w, https:\/\/saca.com.mx\/es\/wp-content\/uploads\/2024\/01\/9.-Sam\u00b4s-Defensores-Puebla-768x293.jpg 768w, https:\/\/saca.com.mx\/es\/wp-content\/uploads\/2024\/01\/9.-Sam\u00b4s-Defensores-Puebla-480x183.jpg 480w, https:\/\/saca.com.mx\/es\/wp-content\/uploads\/2024\/01\/9.-Sam\u00b4s-Defensores-Puebla-24x9.jpg 24w, https:\/\/saca.com.mx\/es\/wp-content\/uploads\/2024\/01\/9.-Sam\u00b4s-Defensores-Puebla-36x14.jpg 36w, https:\/\/saca.com.mx\/es\/wp-content\/uploads\/2024\/01\/9.-Sam\u00b4s-Defensores-Puebla-48x18.jpg 48w\" sizes=\"(max-width: 961px) 100vw, 961px\" \/><\/p>\n","protected":false},"excerpt":{"rendered":"<p>En esta obra, tipo edificio de almacenaje para autoservicio en Puebla, Puebla, instalamos el sistema de protecci\u00f3n contra incendio. El sistema instalado incluye Rociadores en oficinas generales, Rociadores en \u00e1rea de abarrotes, Rociadores en cubierta y Rociadores en c\u00e1maras fr\u00edas de acuerdo con los est\u00e1ndares de NFPA 13. Por otro lado, se instalaron Hidrantes interiores [&hellip;]<\/p>\n","protected":false},"author":1,"featured_media":0,"parent":2517,"menu_order":0,"comment_status":"closed","ping_status":"closed","template":"","meta":{"_et_pb_use_builder":"","_et_pb_old_content":"","_et_gb_content_width":"","footnotes":""},"class_list":["post-2668","page","type-page","status-publish","hentry"],"yoast_head":"<!-- This site is optimized with the Yoast SEO plugin v27.4 - https:\/\/yoast.com\/product\/yoast-seo-wordpress\/ -->\n<title>Sam\u00b4s Defensores Puebla - SACA Sistemas de Protecci\u00f3n contra Incendio M\u00e9xico<\/title>\n<meta name=\"robots\" content=\"index, follow, max-snippet:-1, max-image-preview:large, max-video-preview:-1\" \/>\n<link rel=\"canonical\" href=\"https:\/\/saca.com.mx\/es\/obras-2022-2023\/sams-defensores-puebla\/\" \/>\n<meta property=\"og:locale\" content=\"es_ES\" \/>\n<meta property=\"og:type\" content=\"article\" \/>\n<meta property=\"og:title\" content=\"Sam\u00b4s Defensores Puebla - SACA Sistemas de Protecci\u00f3n contra Incendio M\u00e9xico\" \/>\n<meta property=\"og:description\" content=\"En esta obra, tipo edificio de almacenaje para autoservicio en Puebla, Puebla, instalamos el sistema de protecci\u00f3n contra incendio. El sistema instalado incluye Rociadores en oficinas generales, Rociadores en \u00e1rea de abarrotes, Rociadores en cubierta y Rociadores en c\u00e1maras fr\u00edas de acuerdo con los est\u00e1ndares de NFPA 13. Por otro lado, se instalaron Hidrantes interiores [&hellip;]\" \/>\n<meta property=\"og:url\" content=\"https:\/\/saca.com.mx\/es\/obras-2022-2023\/sams-defensores-puebla\/\" \/>\n<meta property=\"og:site_name\" content=\"SACA Sistemas de Protecci\u00f3n contra Incendio M\u00e9xico\" \/>\n<meta name=\"twitter:card\" content=\"summary_large_image\" \/>\n<meta name=\"twitter:label1\" content=\"Tiempo de lectura\" \/>\n\t<meta name=\"twitter:data1\" content=\"1 minuto\" \/>\n<script type=\"application\/ld+json\" class=\"yoast-schema-graph\">{\"@context\":\"https:\\\/\\\/schema.org\",\"@graph\":[{\"@type\":\"WebPage\",\"@id\":\"https:\\\/\\\/saca.com.mx\\\/es\\\/obras-2022-2023\\\/sams-defensores-puebla\\\/\",\"url\":\"https:\\\/\\\/saca.com.mx\\\/es\\\/obras-2022-2023\\\/sams-defensores-puebla\\\/\",\"name\":\"Sam\u00b4s Defensores Puebla - SACA Sistemas de Protecci\u00f3n contra Incendio M\u00e9xico\",\"isPartOf\":{\"@id\":\"https:\\\/\\\/saca.com.mx\\\/es\\\/#website\"},\"datePublished\":\"2024-01-10T13:44:08+00:00\",\"breadcrumb\":{\"@id\":\"https:\\\/\\\/saca.com.mx\\\/es\\\/obras-2022-2023\\\/sams-defensores-puebla\\\/#breadcrumb\"},\"inLanguage\":\"es\",\"potentialAction\":[{\"@type\":\"ReadAction\",\"target\":[\"https:\\\/\\\/saca.com.mx\\\/es\\\/obras-2022-2023\\\/sams-defensores-puebla\\\/\"]}]},{\"@type\":\"BreadcrumbList\",\"@id\":\"https:\\\/\\\/saca.com.mx\\\/es\\\/obras-2022-2023\\\/sams-defensores-puebla\\\/#breadcrumb\",\"itemListElement\":[{\"@type\":\"ListItem\",\"position\":1,\"name\":\"Portada\",\"item\":\"https:\\\/\\\/saca.com.mx\\\/es\\\/\"},{\"@type\":\"ListItem\",\"position\":2,\"name\":\"Obras 2022-2023\",\"item\":\"https:\\\/\\\/saca.com.mx\\\/es\\\/obras-2022-2023\\\/\"},{\"@type\":\"ListItem\",\"position\":3,\"name\":\"Sam\u00b4s Defensores Puebla\"}]},{\"@type\":\"WebSite\",\"@id\":\"https:\\\/\\\/saca.com.mx\\\/es\\\/#website\",\"url\":\"https:\\\/\\\/saca.com.mx\\\/es\\\/\",\"name\":\"SACA Sistemas de Protecci\u00f3n contra Incendio M\u00e9xico\",\"description\":\"\",\"potentialAction\":[{\"@type\":\"SearchAction\",\"target\":{\"@type\":\"EntryPoint\",\"urlTemplate\":\"https:\\\/\\\/saca.com.mx\\\/es\\\/?s={search_term_string}\"},\"query-input\":{\"@type\":\"PropertyValueSpecification\",\"valueRequired\":true,\"valueName\":\"search_term_string\"}}],\"inLanguage\":\"es\"}]}<\/script>\n<!-- \/ Yoast SEO plugin. -->","yoast_head_json":{"title":"Sam\u00b4s Defensores Puebla - SACA Sistemas de Protecci\u00f3n contra Incendio M\u00e9xico","robots":{"index":"index","follow":"follow","max-snippet":"max-snippet:-1","max-image-preview":"max-image-preview:large","max-video-preview":"max-video-preview:-1"},"canonical":"https:\/\/saca.com.mx\/es\/obras-2022-2023\/sams-defensores-puebla\/","og_locale":"es_ES","og_type":"article","og_title":"Sam\u00b4s Defensores Puebla - SACA Sistemas de Protecci\u00f3n contra Incendio M\u00e9xico","og_description":"En esta obra, tipo edificio de almacenaje para autoservicio en Puebla, Puebla, instalamos el sistema de protecci\u00f3n contra incendio. El sistema instalado incluye Rociadores en oficinas generales, Rociadores en \u00e1rea de abarrotes, Rociadores en cubierta y Rociadores en c\u00e1maras fr\u00edas de acuerdo con los est\u00e1ndares de NFPA 13. Por otro lado, se instalaron Hidrantes interiores [&hellip;]","og_url":"https:\/\/saca.com.mx\/es\/obras-2022-2023\/sams-defensores-puebla\/","og_site_name":"SACA Sistemas de Protecci\u00f3n contra Incendio M\u00e9xico","twitter_card":"summary_large_image","twitter_misc":{"Tiempo de lectura":"1 minuto"},"schema":{"@context":"https:\/\/schema.org","@graph":[{"@type":"WebPage","@id":"https:\/\/saca.com.mx\/es\/obras-2022-2023\/sams-defensores-puebla\/","url":"https:\/\/saca.com.mx\/es\/obras-2022-2023\/sams-defensores-puebla\/","name":"Sam\u00b4s Defensores Puebla - SACA Sistemas de Protecci\u00f3n contra Incendio M\u00e9xico","isPartOf":{"@id":"https:\/\/saca.com.mx\/es\/#website"},"datePublished":"2024-01-10T13:44:08+00:00","breadcrumb":{"@id":"https:\/\/saca.com.mx\/es\/obras-2022-2023\/sams-defensores-puebla\/#breadcrumb"},"inLanguage":"es","potentialAction":[{"@type":"ReadAction","target":["https:\/\/saca.com.mx\/es\/obras-2022-2023\/sams-defensores-puebla\/"]}]},{"@type":"BreadcrumbList","@id":"https:\/\/saca.com.mx\/es\/obras-2022-2023\/sams-defensores-puebla\/#breadcrumb","itemListElement":[{"@type":"ListItem","position":1,"name":"Portada","item":"https:\/\/saca.com.mx\/es\/"},{"@type":"ListItem","position":2,"name":"Obras 2022-2023","item":"https:\/\/saca.com.mx\/es\/obras-2022-2023\/"},{"@type":"ListItem","position":3,"name":"Sam\u00b4s Defensores Puebla"}]},{"@type":"WebSite","@id":"https:\/\/saca.com.mx\/es\/#website","url":"https:\/\/saca.com.mx\/es\/","name":"SACA Sistemas de Protecci\u00f3n contra Incendio M\u00e9xico","description":"","potentialAction":[{"@type":"SearchAction","target":{"@type":"EntryPoint","urlTemplate":"https:\/\/saca.com.mx\/es\/?s={search_term_string}"},"query-input":{"@type":"PropertyValueSpecification","valueRequired":true,"valueName":"search_term_string"}}],"inLanguage":"es"}]}},"_links":{"self":[{"href":"https:\/\/saca.com.mx\/es\/wp-json\/wp\/v2\/pages\/2668","targetHints":{"allow":["GET"]}}],"collection":[{"href":"https:\/\/saca.com.mx\/es\/wp-json\/wp\/v2\/pages"}],"about":[{"href":"https:\/\/saca.com.mx\/es\/wp-json\/wp\/v2\/types\/page"}],"author":[{"embeddable":true,"href":"https:\/\/saca.com.mx\/es\/wp-json\/wp\/v2\/users\/1"}],"replies":[{"embeddable":true,"href":"https:\/\/saca.com.mx\/es\/wp-json\/wp\/v2\/comments?post=2668"}],"version-history":[{"count":1,"href":"https:\/\/saca.com.mx\/es\/wp-json\/wp\/v2\/pages\/2668\/revisions"}],"predecessor-version":[{"id":2670,"href":"https:\/\/saca.com.mx\/es\/wp-json\/wp\/v2\/pages\/2668\/revisions\/2670"}],"up":[{"embeddable":true,"href":"https:\/\/saca.com.mx\/es\/wp-json\/wp\/v2\/pages\/2517"}],"wp:attachment":[{"href":"https:\/\/saca.com.mx\/es\/wp-json\/wp\/v2\/media?parent=2668"}],"curies":[{"name":"wp","href":"https:\/\/api.w.org\/{rel}","templated":true}]}}