{"id":2674,"date":"2024-01-10T13:47:00","date_gmt":"2024-01-10T13:47:00","guid":{"rendered":"https:\/\/saca.com.mx\/es\/?page_id=2674"},"modified":"2024-01-10T13:47:00","modified_gmt":"2024-01-10T13:47:00","slug":"bodega-aurrera-mexicali","status":"publish","type":"page","link":"https:\/\/saca.com.mx\/es\/obras-2022-2023\/bodega-aurrera-mexicali\/","title":{"rendered":"Bodega Aurrera Mexicali"},"content":{"rendered":"<p style=\"text-align: justify;\"><span style=\"color: #993300;\">En esta obra, tipo edificio de almacenaje para autoservicio en Mexicali, Baja California, instalamos el sistema de protecci\u00f3n contra incendio.<\/span><\/p>\n<p style=\"text-align: justify;\">El sistema instalado incluye un sistema de Bombeo de 1,500 GPM diesel, el\u00e9ctrica y jockey, de acuerdo a los est\u00e1ndares de NFPA 20.<\/p>\n<p style=\"text-align: justify;\">El proyecto fue entregado en tiempo, forma y costo, cumpliendo estrictamente con el GANT de la especialidad Protecci\u00f3n Contra Incendio y alineado al programa general de obra de nuestro cliente.<\/p>\n<p><img loading=\"lazy\" decoding=\"async\" class=\"aligncenter size-full wp-image-2675\" src=\"https:\/\/saca.com.mx\/es\/wp-content\/uploads\/2024\/01\/11.-Bodega-Aurrera-Mexicali.jpg\" alt=\"\" width=\"961\" height=\"367\" srcset=\"https:\/\/saca.com.mx\/es\/wp-content\/uploads\/2024\/01\/11.-Bodega-Aurrera-Mexicali.jpg 961w, https:\/\/saca.com.mx\/es\/wp-content\/uploads\/2024\/01\/11.-Bodega-Aurrera-Mexicali-480x183.jpg 480w\" sizes=\"(min-width: 0px) and (max-width: 480px) 480px, (min-width: 481px) 961px, 100vw\" \/><\/p>\n","protected":false},"excerpt":{"rendered":"<p>En esta obra, tipo edificio de almacenaje para autoservicio en Mexicali, Baja California, instalamos el sistema de protecci\u00f3n contra incendio. El sistema instalado incluye un sistema de Bombeo de 1,500 GPM diesel, el\u00e9ctrica y jockey, de acuerdo a los est\u00e1ndares de NFPA 20. El proyecto fue entregado en tiempo, forma y costo, cumpliendo estrictamente con [&hellip;]<\/p>\n","protected":false},"author":1,"featured_media":0,"parent":2517,"menu_order":0,"comment_status":"closed","ping_status":"closed","template":"","meta":{"_et_pb_use_builder":"","_et_pb_old_content":"","_et_gb_content_width":"","footnotes":""},"class_list":["post-2674","page","type-page","status-publish","hentry"],"yoast_head":"<!-- This site is optimized with the Yoast SEO plugin v27.4 - https:\/\/yoast.com\/product\/yoast-seo-wordpress\/ -->\n<title>Bodega Aurrera Mexicali - SACA Sistemas de Protecci\u00f3n contra Incendio M\u00e9xico<\/title>\n<meta name=\"robots\" content=\"index, follow, max-snippet:-1, max-image-preview:large, max-video-preview:-1\" \/>\n<link rel=\"canonical\" href=\"https:\/\/saca.com.mx\/es\/obras-2022-2023\/bodega-aurrera-mexicali\/\" \/>\n<meta property=\"og:locale\" content=\"es_ES\" \/>\n<meta property=\"og:type\" content=\"article\" \/>\n<meta property=\"og:title\" content=\"Bodega Aurrera Mexicali - SACA Sistemas de Protecci\u00f3n contra Incendio M\u00e9xico\" \/>\n<meta property=\"og:description\" content=\"En esta obra, tipo edificio de almacenaje para autoservicio en Mexicali, Baja California, instalamos el sistema de protecci\u00f3n contra incendio. El sistema instalado incluye un sistema de Bombeo de 1,500 GPM diesel, el\u00e9ctrica y jockey, de acuerdo a los est\u00e1ndares de NFPA 20. El proyecto fue entregado en tiempo, forma y costo, cumpliendo estrictamente con [&hellip;]\" \/>\n<meta property=\"og:url\" content=\"https:\/\/saca.com.mx\/es\/obras-2022-2023\/bodega-aurrera-mexicali\/\" \/>\n<meta property=\"og:site_name\" content=\"SACA Sistemas de Protecci\u00f3n contra Incendio M\u00e9xico\" \/>\n<meta property=\"og:image\" content=\"https:\/\/saca.com.mx\/es\/wp-content\/uploads\/2024\/01\/11.-Bodega-Aurrera-Mexicali.jpg\" \/>\n<meta name=\"twitter:card\" content=\"summary_large_image\" \/>\n<meta name=\"twitter:label1\" content=\"Tiempo de lectura\" \/>\n\t<meta name=\"twitter:data1\" content=\"1 minuto\" \/>\n<script type=\"application\/ld+json\" class=\"yoast-schema-graph\">{\"@context\":\"https:\\\/\\\/schema.org\",\"@graph\":[{\"@type\":\"WebPage\",\"@id\":\"https:\\\/\\\/saca.com.mx\\\/es\\\/obras-2022-2023\\\/bodega-aurrera-mexicali\\\/\",\"url\":\"https:\\\/\\\/saca.com.mx\\\/es\\\/obras-2022-2023\\\/bodega-aurrera-mexicali\\\/\",\"name\":\"Bodega Aurrera Mexicali - SACA Sistemas de Protecci\u00f3n contra Incendio M\u00e9xico\",\"isPartOf\":{\"@id\":\"https:\\\/\\\/saca.com.mx\\\/es\\\/#website\"},\"primaryImageOfPage\":{\"@id\":\"https:\\\/\\\/saca.com.mx\\\/es\\\/obras-2022-2023\\\/bodega-aurrera-mexicali\\\/#primaryimage\"},\"image\":{\"@id\":\"https:\\\/\\\/saca.com.mx\\\/es\\\/obras-2022-2023\\\/bodega-aurrera-mexicali\\\/#primaryimage\"},\"thumbnailUrl\":\"https:\\\/\\\/saca.com.mx\\\/es\\\/wp-content\\\/uploads\\\/2024\\\/01\\\/11.-Bodega-Aurrera-Mexicali.jpg\",\"datePublished\":\"2024-01-10T13:47:00+00:00\",\"breadcrumb\":{\"@id\":\"https:\\\/\\\/saca.com.mx\\\/es\\\/obras-2022-2023\\\/bodega-aurrera-mexicali\\\/#breadcrumb\"},\"inLanguage\":\"es\",\"potentialAction\":[{\"@type\":\"ReadAction\",\"target\":[\"https:\\\/\\\/saca.com.mx\\\/es\\\/obras-2022-2023\\\/bodega-aurrera-mexicali\\\/\"]}]},{\"@type\":\"ImageObject\",\"inLanguage\":\"es\",\"@id\":\"https:\\\/\\\/saca.com.mx\\\/es\\\/obras-2022-2023\\\/bodega-aurrera-mexicali\\\/#primaryimage\",\"url\":\"https:\\\/\\\/saca.com.mx\\\/es\\\/wp-content\\\/uploads\\\/2024\\\/01\\\/11.-Bodega-Aurrera-Mexicali.jpg\",\"contentUrl\":\"https:\\\/\\\/saca.com.mx\\\/es\\\/wp-content\\\/uploads\\\/2024\\\/01\\\/11.-Bodega-Aurrera-Mexicali.jpg\",\"width\":961,\"height\":367},{\"@type\":\"BreadcrumbList\",\"@id\":\"https:\\\/\\\/saca.com.mx\\\/es\\\/obras-2022-2023\\\/bodega-aurrera-mexicali\\\/#breadcrumb\",\"itemListElement\":[{\"@type\":\"ListItem\",\"position\":1,\"name\":\"Portada\",\"item\":\"https:\\\/\\\/saca.com.mx\\\/es\\\/\"},{\"@type\":\"ListItem\",\"position\":2,\"name\":\"Obras 2022-2023\",\"item\":\"https:\\\/\\\/saca.com.mx\\\/es\\\/obras-2022-2023\\\/\"},{\"@type\":\"ListItem\",\"position\":3,\"name\":\"Bodega Aurrera Mexicali\"}]},{\"@type\":\"WebSite\",\"@id\":\"https:\\\/\\\/saca.com.mx\\\/es\\\/#website\",\"url\":\"https:\\\/\\\/saca.com.mx\\\/es\\\/\",\"name\":\"SACA Sistemas de Protecci\u00f3n contra Incendio M\u00e9xico\",\"description\":\"\",\"potentialAction\":[{\"@type\":\"SearchAction\",\"target\":{\"@type\":\"EntryPoint\",\"urlTemplate\":\"https:\\\/\\\/saca.com.mx\\\/es\\\/?s={search_term_string}\"},\"query-input\":{\"@type\":\"PropertyValueSpecification\",\"valueRequired\":true,\"valueName\":\"search_term_string\"}}],\"inLanguage\":\"es\"}]}<\/script>\n<!-- \/ Yoast SEO plugin. -->","yoast_head_json":{"title":"Bodega Aurrera Mexicali - SACA Sistemas de Protecci\u00f3n contra Incendio M\u00e9xico","robots":{"index":"index","follow":"follow","max-snippet":"max-snippet:-1","max-image-preview":"max-image-preview:large","max-video-preview":"max-video-preview:-1"},"canonical":"https:\/\/saca.com.mx\/es\/obras-2022-2023\/bodega-aurrera-mexicali\/","og_locale":"es_ES","og_type":"article","og_title":"Bodega Aurrera Mexicali - SACA Sistemas de Protecci\u00f3n contra Incendio M\u00e9xico","og_description":"En esta obra, tipo edificio de almacenaje para autoservicio en Mexicali, Baja California, instalamos el sistema de protecci\u00f3n contra incendio. El sistema instalado incluye un sistema de Bombeo de 1,500 GPM diesel, el\u00e9ctrica y jockey, de acuerdo a los est\u00e1ndares de NFPA 20. El proyecto fue entregado en tiempo, forma y costo, cumpliendo estrictamente con [&hellip;]","og_url":"https:\/\/saca.com.mx\/es\/obras-2022-2023\/bodega-aurrera-mexicali\/","og_site_name":"SACA Sistemas de Protecci\u00f3n contra Incendio M\u00e9xico","og_image":[{"url":"https:\/\/saca.com.mx\/es\/wp-content\/uploads\/2024\/01\/11.-Bodega-Aurrera-Mexicali.jpg","type":"","width":"","height":""}],"twitter_card":"summary_large_image","twitter_misc":{"Tiempo de lectura":"1 minuto"},"schema":{"@context":"https:\/\/schema.org","@graph":[{"@type":"WebPage","@id":"https:\/\/saca.com.mx\/es\/obras-2022-2023\/bodega-aurrera-mexicali\/","url":"https:\/\/saca.com.mx\/es\/obras-2022-2023\/bodega-aurrera-mexicali\/","name":"Bodega Aurrera Mexicali - SACA Sistemas de Protecci\u00f3n contra Incendio M\u00e9xico","isPartOf":{"@id":"https:\/\/saca.com.mx\/es\/#website"},"primaryImageOfPage":{"@id":"https:\/\/saca.com.mx\/es\/obras-2022-2023\/bodega-aurrera-mexicali\/#primaryimage"},"image":{"@id":"https:\/\/saca.com.mx\/es\/obras-2022-2023\/bodega-aurrera-mexicali\/#primaryimage"},"thumbnailUrl":"https:\/\/saca.com.mx\/es\/wp-content\/uploads\/2024\/01\/11.-Bodega-Aurrera-Mexicali.jpg","datePublished":"2024-01-10T13:47:00+00:00","breadcrumb":{"@id":"https:\/\/saca.com.mx\/es\/obras-2022-2023\/bodega-aurrera-mexicali\/#breadcrumb"},"inLanguage":"es","potentialAction":[{"@type":"ReadAction","target":["https:\/\/saca.com.mx\/es\/obras-2022-2023\/bodega-aurrera-mexicali\/"]}]},{"@type":"ImageObject","inLanguage":"es","@id":"https:\/\/saca.com.mx\/es\/obras-2022-2023\/bodega-aurrera-mexicali\/#primaryimage","url":"https:\/\/saca.com.mx\/es\/wp-content\/uploads\/2024\/01\/11.-Bodega-Aurrera-Mexicali.jpg","contentUrl":"https:\/\/saca.com.mx\/es\/wp-content\/uploads\/2024\/01\/11.-Bodega-Aurrera-Mexicali.jpg","width":961,"height":367},{"@type":"BreadcrumbList","@id":"https:\/\/saca.com.mx\/es\/obras-2022-2023\/bodega-aurrera-mexicali\/#breadcrumb","itemListElement":[{"@type":"ListItem","position":1,"name":"Portada","item":"https:\/\/saca.com.mx\/es\/"},{"@type":"ListItem","position":2,"name":"Obras 2022-2023","item":"https:\/\/saca.com.mx\/es\/obras-2022-2023\/"},{"@type":"ListItem","position":3,"name":"Bodega Aurrera Mexicali"}]},{"@type":"WebSite","@id":"https:\/\/saca.com.mx\/es\/#website","url":"https:\/\/saca.com.mx\/es\/","name":"SACA Sistemas de Protecci\u00f3n contra Incendio M\u00e9xico","description":"","potentialAction":[{"@type":"SearchAction","target":{"@type":"EntryPoint","urlTemplate":"https:\/\/saca.com.mx\/es\/?s={search_term_string}"},"query-input":{"@type":"PropertyValueSpecification","valueRequired":true,"valueName":"search_term_string"}}],"inLanguage":"es"}]}},"_links":{"self":[{"href":"https:\/\/saca.com.mx\/es\/wp-json\/wp\/v2\/pages\/2674","targetHints":{"allow":["GET"]}}],"collection":[{"href":"https:\/\/saca.com.mx\/es\/wp-json\/wp\/v2\/pages"}],"about":[{"href":"https:\/\/saca.com.mx\/es\/wp-json\/wp\/v2\/types\/page"}],"author":[{"embeddable":true,"href":"https:\/\/saca.com.mx\/es\/wp-json\/wp\/v2\/users\/1"}],"replies":[{"embeddable":true,"href":"https:\/\/saca.com.mx\/es\/wp-json\/wp\/v2\/comments?post=2674"}],"version-history":[{"count":1,"href":"https:\/\/saca.com.mx\/es\/wp-json\/wp\/v2\/pages\/2674\/revisions"}],"predecessor-version":[{"id":2676,"href":"https:\/\/saca.com.mx\/es\/wp-json\/wp\/v2\/pages\/2674\/revisions\/2676"}],"up":[{"embeddable":true,"href":"https:\/\/saca.com.mx\/es\/wp-json\/wp\/v2\/pages\/2517"}],"wp:attachment":[{"href":"https:\/\/saca.com.mx\/es\/wp-json\/wp\/v2\/media?parent=2674"}],"curies":[{"name":"wp","href":"https:\/\/api.w.org\/{rel}","templated":true}]}}