{"id":2686,"date":"2024-01-10T13:50:49","date_gmt":"2024-01-10T13:50:49","guid":{"rendered":"https:\/\/saca.com.mx\/es\/?page_id=2686"},"modified":"2024-01-10T13:50:49","modified_gmt":"2024-01-10T13:50:49","slug":"sams-oaxaca","status":"publish","type":"page","link":"https:\/\/saca.com.mx\/es\/obras-2022-2023\/sams-oaxaca\/","title":{"rendered":"Sam\u00b4s Oaxaca"},"content":{"rendered":"<p style=\"text-align: justify;\"><span style=\"color: #993300;\">En esta obra, tipo edificio de almacenaje para autoservicio en Oaxaca, Oaxaca, instalamos el sistema de protecci\u00f3n contra incendio.<\/span><\/p>\n<p style=\"text-align: justify;\">El sistema instalado incluye Rociadores en oficinas generales, Rociadores en \u00e1rea de abarrotes y Rociadores en c\u00e1maras fr\u00edas de acuerdo con los est\u00e1ndares de NFPA 13. Adicionalmente se instal\u00f3 una Red de Hidrantes interiores con mangueras de 11\/2&#8243;, de acuerdo con los est\u00e1ndares de NFPA 14. Finalmente, instalamos un cuarto de bombas.<\/p>\n<p style=\"text-align: justify;\">El proyecto fue entregado en tiempo, forma y costo, cumpliendo estrictamente con el GANT de la especialidad Protecci\u00f3n Contra Incendio y alineado al programa general de obra de nuestro cliente.<\/p>\n<p><img loading=\"lazy\" decoding=\"async\" class=\"aligncenter size-full wp-image-2687\" src=\"https:\/\/saca.com.mx\/es\/wp-content\/uploads\/2024\/01\/15.-Sam\u00b4s-Oaxaca.jpg\" alt=\"\" width=\"960\" height=\"367\" srcset=\"https:\/\/saca.com.mx\/es\/wp-content\/uploads\/2024\/01\/15.-Sam\u00b4s-Oaxaca.jpg 960w, https:\/\/saca.com.mx\/es\/wp-content\/uploads\/2024\/01\/15.-Sam\u00b4s-Oaxaca-300x115.jpg 300w, https:\/\/saca.com.mx\/es\/wp-content\/uploads\/2024\/01\/15.-Sam\u00b4s-Oaxaca-768x294.jpg 768w, https:\/\/saca.com.mx\/es\/wp-content\/uploads\/2024\/01\/15.-Sam\u00b4s-Oaxaca-480x184.jpg 480w, https:\/\/saca.com.mx\/es\/wp-content\/uploads\/2024\/01\/15.-Sam\u00b4s-Oaxaca-24x9.jpg 24w, https:\/\/saca.com.mx\/es\/wp-content\/uploads\/2024\/01\/15.-Sam\u00b4s-Oaxaca-36x14.jpg 36w, https:\/\/saca.com.mx\/es\/wp-content\/uploads\/2024\/01\/15.-Sam\u00b4s-Oaxaca-48x18.jpg 48w\" sizes=\"(max-width: 960px) 100vw, 960px\" \/><\/p>\n","protected":false},"excerpt":{"rendered":"<p>En esta obra, tipo edificio de almacenaje para autoservicio en Oaxaca, Oaxaca, instalamos el sistema de protecci\u00f3n contra incendio. El sistema instalado incluye Rociadores en oficinas generales, Rociadores en \u00e1rea de abarrotes y Rociadores en c\u00e1maras fr\u00edas de acuerdo con los est\u00e1ndares de NFPA 13. Adicionalmente se instal\u00f3 una Red de Hidrantes interiores con mangueras [&hellip;]<\/p>\n","protected":false},"author":1,"featured_media":0,"parent":2517,"menu_order":0,"comment_status":"closed","ping_status":"closed","template":"","meta":{"_et_pb_use_builder":"","_et_pb_old_content":"","_et_gb_content_width":"","footnotes":""},"class_list":["post-2686","page","type-page","status-publish","hentry"],"yoast_head":"<!-- This site is optimized with the Yoast SEO plugin v27.4 - https:\/\/yoast.com\/product\/yoast-seo-wordpress\/ -->\n<title>Sam\u00b4s Oaxaca - SACA Sistemas de Protecci\u00f3n contra Incendio M\u00e9xico<\/title>\n<meta name=\"robots\" content=\"index, follow, max-snippet:-1, max-image-preview:large, max-video-preview:-1\" \/>\n<link rel=\"canonical\" href=\"https:\/\/saca.com.mx\/es\/obras-2022-2023\/sams-oaxaca\/\" \/>\n<meta property=\"og:locale\" content=\"es_ES\" \/>\n<meta property=\"og:type\" content=\"article\" \/>\n<meta property=\"og:title\" content=\"Sam\u00b4s Oaxaca - SACA Sistemas de Protecci\u00f3n contra Incendio M\u00e9xico\" \/>\n<meta property=\"og:description\" content=\"En esta obra, tipo edificio de almacenaje para autoservicio en Oaxaca, Oaxaca, instalamos el sistema de protecci\u00f3n contra incendio. El sistema instalado incluye Rociadores en oficinas generales, Rociadores en \u00e1rea de abarrotes y Rociadores en c\u00e1maras fr\u00edas de acuerdo con los est\u00e1ndares de NFPA 13. Adicionalmente se instal\u00f3 una Red de Hidrantes interiores con mangueras [&hellip;]\" \/>\n<meta property=\"og:url\" content=\"https:\/\/saca.com.mx\/es\/obras-2022-2023\/sams-oaxaca\/\" \/>\n<meta property=\"og:site_name\" content=\"SACA Sistemas de Protecci\u00f3n contra Incendio M\u00e9xico\" \/>\n<meta name=\"twitter:card\" content=\"summary_large_image\" \/>\n<meta name=\"twitter:label1\" content=\"Tiempo de lectura\" \/>\n\t<meta name=\"twitter:data1\" content=\"1 minuto\" \/>\n<script type=\"application\/ld+json\" class=\"yoast-schema-graph\">{\"@context\":\"https:\\\/\\\/schema.org\",\"@graph\":[{\"@type\":\"WebPage\",\"@id\":\"https:\\\/\\\/saca.com.mx\\\/es\\\/obras-2022-2023\\\/sams-oaxaca\\\/\",\"url\":\"https:\\\/\\\/saca.com.mx\\\/es\\\/obras-2022-2023\\\/sams-oaxaca\\\/\",\"name\":\"Sam\u00b4s Oaxaca - SACA Sistemas de Protecci\u00f3n contra Incendio M\u00e9xico\",\"isPartOf\":{\"@id\":\"https:\\\/\\\/saca.com.mx\\\/es\\\/#website\"},\"datePublished\":\"2024-01-10T13:50:49+00:00\",\"breadcrumb\":{\"@id\":\"https:\\\/\\\/saca.com.mx\\\/es\\\/obras-2022-2023\\\/sams-oaxaca\\\/#breadcrumb\"},\"inLanguage\":\"es\",\"potentialAction\":[{\"@type\":\"ReadAction\",\"target\":[\"https:\\\/\\\/saca.com.mx\\\/es\\\/obras-2022-2023\\\/sams-oaxaca\\\/\"]}]},{\"@type\":\"BreadcrumbList\",\"@id\":\"https:\\\/\\\/saca.com.mx\\\/es\\\/obras-2022-2023\\\/sams-oaxaca\\\/#breadcrumb\",\"itemListElement\":[{\"@type\":\"ListItem\",\"position\":1,\"name\":\"Portada\",\"item\":\"https:\\\/\\\/saca.com.mx\\\/es\\\/\"},{\"@type\":\"ListItem\",\"position\":2,\"name\":\"Obras 2022-2023\",\"item\":\"https:\\\/\\\/saca.com.mx\\\/es\\\/obras-2022-2023\\\/\"},{\"@type\":\"ListItem\",\"position\":3,\"name\":\"Sam\u00b4s Oaxaca\"}]},{\"@type\":\"WebSite\",\"@id\":\"https:\\\/\\\/saca.com.mx\\\/es\\\/#website\",\"url\":\"https:\\\/\\\/saca.com.mx\\\/es\\\/\",\"name\":\"SACA Sistemas de Protecci\u00f3n contra Incendio M\u00e9xico\",\"description\":\"\",\"potentialAction\":[{\"@type\":\"SearchAction\",\"target\":{\"@type\":\"EntryPoint\",\"urlTemplate\":\"https:\\\/\\\/saca.com.mx\\\/es\\\/?s={search_term_string}\"},\"query-input\":{\"@type\":\"PropertyValueSpecification\",\"valueRequired\":true,\"valueName\":\"search_term_string\"}}],\"inLanguage\":\"es\"}]}<\/script>\n<!-- \/ Yoast SEO plugin. -->","yoast_head_json":{"title":"Sam\u00b4s Oaxaca - SACA Sistemas de Protecci\u00f3n contra Incendio M\u00e9xico","robots":{"index":"index","follow":"follow","max-snippet":"max-snippet:-1","max-image-preview":"max-image-preview:large","max-video-preview":"max-video-preview:-1"},"canonical":"https:\/\/saca.com.mx\/es\/obras-2022-2023\/sams-oaxaca\/","og_locale":"es_ES","og_type":"article","og_title":"Sam\u00b4s Oaxaca - SACA Sistemas de Protecci\u00f3n contra Incendio M\u00e9xico","og_description":"En esta obra, tipo edificio de almacenaje para autoservicio en Oaxaca, Oaxaca, instalamos el sistema de protecci\u00f3n contra incendio. El sistema instalado incluye Rociadores en oficinas generales, Rociadores en \u00e1rea de abarrotes y Rociadores en c\u00e1maras fr\u00edas de acuerdo con los est\u00e1ndares de NFPA 13. Adicionalmente se instal\u00f3 una Red de Hidrantes interiores con mangueras [&hellip;]","og_url":"https:\/\/saca.com.mx\/es\/obras-2022-2023\/sams-oaxaca\/","og_site_name":"SACA Sistemas de Protecci\u00f3n contra Incendio M\u00e9xico","twitter_card":"summary_large_image","twitter_misc":{"Tiempo de lectura":"1 minuto"},"schema":{"@context":"https:\/\/schema.org","@graph":[{"@type":"WebPage","@id":"https:\/\/saca.com.mx\/es\/obras-2022-2023\/sams-oaxaca\/","url":"https:\/\/saca.com.mx\/es\/obras-2022-2023\/sams-oaxaca\/","name":"Sam\u00b4s Oaxaca - SACA Sistemas de Protecci\u00f3n contra Incendio M\u00e9xico","isPartOf":{"@id":"https:\/\/saca.com.mx\/es\/#website"},"datePublished":"2024-01-10T13:50:49+00:00","breadcrumb":{"@id":"https:\/\/saca.com.mx\/es\/obras-2022-2023\/sams-oaxaca\/#breadcrumb"},"inLanguage":"es","potentialAction":[{"@type":"ReadAction","target":["https:\/\/saca.com.mx\/es\/obras-2022-2023\/sams-oaxaca\/"]}]},{"@type":"BreadcrumbList","@id":"https:\/\/saca.com.mx\/es\/obras-2022-2023\/sams-oaxaca\/#breadcrumb","itemListElement":[{"@type":"ListItem","position":1,"name":"Portada","item":"https:\/\/saca.com.mx\/es\/"},{"@type":"ListItem","position":2,"name":"Obras 2022-2023","item":"https:\/\/saca.com.mx\/es\/obras-2022-2023\/"},{"@type":"ListItem","position":3,"name":"Sam\u00b4s Oaxaca"}]},{"@type":"WebSite","@id":"https:\/\/saca.com.mx\/es\/#website","url":"https:\/\/saca.com.mx\/es\/","name":"SACA Sistemas de Protecci\u00f3n contra Incendio M\u00e9xico","description":"","potentialAction":[{"@type":"SearchAction","target":{"@type":"EntryPoint","urlTemplate":"https:\/\/saca.com.mx\/es\/?s={search_term_string}"},"query-input":{"@type":"PropertyValueSpecification","valueRequired":true,"valueName":"search_term_string"}}],"inLanguage":"es"}]}},"_links":{"self":[{"href":"https:\/\/saca.com.mx\/es\/wp-json\/wp\/v2\/pages\/2686","targetHints":{"allow":["GET"]}}],"collection":[{"href":"https:\/\/saca.com.mx\/es\/wp-json\/wp\/v2\/pages"}],"about":[{"href":"https:\/\/saca.com.mx\/es\/wp-json\/wp\/v2\/types\/page"}],"author":[{"embeddable":true,"href":"https:\/\/saca.com.mx\/es\/wp-json\/wp\/v2\/users\/1"}],"replies":[{"embeddable":true,"href":"https:\/\/saca.com.mx\/es\/wp-json\/wp\/v2\/comments?post=2686"}],"version-history":[{"count":1,"href":"https:\/\/saca.com.mx\/es\/wp-json\/wp\/v2\/pages\/2686\/revisions"}],"predecessor-version":[{"id":2688,"href":"https:\/\/saca.com.mx\/es\/wp-json\/wp\/v2\/pages\/2686\/revisions\/2688"}],"up":[{"embeddable":true,"href":"https:\/\/saca.com.mx\/es\/wp-json\/wp\/v2\/pages\/2517"}],"wp:attachment":[{"href":"https:\/\/saca.com.mx\/es\/wp-json\/wp\/v2\/media?parent=2686"}],"curies":[{"name":"wp","href":"https:\/\/api.w.org\/{rel}","templated":true}]}}