{"id":2870,"date":"2024-08-09T22:32:21","date_gmt":"2024-08-09T22:32:21","guid":{"rendered":"https:\/\/saca.com.mx\/es\/?page_id=2870"},"modified":"2024-09-13T17:15:40","modified_gmt":"2024-09-13T17:15:40","slug":"cedis-walmart-guadalajara","status":"publish","type":"page","link":"https:\/\/saca.com.mx\/es\/cedis-walmart-guadalajara\/","title":{"rendered":"Cedis Walmart Guadalajara"},"content":{"rendered":"<p style=\"text-align: justify;\"><span style=\"color: #993300;\">Este proyecto se llevo a cabo en el Cedis Walmart Guadalajara, donde se realizo la instalaci\u00f3n de tuber\u00eda subterr\u00e1nea en el \u00e1rea destinada a la interconexi\u00f3n del sistema contra incendios.<\/span><\/p>\n<p style=\"text-align: justify;\">El sistema instalado incluye un sistema de tuber\u00eda subterr\u00e1nea conectado a una Red de Hidrantes exteriores con mangueras de 11\/2\u2033, de acuerdo con los est\u00e1ndares de NFPA 14.<\/p>\n<p style=\"text-align: justify;\">El proyecto fue entregado en tiempo, forma y costo, cumpliendo estrictamente con el GANT de la especialidad Protecci\u00f3n Contra Incendio y alineado al programa general de obra de nuestro cliente.<\/p>\n<p><img loading=\"lazy\" decoding=\"async\" class=\"aligncenter size-full wp-image-2903\" src=\"https:\/\/saca.com.mx\/es\/wp-content\/uploads\/2024\/08\/5.png\" alt=\"Cedis Walmart Guadalajara\" width=\"3003\" height=\"1147\" srcset=\"https:\/\/saca.com.mx\/es\/wp-content\/uploads\/2024\/08\/5.png 3003w, https:\/\/saca.com.mx\/es\/wp-content\/uploads\/2024\/08\/5-1280x489.png 1280w, https:\/\/saca.com.mx\/es\/wp-content\/uploads\/2024\/08\/5-980x374.png 980w, https:\/\/saca.com.mx\/es\/wp-content\/uploads\/2024\/08\/5-480x183.png 480w\" sizes=\"(min-width: 0px) and (max-width: 480px) 480px, (min-width: 481px) and (max-width: 980px) 980px, (min-width: 981px) and (max-width: 1280px) 1280px, (min-width: 1281px) 3003px, 100vw\" \/><\/p>\n","protected":false},"excerpt":{"rendered":"<p>Este proyecto se llevo a cabo en el Cedis Walmart Guadalajara, donde se realizo la instalaci\u00f3n de tuber\u00eda subterr\u00e1nea en el \u00e1rea destinada a la interconexi\u00f3n del sistema contra incendios. El sistema instalado incluye un sistema de tuber\u00eda subterr\u00e1nea conectado a una Red de Hidrantes exteriores con mangueras de 11\/2\u2033, de acuerdo con los est\u00e1ndares [&hellip;]<\/p>\n","protected":false},"author":1,"featured_media":0,"parent":0,"menu_order":0,"comment_status":"closed","ping_status":"closed","template":"","meta":{"_et_pb_use_builder":"","_et_pb_old_content":"","_et_gb_content_width":"","footnotes":""},"class_list":["post-2870","page","type-page","status-publish","hentry"],"yoast_head":"<!-- This site is optimized with the Yoast SEO plugin v27.4 - https:\/\/yoast.com\/product\/yoast-seo-wordpress\/ -->\n<title>Cedis Walmart Guadalajara - SACA Sistemas de Protecci\u00f3n contra Incendio M\u00e9xico<\/title>\n<meta name=\"robots\" content=\"index, follow, max-snippet:-1, max-image-preview:large, max-video-preview:-1\" \/>\n<link rel=\"canonical\" href=\"https:\/\/saca.com.mx\/es\/cedis-walmart-guadalajara\/\" \/>\n<meta property=\"og:locale\" content=\"es_ES\" \/>\n<meta property=\"og:type\" content=\"article\" \/>\n<meta property=\"og:title\" content=\"Cedis Walmart Guadalajara - SACA Sistemas de Protecci\u00f3n contra Incendio M\u00e9xico\" \/>\n<meta property=\"og:description\" content=\"Este proyecto se llevo a cabo en el Cedis Walmart Guadalajara, donde se realizo la instalaci\u00f3n de tuber\u00eda subterr\u00e1nea en el \u00e1rea destinada a la interconexi\u00f3n del sistema contra incendios. El sistema instalado incluye un sistema de tuber\u00eda subterr\u00e1nea conectado a una Red de Hidrantes exteriores con mangueras de 11\/2\u2033, de acuerdo con los est\u00e1ndares [&hellip;]\" \/>\n<meta property=\"og:url\" content=\"https:\/\/saca.com.mx\/es\/cedis-walmart-guadalajara\/\" \/>\n<meta property=\"og:site_name\" content=\"SACA Sistemas de Protecci\u00f3n contra Incendio M\u00e9xico\" \/>\n<meta property=\"article:modified_time\" content=\"2024-09-13T17:15:40+00:00\" \/>\n<meta property=\"og:image\" content=\"https:\/\/saca.com.mx\/es\/wp-content\/uploads\/2024\/08\/5.png\" \/>\n<meta name=\"twitter:card\" content=\"summary_large_image\" \/>\n<meta name=\"twitter:label1\" content=\"Tiempo de lectura\" \/>\n\t<meta name=\"twitter:data1\" content=\"1 minuto\" \/>\n<script type=\"application\/ld+json\" class=\"yoast-schema-graph\">{\"@context\":\"https:\\\/\\\/schema.org\",\"@graph\":[{\"@type\":\"WebPage\",\"@id\":\"https:\\\/\\\/saca.com.mx\\\/es\\\/cedis-walmart-guadalajara\\\/\",\"url\":\"https:\\\/\\\/saca.com.mx\\\/es\\\/cedis-walmart-guadalajara\\\/\",\"name\":\"Cedis Walmart Guadalajara - SACA Sistemas de Protecci\u00f3n contra Incendio M\u00e9xico\",\"isPartOf\":{\"@id\":\"https:\\\/\\\/saca.com.mx\\\/es\\\/#website\"},\"primaryImageOfPage\":{\"@id\":\"https:\\\/\\\/saca.com.mx\\\/es\\\/cedis-walmart-guadalajara\\\/#primaryimage\"},\"image\":{\"@id\":\"https:\\\/\\\/saca.com.mx\\\/es\\\/cedis-walmart-guadalajara\\\/#primaryimage\"},\"thumbnailUrl\":\"https:\\\/\\\/saca.com.mx\\\/es\\\/wp-content\\\/uploads\\\/2024\\\/08\\\/5.png\",\"datePublished\":\"2024-08-09T22:32:21+00:00\",\"dateModified\":\"2024-09-13T17:15:40+00:00\",\"breadcrumb\":{\"@id\":\"https:\\\/\\\/saca.com.mx\\\/es\\\/cedis-walmart-guadalajara\\\/#breadcrumb\"},\"inLanguage\":\"es\",\"potentialAction\":[{\"@type\":\"ReadAction\",\"target\":[\"https:\\\/\\\/saca.com.mx\\\/es\\\/cedis-walmart-guadalajara\\\/\"]}]},{\"@type\":\"ImageObject\",\"inLanguage\":\"es\",\"@id\":\"https:\\\/\\\/saca.com.mx\\\/es\\\/cedis-walmart-guadalajara\\\/#primaryimage\",\"url\":\"https:\\\/\\\/saca.com.mx\\\/es\\\/wp-content\\\/uploads\\\/2024\\\/08\\\/5.png\",\"contentUrl\":\"https:\\\/\\\/saca.com.mx\\\/es\\\/wp-content\\\/uploads\\\/2024\\\/08\\\/5.png\",\"width\":3003,\"height\":1147,\"caption\":\"Cedis Walmart Guadalajara\"},{\"@type\":\"BreadcrumbList\",\"@id\":\"https:\\\/\\\/saca.com.mx\\\/es\\\/cedis-walmart-guadalajara\\\/#breadcrumb\",\"itemListElement\":[{\"@type\":\"ListItem\",\"position\":1,\"name\":\"Portada\",\"item\":\"https:\\\/\\\/saca.com.mx\\\/es\\\/\"},{\"@type\":\"ListItem\",\"position\":2,\"name\":\"Cedis Walmart Guadalajara\"}]},{\"@type\":\"WebSite\",\"@id\":\"https:\\\/\\\/saca.com.mx\\\/es\\\/#website\",\"url\":\"https:\\\/\\\/saca.com.mx\\\/es\\\/\",\"name\":\"SACA Sistemas de Protecci\u00f3n contra Incendio M\u00e9xico\",\"description\":\"\",\"potentialAction\":[{\"@type\":\"SearchAction\",\"target\":{\"@type\":\"EntryPoint\",\"urlTemplate\":\"https:\\\/\\\/saca.com.mx\\\/es\\\/?s={search_term_string}\"},\"query-input\":{\"@type\":\"PropertyValueSpecification\",\"valueRequired\":true,\"valueName\":\"search_term_string\"}}],\"inLanguage\":\"es\"}]}<\/script>\n<!-- \/ Yoast SEO plugin. -->","yoast_head_json":{"title":"Cedis Walmart Guadalajara - SACA Sistemas de Protecci\u00f3n contra Incendio M\u00e9xico","robots":{"index":"index","follow":"follow","max-snippet":"max-snippet:-1","max-image-preview":"max-image-preview:large","max-video-preview":"max-video-preview:-1"},"canonical":"https:\/\/saca.com.mx\/es\/cedis-walmart-guadalajara\/","og_locale":"es_ES","og_type":"article","og_title":"Cedis Walmart Guadalajara - SACA Sistemas de Protecci\u00f3n contra Incendio M\u00e9xico","og_description":"Este proyecto se llevo a cabo en el Cedis Walmart Guadalajara, donde se realizo la instalaci\u00f3n de tuber\u00eda subterr\u00e1nea en el \u00e1rea destinada a la interconexi\u00f3n del sistema contra incendios. El sistema instalado incluye un sistema de tuber\u00eda subterr\u00e1nea conectado a una Red de Hidrantes exteriores con mangueras de 11\/2\u2033, de acuerdo con los est\u00e1ndares [&hellip;]","og_url":"https:\/\/saca.com.mx\/es\/cedis-walmart-guadalajara\/","og_site_name":"SACA Sistemas de Protecci\u00f3n contra Incendio M\u00e9xico","article_modified_time":"2024-09-13T17:15:40+00:00","og_image":[{"url":"https:\/\/saca.com.mx\/es\/wp-content\/uploads\/2024\/08\/5.png","type":"","width":"","height":""}],"twitter_card":"summary_large_image","twitter_misc":{"Tiempo de lectura":"1 minuto"},"schema":{"@context":"https:\/\/schema.org","@graph":[{"@type":"WebPage","@id":"https:\/\/saca.com.mx\/es\/cedis-walmart-guadalajara\/","url":"https:\/\/saca.com.mx\/es\/cedis-walmart-guadalajara\/","name":"Cedis Walmart Guadalajara - SACA Sistemas de Protecci\u00f3n contra Incendio M\u00e9xico","isPartOf":{"@id":"https:\/\/saca.com.mx\/es\/#website"},"primaryImageOfPage":{"@id":"https:\/\/saca.com.mx\/es\/cedis-walmart-guadalajara\/#primaryimage"},"image":{"@id":"https:\/\/saca.com.mx\/es\/cedis-walmart-guadalajara\/#primaryimage"},"thumbnailUrl":"https:\/\/saca.com.mx\/es\/wp-content\/uploads\/2024\/08\/5.png","datePublished":"2024-08-09T22:32:21+00:00","dateModified":"2024-09-13T17:15:40+00:00","breadcrumb":{"@id":"https:\/\/saca.com.mx\/es\/cedis-walmart-guadalajara\/#breadcrumb"},"inLanguage":"es","potentialAction":[{"@type":"ReadAction","target":["https:\/\/saca.com.mx\/es\/cedis-walmart-guadalajara\/"]}]},{"@type":"ImageObject","inLanguage":"es","@id":"https:\/\/saca.com.mx\/es\/cedis-walmart-guadalajara\/#primaryimage","url":"https:\/\/saca.com.mx\/es\/wp-content\/uploads\/2024\/08\/5.png","contentUrl":"https:\/\/saca.com.mx\/es\/wp-content\/uploads\/2024\/08\/5.png","width":3003,"height":1147,"caption":"Cedis Walmart Guadalajara"},{"@type":"BreadcrumbList","@id":"https:\/\/saca.com.mx\/es\/cedis-walmart-guadalajara\/#breadcrumb","itemListElement":[{"@type":"ListItem","position":1,"name":"Portada","item":"https:\/\/saca.com.mx\/es\/"},{"@type":"ListItem","position":2,"name":"Cedis Walmart Guadalajara"}]},{"@type":"WebSite","@id":"https:\/\/saca.com.mx\/es\/#website","url":"https:\/\/saca.com.mx\/es\/","name":"SACA Sistemas de Protecci\u00f3n contra Incendio M\u00e9xico","description":"","potentialAction":[{"@type":"SearchAction","target":{"@type":"EntryPoint","urlTemplate":"https:\/\/saca.com.mx\/es\/?s={search_term_string}"},"query-input":{"@type":"PropertyValueSpecification","valueRequired":true,"valueName":"search_term_string"}}],"inLanguage":"es"}]}},"_links":{"self":[{"href":"https:\/\/saca.com.mx\/es\/wp-json\/wp\/v2\/pages\/2870","targetHints":{"allow":["GET"]}}],"collection":[{"href":"https:\/\/saca.com.mx\/es\/wp-json\/wp\/v2\/pages"}],"about":[{"href":"https:\/\/saca.com.mx\/es\/wp-json\/wp\/v2\/types\/page"}],"author":[{"embeddable":true,"href":"https:\/\/saca.com.mx\/es\/wp-json\/wp\/v2\/users\/1"}],"replies":[{"embeddable":true,"href":"https:\/\/saca.com.mx\/es\/wp-json\/wp\/v2\/comments?post=2870"}],"version-history":[{"count":5,"href":"https:\/\/saca.com.mx\/es\/wp-json\/wp\/v2\/pages\/2870\/revisions"}],"predecessor-version":[{"id":2977,"href":"https:\/\/saca.com.mx\/es\/wp-json\/wp\/v2\/pages\/2870\/revisions\/2977"}],"wp:attachment":[{"href":"https:\/\/saca.com.mx\/es\/wp-json\/wp\/v2\/media?parent=2870"}],"curies":[{"name":"wp","href":"https:\/\/api.w.org\/{rel}","templated":true}]}}