{"id":2872,"date":"2024-08-09T22:32:57","date_gmt":"2024-08-09T22:32:57","guid":{"rendered":"https:\/\/saca.com.mx\/es\/?page_id=2872"},"modified":"2024-10-11T03:34:35","modified_gmt":"2024-10-11T03:34:35","slug":"coca-tijuana","status":"publish","type":"page","link":"https:\/\/saca.com.mx\/es\/coca-tijuana\/","title":{"rendered":"Coca-Cola Tijuana"},"content":{"rendered":"<p style=\"text-align: justify;\"><span style=\"color: #993300;\">Esta obra tipo planta de producci\u00f3n de alimentos y bebidas en Tijuana, Baja California, instalamos el sistema de protecci\u00f3n contra incendio.<\/span><\/p>\n<p>El sistema instalado incluye un tanque atornillable de almacenamiento de agua con capacidad de 256,516 galones de acuerdo con el est\u00e1ndar de NFPA 22. Adicionalmente instalamos un sistema de Bombeo de 2,500 GPM diesel y jockey de acuerdo con los entandares de NFPA 20.<\/p>\n<p>El proyecto fue entregado en tiempo, forma y costo, cumpliendo estrictamente con el GANTT de la especialidad Protecci\u00f3n Contra Incendio y alineado al programa general de obra de nuestro cliente.<\/p>\n<p><img loading=\"lazy\" decoding=\"async\" class=\"aligncenter size-full wp-image-2911\" src=\"https:\/\/saca.com.mx\/es\/wp-content\/uploads\/2024\/08\/8.png\" alt=\"coca cola tijuana\" width=\"3003\" height=\"1147\" srcset=\"https:\/\/saca.com.mx\/es\/wp-content\/uploads\/2024\/08\/8.png 3003w, https:\/\/saca.com.mx\/es\/wp-content\/uploads\/2024\/08\/8-1280x489.png 1280w, https:\/\/saca.com.mx\/es\/wp-content\/uploads\/2024\/08\/8-980x374.png 980w, https:\/\/saca.com.mx\/es\/wp-content\/uploads\/2024\/08\/8-480x183.png 480w\" sizes=\"(min-width: 0px) and (max-width: 480px) 480px, (min-width: 481px) and (max-width: 980px) 980px, (min-width: 981px) and (max-width: 1280px) 1280px, (min-width: 1281px) 3003px, 100vw\" \/><\/p>\n","protected":false},"excerpt":{"rendered":"<p>Esta obra tipo planta de producci\u00f3n de alimentos y bebidas en Tijuana, Baja California, instalamos el sistema de protecci\u00f3n contra incendio. El sistema instalado incluye un tanque atornillable de almacenamiento de agua con capacidad de 256,516 galones de acuerdo con el est\u00e1ndar de NFPA 22. Adicionalmente instalamos un sistema de Bombeo de 2,500 GPM diesel [&hellip;]<\/p>\n","protected":false},"author":1,"featured_media":0,"parent":0,"menu_order":0,"comment_status":"closed","ping_status":"closed","template":"","meta":{"_et_pb_use_builder":"","_et_pb_old_content":"","_et_gb_content_width":"","footnotes":""},"class_list":["post-2872","page","type-page","status-publish","hentry"],"yoast_head":"<!-- This site is optimized with the Yoast SEO plugin v27.4 - https:\/\/yoast.com\/product\/yoast-seo-wordpress\/ -->\n<title>Coca-Cola Tijuana - SACA Sistemas de Protecci\u00f3n contra Incendio M\u00e9xico<\/title>\n<meta name=\"robots\" content=\"index, follow, max-snippet:-1, max-image-preview:large, max-video-preview:-1\" \/>\n<link rel=\"canonical\" href=\"https:\/\/saca.com.mx\/es\/coca-tijuana\/\" \/>\n<meta property=\"og:locale\" content=\"es_ES\" \/>\n<meta property=\"og:type\" content=\"article\" \/>\n<meta property=\"og:title\" content=\"Coca-Cola Tijuana - SACA Sistemas de Protecci\u00f3n contra Incendio M\u00e9xico\" \/>\n<meta property=\"og:description\" content=\"Esta obra tipo planta de producci\u00f3n de alimentos y bebidas en Tijuana, Baja California, instalamos el sistema de protecci\u00f3n contra incendio. El sistema instalado incluye un tanque atornillable de almacenamiento de agua con capacidad de 256,516 galones de acuerdo con el est\u00e1ndar de NFPA 22. Adicionalmente instalamos un sistema de Bombeo de 2,500 GPM diesel [&hellip;]\" \/>\n<meta property=\"og:url\" content=\"https:\/\/saca.com.mx\/es\/coca-tijuana\/\" \/>\n<meta property=\"og:site_name\" content=\"SACA Sistemas de Protecci\u00f3n contra Incendio M\u00e9xico\" \/>\n<meta property=\"article:modified_time\" content=\"2024-10-11T03:34:35+00:00\" \/>\n<meta property=\"og:image\" content=\"https:\/\/saca.com.mx\/es\/wp-content\/uploads\/2024\/08\/8.png\" \/>\n\t<meta property=\"og:image:width\" content=\"3003\" \/>\n\t<meta property=\"og:image:height\" content=\"1147\" \/>\n\t<meta property=\"og:image:type\" content=\"image\/png\" \/>\n<meta name=\"twitter:card\" content=\"summary_large_image\" \/>\n<meta name=\"twitter:label1\" content=\"Tiempo de lectura\" \/>\n\t<meta name=\"twitter:data1\" content=\"1 minuto\" \/>\n<script type=\"application\/ld+json\" class=\"yoast-schema-graph\">{\"@context\":\"https:\\\/\\\/schema.org\",\"@graph\":[{\"@type\":\"WebPage\",\"@id\":\"https:\\\/\\\/saca.com.mx\\\/es\\\/coca-tijuana\\\/\",\"url\":\"https:\\\/\\\/saca.com.mx\\\/es\\\/coca-tijuana\\\/\",\"name\":\"Coca-Cola Tijuana - SACA Sistemas de Protecci\u00f3n contra Incendio M\u00e9xico\",\"isPartOf\":{\"@id\":\"https:\\\/\\\/saca.com.mx\\\/es\\\/#website\"},\"primaryImageOfPage\":{\"@id\":\"https:\\\/\\\/saca.com.mx\\\/es\\\/coca-tijuana\\\/#primaryimage\"},\"image\":{\"@id\":\"https:\\\/\\\/saca.com.mx\\\/es\\\/coca-tijuana\\\/#primaryimage\"},\"thumbnailUrl\":\"https:\\\/\\\/saca.com.mx\\\/es\\\/wp-content\\\/uploads\\\/2024\\\/08\\\/8.png\",\"datePublished\":\"2024-08-09T22:32:57+00:00\",\"dateModified\":\"2024-10-11T03:34:35+00:00\",\"breadcrumb\":{\"@id\":\"https:\\\/\\\/saca.com.mx\\\/es\\\/coca-tijuana\\\/#breadcrumb\"},\"inLanguage\":\"es\",\"potentialAction\":[{\"@type\":\"ReadAction\",\"target\":[\"https:\\\/\\\/saca.com.mx\\\/es\\\/coca-tijuana\\\/\"]}]},{\"@type\":\"ImageObject\",\"inLanguage\":\"es\",\"@id\":\"https:\\\/\\\/saca.com.mx\\\/es\\\/coca-tijuana\\\/#primaryimage\",\"url\":\"https:\\\/\\\/saca.com.mx\\\/es\\\/wp-content\\\/uploads\\\/2024\\\/08\\\/8.png\",\"contentUrl\":\"https:\\\/\\\/saca.com.mx\\\/es\\\/wp-content\\\/uploads\\\/2024\\\/08\\\/8.png\",\"width\":3003,\"height\":1147,\"caption\":\"coca cola tijuana\"},{\"@type\":\"BreadcrumbList\",\"@id\":\"https:\\\/\\\/saca.com.mx\\\/es\\\/coca-tijuana\\\/#breadcrumb\",\"itemListElement\":[{\"@type\":\"ListItem\",\"position\":1,\"name\":\"Portada\",\"item\":\"https:\\\/\\\/saca.com.mx\\\/es\\\/\"},{\"@type\":\"ListItem\",\"position\":2,\"name\":\"Coca-Cola Tijuana\"}]},{\"@type\":\"WebSite\",\"@id\":\"https:\\\/\\\/saca.com.mx\\\/es\\\/#website\",\"url\":\"https:\\\/\\\/saca.com.mx\\\/es\\\/\",\"name\":\"SACA Sistemas de Protecci\u00f3n contra Incendio M\u00e9xico\",\"description\":\"\",\"potentialAction\":[{\"@type\":\"SearchAction\",\"target\":{\"@type\":\"EntryPoint\",\"urlTemplate\":\"https:\\\/\\\/saca.com.mx\\\/es\\\/?s={search_term_string}\"},\"query-input\":{\"@type\":\"PropertyValueSpecification\",\"valueRequired\":true,\"valueName\":\"search_term_string\"}}],\"inLanguage\":\"es\"}]}<\/script>\n<!-- \/ Yoast SEO plugin. -->","yoast_head_json":{"title":"Coca-Cola Tijuana - SACA Sistemas de Protecci\u00f3n contra Incendio M\u00e9xico","robots":{"index":"index","follow":"follow","max-snippet":"max-snippet:-1","max-image-preview":"max-image-preview:large","max-video-preview":"max-video-preview:-1"},"canonical":"https:\/\/saca.com.mx\/es\/coca-tijuana\/","og_locale":"es_ES","og_type":"article","og_title":"Coca-Cola Tijuana - SACA Sistemas de Protecci\u00f3n contra Incendio M\u00e9xico","og_description":"Esta obra tipo planta de producci\u00f3n de alimentos y bebidas en Tijuana, Baja California, instalamos el sistema de protecci\u00f3n contra incendio. El sistema instalado incluye un tanque atornillable de almacenamiento de agua con capacidad de 256,516 galones de acuerdo con el est\u00e1ndar de NFPA 22. Adicionalmente instalamos un sistema de Bombeo de 2,500 GPM diesel [&hellip;]","og_url":"https:\/\/saca.com.mx\/es\/coca-tijuana\/","og_site_name":"SACA Sistemas de Protecci\u00f3n contra Incendio M\u00e9xico","article_modified_time":"2024-10-11T03:34:35+00:00","og_image":[{"width":3003,"height":1147,"url":"https:\/\/saca.com.mx\/es\/wp-content\/uploads\/2024\/08\/8.png","type":"image\/png"}],"twitter_card":"summary_large_image","twitter_misc":{"Tiempo de lectura":"1 minuto"},"schema":{"@context":"https:\/\/schema.org","@graph":[{"@type":"WebPage","@id":"https:\/\/saca.com.mx\/es\/coca-tijuana\/","url":"https:\/\/saca.com.mx\/es\/coca-tijuana\/","name":"Coca-Cola Tijuana - SACA Sistemas de Protecci\u00f3n contra Incendio M\u00e9xico","isPartOf":{"@id":"https:\/\/saca.com.mx\/es\/#website"},"primaryImageOfPage":{"@id":"https:\/\/saca.com.mx\/es\/coca-tijuana\/#primaryimage"},"image":{"@id":"https:\/\/saca.com.mx\/es\/coca-tijuana\/#primaryimage"},"thumbnailUrl":"https:\/\/saca.com.mx\/es\/wp-content\/uploads\/2024\/08\/8.png","datePublished":"2024-08-09T22:32:57+00:00","dateModified":"2024-10-11T03:34:35+00:00","breadcrumb":{"@id":"https:\/\/saca.com.mx\/es\/coca-tijuana\/#breadcrumb"},"inLanguage":"es","potentialAction":[{"@type":"ReadAction","target":["https:\/\/saca.com.mx\/es\/coca-tijuana\/"]}]},{"@type":"ImageObject","inLanguage":"es","@id":"https:\/\/saca.com.mx\/es\/coca-tijuana\/#primaryimage","url":"https:\/\/saca.com.mx\/es\/wp-content\/uploads\/2024\/08\/8.png","contentUrl":"https:\/\/saca.com.mx\/es\/wp-content\/uploads\/2024\/08\/8.png","width":3003,"height":1147,"caption":"coca cola tijuana"},{"@type":"BreadcrumbList","@id":"https:\/\/saca.com.mx\/es\/coca-tijuana\/#breadcrumb","itemListElement":[{"@type":"ListItem","position":1,"name":"Portada","item":"https:\/\/saca.com.mx\/es\/"},{"@type":"ListItem","position":2,"name":"Coca-Cola Tijuana"}]},{"@type":"WebSite","@id":"https:\/\/saca.com.mx\/es\/#website","url":"https:\/\/saca.com.mx\/es\/","name":"SACA Sistemas de Protecci\u00f3n contra Incendio M\u00e9xico","description":"","potentialAction":[{"@type":"SearchAction","target":{"@type":"EntryPoint","urlTemplate":"https:\/\/saca.com.mx\/es\/?s={search_term_string}"},"query-input":{"@type":"PropertyValueSpecification","valueRequired":true,"valueName":"search_term_string"}}],"inLanguage":"es"}]}},"_links":{"self":[{"href":"https:\/\/saca.com.mx\/es\/wp-json\/wp\/v2\/pages\/2872","targetHints":{"allow":["GET"]}}],"collection":[{"href":"https:\/\/saca.com.mx\/es\/wp-json\/wp\/v2\/pages"}],"about":[{"href":"https:\/\/saca.com.mx\/es\/wp-json\/wp\/v2\/types\/page"}],"author":[{"embeddable":true,"href":"https:\/\/saca.com.mx\/es\/wp-json\/wp\/v2\/users\/1"}],"replies":[{"embeddable":true,"href":"https:\/\/saca.com.mx\/es\/wp-json\/wp\/v2\/comments?post=2872"}],"version-history":[{"count":5,"href":"https:\/\/saca.com.mx\/es\/wp-json\/wp\/v2\/pages\/2872\/revisions"}],"predecessor-version":[{"id":2984,"href":"https:\/\/saca.com.mx\/es\/wp-json\/wp\/v2\/pages\/2872\/revisions\/2984"}],"wp:attachment":[{"href":"https:\/\/saca.com.mx\/es\/wp-json\/wp\/v2\/media?parent=2872"}],"curies":[{"name":"wp","href":"https:\/\/api.w.org\/{rel}","templated":true}]}}