{"id":2880,"date":"2024-08-09T22:35:16","date_gmt":"2024-08-09T22:35:16","guid":{"rendered":"https:\/\/saca.com.mx\/es\/?page_id=2880"},"modified":"2024-10-11T03:41:52","modified_gmt":"2024-10-11T03:41:52","slug":"reynera-cadereyta","status":"publish","type":"page","link":"https:\/\/saca.com.mx\/es\/reynera-cadereyta\/","title":{"rendered":"Reynera Cadereyta"},"content":{"rendered":"<p style=\"text-align: justify;\"><span style=\"color: #993300;\">En esta obra, tipo planta de producci\u00f3n de enseres ubicada en Cadereyta, Nuevo Le\u00f3n, instalamos el sistema de protecci\u00f3n contra incendio.<\/span><\/p>\n<p>El sistema instalado incluye rociadores como una Red de Hidrantes interiores con mangueras de 1 \u00bd\u201d en \u00e1reas de oficinas, producci\u00f3n y almac\u00e9n de acuerdo con los est\u00e1ndares de NFPA 13 y 14. Adicionalmente se instal\u00f3 un sistema de Alarma y Detecci\u00f3n incluyendo sirenas estrobosc\u00f3picas y tipo rayo conforme a los est\u00e1ndares de NFPA 72.<\/p>\n<p>&nbsp;<\/p>\n<p>El proyecto fue entregado en tiempo, forma y costo, cumpliendo estrictamente con el GANTT de la especialidad Protecci\u00f3n Contra Incendio y alineado al programa general de obra de nuestro cliente.<\/p>\n<p style=\"text-align: justify;\">Ejemplo : El sistema incluye Rociadores Autom\u00e1ticos, Est\u00e1ndar y Secos, instalados de acuerdo a los est\u00e1ndares de NFPA 13, as\u00ed como una Red de Hidrantes, instalada de acuerdo a los est\u00e1ndares NFPA 14. Adicionalmente instalamos un Tanque Atornillable de 187,308 galones y un Sistema de Bombeo, Diesel y El\u00e9ctrico, de 1,500 GPM, instalados de acuerdo a los est\u00e1ndares de NFPA 22 y NFPA 20, respectivamente. El proyecto fue entregado en tiempo, forma y costo, cumpliendo estrictamente con el GANT de la especialidad y programa de obra.<\/p>\n<p><img loading=\"lazy\" decoding=\"async\" class=\"aligncenter size-full wp-image-2917\" src=\"https:\/\/saca.com.mx\/es\/wp-content\/uploads\/2024\/08\/10.png\" alt=\"Reynera Cadereyta\" width=\"3003\" height=\"1147\" srcset=\"https:\/\/saca.com.mx\/es\/wp-content\/uploads\/2024\/08\/10.png 3003w, https:\/\/saca.com.mx\/es\/wp-content\/uploads\/2024\/08\/10-1280x489.png 1280w, https:\/\/saca.com.mx\/es\/wp-content\/uploads\/2024\/08\/10-980x374.png 980w, https:\/\/saca.com.mx\/es\/wp-content\/uploads\/2024\/08\/10-480x183.png 480w\" sizes=\"(min-width: 0px) and (max-width: 480px) 480px, (min-width: 481px) and (max-width: 980px) 980px, (min-width: 981px) and (max-width: 1280px) 1280px, (min-width: 1281px) 3003px, 100vw\" \/><\/p>\n","protected":false},"excerpt":{"rendered":"<p>En esta obra, tipo planta de producci\u00f3n de enseres ubicada en Cadereyta, Nuevo Le\u00f3n, instalamos el sistema de protecci\u00f3n contra incendio. El sistema instalado incluye rociadores como una Red de Hidrantes interiores con mangueras de 1 \u00bd\u201d en \u00e1reas de oficinas, producci\u00f3n y almac\u00e9n de acuerdo con los est\u00e1ndares de NFPA 13 y 14. Adicionalmente [&hellip;]<\/p>\n","protected":false},"author":1,"featured_media":0,"parent":0,"menu_order":0,"comment_status":"closed","ping_status":"closed","template":"","meta":{"_et_pb_use_builder":"","_et_pb_old_content":"","_et_gb_content_width":"","footnotes":""},"class_list":["post-2880","page","type-page","status-publish","hentry"],"yoast_head":"<!-- This site is optimized with the Yoast SEO plugin v27.4 - https:\/\/yoast.com\/product\/yoast-seo-wordpress\/ -->\n<title>Reynera Cadereyta - SACA Sistemas de Protecci\u00f3n contra Incendio M\u00e9xico<\/title>\n<meta name=\"robots\" content=\"index, follow, max-snippet:-1, max-image-preview:large, max-video-preview:-1\" \/>\n<link rel=\"canonical\" href=\"https:\/\/saca.com.mx\/es\/reynera-cadereyta\/\" \/>\n<meta property=\"og:locale\" content=\"es_ES\" \/>\n<meta property=\"og:type\" content=\"article\" \/>\n<meta property=\"og:title\" content=\"Reynera Cadereyta - SACA Sistemas de Protecci\u00f3n contra Incendio M\u00e9xico\" \/>\n<meta property=\"og:description\" content=\"En esta obra, tipo planta de producci\u00f3n de enseres ubicada en Cadereyta, Nuevo Le\u00f3n, instalamos el sistema de protecci\u00f3n contra incendio. El sistema instalado incluye rociadores como una Red de Hidrantes interiores con mangueras de 1 \u00bd\u201d en \u00e1reas de oficinas, producci\u00f3n y almac\u00e9n de acuerdo con los est\u00e1ndares de NFPA 13 y 14. Adicionalmente [&hellip;]\" \/>\n<meta property=\"og:url\" content=\"https:\/\/saca.com.mx\/es\/reynera-cadereyta\/\" \/>\n<meta property=\"og:site_name\" content=\"SACA Sistemas de Protecci\u00f3n contra Incendio M\u00e9xico\" \/>\n<meta property=\"article:modified_time\" content=\"2024-10-11T03:41:52+00:00\" \/>\n<meta property=\"og:image\" content=\"https:\/\/saca.com.mx\/es\/wp-content\/uploads\/2024\/08\/10.png\" \/>\n\t<meta property=\"og:image:width\" content=\"3003\" \/>\n\t<meta property=\"og:image:height\" content=\"1147\" \/>\n\t<meta property=\"og:image:type\" content=\"image\/png\" \/>\n<meta name=\"twitter:card\" content=\"summary_large_image\" \/>\n<meta name=\"twitter:label1\" content=\"Tiempo de lectura\" \/>\n\t<meta name=\"twitter:data1\" content=\"2 minutos\" \/>\n<script type=\"application\/ld+json\" class=\"yoast-schema-graph\">{\"@context\":\"https:\\\/\\\/schema.org\",\"@graph\":[{\"@type\":\"WebPage\",\"@id\":\"https:\\\/\\\/saca.com.mx\\\/es\\\/reynera-cadereyta\\\/\",\"url\":\"https:\\\/\\\/saca.com.mx\\\/es\\\/reynera-cadereyta\\\/\",\"name\":\"Reynera Cadereyta - SACA Sistemas de Protecci\u00f3n contra Incendio M\u00e9xico\",\"isPartOf\":{\"@id\":\"https:\\\/\\\/saca.com.mx\\\/es\\\/#website\"},\"primaryImageOfPage\":{\"@id\":\"https:\\\/\\\/saca.com.mx\\\/es\\\/reynera-cadereyta\\\/#primaryimage\"},\"image\":{\"@id\":\"https:\\\/\\\/saca.com.mx\\\/es\\\/reynera-cadereyta\\\/#primaryimage\"},\"thumbnailUrl\":\"https:\\\/\\\/saca.com.mx\\\/es\\\/wp-content\\\/uploads\\\/2024\\\/08\\\/10.png\",\"datePublished\":\"2024-08-09T22:35:16+00:00\",\"dateModified\":\"2024-10-11T03:41:52+00:00\",\"breadcrumb\":{\"@id\":\"https:\\\/\\\/saca.com.mx\\\/es\\\/reynera-cadereyta\\\/#breadcrumb\"},\"inLanguage\":\"es\",\"potentialAction\":[{\"@type\":\"ReadAction\",\"target\":[\"https:\\\/\\\/saca.com.mx\\\/es\\\/reynera-cadereyta\\\/\"]}]},{\"@type\":\"ImageObject\",\"inLanguage\":\"es\",\"@id\":\"https:\\\/\\\/saca.com.mx\\\/es\\\/reynera-cadereyta\\\/#primaryimage\",\"url\":\"https:\\\/\\\/saca.com.mx\\\/es\\\/wp-content\\\/uploads\\\/2024\\\/08\\\/10.png\",\"contentUrl\":\"https:\\\/\\\/saca.com.mx\\\/es\\\/wp-content\\\/uploads\\\/2024\\\/08\\\/10.png\",\"width\":3003,\"height\":1147,\"caption\":\"Reynera Cadereyta\"},{\"@type\":\"BreadcrumbList\",\"@id\":\"https:\\\/\\\/saca.com.mx\\\/es\\\/reynera-cadereyta\\\/#breadcrumb\",\"itemListElement\":[{\"@type\":\"ListItem\",\"position\":1,\"name\":\"Portada\",\"item\":\"https:\\\/\\\/saca.com.mx\\\/es\\\/\"},{\"@type\":\"ListItem\",\"position\":2,\"name\":\"Reynera Cadereyta\"}]},{\"@type\":\"WebSite\",\"@id\":\"https:\\\/\\\/saca.com.mx\\\/es\\\/#website\",\"url\":\"https:\\\/\\\/saca.com.mx\\\/es\\\/\",\"name\":\"SACA Sistemas de Protecci\u00f3n contra Incendio M\u00e9xico\",\"description\":\"\",\"potentialAction\":[{\"@type\":\"SearchAction\",\"target\":{\"@type\":\"EntryPoint\",\"urlTemplate\":\"https:\\\/\\\/saca.com.mx\\\/es\\\/?s={search_term_string}\"},\"query-input\":{\"@type\":\"PropertyValueSpecification\",\"valueRequired\":true,\"valueName\":\"search_term_string\"}}],\"inLanguage\":\"es\"}]}<\/script>\n<!-- \/ Yoast SEO plugin. -->","yoast_head_json":{"title":"Reynera Cadereyta - SACA Sistemas de Protecci\u00f3n contra Incendio M\u00e9xico","robots":{"index":"index","follow":"follow","max-snippet":"max-snippet:-1","max-image-preview":"max-image-preview:large","max-video-preview":"max-video-preview:-1"},"canonical":"https:\/\/saca.com.mx\/es\/reynera-cadereyta\/","og_locale":"es_ES","og_type":"article","og_title":"Reynera Cadereyta - SACA Sistemas de Protecci\u00f3n contra Incendio M\u00e9xico","og_description":"En esta obra, tipo planta de producci\u00f3n de enseres ubicada en Cadereyta, Nuevo Le\u00f3n, instalamos el sistema de protecci\u00f3n contra incendio. El sistema instalado incluye rociadores como una Red de Hidrantes interiores con mangueras de 1 \u00bd\u201d en \u00e1reas de oficinas, producci\u00f3n y almac\u00e9n de acuerdo con los est\u00e1ndares de NFPA 13 y 14. Adicionalmente [&hellip;]","og_url":"https:\/\/saca.com.mx\/es\/reynera-cadereyta\/","og_site_name":"SACA Sistemas de Protecci\u00f3n contra Incendio M\u00e9xico","article_modified_time":"2024-10-11T03:41:52+00:00","og_image":[{"width":3003,"height":1147,"url":"https:\/\/saca.com.mx\/es\/wp-content\/uploads\/2024\/08\/10.png","type":"image\/png"}],"twitter_card":"summary_large_image","twitter_misc":{"Tiempo de lectura":"2 minutos"},"schema":{"@context":"https:\/\/schema.org","@graph":[{"@type":"WebPage","@id":"https:\/\/saca.com.mx\/es\/reynera-cadereyta\/","url":"https:\/\/saca.com.mx\/es\/reynera-cadereyta\/","name":"Reynera Cadereyta - SACA Sistemas de Protecci\u00f3n contra Incendio M\u00e9xico","isPartOf":{"@id":"https:\/\/saca.com.mx\/es\/#website"},"primaryImageOfPage":{"@id":"https:\/\/saca.com.mx\/es\/reynera-cadereyta\/#primaryimage"},"image":{"@id":"https:\/\/saca.com.mx\/es\/reynera-cadereyta\/#primaryimage"},"thumbnailUrl":"https:\/\/saca.com.mx\/es\/wp-content\/uploads\/2024\/08\/10.png","datePublished":"2024-08-09T22:35:16+00:00","dateModified":"2024-10-11T03:41:52+00:00","breadcrumb":{"@id":"https:\/\/saca.com.mx\/es\/reynera-cadereyta\/#breadcrumb"},"inLanguage":"es","potentialAction":[{"@type":"ReadAction","target":["https:\/\/saca.com.mx\/es\/reynera-cadereyta\/"]}]},{"@type":"ImageObject","inLanguage":"es","@id":"https:\/\/saca.com.mx\/es\/reynera-cadereyta\/#primaryimage","url":"https:\/\/saca.com.mx\/es\/wp-content\/uploads\/2024\/08\/10.png","contentUrl":"https:\/\/saca.com.mx\/es\/wp-content\/uploads\/2024\/08\/10.png","width":3003,"height":1147,"caption":"Reynera Cadereyta"},{"@type":"BreadcrumbList","@id":"https:\/\/saca.com.mx\/es\/reynera-cadereyta\/#breadcrumb","itemListElement":[{"@type":"ListItem","position":1,"name":"Portada","item":"https:\/\/saca.com.mx\/es\/"},{"@type":"ListItem","position":2,"name":"Reynera Cadereyta"}]},{"@type":"WebSite","@id":"https:\/\/saca.com.mx\/es\/#website","url":"https:\/\/saca.com.mx\/es\/","name":"SACA Sistemas de Protecci\u00f3n contra Incendio M\u00e9xico","description":"","potentialAction":[{"@type":"SearchAction","target":{"@type":"EntryPoint","urlTemplate":"https:\/\/saca.com.mx\/es\/?s={search_term_string}"},"query-input":{"@type":"PropertyValueSpecification","valueRequired":true,"valueName":"search_term_string"}}],"inLanguage":"es"}]}},"_links":{"self":[{"href":"https:\/\/saca.com.mx\/es\/wp-json\/wp\/v2\/pages\/2880","targetHints":{"allow":["GET"]}}],"collection":[{"href":"https:\/\/saca.com.mx\/es\/wp-json\/wp\/v2\/pages"}],"about":[{"href":"https:\/\/saca.com.mx\/es\/wp-json\/wp\/v2\/types\/page"}],"author":[{"embeddable":true,"href":"https:\/\/saca.com.mx\/es\/wp-json\/wp\/v2\/users\/1"}],"replies":[{"embeddable":true,"href":"https:\/\/saca.com.mx\/es\/wp-json\/wp\/v2\/comments?post=2880"}],"version-history":[{"count":4,"href":"https:\/\/saca.com.mx\/es\/wp-json\/wp\/v2\/pages\/2880\/revisions"}],"predecessor-version":[{"id":2986,"href":"https:\/\/saca.com.mx\/es\/wp-json\/wp\/v2\/pages\/2880\/revisions\/2986"}],"wp:attachment":[{"href":"https:\/\/saca.com.mx\/es\/wp-json\/wp\/v2\/media?parent=2880"}],"curies":[{"name":"wp","href":"https:\/\/api.w.org\/{rel}","templated":true}]}}