{"id":2884,"date":"2024-08-09T22:36:39","date_gmt":"2024-08-09T22:36:39","guid":{"rendered":"https:\/\/saca.com.mx\/es\/?page_id=2884"},"modified":"2024-10-11T04:00:27","modified_gmt":"2024-10-11T04:00:27","slug":"sams-paseo-guadalupe","status":"publish","type":"page","link":"https:\/\/saca.com.mx\/es\/sams-paseo-guadalupe\/","title":{"rendered":"Sam&#8217;s Paseo Guadalupe"},"content":{"rendered":"<p style=\"text-align: justify;\"><span style=\"color: #993300;\">En esta obra, tipo edificio de almacenaje para autoservicio en Guadalupe, Nuevo Le\u00f3n, instalamos el sistema de protecci\u00f3n contra incendio.<\/span><\/p>\n<p>El sistema instalado incluye Rociadores en oficinas generales, \u00e1rea de abarrotes, bajo obstrucci\u00f3n y en c\u00e1maras fr\u00edas de acuerdo con los est\u00e1ndares de NFPA 13. Adicionalmente se instal\u00f3 una Red de Hidrantes interiores con mangueras de 1 \u00bd \u2033, de acuerdo con los est\u00e1ndares de NFPA 14. Posteriormente, instalamos un sistema de Bombeo de 2,000 GPM diesel, el\u00e9ctrica y jockey, de acuerdo con los est\u00e1ndares de NFPA 20. Finalmente, instalamos un Tanque atornillable con capacidad de almacenaje de 154,000 galones para protecci\u00f3n contra incendio, de acuerdo con los est\u00e1ndares de NFPA 22.<\/p>\n<p>El proyecto fue entregado en tiempo, forma y costo, cumpliendo estrictamente con el GANTT de la especialidad Protecci\u00f3n Contra Incendio y alineado al programa general de obra de nuestro cliente.<\/p>\n<p><img loading=\"lazy\" decoding=\"async\" class=\"aligncenter size-full wp-image-2923\" src=\"https:\/\/saca.com.mx\/es\/wp-content\/uploads\/2024\/08\/12.png\" alt=\"Sam's Paseo Guadalupe\" width=\"3003\" height=\"1147\" srcset=\"https:\/\/saca.com.mx\/es\/wp-content\/uploads\/2024\/08\/12.png 3003w, https:\/\/saca.com.mx\/es\/wp-content\/uploads\/2024\/08\/12-1280x489.png 1280w, https:\/\/saca.com.mx\/es\/wp-content\/uploads\/2024\/08\/12-980x374.png 980w, https:\/\/saca.com.mx\/es\/wp-content\/uploads\/2024\/08\/12-480x183.png 480w\" sizes=\"(min-width: 0px) and (max-width: 480px) 480px, (min-width: 481px) and (max-width: 980px) 980px, (min-width: 981px) and (max-width: 1280px) 1280px, (min-width: 1281px) 3003px, 100vw\" \/><\/p>\n","protected":false},"excerpt":{"rendered":"<p>En esta obra, tipo edificio de almacenaje para autoservicio en Guadalupe, Nuevo Le\u00f3n, instalamos el sistema de protecci\u00f3n contra incendio. El sistema instalado incluye Rociadores en oficinas generales, \u00e1rea de abarrotes, bajo obstrucci\u00f3n y en c\u00e1maras fr\u00edas de acuerdo con los est\u00e1ndares de NFPA 13. Adicionalmente se instal\u00f3 una Red de Hidrantes interiores con mangueras [&hellip;]<\/p>\n","protected":false},"author":1,"featured_media":0,"parent":0,"menu_order":0,"comment_status":"closed","ping_status":"closed","template":"","meta":{"_et_pb_use_builder":"","_et_pb_old_content":"","_et_gb_content_width":"","footnotes":""},"class_list":["post-2884","page","type-page","status-publish","hentry"],"yoast_head":"<!-- This site is optimized with the Yoast SEO plugin v27.4 - https:\/\/yoast.com\/product\/yoast-seo-wordpress\/ -->\n<title>Sam&#039;s Paseo Guadalupe - SACA Sistemas de Protecci\u00f3n contra Incendio M\u00e9xico<\/title>\n<meta name=\"robots\" content=\"index, follow, max-snippet:-1, max-image-preview:large, max-video-preview:-1\" \/>\n<link rel=\"canonical\" href=\"https:\/\/saca.com.mx\/es\/sams-paseo-guadalupe\/\" \/>\n<meta property=\"og:locale\" content=\"es_ES\" \/>\n<meta property=\"og:type\" content=\"article\" \/>\n<meta property=\"og:title\" content=\"Sam&#039;s Paseo Guadalupe - SACA Sistemas de Protecci\u00f3n contra Incendio M\u00e9xico\" \/>\n<meta property=\"og:description\" content=\"En esta obra, tipo edificio de almacenaje para autoservicio en Guadalupe, Nuevo Le\u00f3n, instalamos el sistema de protecci\u00f3n contra incendio. El sistema instalado incluye Rociadores en oficinas generales, \u00e1rea de abarrotes, bajo obstrucci\u00f3n y en c\u00e1maras fr\u00edas de acuerdo con los est\u00e1ndares de NFPA 13. Adicionalmente se instal\u00f3 una Red de Hidrantes interiores con mangueras [&hellip;]\" \/>\n<meta property=\"og:url\" content=\"https:\/\/saca.com.mx\/es\/sams-paseo-guadalupe\/\" \/>\n<meta property=\"og:site_name\" content=\"SACA Sistemas de Protecci\u00f3n contra Incendio M\u00e9xico\" \/>\n<meta property=\"article:modified_time\" content=\"2024-10-11T04:00:27+00:00\" \/>\n<meta property=\"og:image\" content=\"https:\/\/saca.com.mx\/es\/wp-content\/uploads\/2024\/08\/12.png\" \/>\n\t<meta property=\"og:image:width\" content=\"3003\" \/>\n\t<meta property=\"og:image:height\" content=\"1147\" \/>\n\t<meta property=\"og:image:type\" content=\"image\/png\" \/>\n<meta name=\"twitter:card\" content=\"summary_large_image\" \/>\n<meta name=\"twitter:label1\" content=\"Tiempo de lectura\" \/>\n\t<meta name=\"twitter:data1\" content=\"1 minuto\" \/>\n<script type=\"application\/ld+json\" class=\"yoast-schema-graph\">{\"@context\":\"https:\\\/\\\/schema.org\",\"@graph\":[{\"@type\":\"WebPage\",\"@id\":\"https:\\\/\\\/saca.com.mx\\\/es\\\/sams-paseo-guadalupe\\\/\",\"url\":\"https:\\\/\\\/saca.com.mx\\\/es\\\/sams-paseo-guadalupe\\\/\",\"name\":\"Sam's Paseo Guadalupe - SACA Sistemas de Protecci\u00f3n contra Incendio M\u00e9xico\",\"isPartOf\":{\"@id\":\"https:\\\/\\\/saca.com.mx\\\/es\\\/#website\"},\"primaryImageOfPage\":{\"@id\":\"https:\\\/\\\/saca.com.mx\\\/es\\\/sams-paseo-guadalupe\\\/#primaryimage\"},\"image\":{\"@id\":\"https:\\\/\\\/saca.com.mx\\\/es\\\/sams-paseo-guadalupe\\\/#primaryimage\"},\"thumbnailUrl\":\"https:\\\/\\\/saca.com.mx\\\/es\\\/wp-content\\\/uploads\\\/2024\\\/08\\\/12.png\",\"datePublished\":\"2024-08-09T22:36:39+00:00\",\"dateModified\":\"2024-10-11T04:00:27+00:00\",\"breadcrumb\":{\"@id\":\"https:\\\/\\\/saca.com.mx\\\/es\\\/sams-paseo-guadalupe\\\/#breadcrumb\"},\"inLanguage\":\"es\",\"potentialAction\":[{\"@type\":\"ReadAction\",\"target\":[\"https:\\\/\\\/saca.com.mx\\\/es\\\/sams-paseo-guadalupe\\\/\"]}]},{\"@type\":\"ImageObject\",\"inLanguage\":\"es\",\"@id\":\"https:\\\/\\\/saca.com.mx\\\/es\\\/sams-paseo-guadalupe\\\/#primaryimage\",\"url\":\"https:\\\/\\\/saca.com.mx\\\/es\\\/wp-content\\\/uploads\\\/2024\\\/08\\\/12.png\",\"contentUrl\":\"https:\\\/\\\/saca.com.mx\\\/es\\\/wp-content\\\/uploads\\\/2024\\\/08\\\/12.png\",\"width\":3003,\"height\":1147,\"caption\":\"Sam's Paseo Guadalupe\"},{\"@type\":\"BreadcrumbList\",\"@id\":\"https:\\\/\\\/saca.com.mx\\\/es\\\/sams-paseo-guadalupe\\\/#breadcrumb\",\"itemListElement\":[{\"@type\":\"ListItem\",\"position\":1,\"name\":\"Portada\",\"item\":\"https:\\\/\\\/saca.com.mx\\\/es\\\/\"},{\"@type\":\"ListItem\",\"position\":2,\"name\":\"Sam&#8217;s Paseo Guadalupe\"}]},{\"@type\":\"WebSite\",\"@id\":\"https:\\\/\\\/saca.com.mx\\\/es\\\/#website\",\"url\":\"https:\\\/\\\/saca.com.mx\\\/es\\\/\",\"name\":\"SACA Sistemas de Protecci\u00f3n contra Incendio M\u00e9xico\",\"description\":\"\",\"potentialAction\":[{\"@type\":\"SearchAction\",\"target\":{\"@type\":\"EntryPoint\",\"urlTemplate\":\"https:\\\/\\\/saca.com.mx\\\/es\\\/?s={search_term_string}\"},\"query-input\":{\"@type\":\"PropertyValueSpecification\",\"valueRequired\":true,\"valueName\":\"search_term_string\"}}],\"inLanguage\":\"es\"}]}<\/script>\n<!-- \/ Yoast SEO plugin. -->","yoast_head_json":{"title":"Sam's Paseo Guadalupe - SACA Sistemas de Protecci\u00f3n contra Incendio M\u00e9xico","robots":{"index":"index","follow":"follow","max-snippet":"max-snippet:-1","max-image-preview":"max-image-preview:large","max-video-preview":"max-video-preview:-1"},"canonical":"https:\/\/saca.com.mx\/es\/sams-paseo-guadalupe\/","og_locale":"es_ES","og_type":"article","og_title":"Sam's Paseo Guadalupe - SACA Sistemas de Protecci\u00f3n contra Incendio M\u00e9xico","og_description":"En esta obra, tipo edificio de almacenaje para autoservicio en Guadalupe, Nuevo Le\u00f3n, instalamos el sistema de protecci\u00f3n contra incendio. El sistema instalado incluye Rociadores en oficinas generales, \u00e1rea de abarrotes, bajo obstrucci\u00f3n y en c\u00e1maras fr\u00edas de acuerdo con los est\u00e1ndares de NFPA 13. Adicionalmente se instal\u00f3 una Red de Hidrantes interiores con mangueras [&hellip;]","og_url":"https:\/\/saca.com.mx\/es\/sams-paseo-guadalupe\/","og_site_name":"SACA Sistemas de Protecci\u00f3n contra Incendio M\u00e9xico","article_modified_time":"2024-10-11T04:00:27+00:00","og_image":[{"width":3003,"height":1147,"url":"https:\/\/saca.com.mx\/es\/wp-content\/uploads\/2024\/08\/12.png","type":"image\/png"}],"twitter_card":"summary_large_image","twitter_misc":{"Tiempo de lectura":"1 minuto"},"schema":{"@context":"https:\/\/schema.org","@graph":[{"@type":"WebPage","@id":"https:\/\/saca.com.mx\/es\/sams-paseo-guadalupe\/","url":"https:\/\/saca.com.mx\/es\/sams-paseo-guadalupe\/","name":"Sam's Paseo Guadalupe - SACA Sistemas de Protecci\u00f3n contra Incendio M\u00e9xico","isPartOf":{"@id":"https:\/\/saca.com.mx\/es\/#website"},"primaryImageOfPage":{"@id":"https:\/\/saca.com.mx\/es\/sams-paseo-guadalupe\/#primaryimage"},"image":{"@id":"https:\/\/saca.com.mx\/es\/sams-paseo-guadalupe\/#primaryimage"},"thumbnailUrl":"https:\/\/saca.com.mx\/es\/wp-content\/uploads\/2024\/08\/12.png","datePublished":"2024-08-09T22:36:39+00:00","dateModified":"2024-10-11T04:00:27+00:00","breadcrumb":{"@id":"https:\/\/saca.com.mx\/es\/sams-paseo-guadalupe\/#breadcrumb"},"inLanguage":"es","potentialAction":[{"@type":"ReadAction","target":["https:\/\/saca.com.mx\/es\/sams-paseo-guadalupe\/"]}]},{"@type":"ImageObject","inLanguage":"es","@id":"https:\/\/saca.com.mx\/es\/sams-paseo-guadalupe\/#primaryimage","url":"https:\/\/saca.com.mx\/es\/wp-content\/uploads\/2024\/08\/12.png","contentUrl":"https:\/\/saca.com.mx\/es\/wp-content\/uploads\/2024\/08\/12.png","width":3003,"height":1147,"caption":"Sam's Paseo Guadalupe"},{"@type":"BreadcrumbList","@id":"https:\/\/saca.com.mx\/es\/sams-paseo-guadalupe\/#breadcrumb","itemListElement":[{"@type":"ListItem","position":1,"name":"Portada","item":"https:\/\/saca.com.mx\/es\/"},{"@type":"ListItem","position":2,"name":"Sam&#8217;s Paseo Guadalupe"}]},{"@type":"WebSite","@id":"https:\/\/saca.com.mx\/es\/#website","url":"https:\/\/saca.com.mx\/es\/","name":"SACA Sistemas de Protecci\u00f3n contra Incendio M\u00e9xico","description":"","potentialAction":[{"@type":"SearchAction","target":{"@type":"EntryPoint","urlTemplate":"https:\/\/saca.com.mx\/es\/?s={search_term_string}"},"query-input":{"@type":"PropertyValueSpecification","valueRequired":true,"valueName":"search_term_string"}}],"inLanguage":"es"}]}},"_links":{"self":[{"href":"https:\/\/saca.com.mx\/es\/wp-json\/wp\/v2\/pages\/2884","targetHints":{"allow":["GET"]}}],"collection":[{"href":"https:\/\/saca.com.mx\/es\/wp-json\/wp\/v2\/pages"}],"about":[{"href":"https:\/\/saca.com.mx\/es\/wp-json\/wp\/v2\/types\/page"}],"author":[{"embeddable":true,"href":"https:\/\/saca.com.mx\/es\/wp-json\/wp\/v2\/users\/1"}],"replies":[{"embeddable":true,"href":"https:\/\/saca.com.mx\/es\/wp-json\/wp\/v2\/comments?post=2884"}],"version-history":[{"count":4,"href":"https:\/\/saca.com.mx\/es\/wp-json\/wp\/v2\/pages\/2884\/revisions"}],"predecessor-version":[{"id":2990,"href":"https:\/\/saca.com.mx\/es\/wp-json\/wp\/v2\/pages\/2884\/revisions\/2990"}],"wp:attachment":[{"href":"https:\/\/saca.com.mx\/es\/wp-json\/wp\/v2\/media?parent=2884"}],"curies":[{"name":"wp","href":"https:\/\/api.w.org\/{rel}","templated":true}]}}