{"id":3970,"date":"2025-10-23T20:02:06","date_gmt":"2025-10-23T20:02:06","guid":{"rendered":"https:\/\/saca.com.mx\/es\/?page_id=3970"},"modified":"2025-11-04T15:22:14","modified_gmt":"2025-11-04T15:22:14","slug":"cimaco-torreon","status":"publish","type":"page","link":"https:\/\/saca.com.mx\/es\/cimaco-torreon\/","title":{"rendered":"Cimaco Torre\u00f3n"},"content":{"rendered":"<p><span style=\"color: #993300;\">En esta obra, tipo edificio de almacenaje y producci\u00f3n para autoservicio en Torre\u00f3n, Coahuila, instalamos el sistema de protecci\u00f3n contra incendio.<\/span><\/p>\n<p><span style=\"color: #000000;\">El sistema instalado incluye Hidrantes interiores con mangueras de 1 \u00bd \u201c, de acuerdo con los est\u00e1ndares de NFPA 14<span style=\"text-decoration: line-through;\">.<\/span> en \u00e1rea de servicios, proceso, almacenes y oficinas. Adicionalmente instalamos sistema de Bombeo de 250 GPM Diesel, conforme a los est\u00e1ndares de NFPA 20. Posteriormente, instalamos un Tanque con capacidad de almacenaje de 30,000 galones para protecci\u00f3n contra incendio, de acuerdo con los est\u00e1ndares de NFPA 22. Finalmente, se instal\u00f3 un sistema de Alarma y Detecci\u00f3n de acuerdo con los est\u00e1ndares de NFPA 72.<\/span><\/p>\n<p><span style=\"color: #000000;\">El proyecto fue entregado en tiempo, forma y costo, cumpliendo estrictamente con el GANT de la especialidad Protecci\u00f3n Contra Incendio y alineado al programa general de obra de nuestro cliente.<\/span><\/p>\n<p><img data-dominant-color=\"918582\" data-has-transparency=\"false\" style=\"--dominant-color: #918582;\" loading=\"lazy\" decoding=\"async\" class=\"aligncenter size-full wp-image-4130 not-transparent\" src=\"https:\/\/saca.com.mx\/es\/wp-content\/uploads\/2025\/11\/CIMACO-SCI-TORREON-COAH-658-450-_-JULIO-2025-scaled.webp\" alt=\"\" width=\"2560\" height=\"978\" srcset=\"https:\/\/saca.com.mx\/es\/wp-content\/uploads\/2025\/11\/CIMACO-SCI-TORREON-COAH-658-450-_-JULIO-2025-scaled.webp 2560w, https:\/\/saca.com.mx\/es\/wp-content\/uploads\/2025\/11\/CIMACO-SCI-TORREON-COAH-658-450-_-JULIO-2025-1280x489.webp 1280w, https:\/\/saca.com.mx\/es\/wp-content\/uploads\/2025\/11\/CIMACO-SCI-TORREON-COAH-658-450-_-JULIO-2025-980x374.webp 980w, https:\/\/saca.com.mx\/es\/wp-content\/uploads\/2025\/11\/CIMACO-SCI-TORREON-COAH-658-450-_-JULIO-2025-480x183.webp 480w\" sizes=\"(min-width: 0px) and (max-width: 480px) 480px, (min-width: 481px) and (max-width: 980px) 980px, (min-width: 981px) and (max-width: 1280px) 1280px, (min-width: 1281px) 2560px, 100vw\" \/><\/p>\n<p>&nbsp;<\/p>\n","protected":false},"excerpt":{"rendered":"<p>En esta obra, tipo edificio de almacenaje y producci\u00f3n para autoservicio en Torre\u00f3n, Coahuila, instalamos el sistema de protecci\u00f3n contra incendio. El sistema instalado incluye Hidrantes interiores con mangueras de 1 \u00bd \u201c, de acuerdo con los est\u00e1ndares de NFPA 14. en \u00e1rea de servicios, proceso, almacenes y oficinas. Adicionalmente instalamos sistema de Bombeo de [&hellip;]<\/p>\n","protected":false},"author":1,"featured_media":0,"parent":0,"menu_order":0,"comment_status":"closed","ping_status":"closed","template":"","meta":{"_et_pb_use_builder":"","_et_pb_old_content":"","_et_gb_content_width":"","footnotes":""},"class_list":["post-3970","page","type-page","status-publish","hentry"],"yoast_head":"<!-- This site is optimized with the Yoast SEO plugin v27.4 - https:\/\/yoast.com\/product\/yoast-seo-wordpress\/ -->\n<title>Cimaco Torre\u00f3n - SACA Sistemas de Protecci\u00f3n contra Incendio M\u00e9xico<\/title>\n<meta name=\"robots\" content=\"index, follow, max-snippet:-1, max-image-preview:large, max-video-preview:-1\" \/>\n<link rel=\"canonical\" href=\"https:\/\/saca.com.mx\/es\/cimaco-torreon\/\" \/>\n<meta property=\"og:locale\" content=\"es_ES\" \/>\n<meta property=\"og:type\" content=\"article\" \/>\n<meta property=\"og:title\" content=\"Cimaco Torre\u00f3n - SACA Sistemas de Protecci\u00f3n contra Incendio M\u00e9xico\" \/>\n<meta property=\"og:description\" content=\"En esta obra, tipo edificio de almacenaje y producci\u00f3n para autoservicio en Torre\u00f3n, Coahuila, instalamos el sistema de protecci\u00f3n contra incendio. El sistema instalado incluye Hidrantes interiores con mangueras de 1 \u00bd \u201c, de acuerdo con los est\u00e1ndares de NFPA 14. en \u00e1rea de servicios, proceso, almacenes y oficinas. Adicionalmente instalamos sistema de Bombeo de [&hellip;]\" \/>\n<meta property=\"og:url\" content=\"https:\/\/saca.com.mx\/es\/cimaco-torreon\/\" \/>\n<meta property=\"og:site_name\" content=\"SACA Sistemas de Protecci\u00f3n contra Incendio M\u00e9xico\" \/>\n<meta property=\"article:modified_time\" content=\"2025-11-04T15:22:14+00:00\" \/>\n<meta property=\"og:image\" content=\"https:\/\/saca.com.mx\/es\/wp-content\/uploads\/2025\/11\/CIMACO-SCI-TORREON-COAH-658-450-_-JULIO-2025-scaled.webp\" \/>\n\t<meta property=\"og:image:width\" content=\"2560\" \/>\n\t<meta property=\"og:image:height\" content=\"978\" \/>\n\t<meta property=\"og:image:type\" content=\"image\/png\" \/>\n<meta name=\"twitter:card\" content=\"summary_large_image\" \/>\n<meta name=\"twitter:label1\" content=\"Tiempo de lectura\" \/>\n\t<meta name=\"twitter:data1\" content=\"1 minuto\" \/>\n<script type=\"application\/ld+json\" class=\"yoast-schema-graph\">{\"@context\":\"https:\\\/\\\/schema.org\",\"@graph\":[{\"@type\":\"WebPage\",\"@id\":\"https:\\\/\\\/saca.com.mx\\\/es\\\/cimaco-torreon\\\/\",\"url\":\"https:\\\/\\\/saca.com.mx\\\/es\\\/cimaco-torreon\\\/\",\"name\":\"Cimaco Torre\u00f3n - SACA Sistemas de Protecci\u00f3n contra Incendio M\u00e9xico\",\"isPartOf\":{\"@id\":\"https:\\\/\\\/saca.com.mx\\\/es\\\/#website\"},\"primaryImageOfPage\":{\"@id\":\"https:\\\/\\\/saca.com.mx\\\/es\\\/cimaco-torreon\\\/#primaryimage\"},\"image\":{\"@id\":\"https:\\\/\\\/saca.com.mx\\\/es\\\/cimaco-torreon\\\/#primaryimage\"},\"thumbnailUrl\":\"https:\\\/\\\/saca.com.mx\\\/es\\\/wp-content\\\/uploads\\\/2025\\\/11\\\/CIMACO-SCI-TORREON-COAH-658-450-_-JULIO-2025-scaled.webp\",\"datePublished\":\"2025-10-23T20:02:06+00:00\",\"dateModified\":\"2025-11-04T15:22:14+00:00\",\"breadcrumb\":{\"@id\":\"https:\\\/\\\/saca.com.mx\\\/es\\\/cimaco-torreon\\\/#breadcrumb\"},\"inLanguage\":\"es\",\"potentialAction\":[{\"@type\":\"ReadAction\",\"target\":[\"https:\\\/\\\/saca.com.mx\\\/es\\\/cimaco-torreon\\\/\"]}]},{\"@type\":\"ImageObject\",\"inLanguage\":\"es\",\"@id\":\"https:\\\/\\\/saca.com.mx\\\/es\\\/cimaco-torreon\\\/#primaryimage\",\"url\":\"https:\\\/\\\/saca.com.mx\\\/es\\\/wp-content\\\/uploads\\\/2025\\\/11\\\/CIMACO-SCI-TORREON-COAH-658-450-_-JULIO-2025-scaled.webp\",\"contentUrl\":\"https:\\\/\\\/saca.com.mx\\\/es\\\/wp-content\\\/uploads\\\/2025\\\/11\\\/CIMACO-SCI-TORREON-COAH-658-450-_-JULIO-2025-scaled.webp\",\"width\":2560,\"height\":978},{\"@type\":\"BreadcrumbList\",\"@id\":\"https:\\\/\\\/saca.com.mx\\\/es\\\/cimaco-torreon\\\/#breadcrumb\",\"itemListElement\":[{\"@type\":\"ListItem\",\"position\":1,\"name\":\"Portada\",\"item\":\"https:\\\/\\\/saca.com.mx\\\/es\\\/\"},{\"@type\":\"ListItem\",\"position\":2,\"name\":\"Cimaco Torre\u00f3n\"}]},{\"@type\":\"WebSite\",\"@id\":\"https:\\\/\\\/saca.com.mx\\\/es\\\/#website\",\"url\":\"https:\\\/\\\/saca.com.mx\\\/es\\\/\",\"name\":\"SACA Sistemas de Protecci\u00f3n contra Incendio M\u00e9xico\",\"description\":\"\",\"potentialAction\":[{\"@type\":\"SearchAction\",\"target\":{\"@type\":\"EntryPoint\",\"urlTemplate\":\"https:\\\/\\\/saca.com.mx\\\/es\\\/?s={search_term_string}\"},\"query-input\":{\"@type\":\"PropertyValueSpecification\",\"valueRequired\":true,\"valueName\":\"search_term_string\"}}],\"inLanguage\":\"es\"}]}<\/script>\n<!-- \/ Yoast SEO plugin. -->","yoast_head_json":{"title":"Cimaco Torre\u00f3n - SACA Sistemas de Protecci\u00f3n contra Incendio M\u00e9xico","robots":{"index":"index","follow":"follow","max-snippet":"max-snippet:-1","max-image-preview":"max-image-preview:large","max-video-preview":"max-video-preview:-1"},"canonical":"https:\/\/saca.com.mx\/es\/cimaco-torreon\/","og_locale":"es_ES","og_type":"article","og_title":"Cimaco Torre\u00f3n - SACA Sistemas de Protecci\u00f3n contra Incendio M\u00e9xico","og_description":"En esta obra, tipo edificio de almacenaje y producci\u00f3n para autoservicio en Torre\u00f3n, Coahuila, instalamos el sistema de protecci\u00f3n contra incendio. El sistema instalado incluye Hidrantes interiores con mangueras de 1 \u00bd \u201c, de acuerdo con los est\u00e1ndares de NFPA 14. en \u00e1rea de servicios, proceso, almacenes y oficinas. Adicionalmente instalamos sistema de Bombeo de [&hellip;]","og_url":"https:\/\/saca.com.mx\/es\/cimaco-torreon\/","og_site_name":"SACA Sistemas de Protecci\u00f3n contra Incendio M\u00e9xico","article_modified_time":"2025-11-04T15:22:14+00:00","og_image":[{"width":2560,"height":978,"url":"https:\/\/saca.com.mx\/es\/wp-content\/uploads\/2025\/11\/CIMACO-SCI-TORREON-COAH-658-450-_-JULIO-2025-scaled.webp","type":"image\/png"}],"twitter_card":"summary_large_image","twitter_misc":{"Tiempo de lectura":"1 minuto"},"schema":{"@context":"https:\/\/schema.org","@graph":[{"@type":"WebPage","@id":"https:\/\/saca.com.mx\/es\/cimaco-torreon\/","url":"https:\/\/saca.com.mx\/es\/cimaco-torreon\/","name":"Cimaco Torre\u00f3n - SACA Sistemas de Protecci\u00f3n contra Incendio M\u00e9xico","isPartOf":{"@id":"https:\/\/saca.com.mx\/es\/#website"},"primaryImageOfPage":{"@id":"https:\/\/saca.com.mx\/es\/cimaco-torreon\/#primaryimage"},"image":{"@id":"https:\/\/saca.com.mx\/es\/cimaco-torreon\/#primaryimage"},"thumbnailUrl":"https:\/\/saca.com.mx\/es\/wp-content\/uploads\/2025\/11\/CIMACO-SCI-TORREON-COAH-658-450-_-JULIO-2025-scaled.webp","datePublished":"2025-10-23T20:02:06+00:00","dateModified":"2025-11-04T15:22:14+00:00","breadcrumb":{"@id":"https:\/\/saca.com.mx\/es\/cimaco-torreon\/#breadcrumb"},"inLanguage":"es","potentialAction":[{"@type":"ReadAction","target":["https:\/\/saca.com.mx\/es\/cimaco-torreon\/"]}]},{"@type":"ImageObject","inLanguage":"es","@id":"https:\/\/saca.com.mx\/es\/cimaco-torreon\/#primaryimage","url":"https:\/\/saca.com.mx\/es\/wp-content\/uploads\/2025\/11\/CIMACO-SCI-TORREON-COAH-658-450-_-JULIO-2025-scaled.webp","contentUrl":"https:\/\/saca.com.mx\/es\/wp-content\/uploads\/2025\/11\/CIMACO-SCI-TORREON-COAH-658-450-_-JULIO-2025-scaled.webp","width":2560,"height":978},{"@type":"BreadcrumbList","@id":"https:\/\/saca.com.mx\/es\/cimaco-torreon\/#breadcrumb","itemListElement":[{"@type":"ListItem","position":1,"name":"Portada","item":"https:\/\/saca.com.mx\/es\/"},{"@type":"ListItem","position":2,"name":"Cimaco Torre\u00f3n"}]},{"@type":"WebSite","@id":"https:\/\/saca.com.mx\/es\/#website","url":"https:\/\/saca.com.mx\/es\/","name":"SACA Sistemas de Protecci\u00f3n contra Incendio M\u00e9xico","description":"","potentialAction":[{"@type":"SearchAction","target":{"@type":"EntryPoint","urlTemplate":"https:\/\/saca.com.mx\/es\/?s={search_term_string}"},"query-input":{"@type":"PropertyValueSpecification","valueRequired":true,"valueName":"search_term_string"}}],"inLanguage":"es"}]}},"_links":{"self":[{"href":"https:\/\/saca.com.mx\/es\/wp-json\/wp\/v2\/pages\/3970","targetHints":{"allow":["GET"]}}],"collection":[{"href":"https:\/\/saca.com.mx\/es\/wp-json\/wp\/v2\/pages"}],"about":[{"href":"https:\/\/saca.com.mx\/es\/wp-json\/wp\/v2\/types\/page"}],"author":[{"embeddable":true,"href":"https:\/\/saca.com.mx\/es\/wp-json\/wp\/v2\/users\/1"}],"replies":[{"embeddable":true,"href":"https:\/\/saca.com.mx\/es\/wp-json\/wp\/v2\/comments?post=3970"}],"version-history":[{"count":2,"href":"https:\/\/saca.com.mx\/es\/wp-json\/wp\/v2\/pages\/3970\/revisions"}],"predecessor-version":[{"id":4149,"href":"https:\/\/saca.com.mx\/es\/wp-json\/wp\/v2\/pages\/3970\/revisions\/4149"}],"wp:attachment":[{"href":"https:\/\/saca.com.mx\/es\/wp-json\/wp\/v2\/media?parent=3970"}],"curies":[{"name":"wp","href":"https:\/\/api.w.org\/{rel}","templated":true}]}}