{"id":3976,"date":"2025-10-23T21:32:53","date_gmt":"2025-10-23T21:32:53","guid":{"rendered":"https:\/\/saca.com.mx\/es\/?page_id=3976"},"modified":"2025-11-04T15:47:35","modified_gmt":"2025-11-04T15:47:35","slug":"walmart-cancun-cumbres","status":"publish","type":"page","link":"https:\/\/saca.com.mx\/es\/walmart-cancun-cumbres\/","title":{"rendered":"Walmart Canc\u00fan Cumbres"},"content":{"rendered":"<p><span style=\"color: #993300;\">En esta obra, tipo edificio de almacenaje para autoservicio en Canc\u00fan, Quintana Roo, instalamos el sistema de protecci\u00f3n contra incendio.<\/span><\/p>\n<p><span style=\"color: #000000;\">El sistema instalado incluye cambio de Riser<span style=\"text-decoration: line-through;\">\u2019<\/span>s, Rociadores en \u00e1rea de oficinas generales, Rociadores en \u00e1rea abarrotes, Rociadores en cubierta y Rociadores en \u00e1rea de c\u00e1maras fr\u00edas de acuerdo con los est\u00e1ndares de NFPA 13. Por otro lado, se instal\u00f3 una Red de Hidrantes interiores con mangueras de 1 \u00bd\u201d y tomas siamesas para bomberos, de acuerdo con los est\u00e1ndares de NFPA14. Adicionalmente instalamos un sistema de Bombeo de 2,000 GPM di\u00e9sel, el\u00e9ctrica y jockey, conforme a los est\u00e1ndares de NFPA 20. Posteriormente se realiz\u00f3 el mantenimiento al Tanque atornillable para almacenamiento de agua contra incendio con capacidad de almacenaje de 200,000 galones, de acuerdo con los est\u00e1ndares de NFPA 22. Finalmente, se instal\u00f3 un sistema de Alarma y Detecci\u00f3n de incendios de acuerdo con los est\u00e1ndares de NFPA 72.<\/span><\/p>\n<p><span style=\"color: #000000;\">El proyecto fue entregado en tiempo, forma y costo, cumpliendo estrictamente con el GANT de la especialidad protecci\u00f3n contra incendio y alineado al programa general de obra de nuestro cliente.<\/span><\/p>\n<p><img data-dominant-color=\"827a74\" data-has-transparency=\"false\" style=\"--dominant-color: #827a74;\" loading=\"lazy\" decoding=\"async\" class=\"aligncenter size-full wp-image-4138 not-transparent\" src=\"https:\/\/saca.com.mx\/es\/wp-content\/uploads\/2025\/11\/NWM-SCI-CANCUN-CUMBRES-QROO-659-\u2013-050-_-JUNIO-2025-scaled.webp\" alt=\"\" width=\"2560\" height=\"978\" srcset=\"https:\/\/saca.com.mx\/es\/wp-content\/uploads\/2025\/11\/NWM-SCI-CANCUN-CUMBRES-QROO-659-\u2013-050-_-JUNIO-2025-scaled.webp 2560w, https:\/\/saca.com.mx\/es\/wp-content\/uploads\/2025\/11\/NWM-SCI-CANCUN-CUMBRES-QROO-659-\u2013-050-_-JUNIO-2025-300x115.webp 300w, https:\/\/saca.com.mx\/es\/wp-content\/uploads\/2025\/11\/NWM-SCI-CANCUN-CUMBRES-QROO-659-\u2013-050-_-JUNIO-2025-1024x391.webp 1024w, https:\/\/saca.com.mx\/es\/wp-content\/uploads\/2025\/11\/NWM-SCI-CANCUN-CUMBRES-QROO-659-\u2013-050-_-JUNIO-2025-768x293.webp 768w, https:\/\/saca.com.mx\/es\/wp-content\/uploads\/2025\/11\/NWM-SCI-CANCUN-CUMBRES-QROO-659-\u2013-050-_-JUNIO-2025-1536x587.webp 1536w, https:\/\/saca.com.mx\/es\/wp-content\/uploads\/2025\/11\/NWM-SCI-CANCUN-CUMBRES-QROO-659-\u2013-050-_-JUNIO-2025-2048x782.webp 2048w, https:\/\/saca.com.mx\/es\/wp-content\/uploads\/2025\/11\/NWM-SCI-CANCUN-CUMBRES-QROO-659-\u2013-050-_-JUNIO-2025-1080x413.webp 1080w, https:\/\/saca.com.mx\/es\/wp-content\/uploads\/2025\/11\/NWM-SCI-CANCUN-CUMBRES-QROO-659-\u2013-050-_-JUNIO-2025-1280x489.webp 1280w, https:\/\/saca.com.mx\/es\/wp-content\/uploads\/2025\/11\/NWM-SCI-CANCUN-CUMBRES-QROO-659-\u2013-050-_-JUNIO-2025-980x374.webp 980w, https:\/\/saca.com.mx\/es\/wp-content\/uploads\/2025\/11\/NWM-SCI-CANCUN-CUMBRES-QROO-659-\u2013-050-_-JUNIO-2025-480x183.webp 480w, https:\/\/saca.com.mx\/es\/wp-content\/uploads\/2025\/11\/NWM-SCI-CANCUN-CUMBRES-QROO-659-\u2013-050-_-JUNIO-2025-24x9.webp 24w, https:\/\/saca.com.mx\/es\/wp-content\/uploads\/2025\/11\/NWM-SCI-CANCUN-CUMBRES-QROO-659-\u2013-050-_-JUNIO-2025-36x14.webp 36w, https:\/\/saca.com.mx\/es\/wp-content\/uploads\/2025\/11\/NWM-SCI-CANCUN-CUMBRES-QROO-659-\u2013-050-_-JUNIO-2025-48x18.webp 48w\" sizes=\"(max-width: 2560px) 100vw, 2560px\" \/><\/p>\n<p>&nbsp;<\/p>\n","protected":false},"excerpt":{"rendered":"<p>En esta obra, tipo edificio de almacenaje para autoservicio en Canc\u00fan, Quintana Roo, instalamos el sistema de protecci\u00f3n contra incendio. El sistema instalado incluye cambio de Riser\u2019s, Rociadores en \u00e1rea de oficinas generales, Rociadores en \u00e1rea abarrotes, Rociadores en cubierta y Rociadores en \u00e1rea de c\u00e1maras fr\u00edas de acuerdo con los est\u00e1ndares de NFPA 13. [&hellip;]<\/p>\n","protected":false},"author":1,"featured_media":0,"parent":0,"menu_order":0,"comment_status":"closed","ping_status":"closed","template":"","meta":{"_et_pb_use_builder":"","_et_pb_old_content":"","_et_gb_content_width":"","footnotes":""},"class_list":["post-3976","page","type-page","status-publish","hentry"],"yoast_head":"<!-- This site is optimized with the Yoast SEO plugin v27.4 - https:\/\/yoast.com\/product\/yoast-seo-wordpress\/ -->\n<title>Walmart Canc\u00fan Cumbres - SACA Sistemas de Protecci\u00f3n contra Incendio M\u00e9xico<\/title>\n<meta name=\"robots\" content=\"index, follow, max-snippet:-1, max-image-preview:large, max-video-preview:-1\" \/>\n<link rel=\"canonical\" href=\"https:\/\/saca.com.mx\/es\/walmart-cancun-cumbres\/\" \/>\n<meta property=\"og:locale\" content=\"es_ES\" \/>\n<meta property=\"og:type\" content=\"article\" \/>\n<meta property=\"og:title\" content=\"Walmart Canc\u00fan Cumbres - SACA Sistemas de Protecci\u00f3n contra Incendio M\u00e9xico\" \/>\n<meta property=\"og:description\" content=\"En esta obra, tipo edificio de almacenaje para autoservicio en Canc\u00fan, Quintana Roo, instalamos el sistema de protecci\u00f3n contra incendio. El sistema instalado incluye cambio de Riser\u2019s, Rociadores en \u00e1rea de oficinas generales, Rociadores en \u00e1rea abarrotes, Rociadores en cubierta y Rociadores en \u00e1rea de c\u00e1maras fr\u00edas de acuerdo con los est\u00e1ndares de NFPA 13. [&hellip;]\" \/>\n<meta property=\"og:url\" content=\"https:\/\/saca.com.mx\/es\/walmart-cancun-cumbres\/\" \/>\n<meta property=\"og:site_name\" content=\"SACA Sistemas de Protecci\u00f3n contra Incendio M\u00e9xico\" \/>\n<meta property=\"article:modified_time\" content=\"2025-11-04T15:47:35+00:00\" \/>\n<meta name=\"twitter:card\" content=\"summary_large_image\" \/>\n<meta name=\"twitter:label1\" content=\"Tiempo de lectura\" \/>\n\t<meta name=\"twitter:data1\" content=\"2 minutos\" \/>\n<script type=\"application\/ld+json\" class=\"yoast-schema-graph\">{\"@context\":\"https:\\\/\\\/schema.org\",\"@graph\":[{\"@type\":\"WebPage\",\"@id\":\"https:\\\/\\\/saca.com.mx\\\/es\\\/walmart-cancun-cumbres\\\/\",\"url\":\"https:\\\/\\\/saca.com.mx\\\/es\\\/walmart-cancun-cumbres\\\/\",\"name\":\"Walmart Canc\u00fan Cumbres - SACA Sistemas de Protecci\u00f3n contra Incendio M\u00e9xico\",\"isPartOf\":{\"@id\":\"https:\\\/\\\/saca.com.mx\\\/es\\\/#website\"},\"datePublished\":\"2025-10-23T21:32:53+00:00\",\"dateModified\":\"2025-11-04T15:47:35+00:00\",\"breadcrumb\":{\"@id\":\"https:\\\/\\\/saca.com.mx\\\/es\\\/walmart-cancun-cumbres\\\/#breadcrumb\"},\"inLanguage\":\"es\",\"potentialAction\":[{\"@type\":\"ReadAction\",\"target\":[\"https:\\\/\\\/saca.com.mx\\\/es\\\/walmart-cancun-cumbres\\\/\"]}]},{\"@type\":\"BreadcrumbList\",\"@id\":\"https:\\\/\\\/saca.com.mx\\\/es\\\/walmart-cancun-cumbres\\\/#breadcrumb\",\"itemListElement\":[{\"@type\":\"ListItem\",\"position\":1,\"name\":\"Portada\",\"item\":\"https:\\\/\\\/saca.com.mx\\\/es\\\/\"},{\"@type\":\"ListItem\",\"position\":2,\"name\":\"Walmart Canc\u00fan Cumbres\"}]},{\"@type\":\"WebSite\",\"@id\":\"https:\\\/\\\/saca.com.mx\\\/es\\\/#website\",\"url\":\"https:\\\/\\\/saca.com.mx\\\/es\\\/\",\"name\":\"SACA Sistemas de Protecci\u00f3n contra Incendio M\u00e9xico\",\"description\":\"\",\"potentialAction\":[{\"@type\":\"SearchAction\",\"target\":{\"@type\":\"EntryPoint\",\"urlTemplate\":\"https:\\\/\\\/saca.com.mx\\\/es\\\/?s={search_term_string}\"},\"query-input\":{\"@type\":\"PropertyValueSpecification\",\"valueRequired\":true,\"valueName\":\"search_term_string\"}}],\"inLanguage\":\"es\"}]}<\/script>\n<!-- \/ Yoast SEO plugin. -->","yoast_head_json":{"title":"Walmart Canc\u00fan Cumbres - SACA Sistemas de Protecci\u00f3n contra Incendio M\u00e9xico","robots":{"index":"index","follow":"follow","max-snippet":"max-snippet:-1","max-image-preview":"max-image-preview:large","max-video-preview":"max-video-preview:-1"},"canonical":"https:\/\/saca.com.mx\/es\/walmart-cancun-cumbres\/","og_locale":"es_ES","og_type":"article","og_title":"Walmart Canc\u00fan Cumbres - SACA Sistemas de Protecci\u00f3n contra Incendio M\u00e9xico","og_description":"En esta obra, tipo edificio de almacenaje para autoservicio en Canc\u00fan, Quintana Roo, instalamos el sistema de protecci\u00f3n contra incendio. El sistema instalado incluye cambio de Riser\u2019s, Rociadores en \u00e1rea de oficinas generales, Rociadores en \u00e1rea abarrotes, Rociadores en cubierta y Rociadores en \u00e1rea de c\u00e1maras fr\u00edas de acuerdo con los est\u00e1ndares de NFPA 13. [&hellip;]","og_url":"https:\/\/saca.com.mx\/es\/walmart-cancun-cumbres\/","og_site_name":"SACA Sistemas de Protecci\u00f3n contra Incendio M\u00e9xico","article_modified_time":"2025-11-04T15:47:35+00:00","twitter_card":"summary_large_image","twitter_misc":{"Tiempo de lectura":"2 minutos"},"schema":{"@context":"https:\/\/schema.org","@graph":[{"@type":"WebPage","@id":"https:\/\/saca.com.mx\/es\/walmart-cancun-cumbres\/","url":"https:\/\/saca.com.mx\/es\/walmart-cancun-cumbres\/","name":"Walmart Canc\u00fan Cumbres - SACA Sistemas de Protecci\u00f3n contra Incendio M\u00e9xico","isPartOf":{"@id":"https:\/\/saca.com.mx\/es\/#website"},"datePublished":"2025-10-23T21:32:53+00:00","dateModified":"2025-11-04T15:47:35+00:00","breadcrumb":{"@id":"https:\/\/saca.com.mx\/es\/walmart-cancun-cumbres\/#breadcrumb"},"inLanguage":"es","potentialAction":[{"@type":"ReadAction","target":["https:\/\/saca.com.mx\/es\/walmart-cancun-cumbres\/"]}]},{"@type":"BreadcrumbList","@id":"https:\/\/saca.com.mx\/es\/walmart-cancun-cumbres\/#breadcrumb","itemListElement":[{"@type":"ListItem","position":1,"name":"Portada","item":"https:\/\/saca.com.mx\/es\/"},{"@type":"ListItem","position":2,"name":"Walmart Canc\u00fan Cumbres"}]},{"@type":"WebSite","@id":"https:\/\/saca.com.mx\/es\/#website","url":"https:\/\/saca.com.mx\/es\/","name":"SACA Sistemas de Protecci\u00f3n contra Incendio M\u00e9xico","description":"","potentialAction":[{"@type":"SearchAction","target":{"@type":"EntryPoint","urlTemplate":"https:\/\/saca.com.mx\/es\/?s={search_term_string}"},"query-input":{"@type":"PropertyValueSpecification","valueRequired":true,"valueName":"search_term_string"}}],"inLanguage":"es"}]}},"_links":{"self":[{"href":"https:\/\/saca.com.mx\/es\/wp-json\/wp\/v2\/pages\/3976","targetHints":{"allow":["GET"]}}],"collection":[{"href":"https:\/\/saca.com.mx\/es\/wp-json\/wp\/v2\/pages"}],"about":[{"href":"https:\/\/saca.com.mx\/es\/wp-json\/wp\/v2\/types\/page"}],"author":[{"embeddable":true,"href":"https:\/\/saca.com.mx\/es\/wp-json\/wp\/v2\/users\/1"}],"replies":[{"embeddable":true,"href":"https:\/\/saca.com.mx\/es\/wp-json\/wp\/v2\/comments?post=3976"}],"version-history":[{"count":2,"href":"https:\/\/saca.com.mx\/es\/wp-json\/wp\/v2\/pages\/3976\/revisions"}],"predecessor-version":[{"id":4163,"href":"https:\/\/saca.com.mx\/es\/wp-json\/wp\/v2\/pages\/3976\/revisions\/4163"}],"wp:attachment":[{"href":"https:\/\/saca.com.mx\/es\/wp-json\/wp\/v2\/media?parent=3976"}],"curies":[{"name":"wp","href":"https:\/\/api.w.org\/{rel}","templated":true}]}}