{"id":453,"date":"2015-04-17T20:03:01","date_gmt":"2015-04-17T20:03:01","guid":{"rendered":"http:\/\/saca.com.mx\/es\/?page_id=453"},"modified":"2015-04-28T12:16:41","modified_gmt":"2015-04-28T12:16:41","slug":"nfpa","status":"publish","type":"page","link":"https:\/\/saca.com.mx\/es\/normatividad\/nfpa\/","title":{"rendered":"NFPA"},"content":{"rendered":"<p><b><span style=\"color: #993300;\"><br \/>\n<img loading=\"lazy\" decoding=\"async\" class=\"alignleft size-full wp-image-1073\" src=\"http:\/\/saca.com.mx\/es\/wp-content\/uploads\/2015\/04\/nfpa1.png\" alt=\"nfpa\" width=\"250\" height=\"200\" \/>La National Fire Protection Association (NFPA)<\/span>\u00a0<\/b>es una organizaci\u00f3n norteamericana a cargo de la creaci\u00f3n y mantenimiento de est\u00e1ndares m\u00ednimos y requerimientos para las actividades de prevenci\u00f3n y extinci\u00f3n de incendios, entrenamiento y equipo, as\u00ed como otros c\u00f3digos de vida \u2013 seguridad y est\u00e1ndares. Lo anterior incluye desde c\u00f3digos para la construcci\u00f3n hasta equipos de protecci\u00f3n personal a ser utilizados por bomberos en su actividad. Las normas de la NFPA tiene como objetivo central el proteger gente, su propiedad y el medio ambiente del fuego.<\/p>\n<p>La NFPA fue formada en 1896 por un grupo de representantes de firmas de seguros con el prop\u00f3sito de estandarizar el mercado de rociadores contra incendio. El objeto de la NFPA creci\u00f3 con los a\u00f1os, partiendo de los rociadores hasta incluir materiales el\u00e9ctricos para la construcci\u00f3n, as\u00ed como otros aspectos del dise\u00f1o, arquitectura e ingenier\u00eda de las edificaciones. En 1904 se permiti\u00f3 a otras industrias e individuos a participar activamente en el desarrollo de est\u00e1ndares NFPA.<\/p>\n<p>La NFPA tiene su sede en Quincy Massachusetts, U.S.A., y actualmente cubre el desarrollo y mantenimiento de m\u00e1s de 300 c\u00f3digos y est\u00e1ndares; con un grupo de m\u00e1s de 6,000 voluntarios representando servicios contra incendio, aseguradoras, negocios, industria, gobierno y consumidores en general. Gran cantidad de las ciudades, especialmente en Norteam\u00e9rica, incluyen sus c\u00f3digos como parte integrantes de sus leyes locales de construcci\u00f3n y operaci\u00f3n. Independientemente de estar incluidos en ley o no, a nivel mundial las normas de NFPA son aceptadas como est\u00e1ndares profesionales en protecci\u00f3n contra incendio y de referencia estricta.<\/p>\n<p>La NFPA es fuente principal mundial para el desarrollo y diseminaci\u00f3n de conocimiento sobre seguridad contra incendios y de vida. El sistema de desarrollo de los c\u00f3digos y normas de la NFPA es un proceso abierto basado en el consenso que ha producido algunos de los mas referenciados materiales en la industria de la protecci\u00f3n contra incendios, incluyendo el C\u00f3digo El\u00e9ctrico Nacional, el C\u00f3digo de Seguridad Humana, el C\u00f3digo de Prevenci\u00f3n de Fuego y el C\u00f3digo Nacional de Alarmas de Incendios. NFPA es un l\u00edder en la promoci\u00f3n de programas educacionales de seguridad contra incendios y de vida. Las publicaciones de la NFPA han sido traducidas a varios idiomas y son referenciadas alrededor del mundo. M\u00e1s de 75,000 miembros, representando 107 naciones, son parte de su red global.<\/p>\n","protected":false},"excerpt":{"rendered":"<p>La National Fire Protection Association (NFPA)\u00a0es una organizaci\u00f3n norteamericana a cargo de la creaci\u00f3n y mantenimiento de est\u00e1ndares m\u00ednimos y requerimientos para las actividades de prevenci\u00f3n y extinci\u00f3n de incendios, entrenamiento y equipo, as\u00ed como otros c\u00f3digos de vida \u2013 seguridad y est\u00e1ndares. Lo anterior incluye desde c\u00f3digos para la construcci\u00f3n hasta equipos de protecci\u00f3n [&hellip;]<\/p>\n","protected":false},"author":1,"featured_media":0,"parent":451,"menu_order":0,"comment_status":"closed","ping_status":"closed","template":"","meta":{"_et_pb_use_builder":"","_et_pb_old_content":"","_et_gb_content_width":"","footnotes":""},"class_list":["post-453","page","type-page","status-publish","hentry"],"yoast_head":"<!-- This site is optimized with the Yoast SEO plugin v27.5 - https:\/\/yoast.com\/product\/yoast-seo-wordpress\/ -->\n<title>NFPA - SACA Sistemas de Protecci\u00f3n contra Incendio M\u00e9xico<\/title>\n<meta name=\"robots\" content=\"index, follow, max-snippet:-1, max-image-preview:large, max-video-preview:-1\" \/>\n<link rel=\"canonical\" href=\"https:\/\/saca.com.mx\/es\/normatividad\/nfpa\/\" \/>\n<meta property=\"og:locale\" content=\"es_ES\" \/>\n<meta property=\"og:type\" content=\"article\" \/>\n<meta property=\"og:title\" content=\"NFPA - SACA Sistemas de Protecci\u00f3n contra Incendio M\u00e9xico\" \/>\n<meta property=\"og:description\" content=\"La National Fire Protection Association (NFPA)\u00a0es una organizaci\u00f3n norteamericana a cargo de la creaci\u00f3n y mantenimiento de est\u00e1ndares m\u00ednimos y requerimientos para las actividades de prevenci\u00f3n y extinci\u00f3n de incendios, entrenamiento y equipo, as\u00ed como otros c\u00f3digos de vida \u2013 seguridad y est\u00e1ndares. Lo anterior incluye desde c\u00f3digos para la construcci\u00f3n hasta equipos de protecci\u00f3n [&hellip;]\" \/>\n<meta property=\"og:url\" content=\"https:\/\/saca.com.mx\/es\/normatividad\/nfpa\/\" \/>\n<meta property=\"og:site_name\" content=\"SACA Sistemas de Protecci\u00f3n contra Incendio M\u00e9xico\" \/>\n<meta property=\"article:modified_time\" content=\"2015-04-28T12:16:41+00:00\" \/>\n<meta property=\"og:image\" content=\"http:\/\/saca.com.mx\/es\/wp-content\/uploads\/2015\/04\/nfpa1.png\" \/>\n<meta name=\"twitter:card\" content=\"summary_large_image\" \/>\n<meta name=\"twitter:label1\" content=\"Tiempo de lectura\" \/>\n\t<meta name=\"twitter:data1\" content=\"2 minutos\" \/>\n<script type=\"application\/ld+json\" class=\"yoast-schema-graph\">{\"@context\":\"https:\\\/\\\/schema.org\",\"@graph\":[{\"@type\":\"WebPage\",\"@id\":\"https:\\\/\\\/saca.com.mx\\\/es\\\/normatividad\\\/nfpa\\\/\",\"url\":\"https:\\\/\\\/saca.com.mx\\\/es\\\/normatividad\\\/nfpa\\\/\",\"name\":\"NFPA - SACA Sistemas de Protecci\u00f3n contra Incendio M\u00e9xico\",\"isPartOf\":{\"@id\":\"https:\\\/\\\/saca.com.mx\\\/es\\\/#website\"},\"primaryImageOfPage\":{\"@id\":\"https:\\\/\\\/saca.com.mx\\\/es\\\/normatividad\\\/nfpa\\\/#primaryimage\"},\"image\":{\"@id\":\"https:\\\/\\\/saca.com.mx\\\/es\\\/normatividad\\\/nfpa\\\/#primaryimage\"},\"thumbnailUrl\":\"http:\\\/\\\/saca.com.mx\\\/es\\\/wp-content\\\/uploads\\\/2015\\\/04\\\/nfpa1.png\",\"datePublished\":\"2015-04-17T20:03:01+00:00\",\"dateModified\":\"2015-04-28T12:16:41+00:00\",\"breadcrumb\":{\"@id\":\"https:\\\/\\\/saca.com.mx\\\/es\\\/normatividad\\\/nfpa\\\/#breadcrumb\"},\"inLanguage\":\"es\",\"potentialAction\":[{\"@type\":\"ReadAction\",\"target\":[\"https:\\\/\\\/saca.com.mx\\\/es\\\/normatividad\\\/nfpa\\\/\"]}]},{\"@type\":\"ImageObject\",\"inLanguage\":\"es\",\"@id\":\"https:\\\/\\\/saca.com.mx\\\/es\\\/normatividad\\\/nfpa\\\/#primaryimage\",\"url\":\"https:\\\/\\\/saca.com.mx\\\/es\\\/wp-content\\\/uploads\\\/2015\\\/04\\\/nfpa1.png\",\"contentUrl\":\"https:\\\/\\\/saca.com.mx\\\/es\\\/wp-content\\\/uploads\\\/2015\\\/04\\\/nfpa1.png\",\"width\":250,\"height\":200},{\"@type\":\"BreadcrumbList\",\"@id\":\"https:\\\/\\\/saca.com.mx\\\/es\\\/normatividad\\\/nfpa\\\/#breadcrumb\",\"itemListElement\":[{\"@type\":\"ListItem\",\"position\":1,\"name\":\"Portada\",\"item\":\"https:\\\/\\\/saca.com.mx\\\/es\\\/\"},{\"@type\":\"ListItem\",\"position\":2,\"name\":\"Normatividad\",\"item\":\"https:\\\/\\\/saca.com.mx\\\/es\\\/normatividad\\\/\"},{\"@type\":\"ListItem\",\"position\":3,\"name\":\"NFPA\"}]},{\"@type\":\"WebSite\",\"@id\":\"https:\\\/\\\/saca.com.mx\\\/es\\\/#website\",\"url\":\"https:\\\/\\\/saca.com.mx\\\/es\\\/\",\"name\":\"SACA Sistemas de Protecci\u00f3n contra Incendio M\u00e9xico\",\"description\":\"\",\"potentialAction\":[{\"@type\":\"SearchAction\",\"target\":{\"@type\":\"EntryPoint\",\"urlTemplate\":\"https:\\\/\\\/saca.com.mx\\\/es\\\/?s={search_term_string}\"},\"query-input\":{\"@type\":\"PropertyValueSpecification\",\"valueRequired\":true,\"valueName\":\"search_term_string\"}}],\"inLanguage\":\"es\"}]}<\/script>\n<!-- \/ Yoast SEO plugin. -->","yoast_head_json":{"title":"NFPA - SACA Sistemas de Protecci\u00f3n contra Incendio M\u00e9xico","robots":{"index":"index","follow":"follow","max-snippet":"max-snippet:-1","max-image-preview":"max-image-preview:large","max-video-preview":"max-video-preview:-1"},"canonical":"https:\/\/saca.com.mx\/es\/normatividad\/nfpa\/","og_locale":"es_ES","og_type":"article","og_title":"NFPA - SACA Sistemas de Protecci\u00f3n contra Incendio M\u00e9xico","og_description":"La National Fire Protection Association (NFPA)\u00a0es una organizaci\u00f3n norteamericana a cargo de la creaci\u00f3n y mantenimiento de est\u00e1ndares m\u00ednimos y requerimientos para las actividades de prevenci\u00f3n y extinci\u00f3n de incendios, entrenamiento y equipo, as\u00ed como otros c\u00f3digos de vida \u2013 seguridad y est\u00e1ndares. Lo anterior incluye desde c\u00f3digos para la construcci\u00f3n hasta equipos de protecci\u00f3n [&hellip;]","og_url":"https:\/\/saca.com.mx\/es\/normatividad\/nfpa\/","og_site_name":"SACA Sistemas de Protecci\u00f3n contra Incendio M\u00e9xico","article_modified_time":"2015-04-28T12:16:41+00:00","og_image":[{"url":"http:\/\/saca.com.mx\/es\/wp-content\/uploads\/2015\/04\/nfpa1.png","type":"","width":"","height":""}],"twitter_card":"summary_large_image","twitter_misc":{"Tiempo de lectura":"2 minutos"},"schema":{"@context":"https:\/\/schema.org","@graph":[{"@type":"WebPage","@id":"https:\/\/saca.com.mx\/es\/normatividad\/nfpa\/","url":"https:\/\/saca.com.mx\/es\/normatividad\/nfpa\/","name":"NFPA - SACA Sistemas de Protecci\u00f3n contra Incendio M\u00e9xico","isPartOf":{"@id":"https:\/\/saca.com.mx\/es\/#website"},"primaryImageOfPage":{"@id":"https:\/\/saca.com.mx\/es\/normatividad\/nfpa\/#primaryimage"},"image":{"@id":"https:\/\/saca.com.mx\/es\/normatividad\/nfpa\/#primaryimage"},"thumbnailUrl":"http:\/\/saca.com.mx\/es\/wp-content\/uploads\/2015\/04\/nfpa1.png","datePublished":"2015-04-17T20:03:01+00:00","dateModified":"2015-04-28T12:16:41+00:00","breadcrumb":{"@id":"https:\/\/saca.com.mx\/es\/normatividad\/nfpa\/#breadcrumb"},"inLanguage":"es","potentialAction":[{"@type":"ReadAction","target":["https:\/\/saca.com.mx\/es\/normatividad\/nfpa\/"]}]},{"@type":"ImageObject","inLanguage":"es","@id":"https:\/\/saca.com.mx\/es\/normatividad\/nfpa\/#primaryimage","url":"https:\/\/saca.com.mx\/es\/wp-content\/uploads\/2015\/04\/nfpa1.png","contentUrl":"https:\/\/saca.com.mx\/es\/wp-content\/uploads\/2015\/04\/nfpa1.png","width":250,"height":200},{"@type":"BreadcrumbList","@id":"https:\/\/saca.com.mx\/es\/normatividad\/nfpa\/#breadcrumb","itemListElement":[{"@type":"ListItem","position":1,"name":"Portada","item":"https:\/\/saca.com.mx\/es\/"},{"@type":"ListItem","position":2,"name":"Normatividad","item":"https:\/\/saca.com.mx\/es\/normatividad\/"},{"@type":"ListItem","position":3,"name":"NFPA"}]},{"@type":"WebSite","@id":"https:\/\/saca.com.mx\/es\/#website","url":"https:\/\/saca.com.mx\/es\/","name":"SACA Sistemas de Protecci\u00f3n contra Incendio M\u00e9xico","description":"","potentialAction":[{"@type":"SearchAction","target":{"@type":"EntryPoint","urlTemplate":"https:\/\/saca.com.mx\/es\/?s={search_term_string}"},"query-input":{"@type":"PropertyValueSpecification","valueRequired":true,"valueName":"search_term_string"}}],"inLanguage":"es"}]}},"_links":{"self":[{"href":"https:\/\/saca.com.mx\/es\/wp-json\/wp\/v2\/pages\/453","targetHints":{"allow":["GET"]}}],"collection":[{"href":"https:\/\/saca.com.mx\/es\/wp-json\/wp\/v2\/pages"}],"about":[{"href":"https:\/\/saca.com.mx\/es\/wp-json\/wp\/v2\/types\/page"}],"author":[{"embeddable":true,"href":"https:\/\/saca.com.mx\/es\/wp-json\/wp\/v2\/users\/1"}],"replies":[{"embeddable":true,"href":"https:\/\/saca.com.mx\/es\/wp-json\/wp\/v2\/comments?post=453"}],"version-history":[{"count":5,"href":"https:\/\/saca.com.mx\/es\/wp-json\/wp\/v2\/pages\/453\/revisions"}],"predecessor-version":[{"id":1074,"href":"https:\/\/saca.com.mx\/es\/wp-json\/wp\/v2\/pages\/453\/revisions\/1074"}],"up":[{"embeddable":true,"href":"https:\/\/saca.com.mx\/es\/wp-json\/wp\/v2\/pages\/451"}],"wp:attachment":[{"href":"https:\/\/saca.com.mx\/es\/wp-json\/wp\/v2\/media?parent=453"}],"curies":[{"name":"wp","href":"https:\/\/api.w.org\/{rel}","templated":true}]}}