{"id":455,"date":"2015-04-17T20:08:47","date_gmt":"2015-04-17T20:08:47","guid":{"rendered":"http:\/\/saca.com.mx\/es\/?page_id=455"},"modified":"2015-04-18T17:22:34","modified_gmt":"2015-04-18T17:22:34","slug":"nfpa-13","status":"publish","type":"page","link":"https:\/\/saca.com.mx\/es\/normatividad\/nfpa\/nfpa-13\/","title":{"rendered":"NFPA 13"},"content":{"rendered":"<p style=\"text-align: justify;\"><b><span style=\"color: #ff0000; font-family: Arial;\"><img loading=\"lazy\" decoding=\"async\" class=\"alignleft size-full wp-image-460\" src=\"http:\/\/saca.com.mx\/es\/wp-content\/uploads\/2015\/04\/NFPA131.png\" alt=\"NFPA13\" width=\"255\" height=\"205\" \/><\/span><\/b><\/p>\n<p><b><span style=\"color: #800000;\">La norma NFPA 13, \u201cInstalaci\u00f3n de Sistemas de Rociadores<\/span>\u201c,<\/b> provee los requisitos m\u00ednimos para el dise\u00f1o y la instalaci\u00f3n de sistemas de rociadores autom\u00e1ticos contra incendio y de sistemas de rociadores para protecci\u00f3n contra la exposici\u00f3n al fuego, incluyendo el car\u00e1cter y adecuaci\u00f3n de los suministros de agua y la selecci\u00f3n de rociadores, tuber\u00edas y v\u00e1lvulas.<\/p>\n<p>El prop\u00f3sito de esta norma es el de proporcionar un grado razonable de protecci\u00f3n contra incendios, para la vida humana y la propiedad, a trav\u00e9s de la normalizaci\u00f3n de los requisitos de dise\u00f1o, instalaci\u00f3n y ensayo de los sistemas de rociadores, incluyendo las tuber\u00edas principales privadas de servicio contra incendios, bas\u00e1ndose en principios de ingenier\u00eda confiables, datos de ensayos y experiencias de campo.<\/p>\n<p>Los sistemas de rociadores y las tuber\u00edas principales privadas de servicio contra incendios son sistemas de protecci\u00f3n contra incendios especializados y deber\u00e1n requerir un dise\u00f1o e instalaci\u00f3n con conocimiento y experiencia.<\/p>\n<p>La norma incluye enunciativa m\u00e1s no limitativamente: Los requerimientos para sistemas de rociadores de m\u00e1s de 30 c\u00f3digos y normas de la NFPA, disposiciones para espacios ocultos, criterios adicionales de instalaci\u00f3n en respuesta a las necesidades de las caracter\u00edsticas especiales de (cavidades del cielorraso, claraboyas y cielorrasos escalonados), requerimientos y enfoques completos de dise\u00f1o para la protecci\u00f3n de dep\u00f3sitos con estanter\u00edas s\u00f3lidas, disposiciones aplicables para tuber\u00edas subterr\u00e1neas incluyendo materiales, instalaci\u00f3n, y pruebas de aceptaci\u00f3n, tablas para los rociadores de Respuesta R\u00e1pida de Supresi\u00f3n Temprana (ESFR, por sus siglas en ingl\u00e9s) que permiten seleccionar la altura adecuada para cualquier arreglo en dep\u00f3sitos y edificios, una secci\u00f3n especial para dise\u00f1os que involucran riesgos espec\u00edficos (ej.- criterios de protecci\u00f3n para componentes pl\u00e1sticos de motores vehiculares), etc.<\/p>\n<p style=\"text-align: justify;\"><b><span style=\"color: #ff0000; font-family: Arial;\">\u00a0<\/span><\/b><\/p>\n","protected":false},"excerpt":{"rendered":"<p>La norma NFPA 13, \u201cInstalaci\u00f3n de Sistemas de Rociadores\u201c, provee los requisitos m\u00ednimos para el dise\u00f1o y la instalaci\u00f3n de sistemas de rociadores autom\u00e1ticos contra incendio y de sistemas de rociadores para protecci\u00f3n contra la exposici\u00f3n al fuego, incluyendo el car\u00e1cter y adecuaci\u00f3n de los suministros de agua y la selecci\u00f3n de rociadores, tuber\u00edas y [&hellip;]<\/p>\n","protected":false},"author":1,"featured_media":0,"parent":453,"menu_order":0,"comment_status":"closed","ping_status":"closed","template":"","meta":{"_et_pb_use_builder":"","_et_pb_old_content":"","_et_gb_content_width":"","footnotes":""},"class_list":["post-455","page","type-page","status-publish","hentry"],"yoast_head":"<!-- This site is optimized with the Yoast SEO plugin v27.5 - https:\/\/yoast.com\/product\/yoast-seo-wordpress\/ -->\n<title>NFPA 13 - SACA Sistemas de Protecci\u00f3n contra Incendio M\u00e9xico<\/title>\n<meta name=\"robots\" content=\"index, follow, max-snippet:-1, max-image-preview:large, max-video-preview:-1\" \/>\n<link rel=\"canonical\" href=\"https:\/\/saca.com.mx\/es\/normatividad\/nfpa\/nfpa-13\/\" \/>\n<meta property=\"og:locale\" content=\"es_ES\" \/>\n<meta property=\"og:type\" content=\"article\" \/>\n<meta property=\"og:title\" content=\"NFPA 13 - SACA Sistemas de Protecci\u00f3n contra Incendio M\u00e9xico\" \/>\n<meta property=\"og:description\" content=\"La norma NFPA 13, \u201cInstalaci\u00f3n de Sistemas de Rociadores\u201c, provee los requisitos m\u00ednimos para el dise\u00f1o y la instalaci\u00f3n de sistemas de rociadores autom\u00e1ticos contra incendio y de sistemas de rociadores para protecci\u00f3n contra la exposici\u00f3n al fuego, incluyendo el car\u00e1cter y adecuaci\u00f3n de los suministros de agua y la selecci\u00f3n de rociadores, tuber\u00edas y [&hellip;]\" \/>\n<meta property=\"og:url\" content=\"https:\/\/saca.com.mx\/es\/normatividad\/nfpa\/nfpa-13\/\" \/>\n<meta property=\"og:site_name\" content=\"SACA Sistemas de Protecci\u00f3n contra Incendio M\u00e9xico\" \/>\n<meta property=\"article:modified_time\" content=\"2015-04-18T17:22:34+00:00\" \/>\n<meta property=\"og:image\" content=\"http:\/\/saca.com.mx\/es\/wp-content\/uploads\/2015\/04\/NFPA131.png\" \/>\n<meta name=\"twitter:card\" content=\"summary_large_image\" \/>\n<meta name=\"twitter:label1\" content=\"Tiempo de lectura\" \/>\n\t<meta name=\"twitter:data1\" content=\"2 minutos\" \/>\n<script type=\"application\/ld+json\" class=\"yoast-schema-graph\">{\"@context\":\"https:\\\/\\\/schema.org\",\"@graph\":[{\"@type\":\"WebPage\",\"@id\":\"https:\\\/\\\/saca.com.mx\\\/es\\\/normatividad\\\/nfpa\\\/nfpa-13\\\/\",\"url\":\"https:\\\/\\\/saca.com.mx\\\/es\\\/normatividad\\\/nfpa\\\/nfpa-13\\\/\",\"name\":\"NFPA 13 - SACA Sistemas de Protecci\u00f3n contra Incendio M\u00e9xico\",\"isPartOf\":{\"@id\":\"https:\\\/\\\/saca.com.mx\\\/es\\\/#website\"},\"primaryImageOfPage\":{\"@id\":\"https:\\\/\\\/saca.com.mx\\\/es\\\/normatividad\\\/nfpa\\\/nfpa-13\\\/#primaryimage\"},\"image\":{\"@id\":\"https:\\\/\\\/saca.com.mx\\\/es\\\/normatividad\\\/nfpa\\\/nfpa-13\\\/#primaryimage\"},\"thumbnailUrl\":\"http:\\\/\\\/saca.com.mx\\\/es\\\/wp-content\\\/uploads\\\/2015\\\/04\\\/NFPA131.png\",\"datePublished\":\"2015-04-17T20:08:47+00:00\",\"dateModified\":\"2015-04-18T17:22:34+00:00\",\"breadcrumb\":{\"@id\":\"https:\\\/\\\/saca.com.mx\\\/es\\\/normatividad\\\/nfpa\\\/nfpa-13\\\/#breadcrumb\"},\"inLanguage\":\"es\",\"potentialAction\":[{\"@type\":\"ReadAction\",\"target\":[\"https:\\\/\\\/saca.com.mx\\\/es\\\/normatividad\\\/nfpa\\\/nfpa-13\\\/\"]}]},{\"@type\":\"ImageObject\",\"inLanguage\":\"es\",\"@id\":\"https:\\\/\\\/saca.com.mx\\\/es\\\/normatividad\\\/nfpa\\\/nfpa-13\\\/#primaryimage\",\"url\":\"https:\\\/\\\/saca.com.mx\\\/es\\\/wp-content\\\/uploads\\\/2015\\\/04\\\/NFPA131.png\",\"contentUrl\":\"https:\\\/\\\/saca.com.mx\\\/es\\\/wp-content\\\/uploads\\\/2015\\\/04\\\/NFPA131.png\",\"width\":255,\"height\":205},{\"@type\":\"BreadcrumbList\",\"@id\":\"https:\\\/\\\/saca.com.mx\\\/es\\\/normatividad\\\/nfpa\\\/nfpa-13\\\/#breadcrumb\",\"itemListElement\":[{\"@type\":\"ListItem\",\"position\":1,\"name\":\"Portada\",\"item\":\"https:\\\/\\\/saca.com.mx\\\/es\\\/\"},{\"@type\":\"ListItem\",\"position\":2,\"name\":\"Normatividad\",\"item\":\"https:\\\/\\\/saca.com.mx\\\/es\\\/normatividad\\\/\"},{\"@type\":\"ListItem\",\"position\":3,\"name\":\"NFPA\",\"item\":\"https:\\\/\\\/saca.com.mx\\\/es\\\/normatividad\\\/nfpa\\\/\"},{\"@type\":\"ListItem\",\"position\":4,\"name\":\"NFPA 13\"}]},{\"@type\":\"WebSite\",\"@id\":\"https:\\\/\\\/saca.com.mx\\\/es\\\/#website\",\"url\":\"https:\\\/\\\/saca.com.mx\\\/es\\\/\",\"name\":\"SACA Sistemas de Protecci\u00f3n contra Incendio M\u00e9xico\",\"description\":\"\",\"potentialAction\":[{\"@type\":\"SearchAction\",\"target\":{\"@type\":\"EntryPoint\",\"urlTemplate\":\"https:\\\/\\\/saca.com.mx\\\/es\\\/?s={search_term_string}\"},\"query-input\":{\"@type\":\"PropertyValueSpecification\",\"valueRequired\":true,\"valueName\":\"search_term_string\"}}],\"inLanguage\":\"es\"}]}<\/script>\n<!-- \/ Yoast SEO plugin. -->","yoast_head_json":{"title":"NFPA 13 - SACA Sistemas de Protecci\u00f3n contra Incendio M\u00e9xico","robots":{"index":"index","follow":"follow","max-snippet":"max-snippet:-1","max-image-preview":"max-image-preview:large","max-video-preview":"max-video-preview:-1"},"canonical":"https:\/\/saca.com.mx\/es\/normatividad\/nfpa\/nfpa-13\/","og_locale":"es_ES","og_type":"article","og_title":"NFPA 13 - SACA Sistemas de Protecci\u00f3n contra Incendio M\u00e9xico","og_description":"La norma NFPA 13, \u201cInstalaci\u00f3n de Sistemas de Rociadores\u201c, provee los requisitos m\u00ednimos para el dise\u00f1o y la instalaci\u00f3n de sistemas de rociadores autom\u00e1ticos contra incendio y de sistemas de rociadores para protecci\u00f3n contra la exposici\u00f3n al fuego, incluyendo el car\u00e1cter y adecuaci\u00f3n de los suministros de agua y la selecci\u00f3n de rociadores, tuber\u00edas y [&hellip;]","og_url":"https:\/\/saca.com.mx\/es\/normatividad\/nfpa\/nfpa-13\/","og_site_name":"SACA Sistemas de Protecci\u00f3n contra Incendio M\u00e9xico","article_modified_time":"2015-04-18T17:22:34+00:00","og_image":[{"url":"http:\/\/saca.com.mx\/es\/wp-content\/uploads\/2015\/04\/NFPA131.png","type":"","width":"","height":""}],"twitter_card":"summary_large_image","twitter_misc":{"Tiempo de lectura":"2 minutos"},"schema":{"@context":"https:\/\/schema.org","@graph":[{"@type":"WebPage","@id":"https:\/\/saca.com.mx\/es\/normatividad\/nfpa\/nfpa-13\/","url":"https:\/\/saca.com.mx\/es\/normatividad\/nfpa\/nfpa-13\/","name":"NFPA 13 - SACA Sistemas de Protecci\u00f3n contra Incendio M\u00e9xico","isPartOf":{"@id":"https:\/\/saca.com.mx\/es\/#website"},"primaryImageOfPage":{"@id":"https:\/\/saca.com.mx\/es\/normatividad\/nfpa\/nfpa-13\/#primaryimage"},"image":{"@id":"https:\/\/saca.com.mx\/es\/normatividad\/nfpa\/nfpa-13\/#primaryimage"},"thumbnailUrl":"http:\/\/saca.com.mx\/es\/wp-content\/uploads\/2015\/04\/NFPA131.png","datePublished":"2015-04-17T20:08:47+00:00","dateModified":"2015-04-18T17:22:34+00:00","breadcrumb":{"@id":"https:\/\/saca.com.mx\/es\/normatividad\/nfpa\/nfpa-13\/#breadcrumb"},"inLanguage":"es","potentialAction":[{"@type":"ReadAction","target":["https:\/\/saca.com.mx\/es\/normatividad\/nfpa\/nfpa-13\/"]}]},{"@type":"ImageObject","inLanguage":"es","@id":"https:\/\/saca.com.mx\/es\/normatividad\/nfpa\/nfpa-13\/#primaryimage","url":"https:\/\/saca.com.mx\/es\/wp-content\/uploads\/2015\/04\/NFPA131.png","contentUrl":"https:\/\/saca.com.mx\/es\/wp-content\/uploads\/2015\/04\/NFPA131.png","width":255,"height":205},{"@type":"BreadcrumbList","@id":"https:\/\/saca.com.mx\/es\/normatividad\/nfpa\/nfpa-13\/#breadcrumb","itemListElement":[{"@type":"ListItem","position":1,"name":"Portada","item":"https:\/\/saca.com.mx\/es\/"},{"@type":"ListItem","position":2,"name":"Normatividad","item":"https:\/\/saca.com.mx\/es\/normatividad\/"},{"@type":"ListItem","position":3,"name":"NFPA","item":"https:\/\/saca.com.mx\/es\/normatividad\/nfpa\/"},{"@type":"ListItem","position":4,"name":"NFPA 13"}]},{"@type":"WebSite","@id":"https:\/\/saca.com.mx\/es\/#website","url":"https:\/\/saca.com.mx\/es\/","name":"SACA Sistemas de Protecci\u00f3n contra Incendio M\u00e9xico","description":"","potentialAction":[{"@type":"SearchAction","target":{"@type":"EntryPoint","urlTemplate":"https:\/\/saca.com.mx\/es\/?s={search_term_string}"},"query-input":{"@type":"PropertyValueSpecification","valueRequired":true,"valueName":"search_term_string"}}],"inLanguage":"es"}]}},"_links":{"self":[{"href":"https:\/\/saca.com.mx\/es\/wp-json\/wp\/v2\/pages\/455","targetHints":{"allow":["GET"]}}],"collection":[{"href":"https:\/\/saca.com.mx\/es\/wp-json\/wp\/v2\/pages"}],"about":[{"href":"https:\/\/saca.com.mx\/es\/wp-json\/wp\/v2\/types\/page"}],"author":[{"embeddable":true,"href":"https:\/\/saca.com.mx\/es\/wp-json\/wp\/v2\/users\/1"}],"replies":[{"embeddable":true,"href":"https:\/\/saca.com.mx\/es\/wp-json\/wp\/v2\/comments?post=455"}],"version-history":[{"count":5,"href":"https:\/\/saca.com.mx\/es\/wp-json\/wp\/v2\/pages\/455\/revisions"}],"predecessor-version":[{"id":501,"href":"https:\/\/saca.com.mx\/es\/wp-json\/wp\/v2\/pages\/455\/revisions\/501"}],"up":[{"embeddable":true,"href":"https:\/\/saca.com.mx\/es\/wp-json\/wp\/v2\/pages\/453"}],"wp:attachment":[{"href":"https:\/\/saca.com.mx\/es\/wp-json\/wp\/v2\/media?parent=455"}],"curies":[{"name":"wp","href":"https:\/\/api.w.org\/{rel}","templated":true}]}}