{"id":462,"date":"2015-04-17T20:13:50","date_gmt":"2015-04-17T20:13:50","guid":{"rendered":"http:\/\/saca.com.mx\/es\/?page_id=462"},"modified":"2015-04-18T17:22:42","modified_gmt":"2015-04-18T17:22:42","slug":"nfpa-14","status":"publish","type":"page","link":"https:\/\/saca.com.mx\/es\/normatividad\/nfpa\/nfpa-14\/","title":{"rendered":"NFPA 14"},"content":{"rendered":"<p style=\"text-align: justify;\"><span style=\"color: #ff0000; font-family: Arial;\"><b><img loading=\"lazy\" decoding=\"async\" class=\"alignleft  wp-image-463\" src=\"http:\/\/saca.com.mx\/es\/wp-content\/uploads\/2015\/04\/NFPA14.png\" alt=\"NFPA14\" width=\"183\" height=\"147\" \/><\/b><\/span><\/p>\n<p><b><span style=\"color: #800000;\">La norma NFPA 14, \u201cTuber\u00edas Verticales y Accesorios para Mangueras<\/span>\u201c,<\/b> provee los requisitos m\u00ednimos para la instalaci\u00f3n de sistemas de tuber\u00edas verticales y mangueras para edificios y estructuras. Esta norma no cubre los requerimientos de inspecci\u00f3n peri\u00f3dica, pruebas y mantenimiento de tuber\u00edas verticales y accesorios para mangueras.<\/p>\n<p>El prop\u00f3sito de esta norma es proveer un grado razonable de protecci\u00f3n para la vida y la propiedad contra el fuego, a trav\u00e9s de los requerimientos de instalaci\u00f3n para sistemas de tuber\u00eda vertical, basados en principios de ingenier\u00eda, datos de prueba y experiencia de campo.<\/p>\n<p style=\"text-align: justify;\"><span style=\"color: #ff0000; font-family: Arial;\"><b>\u00a0<\/b><\/span><\/p>\n","protected":false},"excerpt":{"rendered":"<p>La norma NFPA 14, \u201cTuber\u00edas Verticales y Accesorios para Mangueras\u201c, provee los requisitos m\u00ednimos para la instalaci\u00f3n de sistemas de tuber\u00edas verticales y mangueras para edificios y estructuras. Esta norma no cubre los requerimientos de inspecci\u00f3n peri\u00f3dica, pruebas y mantenimiento de tuber\u00edas verticales y accesorios para mangueras. El prop\u00f3sito de esta norma es proveer un [&hellip;]<\/p>\n","protected":false},"author":1,"featured_media":0,"parent":453,"menu_order":0,"comment_status":"closed","ping_status":"closed","template":"","meta":{"_et_pb_use_builder":"","_et_pb_old_content":"","_et_gb_content_width":"","footnotes":""},"class_list":["post-462","page","type-page","status-publish","hentry"],"yoast_head":"<!-- This site is optimized with the Yoast SEO plugin v27.5 - https:\/\/yoast.com\/product\/yoast-seo-wordpress\/ -->\n<title>NFPA 14 - SACA Sistemas de Protecci\u00f3n contra Incendio M\u00e9xico<\/title>\n<meta name=\"robots\" content=\"index, follow, max-snippet:-1, max-image-preview:large, max-video-preview:-1\" \/>\n<link rel=\"canonical\" href=\"https:\/\/saca.com.mx\/es\/normatividad\/nfpa\/nfpa-14\/\" \/>\n<meta property=\"og:locale\" content=\"es_ES\" \/>\n<meta property=\"og:type\" content=\"article\" \/>\n<meta property=\"og:title\" content=\"NFPA 14 - SACA Sistemas de Protecci\u00f3n contra Incendio M\u00e9xico\" \/>\n<meta property=\"og:description\" content=\"La norma NFPA 14, \u201cTuber\u00edas Verticales y Accesorios para Mangueras\u201c, provee los requisitos m\u00ednimos para la instalaci\u00f3n de sistemas de tuber\u00edas verticales y mangueras para edificios y estructuras. Esta norma no cubre los requerimientos de inspecci\u00f3n peri\u00f3dica, pruebas y mantenimiento de tuber\u00edas verticales y accesorios para mangueras. El prop\u00f3sito de esta norma es proveer un [&hellip;]\" \/>\n<meta property=\"og:url\" content=\"https:\/\/saca.com.mx\/es\/normatividad\/nfpa\/nfpa-14\/\" \/>\n<meta property=\"og:site_name\" content=\"SACA Sistemas de Protecci\u00f3n contra Incendio M\u00e9xico\" \/>\n<meta property=\"article:modified_time\" content=\"2015-04-18T17:22:42+00:00\" \/>\n<meta property=\"og:image\" content=\"http:\/\/saca.com.mx\/es\/wp-content\/uploads\/2015\/04\/NFPA14.png\" \/>\n<meta name=\"twitter:card\" content=\"summary_large_image\" \/>\n<meta name=\"twitter:label1\" content=\"Tiempo de lectura\" \/>\n\t<meta name=\"twitter:data1\" content=\"1 minuto\" \/>\n<script type=\"application\/ld+json\" class=\"yoast-schema-graph\">{\"@context\":\"https:\\\/\\\/schema.org\",\"@graph\":[{\"@type\":\"WebPage\",\"@id\":\"https:\\\/\\\/saca.com.mx\\\/es\\\/normatividad\\\/nfpa\\\/nfpa-14\\\/\",\"url\":\"https:\\\/\\\/saca.com.mx\\\/es\\\/normatividad\\\/nfpa\\\/nfpa-14\\\/\",\"name\":\"NFPA 14 - SACA Sistemas de Protecci\u00f3n contra Incendio M\u00e9xico\",\"isPartOf\":{\"@id\":\"https:\\\/\\\/saca.com.mx\\\/es\\\/#website\"},\"primaryImageOfPage\":{\"@id\":\"https:\\\/\\\/saca.com.mx\\\/es\\\/normatividad\\\/nfpa\\\/nfpa-14\\\/#primaryimage\"},\"image\":{\"@id\":\"https:\\\/\\\/saca.com.mx\\\/es\\\/normatividad\\\/nfpa\\\/nfpa-14\\\/#primaryimage\"},\"thumbnailUrl\":\"http:\\\/\\\/saca.com.mx\\\/es\\\/wp-content\\\/uploads\\\/2015\\\/04\\\/NFPA14.png\",\"datePublished\":\"2015-04-17T20:13:50+00:00\",\"dateModified\":\"2015-04-18T17:22:42+00:00\",\"breadcrumb\":{\"@id\":\"https:\\\/\\\/saca.com.mx\\\/es\\\/normatividad\\\/nfpa\\\/nfpa-14\\\/#breadcrumb\"},\"inLanguage\":\"es\",\"potentialAction\":[{\"@type\":\"ReadAction\",\"target\":[\"https:\\\/\\\/saca.com.mx\\\/es\\\/normatividad\\\/nfpa\\\/nfpa-14\\\/\"]}]},{\"@type\":\"ImageObject\",\"inLanguage\":\"es\",\"@id\":\"https:\\\/\\\/saca.com.mx\\\/es\\\/normatividad\\\/nfpa\\\/nfpa-14\\\/#primaryimage\",\"url\":\"https:\\\/\\\/saca.com.mx\\\/es\\\/wp-content\\\/uploads\\\/2015\\\/04\\\/NFPA14.png\",\"contentUrl\":\"https:\\\/\\\/saca.com.mx\\\/es\\\/wp-content\\\/uploads\\\/2015\\\/04\\\/NFPA14.png\",\"width\":255,\"height\":205},{\"@type\":\"BreadcrumbList\",\"@id\":\"https:\\\/\\\/saca.com.mx\\\/es\\\/normatividad\\\/nfpa\\\/nfpa-14\\\/#breadcrumb\",\"itemListElement\":[{\"@type\":\"ListItem\",\"position\":1,\"name\":\"Portada\",\"item\":\"https:\\\/\\\/saca.com.mx\\\/es\\\/\"},{\"@type\":\"ListItem\",\"position\":2,\"name\":\"Normatividad\",\"item\":\"https:\\\/\\\/saca.com.mx\\\/es\\\/normatividad\\\/\"},{\"@type\":\"ListItem\",\"position\":3,\"name\":\"NFPA\",\"item\":\"https:\\\/\\\/saca.com.mx\\\/es\\\/normatividad\\\/nfpa\\\/\"},{\"@type\":\"ListItem\",\"position\":4,\"name\":\"NFPA 14\"}]},{\"@type\":\"WebSite\",\"@id\":\"https:\\\/\\\/saca.com.mx\\\/es\\\/#website\",\"url\":\"https:\\\/\\\/saca.com.mx\\\/es\\\/\",\"name\":\"SACA Sistemas de Protecci\u00f3n contra Incendio M\u00e9xico\",\"description\":\"\",\"potentialAction\":[{\"@type\":\"SearchAction\",\"target\":{\"@type\":\"EntryPoint\",\"urlTemplate\":\"https:\\\/\\\/saca.com.mx\\\/es\\\/?s={search_term_string}\"},\"query-input\":{\"@type\":\"PropertyValueSpecification\",\"valueRequired\":true,\"valueName\":\"search_term_string\"}}],\"inLanguage\":\"es\"}]}<\/script>\n<!-- \/ Yoast SEO plugin. -->","yoast_head_json":{"title":"NFPA 14 - SACA Sistemas de Protecci\u00f3n contra Incendio M\u00e9xico","robots":{"index":"index","follow":"follow","max-snippet":"max-snippet:-1","max-image-preview":"max-image-preview:large","max-video-preview":"max-video-preview:-1"},"canonical":"https:\/\/saca.com.mx\/es\/normatividad\/nfpa\/nfpa-14\/","og_locale":"es_ES","og_type":"article","og_title":"NFPA 14 - SACA Sistemas de Protecci\u00f3n contra Incendio M\u00e9xico","og_description":"La norma NFPA 14, \u201cTuber\u00edas Verticales y Accesorios para Mangueras\u201c, provee los requisitos m\u00ednimos para la instalaci\u00f3n de sistemas de tuber\u00edas verticales y mangueras para edificios y estructuras. Esta norma no cubre los requerimientos de inspecci\u00f3n peri\u00f3dica, pruebas y mantenimiento de tuber\u00edas verticales y accesorios para mangueras. El prop\u00f3sito de esta norma es proveer un [&hellip;]","og_url":"https:\/\/saca.com.mx\/es\/normatividad\/nfpa\/nfpa-14\/","og_site_name":"SACA Sistemas de Protecci\u00f3n contra Incendio M\u00e9xico","article_modified_time":"2015-04-18T17:22:42+00:00","og_image":[{"url":"http:\/\/saca.com.mx\/es\/wp-content\/uploads\/2015\/04\/NFPA14.png","type":"","width":"","height":""}],"twitter_card":"summary_large_image","twitter_misc":{"Tiempo de lectura":"1 minuto"},"schema":{"@context":"https:\/\/schema.org","@graph":[{"@type":"WebPage","@id":"https:\/\/saca.com.mx\/es\/normatividad\/nfpa\/nfpa-14\/","url":"https:\/\/saca.com.mx\/es\/normatividad\/nfpa\/nfpa-14\/","name":"NFPA 14 - SACA Sistemas de Protecci\u00f3n contra Incendio M\u00e9xico","isPartOf":{"@id":"https:\/\/saca.com.mx\/es\/#website"},"primaryImageOfPage":{"@id":"https:\/\/saca.com.mx\/es\/normatividad\/nfpa\/nfpa-14\/#primaryimage"},"image":{"@id":"https:\/\/saca.com.mx\/es\/normatividad\/nfpa\/nfpa-14\/#primaryimage"},"thumbnailUrl":"http:\/\/saca.com.mx\/es\/wp-content\/uploads\/2015\/04\/NFPA14.png","datePublished":"2015-04-17T20:13:50+00:00","dateModified":"2015-04-18T17:22:42+00:00","breadcrumb":{"@id":"https:\/\/saca.com.mx\/es\/normatividad\/nfpa\/nfpa-14\/#breadcrumb"},"inLanguage":"es","potentialAction":[{"@type":"ReadAction","target":["https:\/\/saca.com.mx\/es\/normatividad\/nfpa\/nfpa-14\/"]}]},{"@type":"ImageObject","inLanguage":"es","@id":"https:\/\/saca.com.mx\/es\/normatividad\/nfpa\/nfpa-14\/#primaryimage","url":"https:\/\/saca.com.mx\/es\/wp-content\/uploads\/2015\/04\/NFPA14.png","contentUrl":"https:\/\/saca.com.mx\/es\/wp-content\/uploads\/2015\/04\/NFPA14.png","width":255,"height":205},{"@type":"BreadcrumbList","@id":"https:\/\/saca.com.mx\/es\/normatividad\/nfpa\/nfpa-14\/#breadcrumb","itemListElement":[{"@type":"ListItem","position":1,"name":"Portada","item":"https:\/\/saca.com.mx\/es\/"},{"@type":"ListItem","position":2,"name":"Normatividad","item":"https:\/\/saca.com.mx\/es\/normatividad\/"},{"@type":"ListItem","position":3,"name":"NFPA","item":"https:\/\/saca.com.mx\/es\/normatividad\/nfpa\/"},{"@type":"ListItem","position":4,"name":"NFPA 14"}]},{"@type":"WebSite","@id":"https:\/\/saca.com.mx\/es\/#website","url":"https:\/\/saca.com.mx\/es\/","name":"SACA Sistemas de Protecci\u00f3n contra Incendio M\u00e9xico","description":"","potentialAction":[{"@type":"SearchAction","target":{"@type":"EntryPoint","urlTemplate":"https:\/\/saca.com.mx\/es\/?s={search_term_string}"},"query-input":{"@type":"PropertyValueSpecification","valueRequired":true,"valueName":"search_term_string"}}],"inLanguage":"es"}]}},"_links":{"self":[{"href":"https:\/\/saca.com.mx\/es\/wp-json\/wp\/v2\/pages\/462","targetHints":{"allow":["GET"]}}],"collection":[{"href":"https:\/\/saca.com.mx\/es\/wp-json\/wp\/v2\/pages"}],"about":[{"href":"https:\/\/saca.com.mx\/es\/wp-json\/wp\/v2\/types\/page"}],"author":[{"embeddable":true,"href":"https:\/\/saca.com.mx\/es\/wp-json\/wp\/v2\/users\/1"}],"replies":[{"embeddable":true,"href":"https:\/\/saca.com.mx\/es\/wp-json\/wp\/v2\/comments?post=462"}],"version-history":[{"count":4,"href":"https:\/\/saca.com.mx\/es\/wp-json\/wp\/v2\/pages\/462\/revisions"}],"predecessor-version":[{"id":502,"href":"https:\/\/saca.com.mx\/es\/wp-json\/wp\/v2\/pages\/462\/revisions\/502"}],"up":[{"embeddable":true,"href":"https:\/\/saca.com.mx\/es\/wp-json\/wp\/v2\/pages\/453"}],"wp:attachment":[{"href":"https:\/\/saca.com.mx\/es\/wp-json\/wp\/v2\/media?parent=462"}],"curies":[{"name":"wp","href":"https:\/\/api.w.org\/{rel}","templated":true}]}}