{"id":474,"date":"2015-04-17T20:17:45","date_gmt":"2015-04-17T20:17:45","guid":{"rendered":"http:\/\/saca.com.mx\/es\/?page_id=474"},"modified":"2015-04-18T17:23:14","modified_gmt":"2015-04-18T17:23:14","slug":"nfpa-25","status":"publish","type":"page","link":"https:\/\/saca.com.mx\/es\/normatividad\/nfpa\/nfpa-25\/","title":{"rendered":"NFPA 25"},"content":{"rendered":"<p style=\"text-align: justify;\"><span style=\"color: #ff0000; font-family: Arial;\"><b><img loading=\"lazy\" decoding=\"async\" class=\"alignleft size-full wp-image-475\" src=\"http:\/\/saca.com.mx\/es\/wp-content\/uploads\/2015\/04\/nfpa25.png\" alt=\"nfpa25\" width=\"255\" height=\"205\" \/><\/b><\/span><\/p>\n<p><b><span style=\"color: #800000;\">La norma NFPA 25, \u201cInspecci\u00f3n, Comprobaci\u00f3n y Mantenimiento de Sistemas Hidr\u00e1ulicos de Protecci\u00f3n Contra Incendios\u00bb<\/span>,<\/b> establece los requerimientos m\u00ednimos para la inspecci\u00f3n, prueba y mantenimiento peri\u00f3dico de los sistemas hidr\u00e1ulicos contra incendio; basado en un patr\u00f3n de procedimientos para los servicios a ser ejecutados en general, as\u00ed como un intervalo de tiempo entre la ejecuci\u00f3n de los mismos para los varios componentes y dispositivos de los sistemas. Los procedimientos e intervalos de tiempo son aplicados independientemente a cada actividad de inspecci\u00f3n, prueba y mantenimiento (ITM por sus siglas en ingl\u00e9s). La organizaci\u00f3n de la norma es tal, que cada tipo de sistema hidr\u00e1ulico est\u00e1 en un cap\u00edtulo propio. A su vez, dentro de los varios cap\u00edtulos, existe una tabla de procedimiento y texto para describir lo que se debe hacer para la inspecci\u00f3n, prueba y mantenimiento de los componentes y dispositivos.<\/p>\n<p>Los sistemas y componentes incluidos en estos procedimientos de servicio son enunciativa m\u00e1s no limitativamente: Rociadores, alimentadores, hidrantes, sistemas de espuma, redes de agua, bombas, tanques, v\u00e1lvulas, etc. Estos est\u00e1ndares son aplicados exclusivamente a sistemas que hubieran sido instalados bajo normas NFPA.<\/p>\n<p>El prop\u00f3sito de la norma es incrementar el desempe\u00f1o y la confiabilidad del sistema, proveyendo procedimientos que ayuden a asegurar la conformidad de acuerdo a la intenci\u00f3n y funcionalidad original del sistema. Muchos edificios son construidos utilizando \u201ccanjes\u201d tales como sistemas de rociadores, por caracter\u00edsticas de protecci\u00f3n contra incendio pasivas como la compartimentaci\u00f3n de pared clasificada. Los sistemas de rociadores deben ser operacionales o el edificio se transforma en una ocupaci\u00f3n que no re\u00fane los requisitos.<\/p>\n<p style=\"text-align: justify;\"><span style=\"color: #ff0000; font-family: Arial;\"><b>\u00a0<\/b><\/span><\/p>\n","protected":false},"excerpt":{"rendered":"<p>La norma NFPA 25, \u201cInspecci\u00f3n, Comprobaci\u00f3n y Mantenimiento de Sistemas Hidr\u00e1ulicos de Protecci\u00f3n Contra Incendios\u00bb, establece los requerimientos m\u00ednimos para la inspecci\u00f3n, prueba y mantenimiento peri\u00f3dico de los sistemas hidr\u00e1ulicos contra incendio; basado en un patr\u00f3n de procedimientos para los servicios a ser ejecutados en general, as\u00ed como un intervalo de tiempo entre la ejecuci\u00f3n [&hellip;]<\/p>\n","protected":false},"author":1,"featured_media":0,"parent":453,"menu_order":0,"comment_status":"closed","ping_status":"closed","template":"","meta":{"_et_pb_use_builder":"","_et_pb_old_content":"","_et_gb_content_width":"","footnotes":""},"class_list":["post-474","page","type-page","status-publish","hentry"],"yoast_head":"<!-- This site is optimized with the Yoast SEO plugin v27.5 - https:\/\/yoast.com\/product\/yoast-seo-wordpress\/ -->\n<title>NFPA 25 - SACA Sistemas de Protecci\u00f3n contra Incendio M\u00e9xico<\/title>\n<meta name=\"robots\" content=\"index, follow, max-snippet:-1, max-image-preview:large, max-video-preview:-1\" \/>\n<link rel=\"canonical\" href=\"https:\/\/saca.com.mx\/es\/normatividad\/nfpa\/nfpa-25\/\" \/>\n<meta property=\"og:locale\" content=\"es_ES\" \/>\n<meta property=\"og:type\" content=\"article\" \/>\n<meta property=\"og:title\" content=\"NFPA 25 - SACA Sistemas de Protecci\u00f3n contra Incendio M\u00e9xico\" \/>\n<meta property=\"og:description\" content=\"La norma NFPA 25, \u201cInspecci\u00f3n, Comprobaci\u00f3n y Mantenimiento de Sistemas Hidr\u00e1ulicos de Protecci\u00f3n Contra Incendios\u00bb, establece los requerimientos m\u00ednimos para la inspecci\u00f3n, prueba y mantenimiento peri\u00f3dico de los sistemas hidr\u00e1ulicos contra incendio; basado en un patr\u00f3n de procedimientos para los servicios a ser ejecutados en general, as\u00ed como un intervalo de tiempo entre la ejecuci\u00f3n [&hellip;]\" \/>\n<meta property=\"og:url\" content=\"https:\/\/saca.com.mx\/es\/normatividad\/nfpa\/nfpa-25\/\" \/>\n<meta property=\"og:site_name\" content=\"SACA Sistemas de Protecci\u00f3n contra Incendio M\u00e9xico\" \/>\n<meta property=\"article:modified_time\" content=\"2015-04-18T17:23:14+00:00\" \/>\n<meta property=\"og:image\" content=\"http:\/\/saca.com.mx\/es\/wp-content\/uploads\/2015\/04\/nfpa25.png\" \/>\n<meta name=\"twitter:card\" content=\"summary_large_image\" \/>\n<meta name=\"twitter:label1\" content=\"Tiempo de lectura\" \/>\n\t<meta name=\"twitter:data1\" content=\"1 minuto\" \/>\n<script type=\"application\/ld+json\" class=\"yoast-schema-graph\">{\"@context\":\"https:\\\/\\\/schema.org\",\"@graph\":[{\"@type\":\"WebPage\",\"@id\":\"https:\\\/\\\/saca.com.mx\\\/es\\\/normatividad\\\/nfpa\\\/nfpa-25\\\/\",\"url\":\"https:\\\/\\\/saca.com.mx\\\/es\\\/normatividad\\\/nfpa\\\/nfpa-25\\\/\",\"name\":\"NFPA 25 - SACA Sistemas de Protecci\u00f3n contra Incendio M\u00e9xico\",\"isPartOf\":{\"@id\":\"https:\\\/\\\/saca.com.mx\\\/es\\\/#website\"},\"primaryImageOfPage\":{\"@id\":\"https:\\\/\\\/saca.com.mx\\\/es\\\/normatividad\\\/nfpa\\\/nfpa-25\\\/#primaryimage\"},\"image\":{\"@id\":\"https:\\\/\\\/saca.com.mx\\\/es\\\/normatividad\\\/nfpa\\\/nfpa-25\\\/#primaryimage\"},\"thumbnailUrl\":\"http:\\\/\\\/saca.com.mx\\\/es\\\/wp-content\\\/uploads\\\/2015\\\/04\\\/nfpa25.png\",\"datePublished\":\"2015-04-17T20:17:45+00:00\",\"dateModified\":\"2015-04-18T17:23:14+00:00\",\"breadcrumb\":{\"@id\":\"https:\\\/\\\/saca.com.mx\\\/es\\\/normatividad\\\/nfpa\\\/nfpa-25\\\/#breadcrumb\"},\"inLanguage\":\"es\",\"potentialAction\":[{\"@type\":\"ReadAction\",\"target\":[\"https:\\\/\\\/saca.com.mx\\\/es\\\/normatividad\\\/nfpa\\\/nfpa-25\\\/\"]}]},{\"@type\":\"ImageObject\",\"inLanguage\":\"es\",\"@id\":\"https:\\\/\\\/saca.com.mx\\\/es\\\/normatividad\\\/nfpa\\\/nfpa-25\\\/#primaryimage\",\"url\":\"https:\\\/\\\/saca.com.mx\\\/es\\\/wp-content\\\/uploads\\\/2015\\\/04\\\/nfpa25.png\",\"contentUrl\":\"https:\\\/\\\/saca.com.mx\\\/es\\\/wp-content\\\/uploads\\\/2015\\\/04\\\/nfpa25.png\",\"width\":255,\"height\":205},{\"@type\":\"BreadcrumbList\",\"@id\":\"https:\\\/\\\/saca.com.mx\\\/es\\\/normatividad\\\/nfpa\\\/nfpa-25\\\/#breadcrumb\",\"itemListElement\":[{\"@type\":\"ListItem\",\"position\":1,\"name\":\"Portada\",\"item\":\"https:\\\/\\\/saca.com.mx\\\/es\\\/\"},{\"@type\":\"ListItem\",\"position\":2,\"name\":\"Normatividad\",\"item\":\"https:\\\/\\\/saca.com.mx\\\/es\\\/normatividad\\\/\"},{\"@type\":\"ListItem\",\"position\":3,\"name\":\"NFPA\",\"item\":\"https:\\\/\\\/saca.com.mx\\\/es\\\/normatividad\\\/nfpa\\\/\"},{\"@type\":\"ListItem\",\"position\":4,\"name\":\"NFPA 25\"}]},{\"@type\":\"WebSite\",\"@id\":\"https:\\\/\\\/saca.com.mx\\\/es\\\/#website\",\"url\":\"https:\\\/\\\/saca.com.mx\\\/es\\\/\",\"name\":\"SACA Sistemas de Protecci\u00f3n contra Incendio M\u00e9xico\",\"description\":\"\",\"potentialAction\":[{\"@type\":\"SearchAction\",\"target\":{\"@type\":\"EntryPoint\",\"urlTemplate\":\"https:\\\/\\\/saca.com.mx\\\/es\\\/?s={search_term_string}\"},\"query-input\":{\"@type\":\"PropertyValueSpecification\",\"valueRequired\":true,\"valueName\":\"search_term_string\"}}],\"inLanguage\":\"es\"}]}<\/script>\n<!-- \/ Yoast SEO plugin. -->","yoast_head_json":{"title":"NFPA 25 - SACA Sistemas de Protecci\u00f3n contra Incendio M\u00e9xico","robots":{"index":"index","follow":"follow","max-snippet":"max-snippet:-1","max-image-preview":"max-image-preview:large","max-video-preview":"max-video-preview:-1"},"canonical":"https:\/\/saca.com.mx\/es\/normatividad\/nfpa\/nfpa-25\/","og_locale":"es_ES","og_type":"article","og_title":"NFPA 25 - SACA Sistemas de Protecci\u00f3n contra Incendio M\u00e9xico","og_description":"La norma NFPA 25, \u201cInspecci\u00f3n, Comprobaci\u00f3n y Mantenimiento de Sistemas Hidr\u00e1ulicos de Protecci\u00f3n Contra Incendios\u00bb, establece los requerimientos m\u00ednimos para la inspecci\u00f3n, prueba y mantenimiento peri\u00f3dico de los sistemas hidr\u00e1ulicos contra incendio; basado en un patr\u00f3n de procedimientos para los servicios a ser ejecutados en general, as\u00ed como un intervalo de tiempo entre la ejecuci\u00f3n [&hellip;]","og_url":"https:\/\/saca.com.mx\/es\/normatividad\/nfpa\/nfpa-25\/","og_site_name":"SACA Sistemas de Protecci\u00f3n contra Incendio M\u00e9xico","article_modified_time":"2015-04-18T17:23:14+00:00","og_image":[{"url":"http:\/\/saca.com.mx\/es\/wp-content\/uploads\/2015\/04\/nfpa25.png","type":"","width":"","height":""}],"twitter_card":"summary_large_image","twitter_misc":{"Tiempo de lectura":"1 minuto"},"schema":{"@context":"https:\/\/schema.org","@graph":[{"@type":"WebPage","@id":"https:\/\/saca.com.mx\/es\/normatividad\/nfpa\/nfpa-25\/","url":"https:\/\/saca.com.mx\/es\/normatividad\/nfpa\/nfpa-25\/","name":"NFPA 25 - SACA Sistemas de Protecci\u00f3n contra Incendio M\u00e9xico","isPartOf":{"@id":"https:\/\/saca.com.mx\/es\/#website"},"primaryImageOfPage":{"@id":"https:\/\/saca.com.mx\/es\/normatividad\/nfpa\/nfpa-25\/#primaryimage"},"image":{"@id":"https:\/\/saca.com.mx\/es\/normatividad\/nfpa\/nfpa-25\/#primaryimage"},"thumbnailUrl":"http:\/\/saca.com.mx\/es\/wp-content\/uploads\/2015\/04\/nfpa25.png","datePublished":"2015-04-17T20:17:45+00:00","dateModified":"2015-04-18T17:23:14+00:00","breadcrumb":{"@id":"https:\/\/saca.com.mx\/es\/normatividad\/nfpa\/nfpa-25\/#breadcrumb"},"inLanguage":"es","potentialAction":[{"@type":"ReadAction","target":["https:\/\/saca.com.mx\/es\/normatividad\/nfpa\/nfpa-25\/"]}]},{"@type":"ImageObject","inLanguage":"es","@id":"https:\/\/saca.com.mx\/es\/normatividad\/nfpa\/nfpa-25\/#primaryimage","url":"https:\/\/saca.com.mx\/es\/wp-content\/uploads\/2015\/04\/nfpa25.png","contentUrl":"https:\/\/saca.com.mx\/es\/wp-content\/uploads\/2015\/04\/nfpa25.png","width":255,"height":205},{"@type":"BreadcrumbList","@id":"https:\/\/saca.com.mx\/es\/normatividad\/nfpa\/nfpa-25\/#breadcrumb","itemListElement":[{"@type":"ListItem","position":1,"name":"Portada","item":"https:\/\/saca.com.mx\/es\/"},{"@type":"ListItem","position":2,"name":"Normatividad","item":"https:\/\/saca.com.mx\/es\/normatividad\/"},{"@type":"ListItem","position":3,"name":"NFPA","item":"https:\/\/saca.com.mx\/es\/normatividad\/nfpa\/"},{"@type":"ListItem","position":4,"name":"NFPA 25"}]},{"@type":"WebSite","@id":"https:\/\/saca.com.mx\/es\/#website","url":"https:\/\/saca.com.mx\/es\/","name":"SACA Sistemas de Protecci\u00f3n contra Incendio M\u00e9xico","description":"","potentialAction":[{"@type":"SearchAction","target":{"@type":"EntryPoint","urlTemplate":"https:\/\/saca.com.mx\/es\/?s={search_term_string}"},"query-input":{"@type":"PropertyValueSpecification","valueRequired":true,"valueName":"search_term_string"}}],"inLanguage":"es"}]}},"_links":{"self":[{"href":"https:\/\/saca.com.mx\/es\/wp-json\/wp\/v2\/pages\/474","targetHints":{"allow":["GET"]}}],"collection":[{"href":"https:\/\/saca.com.mx\/es\/wp-json\/wp\/v2\/pages"}],"about":[{"href":"https:\/\/saca.com.mx\/es\/wp-json\/wp\/v2\/types\/page"}],"author":[{"embeddable":true,"href":"https:\/\/saca.com.mx\/es\/wp-json\/wp\/v2\/users\/1"}],"replies":[{"embeddable":true,"href":"https:\/\/saca.com.mx\/es\/wp-json\/wp\/v2\/comments?post=474"}],"version-history":[{"count":3,"href":"https:\/\/saca.com.mx\/es\/wp-json\/wp\/v2\/pages\/474\/revisions"}],"predecessor-version":[{"id":504,"href":"https:\/\/saca.com.mx\/es\/wp-json\/wp\/v2\/pages\/474\/revisions\/504"}],"up":[{"embeddable":true,"href":"https:\/\/saca.com.mx\/es\/wp-json\/wp\/v2\/pages\/453"}],"wp:attachment":[{"href":"https:\/\/saca.com.mx\/es\/wp-json\/wp\/v2\/media?parent=474"}],"curies":[{"name":"wp","href":"https:\/\/api.w.org\/{rel}","templated":true}]}}