{"id":508,"date":"2015-04-17T21:59:43","date_gmt":"2015-04-17T21:59:43","guid":{"rendered":"http:\/\/saca.com.mx\/es\/?page_id=508"},"modified":"2015-04-18T17:21:57","modified_gmt":"2015-04-18T17:21:57","slug":"fm","status":"publish","type":"page","link":"https:\/\/saca.com.mx\/es\/normatividad\/fm\/","title":{"rendered":"FM"},"content":{"rendered":"<p><span style=\"color: #800000;\"><strong><img loading=\"lazy\" decoding=\"async\" class=\"alignleft size-full wp-image-510\" src=\"http:\/\/saca.com.mx\/es\/wp-content\/uploads\/2015\/04\/fm.png\" alt=\"fm\" width=\"255\" height=\"205\" \/>Factory Mutual (FM)<\/strong><\/span>, es una compa\u00f1\u00eda norteamericana global, l\u00edder en materia de prevenci\u00f3n de p\u00e9rdidas para grandes corporaciones en el mundo, dentro del mercado de propiedades en alto riesgo de protecci\u00f3n (HPR).<\/p>\n<p>Bajo la filosof\u00eda de que toda p\u00e9rdida en propiedades puede ser prevenida o mitigada, FM tiene un enfoque en investigaci\u00f3n de p\u00e9rdidas y consejo a clientes enfatizando cambios en operaci\u00f3n e instalaciones para mitigar posibles efectos de riesgos en espec\u00edfico. Como tal, el objetivo de la relaci\u00f3n entre FM y las compa\u00f1\u00edas aseguradas, consiste en coincidir en los riesgos de largo plazo a asumir de manera mesurada, tomando como referencia otras empresas aseguradas por FM.<\/p>\n<p>El origen de FM se da durante la depresi\u00f3n de 1835, cuando Zachariah Allen, prominente textilero, buscando reducir las primas de sus seguro en su planta de Rhode Island, realiz\u00f3 diversas mejoras orientadas a disminuir riesgos. Allen fue pionero en el concepto de prevenci\u00f3n y control de riesgos, sin embargo la reducci\u00f3n de primas le fue denegada y en consecuencia formo una asociaci\u00f3n mutual con empresas de su mismo ramo: \u201cManufacturers Mutual Fire Insurance Company\u201c, que a la postre se transformar\u00eda en FM Global (1999).<\/p>\n<p>El inter\u00e9s de las compa\u00f1\u00edas FM se enfoc\u00f3, desde su origen, en investigaci\u00f3n y desarrollo de productos y t\u00e9cnicas que ayudaran a mitigar riesgos y conservar las propiedades. En 1874 una revolucionaria forma de prevenir p\u00e9rdidas se introdujo al mercado: Los Rociadores. No obstante que el desarrollo de esta innovaci\u00f3n se dio fuera de FM, fue de hecho FM qui\u00e9n la llevo al siguiente nivel con investigaci\u00f3n y desarrollo hasta la fecha.<\/p>\n<p>FM Global tiene su campo de investigaci\u00f3n y desarrollo en West Glocester, R.I., USA, donde conduce pruebas de fuego y riesgos especiales, detecci\u00f3n de riesgos y protecci\u00f3n tecnol\u00f3gica, de desastres naturales y de riesgos el\u00e9ctricos. Estas pruebas van del rango de testificar la diferencia en c\u00f3mo se queman los materiales hasta evaluar como los componentes de la construcci\u00f3n reaccionan frente a desastres naturales.<\/p>\n","protected":false},"excerpt":{"rendered":"<p>Factory Mutual (FM), es una compa\u00f1\u00eda norteamericana global, l\u00edder en materia de prevenci\u00f3n de p\u00e9rdidas para grandes corporaciones en el mundo, dentro del mercado de propiedades en alto riesgo de protecci\u00f3n (HPR). Bajo la filosof\u00eda de que toda p\u00e9rdida en propiedades puede ser prevenida o mitigada, FM tiene un enfoque en investigaci\u00f3n de p\u00e9rdidas y [&hellip;]<\/p>\n","protected":false},"author":1,"featured_media":0,"parent":451,"menu_order":0,"comment_status":"closed","ping_status":"closed","template":"","meta":{"_et_pb_use_builder":"","_et_pb_old_content":"","_et_gb_content_width":"","footnotes":""},"class_list":["post-508","page","type-page","status-publish","hentry"],"yoast_head":"<!-- This site is optimized with the Yoast SEO plugin v27.6 - https:\/\/yoast.com\/product\/yoast-seo-wordpress\/ -->\n<title>FM - SACA Sistemas de Protecci\u00f3n contra Incendio M\u00e9xico<\/title>\n<meta name=\"robots\" content=\"index, follow, max-snippet:-1, max-image-preview:large, max-video-preview:-1\" \/>\n<link rel=\"canonical\" href=\"https:\/\/saca.com.mx\/es\/normatividad\/fm\/\" \/>\n<meta property=\"og:locale\" content=\"es_ES\" \/>\n<meta property=\"og:type\" content=\"article\" \/>\n<meta property=\"og:title\" content=\"FM - SACA Sistemas de Protecci\u00f3n contra Incendio M\u00e9xico\" \/>\n<meta property=\"og:description\" content=\"Factory Mutual (FM), es una compa\u00f1\u00eda norteamericana global, l\u00edder en materia de prevenci\u00f3n de p\u00e9rdidas para grandes corporaciones en el mundo, dentro del mercado de propiedades en alto riesgo de protecci\u00f3n (HPR). Bajo la filosof\u00eda de que toda p\u00e9rdida en propiedades puede ser prevenida o mitigada, FM tiene un enfoque en investigaci\u00f3n de p\u00e9rdidas y [&hellip;]\" \/>\n<meta property=\"og:url\" content=\"https:\/\/saca.com.mx\/es\/normatividad\/fm\/\" \/>\n<meta property=\"og:site_name\" content=\"SACA Sistemas de Protecci\u00f3n contra Incendio M\u00e9xico\" \/>\n<meta property=\"article:modified_time\" content=\"2015-04-18T17:21:57+00:00\" \/>\n<meta property=\"og:image\" content=\"http:\/\/saca.com.mx\/es\/wp-content\/uploads\/2015\/04\/fm.png\" \/>\n<meta name=\"twitter:card\" content=\"summary_large_image\" \/>\n<meta name=\"twitter:label1\" content=\"Tiempo de lectura\" \/>\n\t<meta name=\"twitter:data1\" content=\"2 minutos\" \/>\n<script type=\"application\/ld+json\" class=\"yoast-schema-graph\">{\"@context\":\"https:\\\/\\\/schema.org\",\"@graph\":[{\"@type\":\"WebPage\",\"@id\":\"https:\\\/\\\/saca.com.mx\\\/es\\\/normatividad\\\/fm\\\/\",\"url\":\"https:\\\/\\\/saca.com.mx\\\/es\\\/normatividad\\\/fm\\\/\",\"name\":\"FM - SACA Sistemas de Protecci\u00f3n contra Incendio M\u00e9xico\",\"isPartOf\":{\"@id\":\"https:\\\/\\\/saca.com.mx\\\/es\\\/#website\"},\"primaryImageOfPage\":{\"@id\":\"https:\\\/\\\/saca.com.mx\\\/es\\\/normatividad\\\/fm\\\/#primaryimage\"},\"image\":{\"@id\":\"https:\\\/\\\/saca.com.mx\\\/es\\\/normatividad\\\/fm\\\/#primaryimage\"},\"thumbnailUrl\":\"http:\\\/\\\/saca.com.mx\\\/es\\\/wp-content\\\/uploads\\\/2015\\\/04\\\/fm.png\",\"datePublished\":\"2015-04-17T21:59:43+00:00\",\"dateModified\":\"2015-04-18T17:21:57+00:00\",\"breadcrumb\":{\"@id\":\"https:\\\/\\\/saca.com.mx\\\/es\\\/normatividad\\\/fm\\\/#breadcrumb\"},\"inLanguage\":\"es\",\"potentialAction\":[{\"@type\":\"ReadAction\",\"target\":[\"https:\\\/\\\/saca.com.mx\\\/es\\\/normatividad\\\/fm\\\/\"]}]},{\"@type\":\"ImageObject\",\"inLanguage\":\"es\",\"@id\":\"https:\\\/\\\/saca.com.mx\\\/es\\\/normatividad\\\/fm\\\/#primaryimage\",\"url\":\"https:\\\/\\\/saca.com.mx\\\/es\\\/wp-content\\\/uploads\\\/2015\\\/04\\\/fm.png\",\"contentUrl\":\"https:\\\/\\\/saca.com.mx\\\/es\\\/wp-content\\\/uploads\\\/2015\\\/04\\\/fm.png\",\"width\":255,\"height\":205},{\"@type\":\"BreadcrumbList\",\"@id\":\"https:\\\/\\\/saca.com.mx\\\/es\\\/normatividad\\\/fm\\\/#breadcrumb\",\"itemListElement\":[{\"@type\":\"ListItem\",\"position\":1,\"name\":\"Portada\",\"item\":\"https:\\\/\\\/saca.com.mx\\\/es\\\/\"},{\"@type\":\"ListItem\",\"position\":2,\"name\":\"Normatividad\",\"item\":\"https:\\\/\\\/saca.com.mx\\\/es\\\/normatividad\\\/\"},{\"@type\":\"ListItem\",\"position\":3,\"name\":\"FM\"}]},{\"@type\":\"WebSite\",\"@id\":\"https:\\\/\\\/saca.com.mx\\\/es\\\/#website\",\"url\":\"https:\\\/\\\/saca.com.mx\\\/es\\\/\",\"name\":\"SACA Sistemas de Protecci\u00f3n contra Incendio M\u00e9xico\",\"description\":\"\",\"potentialAction\":[{\"@type\":\"SearchAction\",\"target\":{\"@type\":\"EntryPoint\",\"urlTemplate\":\"https:\\\/\\\/saca.com.mx\\\/es\\\/?s={search_term_string}\"},\"query-input\":{\"@type\":\"PropertyValueSpecification\",\"valueRequired\":true,\"valueName\":\"search_term_string\"}}],\"inLanguage\":\"es\"}]}<\/script>\n<!-- \/ Yoast SEO plugin. -->","yoast_head_json":{"title":"FM - SACA Sistemas de Protecci\u00f3n contra Incendio M\u00e9xico","robots":{"index":"index","follow":"follow","max-snippet":"max-snippet:-1","max-image-preview":"max-image-preview:large","max-video-preview":"max-video-preview:-1"},"canonical":"https:\/\/saca.com.mx\/es\/normatividad\/fm\/","og_locale":"es_ES","og_type":"article","og_title":"FM - SACA Sistemas de Protecci\u00f3n contra Incendio M\u00e9xico","og_description":"Factory Mutual (FM), es una compa\u00f1\u00eda norteamericana global, l\u00edder en materia de prevenci\u00f3n de p\u00e9rdidas para grandes corporaciones en el mundo, dentro del mercado de propiedades en alto riesgo de protecci\u00f3n (HPR). Bajo la filosof\u00eda de que toda p\u00e9rdida en propiedades puede ser prevenida o mitigada, FM tiene un enfoque en investigaci\u00f3n de p\u00e9rdidas y [&hellip;]","og_url":"https:\/\/saca.com.mx\/es\/normatividad\/fm\/","og_site_name":"SACA Sistemas de Protecci\u00f3n contra Incendio M\u00e9xico","article_modified_time":"2015-04-18T17:21:57+00:00","og_image":[{"url":"http:\/\/saca.com.mx\/es\/wp-content\/uploads\/2015\/04\/fm.png","type":"","width":"","height":""}],"twitter_card":"summary_large_image","twitter_misc":{"Tiempo de lectura":"2 minutos"},"schema":{"@context":"https:\/\/schema.org","@graph":[{"@type":"WebPage","@id":"https:\/\/saca.com.mx\/es\/normatividad\/fm\/","url":"https:\/\/saca.com.mx\/es\/normatividad\/fm\/","name":"FM - SACA Sistemas de Protecci\u00f3n contra Incendio M\u00e9xico","isPartOf":{"@id":"https:\/\/saca.com.mx\/es\/#website"},"primaryImageOfPage":{"@id":"https:\/\/saca.com.mx\/es\/normatividad\/fm\/#primaryimage"},"image":{"@id":"https:\/\/saca.com.mx\/es\/normatividad\/fm\/#primaryimage"},"thumbnailUrl":"http:\/\/saca.com.mx\/es\/wp-content\/uploads\/2015\/04\/fm.png","datePublished":"2015-04-17T21:59:43+00:00","dateModified":"2015-04-18T17:21:57+00:00","breadcrumb":{"@id":"https:\/\/saca.com.mx\/es\/normatividad\/fm\/#breadcrumb"},"inLanguage":"es","potentialAction":[{"@type":"ReadAction","target":["https:\/\/saca.com.mx\/es\/normatividad\/fm\/"]}]},{"@type":"ImageObject","inLanguage":"es","@id":"https:\/\/saca.com.mx\/es\/normatividad\/fm\/#primaryimage","url":"https:\/\/saca.com.mx\/es\/wp-content\/uploads\/2015\/04\/fm.png","contentUrl":"https:\/\/saca.com.mx\/es\/wp-content\/uploads\/2015\/04\/fm.png","width":255,"height":205},{"@type":"BreadcrumbList","@id":"https:\/\/saca.com.mx\/es\/normatividad\/fm\/#breadcrumb","itemListElement":[{"@type":"ListItem","position":1,"name":"Portada","item":"https:\/\/saca.com.mx\/es\/"},{"@type":"ListItem","position":2,"name":"Normatividad","item":"https:\/\/saca.com.mx\/es\/normatividad\/"},{"@type":"ListItem","position":3,"name":"FM"}]},{"@type":"WebSite","@id":"https:\/\/saca.com.mx\/es\/#website","url":"https:\/\/saca.com.mx\/es\/","name":"SACA Sistemas de Protecci\u00f3n contra Incendio M\u00e9xico","description":"","potentialAction":[{"@type":"SearchAction","target":{"@type":"EntryPoint","urlTemplate":"https:\/\/saca.com.mx\/es\/?s={search_term_string}"},"query-input":{"@type":"PropertyValueSpecification","valueRequired":true,"valueName":"search_term_string"}}],"inLanguage":"es"}]}},"_links":{"self":[{"href":"https:\/\/saca.com.mx\/es\/wp-json\/wp\/v2\/pages\/508","targetHints":{"allow":["GET"]}}],"collection":[{"href":"https:\/\/saca.com.mx\/es\/wp-json\/wp\/v2\/pages"}],"about":[{"href":"https:\/\/saca.com.mx\/es\/wp-json\/wp\/v2\/types\/page"}],"author":[{"embeddable":true,"href":"https:\/\/saca.com.mx\/es\/wp-json\/wp\/v2\/users\/1"}],"replies":[{"embeddable":true,"href":"https:\/\/saca.com.mx\/es\/wp-json\/wp\/v2\/comments?post=508"}],"version-history":[{"count":2,"href":"https:\/\/saca.com.mx\/es\/wp-json\/wp\/v2\/pages\/508\/revisions"}],"predecessor-version":[{"id":511,"href":"https:\/\/saca.com.mx\/es\/wp-json\/wp\/v2\/pages\/508\/revisions\/511"}],"up":[{"embeddable":true,"href":"https:\/\/saca.com.mx\/es\/wp-json\/wp\/v2\/pages\/451"}],"wp:attachment":[{"href":"https:\/\/saca.com.mx\/es\/wp-json\/wp\/v2\/media?parent=508"}],"curies":[{"name":"wp","href":"https:\/\/api.w.org\/{rel}","templated":true}]}}