{"id":517,"date":"2015-04-17T22:03:16","date_gmt":"2015-04-17T22:03:16","guid":{"rendered":"http:\/\/saca.com.mx\/es\/?page_id=517"},"modified":"2015-04-28T12:17:05","modified_gmt":"2015-04-28T12:17:05","slug":"nom","status":"publish","type":"page","link":"https:\/\/saca.com.mx\/es\/normatividad\/nom\/","title":{"rendered":"NOM"},"content":{"rendered":"<p>&nbsp;<\/p>\n<p><img loading=\"lazy\" decoding=\"async\" class=\"alignleft size-full wp-image-1071\" src=\"http:\/\/saca.com.mx\/es\/wp-content\/uploads\/2015\/04\/nom2.png\" alt=\"nom\" width=\"250\" height=\"200\" \/><span style=\"color: #800000;\">Norma Oficial Mexicana (NOM) 002-STPS-2000<\/span>, es la normativa actual mexicana referente a la prevenci\u00f3n y protecci\u00f3n contra incendios; \u00e9sta describe la protecci\u00f3n que debe tener una empresa basada en su grado de riesgo de incendio. El grado de riesgo se determina con base en: N\u00famero de personas en el lugar, dimensiones del \u00e1rea, tipo de construcci\u00f3n, zona s\u00edsmica, riesgo de instalaciones, almacenamiento de combustibles e inflamables o explosivos, posibles reacciones qu\u00edmicas ante agentes extintores, ubicaci\u00f3n y capacidad de las fuentes de agua, etc. Basado en lo anterior, el grado de riesgo puede ser: Alto, medio y bajo; a partir del cual, se determina la necesidad del tipo de protecci\u00f3n: Extintores, detectores, alarma contra incendios y\/o sistema fijo contra incendio.<\/p>\n<p>La ley exige que las empresas clasificadas con riesgo alto de incendio cuenten con un sistema fijo contra incendios, el cual es definido como \u201cel instalado de manera permanente para el combate de incendios, los mas com\u00fanmente usados son hidrantes y rociadores\u201d. La norma se\u00f1ala que se debe \u201ccontar con equipo fijo contra incendio, de acuerdo al estudio que se realice, mismo que debe determinar su tipo y caracter\u00edsticas, y ser complementario a los extintores\u201d. No todos los riesgos necesitan hidrantes o rociadores, algunos necesitan sistemas fijos de espuma o polvo.<\/p>\n<p>Un sistema de hidrantes, en general, deber\u00eda de cumplir con: Estar en circuito cerrado; contar con una memoria de c\u00e1lculo del sistema; contar con un suministro de agua exclusivo y abastecimiento de al menos 2 horas con flujo de 946 l\/min, o definirse de acuerdo al riesgo\/\u00e1rea y contar con dotaci\u00f3n de 5 litros por cada m2 de construcci\u00f3n, as\u00ed como un almacenamiento m\u00ednimo de 20 m3 en la cisterna; contar con un sistema de bombeo con 2 fuentes de energ\u00eda (el\u00e9ctrica y de combusti\u00f3n interna) y estar automatizado; contar con una bomba Jockey para mantener una presi\u00f3n constante; contar con una conexi\u00f3n siamesa accesible, visible y con conexiones o accesorios compatibles con el servicio de bomberos, conectada a la red hidr\u00e1ulica y no a la cisterna o fuente de suministro de agua; mantener una presi\u00f3n m\u00ednima de 7 kg\/cm2 en toda la red; entre los requerimientos m\u00e1s relevantes.<\/p>\n<p>Los sistemas fijos, en general, deben: Ser sujetos de activaci\u00f3n manual o autom\u00e1tica; contar con supervisi\u00f3n para verificar la integridad de sus activadores; tener interruptor que permita la prueba del sistema sin activar los elementos supresores. Los principales sistemas fijos son: Redes hidr\u00e1ulicas, de rociadores con agente extinguidor de agua, bi\u00f3xido de carbono, polvo qu\u00edmico seco, espumas, sustitutos de hal\u00f3n y agentes limpios.<\/p>\n","protected":false},"excerpt":{"rendered":"<p>&nbsp; Norma Oficial Mexicana (NOM) 002-STPS-2000, es la normativa actual mexicana referente a la prevenci\u00f3n y protecci\u00f3n contra incendios; \u00e9sta describe la protecci\u00f3n que debe tener una empresa basada en su grado de riesgo de incendio. El grado de riesgo se determina con base en: N\u00famero de personas en el lugar, dimensiones del \u00e1rea, tipo [&hellip;]<\/p>\n","protected":false},"author":1,"featured_media":0,"parent":451,"menu_order":0,"comment_status":"closed","ping_status":"closed","template":"","meta":{"_et_pb_use_builder":"","_et_pb_old_content":"","_et_gb_content_width":"","footnotes":""},"class_list":["post-517","page","type-page","status-publish","hentry"],"yoast_head":"<!-- This site is optimized with the Yoast SEO plugin v27.4 - https:\/\/yoast.com\/product\/yoast-seo-wordpress\/ -->\n<title>NOM - SACA Sistemas de Protecci\u00f3n contra Incendio M\u00e9xico<\/title>\n<meta name=\"robots\" content=\"index, follow, max-snippet:-1, max-image-preview:large, max-video-preview:-1\" \/>\n<link rel=\"canonical\" href=\"https:\/\/saca.com.mx\/es\/normatividad\/nom\/\" \/>\n<meta property=\"og:locale\" content=\"es_ES\" \/>\n<meta property=\"og:type\" content=\"article\" \/>\n<meta property=\"og:title\" content=\"NOM - SACA Sistemas de Protecci\u00f3n contra Incendio M\u00e9xico\" \/>\n<meta property=\"og:description\" content=\"&nbsp; Norma Oficial Mexicana (NOM) 002-STPS-2000, es la normativa actual mexicana referente a la prevenci\u00f3n y protecci\u00f3n contra incendios; \u00e9sta describe la protecci\u00f3n que debe tener una empresa basada en su grado de riesgo de incendio. El grado de riesgo se determina con base en: N\u00famero de personas en el lugar, dimensiones del \u00e1rea, tipo [&hellip;]\" \/>\n<meta property=\"og:url\" content=\"https:\/\/saca.com.mx\/es\/normatividad\/nom\/\" \/>\n<meta property=\"og:site_name\" content=\"SACA Sistemas de Protecci\u00f3n contra Incendio M\u00e9xico\" \/>\n<meta property=\"article:modified_time\" content=\"2015-04-28T12:17:05+00:00\" \/>\n<meta property=\"og:image\" content=\"http:\/\/saca.com.mx\/es\/wp-content\/uploads\/2015\/04\/nom2.png\" \/>\n<meta name=\"twitter:card\" content=\"summary_large_image\" \/>\n<meta name=\"twitter:label1\" content=\"Tiempo de lectura\" \/>\n\t<meta name=\"twitter:data1\" content=\"2 minutos\" \/>\n<script type=\"application\/ld+json\" class=\"yoast-schema-graph\">{\"@context\":\"https:\\\/\\\/schema.org\",\"@graph\":[{\"@type\":\"WebPage\",\"@id\":\"https:\\\/\\\/saca.com.mx\\\/es\\\/normatividad\\\/nom\\\/\",\"url\":\"https:\\\/\\\/saca.com.mx\\\/es\\\/normatividad\\\/nom\\\/\",\"name\":\"NOM - SACA Sistemas de Protecci\u00f3n contra Incendio M\u00e9xico\",\"isPartOf\":{\"@id\":\"https:\\\/\\\/saca.com.mx\\\/es\\\/#website\"},\"primaryImageOfPage\":{\"@id\":\"https:\\\/\\\/saca.com.mx\\\/es\\\/normatividad\\\/nom\\\/#primaryimage\"},\"image\":{\"@id\":\"https:\\\/\\\/saca.com.mx\\\/es\\\/normatividad\\\/nom\\\/#primaryimage\"},\"thumbnailUrl\":\"http:\\\/\\\/saca.com.mx\\\/es\\\/wp-content\\\/uploads\\\/2015\\\/04\\\/nom2.png\",\"datePublished\":\"2015-04-17T22:03:16+00:00\",\"dateModified\":\"2015-04-28T12:17:05+00:00\",\"breadcrumb\":{\"@id\":\"https:\\\/\\\/saca.com.mx\\\/es\\\/normatividad\\\/nom\\\/#breadcrumb\"},\"inLanguage\":\"es\",\"potentialAction\":[{\"@type\":\"ReadAction\",\"target\":[\"https:\\\/\\\/saca.com.mx\\\/es\\\/normatividad\\\/nom\\\/\"]}]},{\"@type\":\"ImageObject\",\"inLanguage\":\"es\",\"@id\":\"https:\\\/\\\/saca.com.mx\\\/es\\\/normatividad\\\/nom\\\/#primaryimage\",\"url\":\"https:\\\/\\\/saca.com.mx\\\/es\\\/wp-content\\\/uploads\\\/2015\\\/04\\\/nom2.png\",\"contentUrl\":\"https:\\\/\\\/saca.com.mx\\\/es\\\/wp-content\\\/uploads\\\/2015\\\/04\\\/nom2.png\",\"width\":250,\"height\":200},{\"@type\":\"BreadcrumbList\",\"@id\":\"https:\\\/\\\/saca.com.mx\\\/es\\\/normatividad\\\/nom\\\/#breadcrumb\",\"itemListElement\":[{\"@type\":\"ListItem\",\"position\":1,\"name\":\"Portada\",\"item\":\"https:\\\/\\\/saca.com.mx\\\/es\\\/\"},{\"@type\":\"ListItem\",\"position\":2,\"name\":\"Normatividad\",\"item\":\"https:\\\/\\\/saca.com.mx\\\/es\\\/normatividad\\\/\"},{\"@type\":\"ListItem\",\"position\":3,\"name\":\"NOM\"}]},{\"@type\":\"WebSite\",\"@id\":\"https:\\\/\\\/saca.com.mx\\\/es\\\/#website\",\"url\":\"https:\\\/\\\/saca.com.mx\\\/es\\\/\",\"name\":\"SACA Sistemas de Protecci\u00f3n contra Incendio M\u00e9xico\",\"description\":\"\",\"potentialAction\":[{\"@type\":\"SearchAction\",\"target\":{\"@type\":\"EntryPoint\",\"urlTemplate\":\"https:\\\/\\\/saca.com.mx\\\/es\\\/?s={search_term_string}\"},\"query-input\":{\"@type\":\"PropertyValueSpecification\",\"valueRequired\":true,\"valueName\":\"search_term_string\"}}],\"inLanguage\":\"es\"}]}<\/script>\n<!-- \/ Yoast SEO plugin. -->","yoast_head_json":{"title":"NOM - SACA Sistemas de Protecci\u00f3n contra Incendio M\u00e9xico","robots":{"index":"index","follow":"follow","max-snippet":"max-snippet:-1","max-image-preview":"max-image-preview:large","max-video-preview":"max-video-preview:-1"},"canonical":"https:\/\/saca.com.mx\/es\/normatividad\/nom\/","og_locale":"es_ES","og_type":"article","og_title":"NOM - SACA Sistemas de Protecci\u00f3n contra Incendio M\u00e9xico","og_description":"&nbsp; Norma Oficial Mexicana (NOM) 002-STPS-2000, es la normativa actual mexicana referente a la prevenci\u00f3n y protecci\u00f3n contra incendios; \u00e9sta describe la protecci\u00f3n que debe tener una empresa basada en su grado de riesgo de incendio. El grado de riesgo se determina con base en: N\u00famero de personas en el lugar, dimensiones del \u00e1rea, tipo [&hellip;]","og_url":"https:\/\/saca.com.mx\/es\/normatividad\/nom\/","og_site_name":"SACA Sistemas de Protecci\u00f3n contra Incendio M\u00e9xico","article_modified_time":"2015-04-28T12:17:05+00:00","og_image":[{"url":"http:\/\/saca.com.mx\/es\/wp-content\/uploads\/2015\/04\/nom2.png","type":"","width":"","height":""}],"twitter_card":"summary_large_image","twitter_misc":{"Tiempo de lectura":"2 minutos"},"schema":{"@context":"https:\/\/schema.org","@graph":[{"@type":"WebPage","@id":"https:\/\/saca.com.mx\/es\/normatividad\/nom\/","url":"https:\/\/saca.com.mx\/es\/normatividad\/nom\/","name":"NOM - SACA Sistemas de Protecci\u00f3n contra Incendio M\u00e9xico","isPartOf":{"@id":"https:\/\/saca.com.mx\/es\/#website"},"primaryImageOfPage":{"@id":"https:\/\/saca.com.mx\/es\/normatividad\/nom\/#primaryimage"},"image":{"@id":"https:\/\/saca.com.mx\/es\/normatividad\/nom\/#primaryimage"},"thumbnailUrl":"http:\/\/saca.com.mx\/es\/wp-content\/uploads\/2015\/04\/nom2.png","datePublished":"2015-04-17T22:03:16+00:00","dateModified":"2015-04-28T12:17:05+00:00","breadcrumb":{"@id":"https:\/\/saca.com.mx\/es\/normatividad\/nom\/#breadcrumb"},"inLanguage":"es","potentialAction":[{"@type":"ReadAction","target":["https:\/\/saca.com.mx\/es\/normatividad\/nom\/"]}]},{"@type":"ImageObject","inLanguage":"es","@id":"https:\/\/saca.com.mx\/es\/normatividad\/nom\/#primaryimage","url":"https:\/\/saca.com.mx\/es\/wp-content\/uploads\/2015\/04\/nom2.png","contentUrl":"https:\/\/saca.com.mx\/es\/wp-content\/uploads\/2015\/04\/nom2.png","width":250,"height":200},{"@type":"BreadcrumbList","@id":"https:\/\/saca.com.mx\/es\/normatividad\/nom\/#breadcrumb","itemListElement":[{"@type":"ListItem","position":1,"name":"Portada","item":"https:\/\/saca.com.mx\/es\/"},{"@type":"ListItem","position":2,"name":"Normatividad","item":"https:\/\/saca.com.mx\/es\/normatividad\/"},{"@type":"ListItem","position":3,"name":"NOM"}]},{"@type":"WebSite","@id":"https:\/\/saca.com.mx\/es\/#website","url":"https:\/\/saca.com.mx\/es\/","name":"SACA Sistemas de Protecci\u00f3n contra Incendio M\u00e9xico","description":"","potentialAction":[{"@type":"SearchAction","target":{"@type":"EntryPoint","urlTemplate":"https:\/\/saca.com.mx\/es\/?s={search_term_string}"},"query-input":{"@type":"PropertyValueSpecification","valueRequired":true,"valueName":"search_term_string"}}],"inLanguage":"es"}]}},"_links":{"self":[{"href":"https:\/\/saca.com.mx\/es\/wp-json\/wp\/v2\/pages\/517","targetHints":{"allow":["GET"]}}],"collection":[{"href":"https:\/\/saca.com.mx\/es\/wp-json\/wp\/v2\/pages"}],"about":[{"href":"https:\/\/saca.com.mx\/es\/wp-json\/wp\/v2\/types\/page"}],"author":[{"embeddable":true,"href":"https:\/\/saca.com.mx\/es\/wp-json\/wp\/v2\/users\/1"}],"replies":[{"embeddable":true,"href":"https:\/\/saca.com.mx\/es\/wp-json\/wp\/v2\/comments?post=517"}],"version-history":[{"count":5,"href":"https:\/\/saca.com.mx\/es\/wp-json\/wp\/v2\/pages\/517\/revisions"}],"predecessor-version":[{"id":1075,"href":"https:\/\/saca.com.mx\/es\/wp-json\/wp\/v2\/pages\/517\/revisions\/1075"}],"up":[{"embeddable":true,"href":"https:\/\/saca.com.mx\/es\/wp-json\/wp\/v2\/pages\/451"}],"wp:attachment":[{"href":"https:\/\/saca.com.mx\/es\/wp-json\/wp\/v2\/media?parent=517"}],"curies":[{"name":"wp","href":"https:\/\/api.w.org\/{rel}","templated":true}]}}