{"id":575,"date":"2015-04-23T21:12:08","date_gmt":"2015-04-23T21:12:08","guid":{"rendered":"http:\/\/saca.com.mx\/es\/?page_id=575"},"modified":"2019-04-24T16:46:08","modified_gmt":"2019-04-24T16:46:08","slug":"combo-walmart-toreo","status":"publish","type":"page","link":"https:\/\/saca.com.mx\/es\/proyectos\/obras-2014-2015\/combo-walmart-toreo\/","title":{"rendered":"Combo Walmart Toreo"},"content":{"rendered":"<p>&nbsp;<\/p>\n<p style=\"text-align: justify;\"><span style=\"color: #800000;\">En esta obra, tipo combo de edificios de almacenaje para autoservicio en Miguel Hidalgo, Distrito Federal, instalamos el sistema de protecci\u00f3n contra incendio.<\/span><\/p>\n<p style=\"text-align: justify;\">El sistema instalado incluye Rociadores Autom\u00e1ticos ESFR K14 para techo principal, Rociadores tipo Est\u00e1ndar para abarrotes y oficinas, Rociadores tipo Seco para c\u00e1maras fr\u00edas y un Sistema de Pre acci\u00f3n para subestaci\u00f3n, de acuerdo a los est\u00e1ndares de NFPA 13.<\/p>\n<p>Por otro lado, instalamos un Equipo de Bombeo Vertical Diesel y otro El\u00e9ctrico de 1,500 GPM, incluido un Sistema de Supervisi\u00f3n, de acuerdo a los est\u00e1ndares de NFPA 22. Finalmente, instalamos un sistema de protecci\u00f3n contra incendio para cocinas, de tipo carga-descarga, con tanque qu\u00edmico y agente extintor avanzado.<\/p>\n<p>El proyecto fue entregado en tiempo, forma y costo, cumpliendo estrictamente con el GANT de la especialidad Protecci\u00f3n Contra Incendio y alineado al programa general de obra de nuestro cliente.<\/p>\n<p><img loading=\"lazy\" decoding=\"async\" class=\"aligncenter size-full wp-image-577\" src=\"http:\/\/saca.com.mx\/es\/wp-content\/uploads\/2015\/04\/213.png\" alt=\"2\" width=\"850\" height=\"190\" srcset=\"https:\/\/saca.com.mx\/es\/wp-content\/uploads\/2015\/04\/213.png 850w, https:\/\/saca.com.mx\/es\/wp-content\/uploads\/2015\/04\/213-300x67.png 300w\" sizes=\"(max-width: 850px) 100vw, 850px\" \/><\/p>\n","protected":false},"excerpt":{"rendered":"<p>&nbsp; En esta obra, tipo combo de edificios de almacenaje para autoservicio en Miguel Hidalgo, Distrito Federal, instalamos el sistema de protecci\u00f3n contra incendio. El sistema instalado incluye Rociadores Autom\u00e1ticos ESFR K14 para techo principal, Rociadores tipo Est\u00e1ndar para abarrotes y oficinas, Rociadores tipo Seco para c\u00e1maras fr\u00edas y un Sistema de Pre acci\u00f3n para [&hellip;]<\/p>\n","protected":false},"author":1,"featured_media":0,"parent":539,"menu_order":0,"comment_status":"closed","ping_status":"closed","template":"","meta":{"_et_pb_use_builder":"","_et_pb_old_content":"","_et_gb_content_width":"","footnotes":""},"class_list":["post-575","page","type-page","status-publish","hentry"],"yoast_head":"<!-- This site is optimized with the Yoast SEO plugin v27.4 - https:\/\/yoast.com\/product\/yoast-seo-wordpress\/ -->\n<title>Combo Walmart Toreo - SACA Sistemas de Protecci\u00f3n contra Incendio M\u00e9xico<\/title>\n<meta name=\"robots\" content=\"index, follow, max-snippet:-1, max-image-preview:large, max-video-preview:-1\" \/>\n<link rel=\"canonical\" href=\"https:\/\/saca.com.mx\/es\/proyectos\/obras-2014-2015\/combo-walmart-toreo\/\" \/>\n<meta property=\"og:locale\" content=\"es_ES\" \/>\n<meta property=\"og:type\" content=\"article\" \/>\n<meta property=\"og:title\" content=\"Combo Walmart Toreo - SACA Sistemas de Protecci\u00f3n contra Incendio M\u00e9xico\" \/>\n<meta property=\"og:description\" content=\"&nbsp; En esta obra, tipo combo de edificios de almacenaje para autoservicio en Miguel Hidalgo, Distrito Federal, instalamos el sistema de protecci\u00f3n contra incendio. El sistema instalado incluye Rociadores Autom\u00e1ticos ESFR K14 para techo principal, Rociadores tipo Est\u00e1ndar para abarrotes y oficinas, Rociadores tipo Seco para c\u00e1maras fr\u00edas y un Sistema de Pre acci\u00f3n para [&hellip;]\" \/>\n<meta property=\"og:url\" content=\"https:\/\/saca.com.mx\/es\/proyectos\/obras-2014-2015\/combo-walmart-toreo\/\" \/>\n<meta property=\"og:site_name\" content=\"SACA Sistemas de Protecci\u00f3n contra Incendio M\u00e9xico\" \/>\n<meta property=\"article:modified_time\" content=\"2019-04-24T16:46:08+00:00\" \/>\n<meta property=\"og:image\" content=\"http:\/\/saca.com.mx\/es\/wp-content\/uploads\/2015\/04\/213.png\" \/>\n<meta name=\"twitter:card\" content=\"summary_large_image\" \/>\n<meta name=\"twitter:label1\" content=\"Tiempo de lectura\" \/>\n\t<meta name=\"twitter:data1\" content=\"1 minuto\" \/>\n<script type=\"application\/ld+json\" class=\"yoast-schema-graph\">{\"@context\":\"https:\\\/\\\/schema.org\",\"@graph\":[{\"@type\":\"WebPage\",\"@id\":\"https:\\\/\\\/saca.com.mx\\\/es\\\/proyectos\\\/obras-2014-2015\\\/combo-walmart-toreo\\\/\",\"url\":\"https:\\\/\\\/saca.com.mx\\\/es\\\/proyectos\\\/obras-2014-2015\\\/combo-walmart-toreo\\\/\",\"name\":\"Combo Walmart Toreo - SACA Sistemas de Protecci\u00f3n contra Incendio M\u00e9xico\",\"isPartOf\":{\"@id\":\"https:\\\/\\\/saca.com.mx\\\/es\\\/#website\"},\"primaryImageOfPage\":{\"@id\":\"https:\\\/\\\/saca.com.mx\\\/es\\\/proyectos\\\/obras-2014-2015\\\/combo-walmart-toreo\\\/#primaryimage\"},\"image\":{\"@id\":\"https:\\\/\\\/saca.com.mx\\\/es\\\/proyectos\\\/obras-2014-2015\\\/combo-walmart-toreo\\\/#primaryimage\"},\"thumbnailUrl\":\"http:\\\/\\\/saca.com.mx\\\/es\\\/wp-content\\\/uploads\\\/2015\\\/04\\\/213.png\",\"datePublished\":\"2015-04-23T21:12:08+00:00\",\"dateModified\":\"2019-04-24T16:46:08+00:00\",\"breadcrumb\":{\"@id\":\"https:\\\/\\\/saca.com.mx\\\/es\\\/proyectos\\\/obras-2014-2015\\\/combo-walmart-toreo\\\/#breadcrumb\"},\"inLanguage\":\"es\",\"potentialAction\":[{\"@type\":\"ReadAction\",\"target\":[\"https:\\\/\\\/saca.com.mx\\\/es\\\/proyectos\\\/obras-2014-2015\\\/combo-walmart-toreo\\\/\"]}]},{\"@type\":\"ImageObject\",\"inLanguage\":\"es\",\"@id\":\"https:\\\/\\\/saca.com.mx\\\/es\\\/proyectos\\\/obras-2014-2015\\\/combo-walmart-toreo\\\/#primaryimage\",\"url\":\"https:\\\/\\\/saca.com.mx\\\/es\\\/wp-content\\\/uploads\\\/2015\\\/04\\\/213.png\",\"contentUrl\":\"https:\\\/\\\/saca.com.mx\\\/es\\\/wp-content\\\/uploads\\\/2015\\\/04\\\/213.png\",\"width\":850,\"height\":190},{\"@type\":\"BreadcrumbList\",\"@id\":\"https:\\\/\\\/saca.com.mx\\\/es\\\/proyectos\\\/obras-2014-2015\\\/combo-walmart-toreo\\\/#breadcrumb\",\"itemListElement\":[{\"@type\":\"ListItem\",\"position\":1,\"name\":\"Portada\",\"item\":\"https:\\\/\\\/saca.com.mx\\\/es\\\/\"},{\"@type\":\"ListItem\",\"position\":2,\"name\":\"Proyectos\",\"item\":\"https:\\\/\\\/saca.com.mx\\\/es\\\/proyectos\\\/\"},{\"@type\":\"ListItem\",\"position\":3,\"name\":\"Obras 2014-2015\",\"item\":\"https:\\\/\\\/saca.com.mx\\\/es\\\/proyectos\\\/obras-2014-2015\\\/\"},{\"@type\":\"ListItem\",\"position\":4,\"name\":\"Combo Walmart Toreo\"}]},{\"@type\":\"WebSite\",\"@id\":\"https:\\\/\\\/saca.com.mx\\\/es\\\/#website\",\"url\":\"https:\\\/\\\/saca.com.mx\\\/es\\\/\",\"name\":\"SACA Sistemas de Protecci\u00f3n contra Incendio M\u00e9xico\",\"description\":\"\",\"potentialAction\":[{\"@type\":\"SearchAction\",\"target\":{\"@type\":\"EntryPoint\",\"urlTemplate\":\"https:\\\/\\\/saca.com.mx\\\/es\\\/?s={search_term_string}\"},\"query-input\":{\"@type\":\"PropertyValueSpecification\",\"valueRequired\":true,\"valueName\":\"search_term_string\"}}],\"inLanguage\":\"es\"}]}<\/script>\n<!-- \/ Yoast SEO plugin. -->","yoast_head_json":{"title":"Combo Walmart Toreo - SACA Sistemas de Protecci\u00f3n contra Incendio M\u00e9xico","robots":{"index":"index","follow":"follow","max-snippet":"max-snippet:-1","max-image-preview":"max-image-preview:large","max-video-preview":"max-video-preview:-1"},"canonical":"https:\/\/saca.com.mx\/es\/proyectos\/obras-2014-2015\/combo-walmart-toreo\/","og_locale":"es_ES","og_type":"article","og_title":"Combo Walmart Toreo - SACA Sistemas de Protecci\u00f3n contra Incendio M\u00e9xico","og_description":"&nbsp; En esta obra, tipo combo de edificios de almacenaje para autoservicio en Miguel Hidalgo, Distrito Federal, instalamos el sistema de protecci\u00f3n contra incendio. El sistema instalado incluye Rociadores Autom\u00e1ticos ESFR K14 para techo principal, Rociadores tipo Est\u00e1ndar para abarrotes y oficinas, Rociadores tipo Seco para c\u00e1maras fr\u00edas y un Sistema de Pre acci\u00f3n para [&hellip;]","og_url":"https:\/\/saca.com.mx\/es\/proyectos\/obras-2014-2015\/combo-walmart-toreo\/","og_site_name":"SACA Sistemas de Protecci\u00f3n contra Incendio M\u00e9xico","article_modified_time":"2019-04-24T16:46:08+00:00","og_image":[{"url":"http:\/\/saca.com.mx\/es\/wp-content\/uploads\/2015\/04\/213.png","type":"","width":"","height":""}],"twitter_card":"summary_large_image","twitter_misc":{"Tiempo de lectura":"1 minuto"},"schema":{"@context":"https:\/\/schema.org","@graph":[{"@type":"WebPage","@id":"https:\/\/saca.com.mx\/es\/proyectos\/obras-2014-2015\/combo-walmart-toreo\/","url":"https:\/\/saca.com.mx\/es\/proyectos\/obras-2014-2015\/combo-walmart-toreo\/","name":"Combo Walmart Toreo - SACA Sistemas de Protecci\u00f3n contra Incendio M\u00e9xico","isPartOf":{"@id":"https:\/\/saca.com.mx\/es\/#website"},"primaryImageOfPage":{"@id":"https:\/\/saca.com.mx\/es\/proyectos\/obras-2014-2015\/combo-walmart-toreo\/#primaryimage"},"image":{"@id":"https:\/\/saca.com.mx\/es\/proyectos\/obras-2014-2015\/combo-walmart-toreo\/#primaryimage"},"thumbnailUrl":"http:\/\/saca.com.mx\/es\/wp-content\/uploads\/2015\/04\/213.png","datePublished":"2015-04-23T21:12:08+00:00","dateModified":"2019-04-24T16:46:08+00:00","breadcrumb":{"@id":"https:\/\/saca.com.mx\/es\/proyectos\/obras-2014-2015\/combo-walmart-toreo\/#breadcrumb"},"inLanguage":"es","potentialAction":[{"@type":"ReadAction","target":["https:\/\/saca.com.mx\/es\/proyectos\/obras-2014-2015\/combo-walmart-toreo\/"]}]},{"@type":"ImageObject","inLanguage":"es","@id":"https:\/\/saca.com.mx\/es\/proyectos\/obras-2014-2015\/combo-walmart-toreo\/#primaryimage","url":"https:\/\/saca.com.mx\/es\/wp-content\/uploads\/2015\/04\/213.png","contentUrl":"https:\/\/saca.com.mx\/es\/wp-content\/uploads\/2015\/04\/213.png","width":850,"height":190},{"@type":"BreadcrumbList","@id":"https:\/\/saca.com.mx\/es\/proyectos\/obras-2014-2015\/combo-walmart-toreo\/#breadcrumb","itemListElement":[{"@type":"ListItem","position":1,"name":"Portada","item":"https:\/\/saca.com.mx\/es\/"},{"@type":"ListItem","position":2,"name":"Proyectos","item":"https:\/\/saca.com.mx\/es\/proyectos\/"},{"@type":"ListItem","position":3,"name":"Obras 2014-2015","item":"https:\/\/saca.com.mx\/es\/proyectos\/obras-2014-2015\/"},{"@type":"ListItem","position":4,"name":"Combo Walmart Toreo"}]},{"@type":"WebSite","@id":"https:\/\/saca.com.mx\/es\/#website","url":"https:\/\/saca.com.mx\/es\/","name":"SACA Sistemas de Protecci\u00f3n contra Incendio M\u00e9xico","description":"","potentialAction":[{"@type":"SearchAction","target":{"@type":"EntryPoint","urlTemplate":"https:\/\/saca.com.mx\/es\/?s={search_term_string}"},"query-input":{"@type":"PropertyValueSpecification","valueRequired":true,"valueName":"search_term_string"}}],"inLanguage":"es"}]}},"_links":{"self":[{"href":"https:\/\/saca.com.mx\/es\/wp-json\/wp\/v2\/pages\/575","targetHints":{"allow":["GET"]}}],"collection":[{"href":"https:\/\/saca.com.mx\/es\/wp-json\/wp\/v2\/pages"}],"about":[{"href":"https:\/\/saca.com.mx\/es\/wp-json\/wp\/v2\/types\/page"}],"author":[{"embeddable":true,"href":"https:\/\/saca.com.mx\/es\/wp-json\/wp\/v2\/users\/1"}],"replies":[{"embeddable":true,"href":"https:\/\/saca.com.mx\/es\/wp-json\/wp\/v2\/comments?post=575"}],"version-history":[{"count":3,"href":"https:\/\/saca.com.mx\/es\/wp-json\/wp\/v2\/pages\/575\/revisions"}],"predecessor-version":[{"id":1861,"href":"https:\/\/saca.com.mx\/es\/wp-json\/wp\/v2\/pages\/575\/revisions\/1861"}],"up":[{"embeddable":true,"href":"https:\/\/saca.com.mx\/es\/wp-json\/wp\/v2\/pages\/539"}],"wp:attachment":[{"href":"https:\/\/saca.com.mx\/es\/wp-json\/wp\/v2\/media?parent=575"}],"curies":[{"name":"wp","href":"https:\/\/api.w.org\/{rel}","templated":true}]}}