{"id":583,"date":"2015-04-23T21:22:24","date_gmt":"2015-04-23T21:22:24","guid":{"rendered":"http:\/\/saca.com.mx\/es\/?page_id=583"},"modified":"2019-04-24T16:47:53","modified_gmt":"2019-04-24T16:47:53","slug":"supercenter-universidad","status":"publish","type":"page","link":"https:\/\/saca.com.mx\/es\/proyectos\/obras-2014-2015\/supercenter-universidad\/","title":{"rendered":"Supercenter Universidad"},"content":{"rendered":"<p>&nbsp;<\/p>\n<p style=\"text-align: justify;\"><span style=\"color: #800000;\">En esta obra, tipo combo de edificios de almacenaje para autoservicio en Benito Ju\u00e1rez, Distrito Federal, instalamos el sistema de protecci\u00f3n contra incendio.<\/span><\/p>\n<p style=\"text-align: justify;\">El sistema instalado incluye Rociadores Autom\u00e1ticos ESFR K14 para techo principal, Rociadores tipo Est\u00e1ndar para abarrotes, oficinas y estacionamientos, Rociadores tipo Seco para c\u00e1maras fr\u00edas y un Sistema de Pre acci\u00f3n para subestaci\u00f3n, de acuerdo a los est\u00e1ndares de NFPA 13.<\/p>\n<p style=\"text-align: justify;\">Por otro lado, instalamos un Equipo de Bombeo Vertical Diesel y otro El\u00e9ctrico de 1,500 GPM, incluido un Sistema de Supervisi\u00f3n, de acuerdo a los est\u00e1ndares de NFPA 22. Finalmente, instalamos un sistema de protecci\u00f3n contra incendio para cocinas, de tipo carga-descarga, con tanque qu\u00edmico y agente extintor avanzado.<\/p>\n<p style=\"text-align: justify;\">El proyecto fue entregado en tiempo, forma y costo, cumpliendo estrictamente con el GANT de la especialidad Protecci\u00f3n Contra Incendio y alineado al programa general de obra de nuestro cliente.<\/p>\n<p style=\"text-align: justify;\"><img loading=\"lazy\" decoding=\"async\" class=\"aligncenter size-full wp-image-588\" src=\"http:\/\/saca.com.mx\/es\/wp-content\/uploads\/2015\/04\/54.png\" alt=\"5\" width=\"850\" height=\"190\" srcset=\"https:\/\/saca.com.mx\/es\/wp-content\/uploads\/2015\/04\/54.png 850w, https:\/\/saca.com.mx\/es\/wp-content\/uploads\/2015\/04\/54-300x67.png 300w\" sizes=\"(max-width: 850px) 100vw, 850px\" \/><\/p>\n","protected":false},"excerpt":{"rendered":"<p>&nbsp; En esta obra, tipo combo de edificios de almacenaje para autoservicio en Benito Ju\u00e1rez, Distrito Federal, instalamos el sistema de protecci\u00f3n contra incendio. El sistema instalado incluye Rociadores Autom\u00e1ticos ESFR K14 para techo principal, Rociadores tipo Est\u00e1ndar para abarrotes, oficinas y estacionamientos, Rociadores tipo Seco para c\u00e1maras fr\u00edas y un Sistema de Pre acci\u00f3n [&hellip;]<\/p>\n","protected":false},"author":1,"featured_media":0,"parent":539,"menu_order":0,"comment_status":"closed","ping_status":"closed","template":"","meta":{"_et_pb_use_builder":"","_et_pb_old_content":"","_et_gb_content_width":"","footnotes":""},"class_list":["post-583","page","type-page","status-publish","hentry"],"yoast_head":"<!-- This site is optimized with the Yoast SEO plugin v27.4 - https:\/\/yoast.com\/product\/yoast-seo-wordpress\/ -->\n<title>Supercenter Universidad - SACA Sistemas de Protecci\u00f3n contra Incendio M\u00e9xico<\/title>\n<meta name=\"robots\" content=\"index, follow, max-snippet:-1, max-image-preview:large, max-video-preview:-1\" \/>\n<link rel=\"canonical\" href=\"https:\/\/saca.com.mx\/es\/proyectos\/obras-2014-2015\/supercenter-universidad\/\" \/>\n<meta property=\"og:locale\" content=\"es_ES\" \/>\n<meta property=\"og:type\" content=\"article\" \/>\n<meta property=\"og:title\" content=\"Supercenter Universidad - SACA Sistemas de Protecci\u00f3n contra Incendio M\u00e9xico\" \/>\n<meta property=\"og:description\" content=\"&nbsp; En esta obra, tipo combo de edificios de almacenaje para autoservicio en Benito Ju\u00e1rez, Distrito Federal, instalamos el sistema de protecci\u00f3n contra incendio. El sistema instalado incluye Rociadores Autom\u00e1ticos ESFR K14 para techo principal, Rociadores tipo Est\u00e1ndar para abarrotes, oficinas y estacionamientos, Rociadores tipo Seco para c\u00e1maras fr\u00edas y un Sistema de Pre acci\u00f3n [&hellip;]\" \/>\n<meta property=\"og:url\" content=\"https:\/\/saca.com.mx\/es\/proyectos\/obras-2014-2015\/supercenter-universidad\/\" \/>\n<meta property=\"og:site_name\" content=\"SACA Sistemas de Protecci\u00f3n contra Incendio M\u00e9xico\" \/>\n<meta property=\"article:modified_time\" content=\"2019-04-24T16:47:53+00:00\" \/>\n<meta property=\"og:image\" content=\"http:\/\/saca.com.mx\/es\/wp-content\/uploads\/2015\/04\/54.png\" \/>\n<meta name=\"twitter:card\" content=\"summary_large_image\" \/>\n<meta name=\"twitter:label1\" content=\"Tiempo de lectura\" \/>\n\t<meta name=\"twitter:data1\" content=\"1 minuto\" \/>\n<script type=\"application\/ld+json\" class=\"yoast-schema-graph\">{\"@context\":\"https:\\\/\\\/schema.org\",\"@graph\":[{\"@type\":\"WebPage\",\"@id\":\"https:\\\/\\\/saca.com.mx\\\/es\\\/proyectos\\\/obras-2014-2015\\\/supercenter-universidad\\\/\",\"url\":\"https:\\\/\\\/saca.com.mx\\\/es\\\/proyectos\\\/obras-2014-2015\\\/supercenter-universidad\\\/\",\"name\":\"Supercenter Universidad - SACA Sistemas de Protecci\u00f3n contra Incendio M\u00e9xico\",\"isPartOf\":{\"@id\":\"https:\\\/\\\/saca.com.mx\\\/es\\\/#website\"},\"primaryImageOfPage\":{\"@id\":\"https:\\\/\\\/saca.com.mx\\\/es\\\/proyectos\\\/obras-2014-2015\\\/supercenter-universidad\\\/#primaryimage\"},\"image\":{\"@id\":\"https:\\\/\\\/saca.com.mx\\\/es\\\/proyectos\\\/obras-2014-2015\\\/supercenter-universidad\\\/#primaryimage\"},\"thumbnailUrl\":\"http:\\\/\\\/saca.com.mx\\\/es\\\/wp-content\\\/uploads\\\/2015\\\/04\\\/54.png\",\"datePublished\":\"2015-04-23T21:22:24+00:00\",\"dateModified\":\"2019-04-24T16:47:53+00:00\",\"breadcrumb\":{\"@id\":\"https:\\\/\\\/saca.com.mx\\\/es\\\/proyectos\\\/obras-2014-2015\\\/supercenter-universidad\\\/#breadcrumb\"},\"inLanguage\":\"es\",\"potentialAction\":[{\"@type\":\"ReadAction\",\"target\":[\"https:\\\/\\\/saca.com.mx\\\/es\\\/proyectos\\\/obras-2014-2015\\\/supercenter-universidad\\\/\"]}]},{\"@type\":\"ImageObject\",\"inLanguage\":\"es\",\"@id\":\"https:\\\/\\\/saca.com.mx\\\/es\\\/proyectos\\\/obras-2014-2015\\\/supercenter-universidad\\\/#primaryimage\",\"url\":\"https:\\\/\\\/saca.com.mx\\\/es\\\/wp-content\\\/uploads\\\/2015\\\/04\\\/54.png\",\"contentUrl\":\"https:\\\/\\\/saca.com.mx\\\/es\\\/wp-content\\\/uploads\\\/2015\\\/04\\\/54.png\",\"width\":850,\"height\":190},{\"@type\":\"BreadcrumbList\",\"@id\":\"https:\\\/\\\/saca.com.mx\\\/es\\\/proyectos\\\/obras-2014-2015\\\/supercenter-universidad\\\/#breadcrumb\",\"itemListElement\":[{\"@type\":\"ListItem\",\"position\":1,\"name\":\"Portada\",\"item\":\"https:\\\/\\\/saca.com.mx\\\/es\\\/\"},{\"@type\":\"ListItem\",\"position\":2,\"name\":\"Proyectos\",\"item\":\"https:\\\/\\\/saca.com.mx\\\/es\\\/proyectos\\\/\"},{\"@type\":\"ListItem\",\"position\":3,\"name\":\"Obras 2014-2015\",\"item\":\"https:\\\/\\\/saca.com.mx\\\/es\\\/proyectos\\\/obras-2014-2015\\\/\"},{\"@type\":\"ListItem\",\"position\":4,\"name\":\"Supercenter Universidad\"}]},{\"@type\":\"WebSite\",\"@id\":\"https:\\\/\\\/saca.com.mx\\\/es\\\/#website\",\"url\":\"https:\\\/\\\/saca.com.mx\\\/es\\\/\",\"name\":\"SACA Sistemas de Protecci\u00f3n contra Incendio M\u00e9xico\",\"description\":\"\",\"potentialAction\":[{\"@type\":\"SearchAction\",\"target\":{\"@type\":\"EntryPoint\",\"urlTemplate\":\"https:\\\/\\\/saca.com.mx\\\/es\\\/?s={search_term_string}\"},\"query-input\":{\"@type\":\"PropertyValueSpecification\",\"valueRequired\":true,\"valueName\":\"search_term_string\"}}],\"inLanguage\":\"es\"}]}<\/script>\n<!-- \/ Yoast SEO plugin. -->","yoast_head_json":{"title":"Supercenter Universidad - SACA Sistemas de Protecci\u00f3n contra Incendio M\u00e9xico","robots":{"index":"index","follow":"follow","max-snippet":"max-snippet:-1","max-image-preview":"max-image-preview:large","max-video-preview":"max-video-preview:-1"},"canonical":"https:\/\/saca.com.mx\/es\/proyectos\/obras-2014-2015\/supercenter-universidad\/","og_locale":"es_ES","og_type":"article","og_title":"Supercenter Universidad - SACA Sistemas de Protecci\u00f3n contra Incendio M\u00e9xico","og_description":"&nbsp; En esta obra, tipo combo de edificios de almacenaje para autoservicio en Benito Ju\u00e1rez, Distrito Federal, instalamos el sistema de protecci\u00f3n contra incendio. El sistema instalado incluye Rociadores Autom\u00e1ticos ESFR K14 para techo principal, Rociadores tipo Est\u00e1ndar para abarrotes, oficinas y estacionamientos, Rociadores tipo Seco para c\u00e1maras fr\u00edas y un Sistema de Pre acci\u00f3n [&hellip;]","og_url":"https:\/\/saca.com.mx\/es\/proyectos\/obras-2014-2015\/supercenter-universidad\/","og_site_name":"SACA Sistemas de Protecci\u00f3n contra Incendio M\u00e9xico","article_modified_time":"2019-04-24T16:47:53+00:00","og_image":[{"url":"http:\/\/saca.com.mx\/es\/wp-content\/uploads\/2015\/04\/54.png","type":"","width":"","height":""}],"twitter_card":"summary_large_image","twitter_misc":{"Tiempo de lectura":"1 minuto"},"schema":{"@context":"https:\/\/schema.org","@graph":[{"@type":"WebPage","@id":"https:\/\/saca.com.mx\/es\/proyectos\/obras-2014-2015\/supercenter-universidad\/","url":"https:\/\/saca.com.mx\/es\/proyectos\/obras-2014-2015\/supercenter-universidad\/","name":"Supercenter Universidad - SACA Sistemas de Protecci\u00f3n contra Incendio M\u00e9xico","isPartOf":{"@id":"https:\/\/saca.com.mx\/es\/#website"},"primaryImageOfPage":{"@id":"https:\/\/saca.com.mx\/es\/proyectos\/obras-2014-2015\/supercenter-universidad\/#primaryimage"},"image":{"@id":"https:\/\/saca.com.mx\/es\/proyectos\/obras-2014-2015\/supercenter-universidad\/#primaryimage"},"thumbnailUrl":"http:\/\/saca.com.mx\/es\/wp-content\/uploads\/2015\/04\/54.png","datePublished":"2015-04-23T21:22:24+00:00","dateModified":"2019-04-24T16:47:53+00:00","breadcrumb":{"@id":"https:\/\/saca.com.mx\/es\/proyectos\/obras-2014-2015\/supercenter-universidad\/#breadcrumb"},"inLanguage":"es","potentialAction":[{"@type":"ReadAction","target":["https:\/\/saca.com.mx\/es\/proyectos\/obras-2014-2015\/supercenter-universidad\/"]}]},{"@type":"ImageObject","inLanguage":"es","@id":"https:\/\/saca.com.mx\/es\/proyectos\/obras-2014-2015\/supercenter-universidad\/#primaryimage","url":"https:\/\/saca.com.mx\/es\/wp-content\/uploads\/2015\/04\/54.png","contentUrl":"https:\/\/saca.com.mx\/es\/wp-content\/uploads\/2015\/04\/54.png","width":850,"height":190},{"@type":"BreadcrumbList","@id":"https:\/\/saca.com.mx\/es\/proyectos\/obras-2014-2015\/supercenter-universidad\/#breadcrumb","itemListElement":[{"@type":"ListItem","position":1,"name":"Portada","item":"https:\/\/saca.com.mx\/es\/"},{"@type":"ListItem","position":2,"name":"Proyectos","item":"https:\/\/saca.com.mx\/es\/proyectos\/"},{"@type":"ListItem","position":3,"name":"Obras 2014-2015","item":"https:\/\/saca.com.mx\/es\/proyectos\/obras-2014-2015\/"},{"@type":"ListItem","position":4,"name":"Supercenter Universidad"}]},{"@type":"WebSite","@id":"https:\/\/saca.com.mx\/es\/#website","url":"https:\/\/saca.com.mx\/es\/","name":"SACA Sistemas de Protecci\u00f3n contra Incendio M\u00e9xico","description":"","potentialAction":[{"@type":"SearchAction","target":{"@type":"EntryPoint","urlTemplate":"https:\/\/saca.com.mx\/es\/?s={search_term_string}"},"query-input":{"@type":"PropertyValueSpecification","valueRequired":true,"valueName":"search_term_string"}}],"inLanguage":"es"}]}},"_links":{"self":[{"href":"https:\/\/saca.com.mx\/es\/wp-json\/wp\/v2\/pages\/583","targetHints":{"allow":["GET"]}}],"collection":[{"href":"https:\/\/saca.com.mx\/es\/wp-json\/wp\/v2\/pages"}],"about":[{"href":"https:\/\/saca.com.mx\/es\/wp-json\/wp\/v2\/types\/page"}],"author":[{"embeddable":true,"href":"https:\/\/saca.com.mx\/es\/wp-json\/wp\/v2\/users\/1"}],"replies":[{"embeddable":true,"href":"https:\/\/saca.com.mx\/es\/wp-json\/wp\/v2\/comments?post=583"}],"version-history":[{"count":3,"href":"https:\/\/saca.com.mx\/es\/wp-json\/wp\/v2\/pages\/583\/revisions"}],"predecessor-version":[{"id":1864,"href":"https:\/\/saca.com.mx\/es\/wp-json\/wp\/v2\/pages\/583\/revisions\/1864"}],"up":[{"embeddable":true,"href":"https:\/\/saca.com.mx\/es\/wp-json\/wp\/v2\/pages\/539"}],"wp:attachment":[{"href":"https:\/\/saca.com.mx\/es\/wp-json\/wp\/v2\/media?parent=583"}],"curies":[{"name":"wp","href":"https:\/\/api.w.org\/{rel}","templated":true}]}}