{"id":664,"date":"2015-04-24T12:58:22","date_gmt":"2015-04-24T12:58:22","guid":{"rendered":"http:\/\/saca.com.mx\/es\/?page_id=664"},"modified":"2023-04-12T13:06:33","modified_gmt":"2023-04-12T13:06:33","slug":"formatos-a-nivel-nacional","status":"publish","type":"page","link":"https:\/\/saca.com.mx\/es\/proyectos\/obras-2016-2017\/formatos-a-nivel-nacional\/","title":{"rendered":"Formatos a nivel nacional"},"content":{"rendered":"<h1><\/h1>\n<p style=\"text-align: justify;\"><span style=\"color: #800000;\">En este proyecto, del tipo especial y ejecutado a nivel nacional durante los a\u00f1os 2009 a 2022 de manera cont\u00ednua, estamos protegiendo con un sistema de supresi\u00f3n avanzado el riesgo de incendio de m\u00e1s de 4,000 campanas de cocina en m\u00e1s de 1,000 sitios diferentes.<\/span><\/p>\n<p style=\"text-align: justify;\">El sistema instalado est\u00e1 configurado con un montaje de mecanismo carga-descarga, un tanque qu\u00edmico con un agente extintor avanzado, capaz de suprimir llamas y eliminar vapores con rapidez, tuber\u00eda y boquillas para su aplicaci\u00f3n, as\u00ed como alarmas y estrobos en algunos de los casos.<\/p>\n<p style=\"text-align: justify;\">El sistema instalado es uno de los m\u00e1s reconocidos mundialmente, con certificaci\u00f3n UL. Su funcionamiento es simple y efectivo: Al registrar altas temperaturas los tanques se presurizan y el agente qu\u00edmico se descarga, suprimiendo las llamas inmediatamente, enfriando la superficie y generando una espuma que controla vapores; el sistema trabaja en autom\u00e1tico.<\/p>\n<p style=\"text-align: justify;\">El proyecto est\u00e1 siendo ejecutado de manera escalonada, en tiempo, forma y costo, cumpliendo estrictamente con el GANTT de la especialidad Protecci\u00f3n Contra Incendio y alineado al programa general de obra de nuestro cliente.<\/p>\n<p style=\"text-align: justify;\"><img loading=\"lazy\" decoding=\"async\" class=\"aligncenter size-full wp-image-665\" src=\"http:\/\/saca.com.mx\/es\/wp-content\/uploads\/2015\/04\/281.png\" alt=\"28\" width=\"850\" height=\"190\" srcset=\"https:\/\/saca.com.mx\/es\/wp-content\/uploads\/2015\/04\/281.png 850w, https:\/\/saca.com.mx\/es\/wp-content\/uploads\/2015\/04\/281-300x67.png 300w\" sizes=\"(max-width: 850px) 100vw, 850px\" \/><\/p>\n","protected":false},"excerpt":{"rendered":"<p>En este proyecto, del tipo especial y ejecutado a nivel nacional durante los a\u00f1os 2009 a 2022 de manera cont\u00ednua, estamos protegiendo con un sistema de supresi\u00f3n avanzado el riesgo de incendio de m\u00e1s de 4,000 campanas de cocina en m\u00e1s de 1,000 sitios diferentes. El sistema instalado est\u00e1 configurado con un montaje de mecanismo [&hellip;]<\/p>\n","protected":false},"author":1,"featured_media":0,"parent":1324,"menu_order":0,"comment_status":"closed","ping_status":"closed","template":"","meta":{"_et_pb_use_builder":"off","_et_pb_old_content":"[page_heading customclass=\"dark-txt align-center\" fx=\"\"]Formatos a nivel nacional[\/page_heading]\r\n<p style=\"text-align: justify;\"><span style=\"color: #800000;\">En este proyecto, del tipo especial y ejecutado a nivel nacional durante los a\u00f1os 2009\u00a0a 2017 de manera cont\u00ednua, estamos protegiendo con un sistema de supresi\u00f3n avanzado el riesgo de incendio de m\u00e1s de 2,000 campanas de cocina en m\u00e1s de 800 sitios diferentes.<\/span><\/p>\r\n<p style=\"text-align: justify;\">El sistema instalado est\u00e1 configurado con un montaje de mecanismo carga-descarga, un tanque qu\u00edmico con un agente extintor avanzado, capaz de suprimir llamas y eliminar vapores con rapidez, tuber\u00eda y boquillas para su aplicaci\u00f3n, as\u00ed como alarmas y estrobos en algunos de los casos.<\/p>\r\n<p style=\"text-align: justify;\">El sistema instalado es uno de los m\u00e1s reconocidos mundialmente, con certificaci\u00f3n UL. Su funcionamiento es simple y efectivo: Al registrar altas temperaturas los tanques se presurizan y el agente qu\u00edmico se descarga, suprimiendo las llamas inmediatamente, enfriando la superficie y generando una espuma que controla vapores; el sistema trabaja en autom\u00e1tico.<\/p>\r\n<p style=\"text-align: justify;\">El proyecto est\u00e1 siendo ejecutado de manera escalonada, en tiempo, forma y costo, cumpliendo estrictamente con el GANT de la especialidad Protecci\u00f3n Contra Incendio y alineado al programa general de obra de nuestro cliente.<\/p>\r\n<p style=\"text-align: justify;\"><img class=\"aligncenter size-full wp-image-665\" src=\"http:\/\/saca.com.mx\/es\/wp-content\/uploads\/2015\/04\/281.png\" alt=\"28\" width=\"850\" height=\"190\" \/><\/p>","_et_gb_content_width":"","footnotes":""},"class_list":["post-664","page","type-page","status-publish","hentry"],"yoast_head":"<!-- This site is optimized with the Yoast SEO plugin v27.4 - https:\/\/yoast.com\/product\/yoast-seo-wordpress\/ -->\n<title>Formatos a nivel nacional - SACA Sistemas de Protecci\u00f3n contra Incendio M\u00e9xico<\/title>\n<meta name=\"robots\" content=\"index, follow, max-snippet:-1, max-image-preview:large, max-video-preview:-1\" \/>\n<link rel=\"canonical\" href=\"https:\/\/saca.com.mx\/es\/proyectos\/obras-2016-2017\/formatos-a-nivel-nacional\/\" \/>\n<meta property=\"og:locale\" content=\"es_ES\" \/>\n<meta property=\"og:type\" content=\"article\" \/>\n<meta property=\"og:title\" content=\"Formatos a nivel nacional - SACA Sistemas de Protecci\u00f3n contra Incendio M\u00e9xico\" \/>\n<meta property=\"og:description\" content=\"En este proyecto, del tipo especial y ejecutado a nivel nacional durante los a\u00f1os 2009 a 2022 de manera cont\u00ednua, estamos protegiendo con un sistema de supresi\u00f3n avanzado el riesgo de incendio de m\u00e1s de 4,000 campanas de cocina en m\u00e1s de 1,000 sitios diferentes. El sistema instalado est\u00e1 configurado con un montaje de mecanismo [&hellip;]\" \/>\n<meta property=\"og:url\" content=\"https:\/\/saca.com.mx\/es\/proyectos\/obras-2016-2017\/formatos-a-nivel-nacional\/\" \/>\n<meta property=\"og:site_name\" content=\"SACA Sistemas de Protecci\u00f3n contra Incendio M\u00e9xico\" \/>\n<meta property=\"article:modified_time\" content=\"2023-04-12T13:06:33+00:00\" \/>\n<meta property=\"og:image\" content=\"http:\/\/saca.com.mx\/es\/wp-content\/uploads\/2015\/04\/281.png\" \/>\n<meta name=\"twitter:card\" content=\"summary_large_image\" \/>\n<meta name=\"twitter:label1\" content=\"Tiempo de lectura\" \/>\n\t<meta name=\"twitter:data1\" content=\"2 minutos\" \/>\n<script type=\"application\/ld+json\" class=\"yoast-schema-graph\">{\"@context\":\"https:\\\/\\\/schema.org\",\"@graph\":[{\"@type\":\"WebPage\",\"@id\":\"https:\\\/\\\/saca.com.mx\\\/es\\\/proyectos\\\/obras-2016-2017\\\/formatos-a-nivel-nacional\\\/\",\"url\":\"https:\\\/\\\/saca.com.mx\\\/es\\\/proyectos\\\/obras-2016-2017\\\/formatos-a-nivel-nacional\\\/\",\"name\":\"Formatos a nivel nacional - SACA Sistemas de Protecci\u00f3n contra Incendio M\u00e9xico\",\"isPartOf\":{\"@id\":\"https:\\\/\\\/saca.com.mx\\\/es\\\/#website\"},\"primaryImageOfPage\":{\"@id\":\"https:\\\/\\\/saca.com.mx\\\/es\\\/proyectos\\\/obras-2016-2017\\\/formatos-a-nivel-nacional\\\/#primaryimage\"},\"image\":{\"@id\":\"https:\\\/\\\/saca.com.mx\\\/es\\\/proyectos\\\/obras-2016-2017\\\/formatos-a-nivel-nacional\\\/#primaryimage\"},\"thumbnailUrl\":\"http:\\\/\\\/saca.com.mx\\\/es\\\/wp-content\\\/uploads\\\/2015\\\/04\\\/281.png\",\"datePublished\":\"2015-04-24T12:58:22+00:00\",\"dateModified\":\"2023-04-12T13:06:33+00:00\",\"breadcrumb\":{\"@id\":\"https:\\\/\\\/saca.com.mx\\\/es\\\/proyectos\\\/obras-2016-2017\\\/formatos-a-nivel-nacional\\\/#breadcrumb\"},\"inLanguage\":\"es\",\"potentialAction\":[{\"@type\":\"ReadAction\",\"target\":[\"https:\\\/\\\/saca.com.mx\\\/es\\\/proyectos\\\/obras-2016-2017\\\/formatos-a-nivel-nacional\\\/\"]}]},{\"@type\":\"ImageObject\",\"inLanguage\":\"es\",\"@id\":\"https:\\\/\\\/saca.com.mx\\\/es\\\/proyectos\\\/obras-2016-2017\\\/formatos-a-nivel-nacional\\\/#primaryimage\",\"url\":\"https:\\\/\\\/saca.com.mx\\\/es\\\/wp-content\\\/uploads\\\/2015\\\/04\\\/281.png\",\"contentUrl\":\"https:\\\/\\\/saca.com.mx\\\/es\\\/wp-content\\\/uploads\\\/2015\\\/04\\\/281.png\",\"width\":850,\"height\":190},{\"@type\":\"BreadcrumbList\",\"@id\":\"https:\\\/\\\/saca.com.mx\\\/es\\\/proyectos\\\/obras-2016-2017\\\/formatos-a-nivel-nacional\\\/#breadcrumb\",\"itemListElement\":[{\"@type\":\"ListItem\",\"position\":1,\"name\":\"Portada\",\"item\":\"https:\\\/\\\/saca.com.mx\\\/es\\\/\"},{\"@type\":\"ListItem\",\"position\":2,\"name\":\"Proyectos\",\"item\":\"https:\\\/\\\/saca.com.mx\\\/es\\\/proyectos\\\/\"},{\"@type\":\"ListItem\",\"position\":3,\"name\":\"Obras 2016-2017\",\"item\":\"https:\\\/\\\/saca.com.mx\\\/es\\\/proyectos\\\/obras-2016-2017\\\/\"},{\"@type\":\"ListItem\",\"position\":4,\"name\":\"Formatos a nivel nacional\"}]},{\"@type\":\"WebSite\",\"@id\":\"https:\\\/\\\/saca.com.mx\\\/es\\\/#website\",\"url\":\"https:\\\/\\\/saca.com.mx\\\/es\\\/\",\"name\":\"SACA Sistemas de Protecci\u00f3n contra Incendio M\u00e9xico\",\"description\":\"\",\"potentialAction\":[{\"@type\":\"SearchAction\",\"target\":{\"@type\":\"EntryPoint\",\"urlTemplate\":\"https:\\\/\\\/saca.com.mx\\\/es\\\/?s={search_term_string}\"},\"query-input\":{\"@type\":\"PropertyValueSpecification\",\"valueRequired\":true,\"valueName\":\"search_term_string\"}}],\"inLanguage\":\"es\"}]}<\/script>\n<!-- \/ Yoast SEO plugin. -->","yoast_head_json":{"title":"Formatos a nivel nacional - SACA Sistemas de Protecci\u00f3n contra Incendio M\u00e9xico","robots":{"index":"index","follow":"follow","max-snippet":"max-snippet:-1","max-image-preview":"max-image-preview:large","max-video-preview":"max-video-preview:-1"},"canonical":"https:\/\/saca.com.mx\/es\/proyectos\/obras-2016-2017\/formatos-a-nivel-nacional\/","og_locale":"es_ES","og_type":"article","og_title":"Formatos a nivel nacional - SACA Sistemas de Protecci\u00f3n contra Incendio M\u00e9xico","og_description":"En este proyecto, del tipo especial y ejecutado a nivel nacional durante los a\u00f1os 2009 a 2022 de manera cont\u00ednua, estamos protegiendo con un sistema de supresi\u00f3n avanzado el riesgo de incendio de m\u00e1s de 4,000 campanas de cocina en m\u00e1s de 1,000 sitios diferentes. El sistema instalado est\u00e1 configurado con un montaje de mecanismo [&hellip;]","og_url":"https:\/\/saca.com.mx\/es\/proyectos\/obras-2016-2017\/formatos-a-nivel-nacional\/","og_site_name":"SACA Sistemas de Protecci\u00f3n contra Incendio M\u00e9xico","article_modified_time":"2023-04-12T13:06:33+00:00","og_image":[{"url":"http:\/\/saca.com.mx\/es\/wp-content\/uploads\/2015\/04\/281.png","type":"","width":"","height":""}],"twitter_card":"summary_large_image","twitter_misc":{"Tiempo de lectura":"2 minutos"},"schema":{"@context":"https:\/\/schema.org","@graph":[{"@type":"WebPage","@id":"https:\/\/saca.com.mx\/es\/proyectos\/obras-2016-2017\/formatos-a-nivel-nacional\/","url":"https:\/\/saca.com.mx\/es\/proyectos\/obras-2016-2017\/formatos-a-nivel-nacional\/","name":"Formatos a nivel nacional - SACA Sistemas de Protecci\u00f3n contra Incendio M\u00e9xico","isPartOf":{"@id":"https:\/\/saca.com.mx\/es\/#website"},"primaryImageOfPage":{"@id":"https:\/\/saca.com.mx\/es\/proyectos\/obras-2016-2017\/formatos-a-nivel-nacional\/#primaryimage"},"image":{"@id":"https:\/\/saca.com.mx\/es\/proyectos\/obras-2016-2017\/formatos-a-nivel-nacional\/#primaryimage"},"thumbnailUrl":"http:\/\/saca.com.mx\/es\/wp-content\/uploads\/2015\/04\/281.png","datePublished":"2015-04-24T12:58:22+00:00","dateModified":"2023-04-12T13:06:33+00:00","breadcrumb":{"@id":"https:\/\/saca.com.mx\/es\/proyectos\/obras-2016-2017\/formatos-a-nivel-nacional\/#breadcrumb"},"inLanguage":"es","potentialAction":[{"@type":"ReadAction","target":["https:\/\/saca.com.mx\/es\/proyectos\/obras-2016-2017\/formatos-a-nivel-nacional\/"]}]},{"@type":"ImageObject","inLanguage":"es","@id":"https:\/\/saca.com.mx\/es\/proyectos\/obras-2016-2017\/formatos-a-nivel-nacional\/#primaryimage","url":"https:\/\/saca.com.mx\/es\/wp-content\/uploads\/2015\/04\/281.png","contentUrl":"https:\/\/saca.com.mx\/es\/wp-content\/uploads\/2015\/04\/281.png","width":850,"height":190},{"@type":"BreadcrumbList","@id":"https:\/\/saca.com.mx\/es\/proyectos\/obras-2016-2017\/formatos-a-nivel-nacional\/#breadcrumb","itemListElement":[{"@type":"ListItem","position":1,"name":"Portada","item":"https:\/\/saca.com.mx\/es\/"},{"@type":"ListItem","position":2,"name":"Proyectos","item":"https:\/\/saca.com.mx\/es\/proyectos\/"},{"@type":"ListItem","position":3,"name":"Obras 2016-2017","item":"https:\/\/saca.com.mx\/es\/proyectos\/obras-2016-2017\/"},{"@type":"ListItem","position":4,"name":"Formatos a nivel nacional"}]},{"@type":"WebSite","@id":"https:\/\/saca.com.mx\/es\/#website","url":"https:\/\/saca.com.mx\/es\/","name":"SACA Sistemas de Protecci\u00f3n contra Incendio M\u00e9xico","description":"","potentialAction":[{"@type":"SearchAction","target":{"@type":"EntryPoint","urlTemplate":"https:\/\/saca.com.mx\/es\/?s={search_term_string}"},"query-input":{"@type":"PropertyValueSpecification","valueRequired":true,"valueName":"search_term_string"}}],"inLanguage":"es"}]}},"_links":{"self":[{"href":"https:\/\/saca.com.mx\/es\/wp-json\/wp\/v2\/pages\/664","targetHints":{"allow":["GET"]}}],"collection":[{"href":"https:\/\/saca.com.mx\/es\/wp-json\/wp\/v2\/pages"}],"about":[{"href":"https:\/\/saca.com.mx\/es\/wp-json\/wp\/v2\/types\/page"}],"author":[{"embeddable":true,"href":"https:\/\/saca.com.mx\/es\/wp-json\/wp\/v2\/users\/1"}],"replies":[{"embeddable":true,"href":"https:\/\/saca.com.mx\/es\/wp-json\/wp\/v2\/comments?post=664"}],"version-history":[{"count":12,"href":"https:\/\/saca.com.mx\/es\/wp-json\/wp\/v2\/pages\/664\/revisions"}],"predecessor-version":[{"id":2634,"href":"https:\/\/saca.com.mx\/es\/wp-json\/wp\/v2\/pages\/664\/revisions\/2634"}],"up":[{"embeddable":true,"href":"https:\/\/saca.com.mx\/es\/wp-json\/wp\/v2\/pages\/1324"}],"wp:attachment":[{"href":"https:\/\/saca.com.mx\/es\/wp-json\/wp\/v2\/media?parent=664"}],"curies":[{"name":"wp","href":"https:\/\/api.w.org\/{rel}","templated":true}]}}