{"id":868,"date":"2015-04-28T01:52:14","date_gmt":"2015-04-28T01:52:14","guid":{"rendered":"http:\/\/saca.com.mx\/es\/?page_id=868"},"modified":"2019-04-24T17:16:12","modified_gmt":"2019-04-24T17:16:12","slug":"daltile","status":"publish","type":"page","link":"https:\/\/saca.com.mx\/es\/proyectos\/obras-2012-2013\/daltile\/","title":{"rendered":"Daltile"},"content":{"rendered":"<p>&nbsp;<\/p>\n<p style=\"text-align: justify;\"><span style=\"color: #800000;\">En esta obra, tipo planta industrial de materiales para la construcci\u00f3n en Salamanca, Guanajuato, instalamos el sistema de almacenamiento de agua para procesos y de protecci\u00f3n contra incendio.<\/span><\/p>\n<p style=\"text-align: justify;\">El sistema instalado se integra por tres tanques atornillables, de 136,228 galones de capacidad para agua, cada uno de ellos; dos de los cuales fueron destinados al manejo de agua para procesos y el tercero al almacenaje de agua para el sistema de protecci\u00f3n contra incendio.<\/p>\n<p style=\"text-align: justify;\">El proyecto fue entregado en tiempo, forma y costo, cumpliendo estrictamente con el GANT de cada especialidad y alineado al programa general de obra de nuestro cliente.<\/p>\n<p style=\"text-align: justify;\"><img loading=\"lazy\" decoding=\"async\" class=\"aligncenter size-full wp-image-869\" src=\"http:\/\/saca.com.mx\/es\/wp-content\/uploads\/2015\/04\/521.png\" alt=\"52\" width=\"850\" height=\"190\" srcset=\"https:\/\/saca.com.mx\/es\/wp-content\/uploads\/2015\/04\/521.png 850w, https:\/\/saca.com.mx\/es\/wp-content\/uploads\/2015\/04\/521-300x67.png 300w\" sizes=\"(max-width: 850px) 100vw, 850px\" \/><\/p>\n","protected":false},"excerpt":{"rendered":"<p>&nbsp; En esta obra, tipo planta industrial de materiales para la construcci\u00f3n en Salamanca, Guanajuato, instalamos el sistema de almacenamiento de agua para procesos y de protecci\u00f3n contra incendio. El sistema instalado se integra por tres tanques atornillables, de 136,228 galones de capacidad para agua, cada uno de ellos; dos de los cuales fueron destinados [&hellip;]<\/p>\n","protected":false},"author":1,"featured_media":0,"parent":535,"menu_order":0,"comment_status":"closed","ping_status":"closed","template":"","meta":{"_et_pb_use_builder":"","_et_pb_old_content":"","_et_gb_content_width":"","footnotes":""},"class_list":["post-868","page","type-page","status-publish","hentry"],"yoast_head":"<!-- This site is optimized with the Yoast SEO plugin v27.4 - https:\/\/yoast.com\/product\/yoast-seo-wordpress\/ -->\n<title>Daltile - SACA Sistemas de Protecci\u00f3n contra Incendio M\u00e9xico<\/title>\n<meta name=\"robots\" content=\"index, follow, max-snippet:-1, max-image-preview:large, max-video-preview:-1\" \/>\n<link rel=\"canonical\" href=\"https:\/\/saca.com.mx\/es\/proyectos\/obras-2012-2013\/daltile\/\" \/>\n<meta property=\"og:locale\" content=\"es_ES\" \/>\n<meta property=\"og:type\" content=\"article\" \/>\n<meta property=\"og:title\" content=\"Daltile - SACA Sistemas de Protecci\u00f3n contra Incendio M\u00e9xico\" \/>\n<meta property=\"og:description\" content=\"&nbsp; En esta obra, tipo planta industrial de materiales para la construcci\u00f3n en Salamanca, Guanajuato, instalamos el sistema de almacenamiento de agua para procesos y de protecci\u00f3n contra incendio. El sistema instalado se integra por tres tanques atornillables, de 136,228 galones de capacidad para agua, cada uno de ellos; dos de los cuales fueron destinados [&hellip;]\" \/>\n<meta property=\"og:url\" content=\"https:\/\/saca.com.mx\/es\/proyectos\/obras-2012-2013\/daltile\/\" \/>\n<meta property=\"og:site_name\" content=\"SACA Sistemas de Protecci\u00f3n contra Incendio M\u00e9xico\" \/>\n<meta property=\"article:modified_time\" content=\"2019-04-24T17:16:12+00:00\" \/>\n<meta property=\"og:image\" content=\"http:\/\/saca.com.mx\/es\/wp-content\/uploads\/2015\/04\/521.png\" \/>\n<meta name=\"twitter:card\" content=\"summary_large_image\" \/>\n<meta name=\"twitter:label1\" content=\"Tiempo de lectura\" \/>\n\t<meta name=\"twitter:data1\" content=\"1 minuto\" \/>\n<script type=\"application\/ld+json\" class=\"yoast-schema-graph\">{\"@context\":\"https:\\\/\\\/schema.org\",\"@graph\":[{\"@type\":\"WebPage\",\"@id\":\"https:\\\/\\\/saca.com.mx\\\/es\\\/proyectos\\\/obras-2012-2013\\\/daltile\\\/\",\"url\":\"https:\\\/\\\/saca.com.mx\\\/es\\\/proyectos\\\/obras-2012-2013\\\/daltile\\\/\",\"name\":\"Daltile - SACA Sistemas de Protecci\u00f3n contra Incendio M\u00e9xico\",\"isPartOf\":{\"@id\":\"https:\\\/\\\/saca.com.mx\\\/es\\\/#website\"},\"primaryImageOfPage\":{\"@id\":\"https:\\\/\\\/saca.com.mx\\\/es\\\/proyectos\\\/obras-2012-2013\\\/daltile\\\/#primaryimage\"},\"image\":{\"@id\":\"https:\\\/\\\/saca.com.mx\\\/es\\\/proyectos\\\/obras-2012-2013\\\/daltile\\\/#primaryimage\"},\"thumbnailUrl\":\"http:\\\/\\\/saca.com.mx\\\/es\\\/wp-content\\\/uploads\\\/2015\\\/04\\\/521.png\",\"datePublished\":\"2015-04-28T01:52:14+00:00\",\"dateModified\":\"2019-04-24T17:16:12+00:00\",\"breadcrumb\":{\"@id\":\"https:\\\/\\\/saca.com.mx\\\/es\\\/proyectos\\\/obras-2012-2013\\\/daltile\\\/#breadcrumb\"},\"inLanguage\":\"es\",\"potentialAction\":[{\"@type\":\"ReadAction\",\"target\":[\"https:\\\/\\\/saca.com.mx\\\/es\\\/proyectos\\\/obras-2012-2013\\\/daltile\\\/\"]}]},{\"@type\":\"ImageObject\",\"inLanguage\":\"es\",\"@id\":\"https:\\\/\\\/saca.com.mx\\\/es\\\/proyectos\\\/obras-2012-2013\\\/daltile\\\/#primaryimage\",\"url\":\"https:\\\/\\\/saca.com.mx\\\/es\\\/wp-content\\\/uploads\\\/2015\\\/04\\\/521.png\",\"contentUrl\":\"https:\\\/\\\/saca.com.mx\\\/es\\\/wp-content\\\/uploads\\\/2015\\\/04\\\/521.png\",\"width\":850,\"height\":190},{\"@type\":\"BreadcrumbList\",\"@id\":\"https:\\\/\\\/saca.com.mx\\\/es\\\/proyectos\\\/obras-2012-2013\\\/daltile\\\/#breadcrumb\",\"itemListElement\":[{\"@type\":\"ListItem\",\"position\":1,\"name\":\"Portada\",\"item\":\"https:\\\/\\\/saca.com.mx\\\/es\\\/\"},{\"@type\":\"ListItem\",\"position\":2,\"name\":\"Proyectos\",\"item\":\"https:\\\/\\\/saca.com.mx\\\/es\\\/proyectos\\\/\"},{\"@type\":\"ListItem\",\"position\":3,\"name\":\"Obras 2012-2013\",\"item\":\"https:\\\/\\\/saca.com.mx\\\/es\\\/proyectos\\\/obras-2012-2013\\\/\"},{\"@type\":\"ListItem\",\"position\":4,\"name\":\"Daltile\"}]},{\"@type\":\"WebSite\",\"@id\":\"https:\\\/\\\/saca.com.mx\\\/es\\\/#website\",\"url\":\"https:\\\/\\\/saca.com.mx\\\/es\\\/\",\"name\":\"SACA Sistemas de Protecci\u00f3n contra Incendio M\u00e9xico\",\"description\":\"\",\"potentialAction\":[{\"@type\":\"SearchAction\",\"target\":{\"@type\":\"EntryPoint\",\"urlTemplate\":\"https:\\\/\\\/saca.com.mx\\\/es\\\/?s={search_term_string}\"},\"query-input\":{\"@type\":\"PropertyValueSpecification\",\"valueRequired\":true,\"valueName\":\"search_term_string\"}}],\"inLanguage\":\"es\"}]}<\/script>\n<!-- \/ Yoast SEO plugin. -->","yoast_head_json":{"title":"Daltile - SACA Sistemas de Protecci\u00f3n contra Incendio M\u00e9xico","robots":{"index":"index","follow":"follow","max-snippet":"max-snippet:-1","max-image-preview":"max-image-preview:large","max-video-preview":"max-video-preview:-1"},"canonical":"https:\/\/saca.com.mx\/es\/proyectos\/obras-2012-2013\/daltile\/","og_locale":"es_ES","og_type":"article","og_title":"Daltile - SACA Sistemas de Protecci\u00f3n contra Incendio M\u00e9xico","og_description":"&nbsp; En esta obra, tipo planta industrial de materiales para la construcci\u00f3n en Salamanca, Guanajuato, instalamos el sistema de almacenamiento de agua para procesos y de protecci\u00f3n contra incendio. El sistema instalado se integra por tres tanques atornillables, de 136,228 galones de capacidad para agua, cada uno de ellos; dos de los cuales fueron destinados [&hellip;]","og_url":"https:\/\/saca.com.mx\/es\/proyectos\/obras-2012-2013\/daltile\/","og_site_name":"SACA Sistemas de Protecci\u00f3n contra Incendio M\u00e9xico","article_modified_time":"2019-04-24T17:16:12+00:00","og_image":[{"url":"http:\/\/saca.com.mx\/es\/wp-content\/uploads\/2015\/04\/521.png","type":"","width":"","height":""}],"twitter_card":"summary_large_image","twitter_misc":{"Tiempo de lectura":"1 minuto"},"schema":{"@context":"https:\/\/schema.org","@graph":[{"@type":"WebPage","@id":"https:\/\/saca.com.mx\/es\/proyectos\/obras-2012-2013\/daltile\/","url":"https:\/\/saca.com.mx\/es\/proyectos\/obras-2012-2013\/daltile\/","name":"Daltile - SACA Sistemas de Protecci\u00f3n contra Incendio M\u00e9xico","isPartOf":{"@id":"https:\/\/saca.com.mx\/es\/#website"},"primaryImageOfPage":{"@id":"https:\/\/saca.com.mx\/es\/proyectos\/obras-2012-2013\/daltile\/#primaryimage"},"image":{"@id":"https:\/\/saca.com.mx\/es\/proyectos\/obras-2012-2013\/daltile\/#primaryimage"},"thumbnailUrl":"http:\/\/saca.com.mx\/es\/wp-content\/uploads\/2015\/04\/521.png","datePublished":"2015-04-28T01:52:14+00:00","dateModified":"2019-04-24T17:16:12+00:00","breadcrumb":{"@id":"https:\/\/saca.com.mx\/es\/proyectos\/obras-2012-2013\/daltile\/#breadcrumb"},"inLanguage":"es","potentialAction":[{"@type":"ReadAction","target":["https:\/\/saca.com.mx\/es\/proyectos\/obras-2012-2013\/daltile\/"]}]},{"@type":"ImageObject","inLanguage":"es","@id":"https:\/\/saca.com.mx\/es\/proyectos\/obras-2012-2013\/daltile\/#primaryimage","url":"https:\/\/saca.com.mx\/es\/wp-content\/uploads\/2015\/04\/521.png","contentUrl":"https:\/\/saca.com.mx\/es\/wp-content\/uploads\/2015\/04\/521.png","width":850,"height":190},{"@type":"BreadcrumbList","@id":"https:\/\/saca.com.mx\/es\/proyectos\/obras-2012-2013\/daltile\/#breadcrumb","itemListElement":[{"@type":"ListItem","position":1,"name":"Portada","item":"https:\/\/saca.com.mx\/es\/"},{"@type":"ListItem","position":2,"name":"Proyectos","item":"https:\/\/saca.com.mx\/es\/proyectos\/"},{"@type":"ListItem","position":3,"name":"Obras 2012-2013","item":"https:\/\/saca.com.mx\/es\/proyectos\/obras-2012-2013\/"},{"@type":"ListItem","position":4,"name":"Daltile"}]},{"@type":"WebSite","@id":"https:\/\/saca.com.mx\/es\/#website","url":"https:\/\/saca.com.mx\/es\/","name":"SACA Sistemas de Protecci\u00f3n contra Incendio M\u00e9xico","description":"","potentialAction":[{"@type":"SearchAction","target":{"@type":"EntryPoint","urlTemplate":"https:\/\/saca.com.mx\/es\/?s={search_term_string}"},"query-input":{"@type":"PropertyValueSpecification","valueRequired":true,"valueName":"search_term_string"}}],"inLanguage":"es"}]}},"_links":{"self":[{"href":"https:\/\/saca.com.mx\/es\/wp-json\/wp\/v2\/pages\/868","targetHints":{"allow":["GET"]}}],"collection":[{"href":"https:\/\/saca.com.mx\/es\/wp-json\/wp\/v2\/pages"}],"about":[{"href":"https:\/\/saca.com.mx\/es\/wp-json\/wp\/v2\/types\/page"}],"author":[{"embeddable":true,"href":"https:\/\/saca.com.mx\/es\/wp-json\/wp\/v2\/users\/1"}],"replies":[{"embeddable":true,"href":"https:\/\/saca.com.mx\/es\/wp-json\/wp\/v2\/comments?post=868"}],"version-history":[{"count":2,"href":"https:\/\/saca.com.mx\/es\/wp-json\/wp\/v2\/pages\/868\/revisions"}],"predecessor-version":[{"id":1939,"href":"https:\/\/saca.com.mx\/es\/wp-json\/wp\/v2\/pages\/868\/revisions\/1939"}],"up":[{"embeddable":true,"href":"https:\/\/saca.com.mx\/es\/wp-json\/wp\/v2\/pages\/535"}],"wp:attachment":[{"href":"https:\/\/saca.com.mx\/es\/wp-json\/wp\/v2\/media?parent=868"}],"curies":[{"name":"wp","href":"https:\/\/api.w.org\/{rel}","templated":true}]}}