{"id":884,"date":"2015-04-28T02:11:56","date_gmt":"2015-04-28T02:11:56","guid":{"rendered":"http:\/\/saca.com.mx\/es\/?page_id=884"},"modified":"2019-04-24T17:18:33","modified_gmt":"2019-04-24T17:18:33","slug":"bodega-aurrera-lomas-de-la-presa","status":"publish","type":"page","link":"https:\/\/saca.com.mx\/es\/proyectos\/obras-2010-2011\/bodega-aurrera-lomas-de-la-presa\/","title":{"rendered":"Bodega Aurrera Lomas de la presa"},"content":{"rendered":"<p>&nbsp;<\/p>\n<p style=\"text-align: justify;\"><span style=\"color: #800000;\">En esta obra, tipo edificio de almacenaje para autoservicio en Tijuana, Baja California Norte, instalamos el sistema de protecci\u00f3n contra incendio.<\/span><\/p>\n<p style=\"text-align: justify;\">El sistema instalado incluye Rociadores Autom\u00e1ticos ESFR K14 para techo principal, Rociadores tipo Est\u00e1ndar para abarrotes y oficinas, Rociadores tipo Seco para c\u00e1maras fr\u00edas, un Sistema de Pre acci\u00f3n y Rociadores Autom\u00e1ticos en \u00e1reas de residuos peligrosos, de acuerdo a los est\u00e1ndares de NFPA 13.<\/p>\n<p style=\"text-align: justify;\">Adicionalmente instalamos un Tanque Atornillable de 126,654 galones y un Equipo de Bombeo Horizontal Diesel y otro El\u00e9ctrico de 1,500 GPM, incluido un Sistema de Supervisi\u00f3n, de acuerdo a los est\u00e1ndares de NFPA 22 y NFPA 20, respectivamente. Finalmente, instalamos un sistema de protecci\u00f3n contra incendio para cocinas, de tipo carga-descarga con tanque qu\u00edmico y agente extintor avanzado.<\/p>\n<p style=\"text-align: justify;\">El proyecto fue entregado en tiempo, forma y costo, cumpliendo estrictamente con el GANT de la especialidad Protecci\u00f3n Contra Incendio y alineado al programa general de obra de nuestro cliente.<\/p>\n<p style=\"text-align: justify;\"><img loading=\"lazy\" decoding=\"async\" class=\"aligncenter size-full wp-image-885\" src=\"http:\/\/saca.com.mx\/es\/wp-content\/uploads\/2015\/04\/410.png\" alt=\"4\" width=\"850\" height=\"190\" srcset=\"https:\/\/saca.com.mx\/es\/wp-content\/uploads\/2015\/04\/410.png 850w, https:\/\/saca.com.mx\/es\/wp-content\/uploads\/2015\/04\/410-300x67.png 300w\" sizes=\"(max-width: 850px) 100vw, 850px\" \/><\/p>\n","protected":false},"excerpt":{"rendered":"<p>&nbsp; En esta obra, tipo edificio de almacenaje para autoservicio en Tijuana, Baja California Norte, instalamos el sistema de protecci\u00f3n contra incendio. El sistema instalado incluye Rociadores Autom\u00e1ticos ESFR K14 para techo principal, Rociadores tipo Est\u00e1ndar para abarrotes y oficinas, Rociadores tipo Seco para c\u00e1maras fr\u00edas, un Sistema de Pre acci\u00f3n y Rociadores Autom\u00e1ticos en [&hellip;]<\/p>\n","protected":false},"author":1,"featured_media":0,"parent":531,"menu_order":0,"comment_status":"closed","ping_status":"closed","template":"","meta":{"_et_pb_use_builder":"","_et_pb_old_content":"","_et_gb_content_width":"","footnotes":""},"class_list":["post-884","page","type-page","status-publish","hentry"],"yoast_head":"<!-- This site is optimized with the Yoast SEO plugin v27.4 - https:\/\/yoast.com\/product\/yoast-seo-wordpress\/ -->\n<title>Bodega Aurrera Lomas de la presa - SACA Sistemas de Protecci\u00f3n contra Incendio M\u00e9xico<\/title>\n<meta name=\"robots\" content=\"index, follow, max-snippet:-1, max-image-preview:large, max-video-preview:-1\" \/>\n<link rel=\"canonical\" href=\"https:\/\/saca.com.mx\/es\/proyectos\/obras-2010-2011\/bodega-aurrera-lomas-de-la-presa\/\" \/>\n<meta property=\"og:locale\" content=\"es_ES\" \/>\n<meta property=\"og:type\" content=\"article\" \/>\n<meta property=\"og:title\" content=\"Bodega Aurrera Lomas de la presa - SACA Sistemas de Protecci\u00f3n contra Incendio M\u00e9xico\" \/>\n<meta property=\"og:description\" content=\"&nbsp; En esta obra, tipo edificio de almacenaje para autoservicio en Tijuana, Baja California Norte, instalamos el sistema de protecci\u00f3n contra incendio. El sistema instalado incluye Rociadores Autom\u00e1ticos ESFR K14 para techo principal, Rociadores tipo Est\u00e1ndar para abarrotes y oficinas, Rociadores tipo Seco para c\u00e1maras fr\u00edas, un Sistema de Pre acci\u00f3n y Rociadores Autom\u00e1ticos en [&hellip;]\" \/>\n<meta property=\"og:url\" content=\"https:\/\/saca.com.mx\/es\/proyectos\/obras-2010-2011\/bodega-aurrera-lomas-de-la-presa\/\" \/>\n<meta property=\"og:site_name\" content=\"SACA Sistemas de Protecci\u00f3n contra Incendio M\u00e9xico\" \/>\n<meta property=\"article:modified_time\" content=\"2019-04-24T17:18:33+00:00\" \/>\n<meta property=\"og:image\" content=\"http:\/\/saca.com.mx\/es\/wp-content\/uploads\/2015\/04\/410.png\" \/>\n<meta name=\"twitter:card\" content=\"summary_large_image\" \/>\n<meta name=\"twitter:label1\" content=\"Tiempo de lectura\" \/>\n\t<meta name=\"twitter:data1\" content=\"1 minuto\" \/>\n<script type=\"application\/ld+json\" class=\"yoast-schema-graph\">{\"@context\":\"https:\\\/\\\/schema.org\",\"@graph\":[{\"@type\":\"WebPage\",\"@id\":\"https:\\\/\\\/saca.com.mx\\\/es\\\/proyectos\\\/obras-2010-2011\\\/bodega-aurrera-lomas-de-la-presa\\\/\",\"url\":\"https:\\\/\\\/saca.com.mx\\\/es\\\/proyectos\\\/obras-2010-2011\\\/bodega-aurrera-lomas-de-la-presa\\\/\",\"name\":\"Bodega Aurrera Lomas de la presa - SACA Sistemas de Protecci\u00f3n contra Incendio M\u00e9xico\",\"isPartOf\":{\"@id\":\"https:\\\/\\\/saca.com.mx\\\/es\\\/#website\"},\"primaryImageOfPage\":{\"@id\":\"https:\\\/\\\/saca.com.mx\\\/es\\\/proyectos\\\/obras-2010-2011\\\/bodega-aurrera-lomas-de-la-presa\\\/#primaryimage\"},\"image\":{\"@id\":\"https:\\\/\\\/saca.com.mx\\\/es\\\/proyectos\\\/obras-2010-2011\\\/bodega-aurrera-lomas-de-la-presa\\\/#primaryimage\"},\"thumbnailUrl\":\"http:\\\/\\\/saca.com.mx\\\/es\\\/wp-content\\\/uploads\\\/2015\\\/04\\\/410.png\",\"datePublished\":\"2015-04-28T02:11:56+00:00\",\"dateModified\":\"2019-04-24T17:18:33+00:00\",\"breadcrumb\":{\"@id\":\"https:\\\/\\\/saca.com.mx\\\/es\\\/proyectos\\\/obras-2010-2011\\\/bodega-aurrera-lomas-de-la-presa\\\/#breadcrumb\"},\"inLanguage\":\"es\",\"potentialAction\":[{\"@type\":\"ReadAction\",\"target\":[\"https:\\\/\\\/saca.com.mx\\\/es\\\/proyectos\\\/obras-2010-2011\\\/bodega-aurrera-lomas-de-la-presa\\\/\"]}]},{\"@type\":\"ImageObject\",\"inLanguage\":\"es\",\"@id\":\"https:\\\/\\\/saca.com.mx\\\/es\\\/proyectos\\\/obras-2010-2011\\\/bodega-aurrera-lomas-de-la-presa\\\/#primaryimage\",\"url\":\"https:\\\/\\\/saca.com.mx\\\/es\\\/wp-content\\\/uploads\\\/2015\\\/04\\\/410.png\",\"contentUrl\":\"https:\\\/\\\/saca.com.mx\\\/es\\\/wp-content\\\/uploads\\\/2015\\\/04\\\/410.png\",\"width\":850,\"height\":190},{\"@type\":\"BreadcrumbList\",\"@id\":\"https:\\\/\\\/saca.com.mx\\\/es\\\/proyectos\\\/obras-2010-2011\\\/bodega-aurrera-lomas-de-la-presa\\\/#breadcrumb\",\"itemListElement\":[{\"@type\":\"ListItem\",\"position\":1,\"name\":\"Portada\",\"item\":\"https:\\\/\\\/saca.com.mx\\\/es\\\/\"},{\"@type\":\"ListItem\",\"position\":2,\"name\":\"Proyectos\",\"item\":\"https:\\\/\\\/saca.com.mx\\\/es\\\/proyectos\\\/\"},{\"@type\":\"ListItem\",\"position\":3,\"name\":\"Obras 2010-2011\",\"item\":\"https:\\\/\\\/saca.com.mx\\\/es\\\/proyectos\\\/obras-2010-2011\\\/\"},{\"@type\":\"ListItem\",\"position\":4,\"name\":\"Bodega Aurrera Lomas de la presa\"}]},{\"@type\":\"WebSite\",\"@id\":\"https:\\\/\\\/saca.com.mx\\\/es\\\/#website\",\"url\":\"https:\\\/\\\/saca.com.mx\\\/es\\\/\",\"name\":\"SACA Sistemas de Protecci\u00f3n contra Incendio M\u00e9xico\",\"description\":\"\",\"potentialAction\":[{\"@type\":\"SearchAction\",\"target\":{\"@type\":\"EntryPoint\",\"urlTemplate\":\"https:\\\/\\\/saca.com.mx\\\/es\\\/?s={search_term_string}\"},\"query-input\":{\"@type\":\"PropertyValueSpecification\",\"valueRequired\":true,\"valueName\":\"search_term_string\"}}],\"inLanguage\":\"es\"}]}<\/script>\n<!-- \/ Yoast SEO plugin. -->","yoast_head_json":{"title":"Bodega Aurrera Lomas de la presa - SACA Sistemas de Protecci\u00f3n contra Incendio M\u00e9xico","robots":{"index":"index","follow":"follow","max-snippet":"max-snippet:-1","max-image-preview":"max-image-preview:large","max-video-preview":"max-video-preview:-1"},"canonical":"https:\/\/saca.com.mx\/es\/proyectos\/obras-2010-2011\/bodega-aurrera-lomas-de-la-presa\/","og_locale":"es_ES","og_type":"article","og_title":"Bodega Aurrera Lomas de la presa - SACA Sistemas de Protecci\u00f3n contra Incendio M\u00e9xico","og_description":"&nbsp; En esta obra, tipo edificio de almacenaje para autoservicio en Tijuana, Baja California Norte, instalamos el sistema de protecci\u00f3n contra incendio. El sistema instalado incluye Rociadores Autom\u00e1ticos ESFR K14 para techo principal, Rociadores tipo Est\u00e1ndar para abarrotes y oficinas, Rociadores tipo Seco para c\u00e1maras fr\u00edas, un Sistema de Pre acci\u00f3n y Rociadores Autom\u00e1ticos en [&hellip;]","og_url":"https:\/\/saca.com.mx\/es\/proyectos\/obras-2010-2011\/bodega-aurrera-lomas-de-la-presa\/","og_site_name":"SACA Sistemas de Protecci\u00f3n contra Incendio M\u00e9xico","article_modified_time":"2019-04-24T17:18:33+00:00","og_image":[{"url":"http:\/\/saca.com.mx\/es\/wp-content\/uploads\/2015\/04\/410.png","type":"","width":"","height":""}],"twitter_card":"summary_large_image","twitter_misc":{"Tiempo de lectura":"1 minuto"},"schema":{"@context":"https:\/\/schema.org","@graph":[{"@type":"WebPage","@id":"https:\/\/saca.com.mx\/es\/proyectos\/obras-2010-2011\/bodega-aurrera-lomas-de-la-presa\/","url":"https:\/\/saca.com.mx\/es\/proyectos\/obras-2010-2011\/bodega-aurrera-lomas-de-la-presa\/","name":"Bodega Aurrera Lomas de la presa - SACA Sistemas de Protecci\u00f3n contra Incendio M\u00e9xico","isPartOf":{"@id":"https:\/\/saca.com.mx\/es\/#website"},"primaryImageOfPage":{"@id":"https:\/\/saca.com.mx\/es\/proyectos\/obras-2010-2011\/bodega-aurrera-lomas-de-la-presa\/#primaryimage"},"image":{"@id":"https:\/\/saca.com.mx\/es\/proyectos\/obras-2010-2011\/bodega-aurrera-lomas-de-la-presa\/#primaryimage"},"thumbnailUrl":"http:\/\/saca.com.mx\/es\/wp-content\/uploads\/2015\/04\/410.png","datePublished":"2015-04-28T02:11:56+00:00","dateModified":"2019-04-24T17:18:33+00:00","breadcrumb":{"@id":"https:\/\/saca.com.mx\/es\/proyectos\/obras-2010-2011\/bodega-aurrera-lomas-de-la-presa\/#breadcrumb"},"inLanguage":"es","potentialAction":[{"@type":"ReadAction","target":["https:\/\/saca.com.mx\/es\/proyectos\/obras-2010-2011\/bodega-aurrera-lomas-de-la-presa\/"]}]},{"@type":"ImageObject","inLanguage":"es","@id":"https:\/\/saca.com.mx\/es\/proyectos\/obras-2010-2011\/bodega-aurrera-lomas-de-la-presa\/#primaryimage","url":"https:\/\/saca.com.mx\/es\/wp-content\/uploads\/2015\/04\/410.png","contentUrl":"https:\/\/saca.com.mx\/es\/wp-content\/uploads\/2015\/04\/410.png","width":850,"height":190},{"@type":"BreadcrumbList","@id":"https:\/\/saca.com.mx\/es\/proyectos\/obras-2010-2011\/bodega-aurrera-lomas-de-la-presa\/#breadcrumb","itemListElement":[{"@type":"ListItem","position":1,"name":"Portada","item":"https:\/\/saca.com.mx\/es\/"},{"@type":"ListItem","position":2,"name":"Proyectos","item":"https:\/\/saca.com.mx\/es\/proyectos\/"},{"@type":"ListItem","position":3,"name":"Obras 2010-2011","item":"https:\/\/saca.com.mx\/es\/proyectos\/obras-2010-2011\/"},{"@type":"ListItem","position":4,"name":"Bodega Aurrera Lomas de la presa"}]},{"@type":"WebSite","@id":"https:\/\/saca.com.mx\/es\/#website","url":"https:\/\/saca.com.mx\/es\/","name":"SACA Sistemas de Protecci\u00f3n contra Incendio M\u00e9xico","description":"","potentialAction":[{"@type":"SearchAction","target":{"@type":"EntryPoint","urlTemplate":"https:\/\/saca.com.mx\/es\/?s={search_term_string}"},"query-input":{"@type":"PropertyValueSpecification","valueRequired":true,"valueName":"search_term_string"}}],"inLanguage":"es"}]}},"_links":{"self":[{"href":"https:\/\/saca.com.mx\/es\/wp-json\/wp\/v2\/pages\/884","targetHints":{"allow":["GET"]}}],"collection":[{"href":"https:\/\/saca.com.mx\/es\/wp-json\/wp\/v2\/pages"}],"about":[{"href":"https:\/\/saca.com.mx\/es\/wp-json\/wp\/v2\/types\/page"}],"author":[{"embeddable":true,"href":"https:\/\/saca.com.mx\/es\/wp-json\/wp\/v2\/users\/1"}],"replies":[{"embeddable":true,"href":"https:\/\/saca.com.mx\/es\/wp-json\/wp\/v2\/comments?post=884"}],"version-history":[{"count":2,"href":"https:\/\/saca.com.mx\/es\/wp-json\/wp\/v2\/pages\/884\/revisions"}],"predecessor-version":[{"id":1944,"href":"https:\/\/saca.com.mx\/es\/wp-json\/wp\/v2\/pages\/884\/revisions\/1944"}],"up":[{"embeddable":true,"href":"https:\/\/saca.com.mx\/es\/wp-json\/wp\/v2\/pages\/531"}],"wp:attachment":[{"href":"https:\/\/saca.com.mx\/es\/wp-json\/wp\/v2\/media?parent=884"}],"curies":[{"name":"wp","href":"https:\/\/api.w.org\/{rel}","templated":true}]}}